{"id":650,"date":"2025-09-19T20:30:58","date_gmt":"2025-09-19T20:30:58","guid":{"rendered":"https:\/\/adventture-greece.com\/?page_id=650"},"modified":"2025-12-01T20:19:54","modified_gmt":"2025-12-01T20:19:54","slug":"yogawelness","status":"publish","type":"page","link":"https:\/\/adventture-greece.com\/it\/yogawelness\/","title":{"rendered":"YOGA&#038;WELNESS"},"content":{"rendered":"\n<hr class=\"wp-block-separator has-alpha-channel-opacity\" style=\"margin-top:var(--wp--preset--spacing--30);margin-bottom:var(--wp--preset--spacing--30)\"\/>\n\n\n\n<div class=\"wp-block-group has-global-padding is-layout-constrained wp-container-core-group-is-layout-4f9f0532 wp-block-group-is-layout-constrained\">\n<div class=\"wp-block-columns is-layout-flex wp-container-core-columns-is-layout-28f84493 wp-block-columns-is-layout-flex\">\n<div class=\"wp-block-column is-layout-flow wp-block-column-is-layout-flow\" style=\"flex-basis:450px\">\n<figure class=\"wp-block-image size-large is-style-rounded\" style=\"margin-top:var(--wp--preset--spacing--50);margin-bottom:var(--wp--preset--spacing--50)\"><img loading=\"lazy\" decoding=\"async\" width=\"1024\" height=\"683\" src=\"https:\/\/adventture-greece.com\/wp-content\/uploads\/2025\/09\/yoga2-1024x683.jpg\" alt=\"\" class=\"wp-image-1369\" srcset=\"https:\/\/adventture-greece.com\/wp-content\/uploads\/2025\/09\/yoga2-1024x683.jpg 1024w, https:\/\/adventture-greece.com\/wp-content\/uploads\/2025\/09\/yoga2-300x200.jpg 300w, https:\/\/adventture-greece.com\/wp-content\/uploads\/2025\/09\/yoga2-768x512.jpg 768w, https:\/\/adventture-greece.com\/wp-content\/uploads\/2025\/09\/yoga2-1536x1024.jpg 1536w, https:\/\/adventture-greece.com\/wp-content\/uploads\/2025\/09\/yoga2-2048x1365.jpg 2048w\" sizes=\"auto, (max-width: 1024px) 100vw, 1024px\" \/><\/figure>\n<\/div>\n\n\n\n<div class=\"wp-block-column is-layout-flow wp-block-column-is-layout-flow\">\n<hr class=\"wp-block-separator has-alpha-channel-opacity\" style=\"margin-top:var(--wp--preset--spacing--30);margin-bottom:var(--wp--preset--spacing--30)\"\/>\n\n\n\n<h2 class=\"wp-block-heading has-contrast-color has-text-color has-link-color wp-elements-f2163d711a187156f455b35e58041fd8\">Riconnessione con la natura: yoga tra le montagne e il mare<\/h2>\n\n\n\n<p><\/p>\n\n\n\n<hr class=\"wp-block-separator has-text-color has-contrast-color has-alpha-channel-opacity has-contrast-background-color has-background\" style=\"margin-top:0;margin-bottom:0\"\/>\n\n\n\n<p class=\"has-contrast-color has-text-color has-link-color wp-elements-4c71ffe6ba7504f6340813d4f3f0ee8f\">Offrite seminari di yoga di gruppo o individuali? Fuggite in Grecia per un&#8217;esperienza yoga unica, dove la bellezza della natura incontra l&#8217;arte del benessere. Immersi in splendide case con vista sul mare e sulle montagne, vi invitiamo a rallentare, riconnettersi e ritrovare l&#8217;equilibrio. Ogni giornata inizia con una sessione di yoga energizzante al sorgere del sole sul Mar Egeo e termina con rilassanti esercizi serali sotto le stelle. Tra una sessione e l&#8217;altra, esplora gli affascinanti villaggi locali o semplicemente rilassati in riva al mare. Che tu voglia approfondire la tua pratica o cercare una fuga tranquilla, i nostri ritiri in Grecia offrono la perfetta armonia tra serenit\u00e0, movimento e gioia.<\/p>\n<\/div>\n<\/div>\n<\/div>\n\n\n\n<div class=\"wp-block-group has-global-padding is-layout-constrained wp-container-core-group-is-layout-4f9f0532 wp-block-group-is-layout-constrained\">\n<div class=\"wp-block-columns is-layout-flex wp-container-core-columns-is-layout-28f84493 wp-block-columns-is-layout-flex\">\n<div class=\"wp-block-column is-layout-flow wp-block-column-is-layout-flow\">\n<hr class=\"wp-block-separator has-alpha-channel-opacity\" style=\"margin-top:var(--wp--preset--spacing--30);margin-bottom:var(--wp--preset--spacing--30)\"\/>\n\n\n\n<h2 class=\"wp-block-heading has-contrast-color has-text-color has-link-color wp-elements-ada14c74aa853284caae9f8cbffe1004\">Ritivi studiati per il tuo viaggio?<\/h2>\n\n\n\n<p><\/p>\n\n\n\n<hr class=\"wp-block-separator has-text-color has-contrast-color has-alpha-channel-opacity has-contrast-background-color has-background\" style=\"margin-top:0;margin-bottom:0\"\/>\n\n\n\n<p class=\"has-contrast-color has-text-color has-link-color wp-elements-f894f3400251eccd10f153ec8abd9539\">Offriamo una variet\u00e0 di servizi logistici e di alloggio selezionati con cura per migliorare il ritiro che avete scelto. Ci concentriamo sul fornire il rifugio perfetto per soddisfare diversi interessi. Dal momento in cui atterrate in Grecia, ci occupiamo di tutto noi. Il nostro team vi accoglier\u00e0 all&#8217;aeroporto e vi accompagner\u00e0 direttamente alla sistemazione prenotata per il ritiro. Questa sistemazione \u00e8 completamente preparata per il vostro arrivo, quindi tutto ci\u00f2 che dovete fare \u00e8 sistemarvi e godervi l&#8217;esperienza. Alla fine del vostro soggiorno, vi garantiremo un trasferimento senza intoppi all&#8217;aeroporto, lasciandovi liberi di concentrarvi su ci\u00f2 che conta di pi\u00f9: il vostro yoga, il vostro relax e il vostro tempo in Grecia.<\/p>\n<\/div>\n\n\n\n<div class=\"wp-block-column is-layout-flow wp-block-column-is-layout-flow\" style=\"flex-basis:450px\">\n<figure class=\"wp-block-image size-large is-resized is-style-rounded\" style=\"margin-top:var(--wp--preset--spacing--60);margin-bottom:var(--wp--preset--spacing--60)\"><img loading=\"lazy\" decoding=\"async\" width=\"1024\" height=\"768\" src=\"https:\/\/adventture-greece.com\/wp-content\/uploads\/2025\/09\/yoga3-2-1024x768.jpg\" alt=\"\" class=\"wp-image-2252\" style=\"width:418px;height:auto\" srcset=\"https:\/\/adventture-greece.com\/wp-content\/uploads\/2025\/09\/yoga3-2-1024x768.jpg 1024w, https:\/\/adventture-greece.com\/wp-content\/uploads\/2025\/09\/yoga3-2-300x225.jpg 300w, https:\/\/adventture-greece.com\/wp-content\/uploads\/2025\/09\/yoga3-2-768x576.jpg 768w, https:\/\/adventture-greece.com\/wp-content\/uploads\/2025\/09\/yoga3-2-1536x1152.jpg 1536w, https:\/\/adventture-greece.com\/wp-content\/uploads\/2025\/09\/yoga3-2-2048x1536.jpg 2048w\" sizes=\"auto, (max-width: 1024px) 100vw, 1024px\" \/><\/figure>\n<\/div>\n<\/div>\n<\/div>\n\n\n<div class=\"wp-block-group has-global-padding is-content-justification-center is-layout-constrained wp-block-group-is-layout-constrained\">\n<div class=\"wp-block-group has-background is-content-justification-center is-layout-flex wp-container-core-group-is-layout-acf4123b wp-block-group-is-layout-flex\" style=\"border-radius:15px;background-color:#0b112405;padding-top:var(--wp--preset--spacing--20);padding-right:var(--wp--preset--spacing--20);padding-bottom:0;padding-left:var(--wp--preset--spacing--20);font-style:normal;font-weight:500\">\n<p class=\"has-contrast-color has-text-color has-link-color wp-elements-396301a1e52fbb1280c40cb61713335b\" style=\"margin-top:0;margin-right:0;margin-bottom:0;margin-left:0;padding-top:0;padding-right:0;padding-bottom:0;padding-left:0;font-style:normal;font-weight:600\">Dai un&#8217;occhiata ai servizi extra che offriamo<\/p>\n\n\n\n<div class=\"wp-block-buttons is-content-justification-center is-layout-flex wp-container-core-buttons-is-layout-5ecdc608 wp-block-buttons-is-layout-flex\" style=\"margin-top:var(--wp--preset--spacing--30);margin-bottom:var(--wp--preset--spacing--30);padding-top:0;padding-right:0;padding-bottom:0;padding-left:0\">\n<div class=\"wp-block-button\"><a class=\"wp-block-button__link has-background wp-element-button\" href=\"https:\/\/adventture-greece.com\/it\/extra\/\" style=\"border-radius:100px;background-color:#0b1124;padding-top:var(--wp--preset--spacing--20);padding-right:var(--wp--preset--spacing--60);padding-bottom:var(--wp--preset--spacing--20);padding-left:var(--wp--preset--spacing--60)\">Extras<\/a><\/div>\n<\/div>\n<\/div>\n<\/div>\n\n<div class=\"wp-block-group has-global-padding is-layout-constrained wp-container-core-group-is-layout-4f9f0532 wp-block-group-is-layout-constrained\">\n<div class=\"wp-block-group has-background is-vertical is-content-justification-center is-layout-flex wp-container-core-group-is-layout-0fd9515a wp-block-group-is-layout-flex\" style=\"border-radius:15px;background-color:#0b112405;margin-top:0;margin-bottom:0;padding-top:var(--wp--preset--spacing--30);padding-right:var(--wp--preset--spacing--20);padding-bottom:var(--wp--preset--spacing--30);padding-left:var(--wp--preset--spacing--20)\">\n<p class=\"has-contrast-color has-text-color has-link-color wp-elements-43395ca83566f75dbf066d6aa1d967ae\" style=\"padding-top:0;padding-right:0;padding-bottom:0;padding-left:0;font-style:normal;font-weight:600\">Ci stai pensando o hai delle domande? Compila il modulo di richiesta e ti contatteremo per fornirti tutte le informazioni di cui potresti aver bisogno!<\/p>\n\n\n\n<div class=\"wp-block-buttons is-content-justification-center is-layout-flex wp-container-core-buttons-is-layout-80259c74 wp-block-buttons-is-layout-flex\" style=\"margin-top:var(--wp--preset--spacing--20);margin-bottom:var(--wp--preset--spacing--20);padding-top:0;padding-right:0;padding-bottom:0;padding-left:0\">\n<div class=\"wp-block-button\"><a class=\"wp-block-button__link has-background wp-element-button\" href=\"https:\/\/adventture-greece.com\/it\/reservation\/\" style=\"background-color:#0b1124;padding-top:var(--wp--preset--spacing--20);padding-right:45px;padding-bottom:var(--wp--preset--spacing--20);padding-left:45px\">Modulo di richiesta<\/a><\/div>\n<\/div>\n<\/div>\n<\/div>","protected":false},"excerpt":{"rendered":"<p>Riconnessione con la natura: yoga tra le montagne e il mare Offrite seminari di yoga di gruppo o individuali? Fuggite in Grecia per un&#8217;esperienza yoga unica, dove la bellezza della natura incontra l&#8217;arte del benessere. Immersi in splendide case con vista sul mare e sulle montagne, vi invitiamo a rallentare, riconnettersi e ritrovare l&#8217;equilibrio. Ogni [&hellip;]<\/p>\n","protected":false},"author":4,"featured_media":0,"parent":0,"menu_order":0,"comment_status":"closed","ping_status":"closed","template":"","meta":{"_glsr_average":0,"_glsr_ranking":0,"_glsr_reviews":0,"footnotes":""},"class_list":["post-650","page","type-page","status-publish","hentry"],"_links":{"self":[{"href":"https:\/\/adventture-greece.com\/it\/wp-json\/wp\/v2\/pages\/650","targetHints":{"allow":["GET"]}}],"collection":[{"href":"https:\/\/adventture-greece.com\/it\/wp-json\/wp\/v2\/pages"}],"about":[{"href":"https:\/\/adventture-greece.com\/it\/wp-json\/wp\/v2\/types\/page"}],"author":[{"embeddable":true,"href":"https:\/\/adventture-greece.com\/it\/wp-json\/wp\/v2\/users\/4"}],"replies":[{"embeddable":true,"href":"https:\/\/adventture-greece.com\/it\/wp-json\/wp\/v2\/comments?post=650"}],"version-history":[{"count":12,"href":"https:\/\/adventture-greece.com\/it\/wp-json\/wp\/v2\/pages\/650\/revisions"}],"predecessor-version":[{"id":3800,"href":"https:\/\/adventture-greece.com\/it\/wp-json\/wp\/v2\/pages\/650\/revisions\/3800"}],"wp:attachment":[{"href":"https:\/\/adventture-greece.com\/it\/wp-json\/wp\/v2\/media?parent=650"}],"curies":[{"name":"wp","href":"https:\/\/api.w.org\/{rel}","templated":true}]}}