{"id":319,"date":"2025-09-16T07:45:44","date_gmt":"2025-09-16T07:45:44","guid":{"rendered":"https:\/\/adventture-greece.com\/?page_id=319"},"modified":"2025-11-18T16:16:16","modified_gmt":"2025-11-18T16:16:16","slug":"city-and-culture","status":"publish","type":"page","link":"https:\/\/adventture-greece.com\/it\/city-and-culture\/","title":{"rendered":"CITY AND CULTURE"},"content":{"rendered":"\n<hr class=\"wp-block-separator has-alpha-channel-opacity\" style=\"margin-top:var(--wp--preset--spacing--30);margin-bottom:var(--wp--preset--spacing--30)\"\/>\n\n\n\n<div class=\"wp-block-group has-global-padding is-layout-constrained wp-container-core-group-is-layout-4f9f0532 wp-block-group-is-layout-constrained\">\n<hr class=\"wp-block-separator has-alpha-channel-opacity\"\/>\n\n\n\n<div class=\"wp-block-columns is-layout-flex wp-container-core-columns-is-layout-28f84493 wp-block-columns-is-layout-flex\">\n<div class=\"wp-block-column is-layout-flow wp-block-column-is-layout-flow\" style=\"flex-basis:30%\">\n<figure class=\"wp-block-image size-large is-resized is-style-rounded\" style=\"margin-top:var(--wp--preset--spacing--40);margin-bottom:var(--wp--preset--spacing--40)\"><img loading=\"lazy\" decoding=\"async\" width=\"819\" height=\"1024\" src=\"https:\/\/adventture-greece.com\/wp-content\/uploads\/2025\/09\/street2-819x1024.jpg\" alt=\"\" class=\"wp-image-2449\" style=\"aspect-ratio:4\/3;object-fit:cover;width:550px\" srcset=\"https:\/\/adventture-greece.com\/wp-content\/uploads\/2025\/09\/street2-819x1024.jpg 819w, https:\/\/adventture-greece.com\/wp-content\/uploads\/2025\/09\/street2-240x300.jpg 240w, https:\/\/adventture-greece.com\/wp-content\/uploads\/2025\/09\/street2-768x960.jpg 768w, https:\/\/adventture-greece.com\/wp-content\/uploads\/2025\/09\/street2-1229x1536.jpg 1229w, https:\/\/adventture-greece.com\/wp-content\/uploads\/2025\/09\/street2-1639x2048.jpg 1639w, https:\/\/adventture-greece.com\/wp-content\/uploads\/2025\/09\/street2-scaled.jpg 2048w\" sizes=\"auto, (max-width: 819px) 100vw, 819px\" \/><\/figure>\n<\/div>\n\n\n\n<div class=\"wp-block-column is-layout-flow wp-block-column-is-layout-flow\">\n<hr class=\"wp-block-separator has-alpha-channel-opacity\" style=\"margin-top:var(--wp--preset--spacing--30);margin-bottom:var(--wp--preset--spacing--30)\"\/>\n\n\n\n<h2 class=\"wp-block-heading has-contrast-color has-text-color has-link-color wp-elements-f9a91b4af333dba43d613adfa49d4c0c\">Scopri il cuore della vita urbana greca?<\/h2>\n\n\n\n<hr class=\"wp-block-separator has-text-color has-contrast-color has-alpha-channel-opacity has-contrast-background-color has-background\" style=\"margin-top:var(--wp--preset--spacing--20);margin-bottom:var(--wp--preset--spacing--20)\"\/>\n\n\n\n<p class=\"has-contrast-color has-text-color has-link-color wp-elements-9464f497a054253d1e44e255361dd52a\">Le principali citt\u00e0 e i centri storici della Grecia sono centri culturali dinamici, che fondono un passato ricco e multiforme con uno spirito moderno e fiorente. I nostri tour sono pensati per immergervi nel cuore pulsante delle metropoli greche. Seguite le orme di poeti, artisti e personaggi politici mentre esplorate la grandiosa architettura neoclassica e visitate i quartieri storici.<\/p>\n<\/div>\n<\/div>\n\n\n\n<div class=\"wp-block-columns is-layout-flex wp-container-core-columns-is-layout-28f84493 wp-block-columns-is-layout-flex\">\n<div class=\"wp-block-column is-layout-flow wp-block-column-is-layout-flow\">\n<hr class=\"wp-block-separator has-alpha-channel-opacity\" style=\"margin-top:var(--wp--preset--spacing--30);margin-bottom:var(--wp--preset--spacing--30)\"\/>\n\n\n\n<p class=\"has-contrast-color has-text-color has-link-color wp-elements-3910b7205d378903ce4bee021f88913b\">Esplora citt\u00e0 medievali uniche e splendidamente conservate come Monemvasia, oppure scopri il fascino dell&#8217;eleganza dell&#8217;epoca veneziana a Nauplia. Scopri importanti istituzioni culturali, gallerie d&#8217;arte contemporanea e affascinanti musei specializzati che illustrano il percorso della nazione attraverso il tempo. Le nostre guide esperte offrono approfondimenti sulla storia e l&#8217;evoluzione della vita urbana, proponendo un viaggio affascinante attraverso lo spirito della citt\u00e0 greca moderna.<\/p>\n<\/div>\n\n\n\n<div class=\"wp-block-column is-layout-flow wp-block-column-is-layout-flow\" style=\"flex-basis:30%\">\n<figure class=\"wp-block-image size-large is-resized is-style-rounded\" style=\"margin-top:var(--wp--preset--spacing--20);margin-bottom:var(--wp--preset--spacing--20)\"><img loading=\"lazy\" decoding=\"async\" width=\"1024\" height=\"683\" src=\"https:\/\/adventture-greece.com\/wp-content\/uploads\/2025\/09\/cafe-1024x683.jpg\" alt=\"\" class=\"wp-image-2464\" style=\"aspect-ratio:4\/3;object-fit:cover;width:550px\" srcset=\"https:\/\/adventture-greece.com\/wp-content\/uploads\/2025\/09\/cafe-1024x683.jpg 1024w, https:\/\/adventture-greece.com\/wp-content\/uploads\/2025\/09\/cafe-300x200.jpg 300w, https:\/\/adventture-greece.com\/wp-content\/uploads\/2025\/09\/cafe-768x512.jpg 768w, https:\/\/adventture-greece.com\/wp-content\/uploads\/2025\/09\/cafe-1536x1024.jpg 1536w, https:\/\/adventture-greece.com\/wp-content\/uploads\/2025\/09\/cafe-2048x1365.jpg 2048w\" sizes=\"auto, (max-width: 1024px) 100vw, 1024px\" \/><\/figure>\n<\/div>\n<\/div>\n<\/div>\n\n\n\n<div class=\"wp-block-group has-global-padding is-layout-constrained wp-container-core-group-is-layout-4f9f0532 wp-block-group-is-layout-constrained\">\n<hr class=\"wp-block-separator has-alpha-channel-opacity\"\/>\n\n\n\n<div class=\"wp-block-columns is-layout-flex wp-container-core-columns-is-layout-28f84493 wp-block-columns-is-layout-flex\">\n<div class=\"wp-block-column is-layout-flow wp-block-column-is-layout-flow\" style=\"flex-basis:30%\">\n<figure class=\"wp-block-image size-large is-resized is-style-rounded\" style=\"margin-top:var(--wp--preset--spacing--30);margin-bottom:var(--wp--preset--spacing--30)\"><img loading=\"lazy\" decoding=\"async\" width=\"665\" height=\"1024\" src=\"https:\/\/adventture-greece.com\/wp-content\/uploads\/2025\/09\/street-2-665x1024.jpg\" alt=\"\" class=\"wp-image-2445\" style=\"aspect-ratio:4\/3;object-fit:cover;width:500px\" srcset=\"https:\/\/adventture-greece.com\/wp-content\/uploads\/2025\/09\/street-2-665x1024.jpg 665w, https:\/\/adventture-greece.com\/wp-content\/uploads\/2025\/09\/street-2-195x300.jpg 195w, https:\/\/adventture-greece.com\/wp-content\/uploads\/2025\/09\/street-2-768x1183.jpg 768w, https:\/\/adventture-greece.com\/wp-content\/uploads\/2025\/09\/street-2-997x1536.jpg 997w, https:\/\/adventture-greece.com\/wp-content\/uploads\/2025\/09\/street-2-1329x2048.jpg 1329w, https:\/\/adventture-greece.com\/wp-content\/uploads\/2025\/09\/street-2-scaled.jpg 1662w\" sizes=\"auto, (max-width: 665px) 100vw, 665px\" \/><\/figure>\n<\/div>\n\n\n\n<div class=\"wp-block-column is-layout-flow wp-block-column-is-layout-flow\">\n<hr class=\"wp-block-separator has-alpha-channel-opacity\" style=\"margin-top:var(--wp--preset--spacing--30);margin-bottom:var(--wp--preset--spacing--30)\"\/>\n\n\n\n<h2 class=\"wp-block-heading has-contrast-color has-text-color has-link-color wp-elements-b4f69831dee18d72de9146891148e09b\">Esplorare la vita locale e la cucina?<\/h2>\n\n\n\n<hr class=\"wp-block-separator has-text-color has-contrast-color has-alpha-channel-opacity has-contrast-background-color has-background\" style=\"margin-top:var(--wp--preset--spacing--20);margin-bottom:var(--wp--preset--spacing--20)\"\/>\n\n\n\n<p class=\"has-contrast-color has-text-color has-link-color wp-elements-ca828a690c46d7b90dc276fa32992a70\">Oltre ai monumenti, vi attende una vivace cultura contemporanea. Vi invitiamo a immergervi nei ritmi quotidiani della vita cittadina greca. Passeggiate per le vivaci strade di Plaka o Monastiraki ad Atene o per i vivaci mercati e le passeggiate sul lungomare di Salonicco, dove potrete assaggiare l&#8217;autentico cibo di strada e trovare oggetti di artigianato locale unici.<\/p>\n<\/div>\n<\/div>\n<\/div>\n\n\n\n<div class=\"wp-block-group has-global-padding is-layout-constrained wp-container-core-group-is-layout-4f9f0532 wp-block-group-is-layout-constrained\">\n<div class=\"wp-block-columns is-layout-flex wp-container-core-columns-is-layout-28f84493 wp-block-columns-is-layout-flex\">\n<div class=\"wp-block-column is-layout-flow wp-block-column-is-layout-flow\">\n<p class=\"has-contrast-color has-text-color has-link-color wp-elements-9619777032c2f395cc24482fd9de93b2\">In alternativa, immergetevi nel mosaico culturale unico della terraferma esplorando i tradizionali villaggi in pietra di Zagorochoria, Parnassus, Pelion e altri ancora, dove prosperano antiche usanze e una gastronomia locale unica. Abbracciate la famosa ospitalit\u00e0 greca in una taverna tradizionale, condividendo un pasto, vino locale e conversazioni animate con la gente del posto. Queste esperienze offrono un vero legame con il cuore e l&#8217;anima della Grecia, celebrando una cultura contemporanea vivace, accogliente e indimenticabile.<\/p>\n<\/div>\n\n\n\n<div class=\"wp-block-column is-layout-flow wp-block-column-is-layout-flow\" style=\"flex-basis:30%\">\n<figure class=\"wp-block-image size-large is-resized is-style-rounded\" style=\"margin-top:-40px;margin-bottom:-40px\"><img loading=\"lazy\" decoding=\"async\" width=\"1024\" height=\"683\" src=\"https:\/\/adventture-greece.com\/wp-content\/uploads\/2025\/09\/village-1024x683.jpg\" alt=\"\" class=\"wp-image-2471\" style=\"aspect-ratio:4\/3;object-fit:cover;width:500px\" srcset=\"https:\/\/adventture-greece.com\/wp-content\/uploads\/2025\/09\/village-1024x683.jpg 1024w, https:\/\/adventture-greece.com\/wp-content\/uploads\/2025\/09\/village-300x200.jpg 300w, https:\/\/adventture-greece.com\/wp-content\/uploads\/2025\/09\/village-768x512.jpg 768w, https:\/\/adventture-greece.com\/wp-content\/uploads\/2025\/09\/village-1536x1024.jpg 1536w, https:\/\/adventture-greece.com\/wp-content\/uploads\/2025\/09\/village-2048x1365.jpg 2048w\" sizes=\"auto, (max-width: 1024px) 100vw, 1024px\" \/><\/figure>\n\n\n\n<hr class=\"wp-block-separator has-alpha-channel-opacity\"\/>\n<\/div>\n<\/div>\n<\/div>\n\n\n\n<hr class=\"wp-block-separator has-alpha-channel-opacity\"\/>\n\n\n\n<div class=\"wp-block-group has-global-padding is-layout-constrained wp-container-core-group-is-layout-4f9f0532 wp-block-group-is-layout-constrained\">\n<hr class=\"wp-block-separator has-alpha-channel-opacity\"\/>\n\n\n\n<div class=\"wp-block-columns is-layout-flex wp-container-core-columns-is-layout-28f84493 wp-block-columns-is-layout-flex\">\n<div class=\"wp-block-column is-layout-flow wp-block-column-is-layout-flow\" style=\"flex-basis:30%\">\n<figure class=\"wp-block-image size-large is-style-rounded\" style=\"margin-top:var(--wp--preset--spacing--30);margin-bottom:var(--wp--preset--spacing--30)\"><img loading=\"lazy\" decoding=\"async\" width=\"1024\" height=\"767\" src=\"https:\/\/adventture-greece.com\/wp-content\/uploads\/2025\/09\/culture6-1024x767.jpg\" alt=\"\" class=\"wp-image-1408\" srcset=\"https:\/\/adventture-greece.com\/wp-content\/uploads\/2025\/09\/culture6-1024x767.jpg 1024w, https:\/\/adventture-greece.com\/wp-content\/uploads\/2025\/09\/culture6-300x225.jpg 300w, https:\/\/adventture-greece.com\/wp-content\/uploads\/2025\/09\/culture6-768x576.jpg 768w, https:\/\/adventture-greece.com\/wp-content\/uploads\/2025\/09\/culture6-1536x1151.jpg 1536w, https:\/\/adventture-greece.com\/wp-content\/uploads\/2025\/09\/culture6-2048x1535.jpg 2048w\" sizes=\"auto, (max-width: 1024px) 100vw, 1024px\" \/><\/figure>\n<\/div>\n\n\n\n<div class=\"wp-block-column is-layout-flow wp-block-column-is-layout-flow\">\n<hr class=\"wp-block-separator has-alpha-channel-opacity\"\/>\n\n\n\n<h2 class=\"wp-block-heading has-contrast-color has-text-color has-link-color wp-elements-e77e6a5963ae83201e340f2a99e22c16\">Consulenza esperta e pianificazione senza intoppi<\/h2>\n\n\n\n<hr class=\"wp-block-separator has-text-color has-contrast-color has-alpha-channel-opacity has-contrast-background-color has-background\" style=\"margin-top:var(--wp--preset--spacing--20);margin-bottom:var(--wp--preset--spacing--20)\"\/>\n\n\n\n<p class=\"has-contrast-color has-text-color has-link-color wp-elements-3d2d2d7996fb441f0245c1f8e0ab6040\">Per garantire che il vostro viaggio culturale sia privo di stress, vi forniamo assistenza dedicata dall&#8217;inizio alla fine. I nostri servizi includono la creazione di tour a piedi personalizzati in base ai tuoi interessi, l&#8217;organizzazione di trasporti privati nei centri cittadini e la ricerca di alloggi confortevoli per il tuo soggiorno. Che si tratti di un affascinante boutique hotel, di una villa sul mare o di un accogliente appartamento, ci occuperemo noi di tutti gli aspetti logistici, cos\u00ec potrai dedicarti completamente alla storia e alla cultura che ti circondano. Questo ti permetter\u00e0 di scoprire il meglio delle citt\u00e0 e dei paesi della Grecia al tuo ritmo, senza doverti preoccupare di nulla.<\/p>\n<\/div>\n<\/div>\n<\/div>\n\n\n<div class=\"wp-block-group has-global-padding is-content-justification-center is-layout-constrained wp-block-group-is-layout-constrained\">\n<div class=\"wp-block-group has-background is-content-justification-center is-layout-flex wp-container-core-group-is-layout-acf4123b wp-block-group-is-layout-flex\" style=\"border-radius:15px;background-color:#0b112405;padding-top:var(--wp--preset--spacing--20);padding-right:var(--wp--preset--spacing--20);padding-bottom:0;padding-left:var(--wp--preset--spacing--20);font-style:normal;font-weight:500\">\n<p class=\"has-contrast-color has-text-color has-link-color wp-elements-396301a1e52fbb1280c40cb61713335b\" style=\"margin-top:0;margin-right:0;margin-bottom:0;margin-left:0;padding-top:0;padding-right:0;padding-bottom:0;padding-left:0;font-style:normal;font-weight:600\">Dai un&#8217;occhiata ai servizi extra che offriamo<\/p>\n\n\n\n<div class=\"wp-block-buttons is-content-justification-center is-layout-flex wp-container-core-buttons-is-layout-5ecdc608 wp-block-buttons-is-layout-flex\" style=\"margin-top:var(--wp--preset--spacing--30);margin-bottom:var(--wp--preset--spacing--30);padding-top:0;padding-right:0;padding-bottom:0;padding-left:0\">\n<div class=\"wp-block-button\"><a class=\"wp-block-button__link has-background wp-element-button\" href=\"https:\/\/adventture-greece.com\/it\/extra\/\" style=\"border-radius:100px;background-color:#0b1124;padding-top:var(--wp--preset--spacing--20);padding-right:var(--wp--preset--spacing--60);padding-bottom:var(--wp--preset--spacing--20);padding-left:var(--wp--preset--spacing--60)\">Extras<\/a><\/div>\n<\/div>\n<\/div>\n<\/div>\n\n<div class=\"wp-block-group has-global-padding is-layout-constrained wp-container-core-group-is-layout-4f9f0532 wp-block-group-is-layout-constrained\">\n<div class=\"wp-block-group has-background is-vertical is-content-justification-center is-layout-flex wp-container-core-group-is-layout-0fd9515a wp-block-group-is-layout-flex\" style=\"border-radius:15px;background-color:#0b112405;margin-top:0;margin-bottom:0;padding-top:var(--wp--preset--spacing--30);padding-right:var(--wp--preset--spacing--20);padding-bottom:var(--wp--preset--spacing--30);padding-left:var(--wp--preset--spacing--20)\">\n<p class=\"has-contrast-color has-text-color has-link-color wp-elements-43395ca83566f75dbf066d6aa1d967ae\" style=\"padding-top:0;padding-right:0;padding-bottom:0;padding-left:0;font-style:normal;font-weight:600\">Ci stai pensando o hai delle domande? Compila il modulo di richiesta e ti contatteremo per fornirti tutte le informazioni di cui potresti aver bisogno!<\/p>\n\n\n\n<div class=\"wp-block-buttons is-content-justification-center is-layout-flex wp-container-core-buttons-is-layout-80259c74 wp-block-buttons-is-layout-flex\" style=\"margin-top:var(--wp--preset--spacing--20);margin-bottom:var(--wp--preset--spacing--20);padding-top:0;padding-right:0;padding-bottom:0;padding-left:0\">\n<div class=\"wp-block-button\"><a class=\"wp-block-button__link has-background wp-element-button\" href=\"https:\/\/adventture-greece.com\/it\/reservation\/\" style=\"background-color:#0b1124;padding-top:var(--wp--preset--spacing--20);padding-right:45px;padding-bottom:var(--wp--preset--spacing--20);padding-left:45px\">Modulo di richiesta<\/a><\/div>\n<\/div>\n<\/div>\n<\/div>","protected":false},"excerpt":{"rendered":"<p>Scopri il cuore della vita urbana greca? Le principali citt\u00e0 e i centri storici della Grecia sono centri culturali dinamici, che fondono un passato ricco e multiforme con uno spirito moderno e fiorente. I nostri tour sono pensati per immergervi nel cuore pulsante delle metropoli greche. Seguite le orme di poeti, artisti e personaggi politici [&hellip;]<\/p>\n","protected":false},"author":2,"featured_media":0,"parent":0,"menu_order":0,"comment_status":"closed","ping_status":"closed","template":"","meta":{"_glsr_average":0,"_glsr_ranking":0,"_glsr_reviews":0,"footnotes":""},"class_list":["post-319","page","type-page","status-publish","hentry"],"_links":{"self":[{"href":"https:\/\/adventture-greece.com\/it\/wp-json\/wp\/v2\/pages\/319","targetHints":{"allow":["GET"]}}],"collection":[{"href":"https:\/\/adventture-greece.com\/it\/wp-json\/wp\/v2\/pages"}],"about":[{"href":"https:\/\/adventture-greece.com\/it\/wp-json\/wp\/v2\/types\/page"}],"author":[{"embeddable":true,"href":"https:\/\/adventture-greece.com\/it\/wp-json\/wp\/v2\/users\/2"}],"replies":[{"embeddable":true,"href":"https:\/\/adventture-greece.com\/it\/wp-json\/wp\/v2\/comments?post=319"}],"version-history":[{"count":8,"href":"https:\/\/adventture-greece.com\/it\/wp-json\/wp\/v2\/pages\/319\/revisions"}],"predecessor-version":[{"id":3760,"href":"https:\/\/adventture-greece.com\/it\/wp-json\/wp\/v2\/pages\/319\/revisions\/3760"}],"wp:attachment":[{"href":"https:\/\/adventture-greece.com\/it\/wp-json\/wp\/v2\/media?parent=319"}],"curies":[{"name":"wp","href":"https:\/\/api.w.org\/{rel}","templated":true}]}}