{"id":1525,"date":"2025-09-23T17:24:11","date_gmt":"2025-09-23T17:24:11","guid":{"rendered":"https:\/\/adventture-greece.com\/?page_id=1525"},"modified":"2025-11-17T17:38:30","modified_gmt":"2025-11-17T17:38:30","slug":"winter-adventure","status":"publish","type":"page","link":"https:\/\/adventture-greece.com\/it\/winter-adventure\/","title":{"rendered":"WINTER ADVENTURE"},"content":{"rendered":"\n<hr class=\"wp-block-separator has-alpha-channel-opacity\" style=\"margin-top:var(--wp--preset--spacing--30);margin-bottom:var(--wp--preset--spacing--30)\"\/>\n\n\n\n<div class=\"wp-block-group has-global-padding is-layout-constrained wp-container-core-group-is-layout-4f9f0532 wp-block-group-is-layout-constrained\">\n<div class=\"wp-block-columns is-layout-flex wp-container-core-columns-is-layout-28f84493 wp-block-columns-is-layout-flex\">\n<div class=\"wp-block-column is-layout-flow wp-block-column-is-layout-flow\" style=\"flex-basis:30%\">\n<figure class=\"wp-block-image size-large is-style-rounded\" style=\"margin-top:var(--wp--preset--spacing--30);margin-bottom:var(--wp--preset--spacing--30)\"><img loading=\"lazy\" decoding=\"async\" width=\"1024\" height=\"583\" src=\"https:\/\/adventture-greece.com\/wp-content\/uploads\/2025\/09\/image-1024x583.jpg\" alt=\"\" class=\"wp-image-1869\" style=\"aspect-ratio:4\/3;object-fit:cover\" srcset=\"https:\/\/adventture-greece.com\/wp-content\/uploads\/2025\/09\/image-1024x583.jpg 1024w, https:\/\/adventture-greece.com\/wp-content\/uploads\/2025\/09\/image-300x171.jpg 300w, https:\/\/adventture-greece.com\/wp-content\/uploads\/2025\/09\/image-768x437.jpg 768w, https:\/\/adventture-greece.com\/wp-content\/uploads\/2025\/09\/image-1536x874.jpg 1536w, https:\/\/adventture-greece.com\/wp-content\/uploads\/2025\/09\/image-2048x1165.jpg 2048w\" sizes=\"auto, (max-width: 1024px) 100vw, 1024px\" \/><\/figure>\n<\/div>\n\n\n\n<div class=\"wp-block-column is-layout-flow wp-block-column-is-layout-flow\">\n<hr class=\"wp-block-separator has-alpha-channel-opacity\" style=\"margin-top:var(--wp--preset--spacing--30);margin-bottom:var(--wp--preset--spacing--30)\"\/>\n\n\n\n<h2 class=\"wp-block-heading has-contrast-color has-text-color has-link-color wp-elements-4c89b50392c9f44a6ebb3c2a30375431\">Andare sulle piste?<\/h2>\n\n\n\n<hr class=\"wp-block-separator has-text-color has-contrast-color has-alpha-channel-opacity has-contrast-background-color has-background\"\/>\n\n\n\n<p class=\"has-contrast-color has-text-color has-link-color wp-elements-0291c276b579231fde6eade78771ed31\">La Grecia \u00e8 famosa per le sue isole, ma le montagne della terraferma si trasformano in un paradiso invernale con stazioni sciistiche di livello mondiale. Scoprite l&#8217;emozione dello sci e dello snowboard su piste come quelle del Monte Parnaso, Kalavryta e altre montagne, che offrono una variet\u00e0 di piste per tutti i livelli di abilit\u00e0. Troverete strutture ben tenute, neve di alta qualit\u00e0 e l&#8217;opportunit\u00e0 unica di sciare con una vista mozzafiato sul mare in lontananza. Possiamo organizzare per voi un&#8217;esperienza alpina completa, dal noleggio dell&#8217;attrezzatura agli skipass, il tutto con la calda ospitalit\u00e0 per cui la Grecia \u00e8 famosa.<\/p>\n<\/div>\n<\/div>\n<\/div>\n\n\n\n<div class=\"wp-block-group has-global-padding is-layout-constrained wp-container-core-group-is-layout-4f9f0532 wp-block-group-is-layout-constrained\">\n<div class=\"wp-block-columns is-layout-flex wp-container-core-columns-is-layout-28f84493 wp-block-columns-is-layout-flex\">\n<div class=\"wp-block-column is-layout-flow wp-block-column-is-layout-flow\">\n<hr class=\"wp-block-separator has-alpha-channel-opacity\" style=\"margin-top:var(--wp--preset--spacing--30);margin-bottom:var(--wp--preset--spacing--30)\"\/>\n\n\n\n<h2 class=\"wp-block-heading has-contrast-color has-text-color has-link-color wp-elements-5c7d8c2e68c0d542df78f01cd5078374\">Fughe accoglienti?<\/h2>\n\n\n\n<hr class=\"wp-block-separator has-text-color has-contrast-color has-alpha-channel-opacity has-contrast-background-color has-background\"\/>\n\n\n\n<p class=\"has-contrast-color has-text-color has-link-color wp-elements-6aaabf0cfc0150d90868d2bab1c68b50\">Oltre alle attivit\u00e0 sulle piste, l&#8217;inverno greco offre una tranquilla fuga in un mondo di accoglienti villaggi di montagna e sereni paesaggi innevati. Accomodatevi in una tradizionale pensione in pietra con un caminetto scoppiettante, dove potrete rilassarvi e distendervi dopo una giornata di avventure. Gustate la ricca cucina locale, accompagnata da vini e liquori regionali, in affascinanti taverne. La tranquillit\u00e0 della Grecia in inverno, senza le folle estive, offre lo sfondo perfetto per una vacanza tranquilla e profondamente rigenerante.<\/p>\n<\/div>\n\n\n\n<div class=\"wp-block-column is-layout-flow wp-block-column-is-layout-flow\" style=\"flex-basis:30%\">\n<figure class=\"wp-block-image size-full is-style-rounded\" style=\"margin-top:var(--wp--preset--spacing--30);margin-bottom:var(--wp--preset--spacing--30)\"><img loading=\"lazy\" decoding=\"async\" width=\"553\" height=\"750\" src=\"https:\/\/adventture-greece.com\/wp-content\/uploads\/2025\/09\/exoteriko-tzaki2.jpg\" alt=\"\" class=\"wp-image-3114\" style=\"aspect-ratio:4\/3;object-fit:cover\" srcset=\"https:\/\/adventture-greece.com\/wp-content\/uploads\/2025\/09\/exoteriko-tzaki2.jpg 553w, https:\/\/adventture-greece.com\/wp-content\/uploads\/2025\/09\/exoteriko-tzaki2-221x300.jpg 221w\" sizes=\"auto, (max-width: 553px) 100vw, 553px\" \/><\/figure>\n<\/div>\n<\/div>\n<\/div>\n\n\n\n<div class=\"wp-block-group has-global-padding is-layout-constrained wp-container-core-group-is-layout-4f9f0532 wp-block-group-is-layout-constrained\">\n<div class=\"wp-block-columns is-layout-flex wp-container-core-columns-is-layout-28f84493 wp-block-columns-is-layout-flex\">\n<div class=\"wp-block-column is-layout-flow wp-block-column-is-layout-flow\" style=\"flex-basis:30%\">\n<figure class=\"wp-block-image size-large is-style-rounded\" style=\"margin-top:var(--wp--preset--spacing--30);margin-bottom:var(--wp--preset--spacing--30)\"><img loading=\"lazy\" decoding=\"async\" width=\"768\" height=\"1024\" src=\"https:\/\/adventture-greece.com\/wp-content\/uploads\/2025\/09\/winter3-768x1024.jpg\" alt=\"\" class=\"wp-image-1572\" style=\"aspect-ratio:4\/3;object-fit:cover\" srcset=\"https:\/\/adventture-greece.com\/wp-content\/uploads\/2025\/09\/winter3-768x1024.jpg 768w, https:\/\/adventture-greece.com\/wp-content\/uploads\/2025\/09\/winter3-225x300.jpg 225w, https:\/\/adventture-greece.com\/wp-content\/uploads\/2025\/09\/winter3-1152x1536.jpg 1152w, https:\/\/adventture-greece.com\/wp-content\/uploads\/2025\/09\/winter3-1536x2048.jpg 1536w, https:\/\/adventture-greece.com\/wp-content\/uploads\/2025\/09\/winter3-scaled.jpg 1920w\" sizes=\"auto, (max-width: 768px) 100vw, 768px\" \/><\/figure>\n<\/div>\n\n\n\n<div class=\"wp-block-column is-layout-flow wp-block-column-is-layout-flow\">\n<hr class=\"wp-block-separator has-alpha-channel-opacity\" style=\"margin-top:var(--wp--preset--spacing--30);margin-bottom:var(--wp--preset--spacing--30)\"\/>\n\n\n\n<h2 class=\"wp-block-heading has-contrast-color has-text-color has-link-color wp-elements-48982a9834aff0741504df5f25476da5\">Natura e avventura?<\/h2>\n\n\n\n<hr class=\"wp-block-separator has-text-color has-contrast-color has-alpha-channel-opacity has-contrast-background-color has-background\"\/>\n\n\n\n<p class=\"has-contrast-color has-text-color has-link-color wp-elements-ff6134a2754f44ce1c2dece03e990df3\">Il paesaggio invernale in Grecia invita a un tipo diverso di esplorazione. Indossate le racchette da neve per una tranquilla escursione attraverso boschi innevati o avventuratevi alla scoperta di paesaggi naturali sereni e ricoperti di neve. I parchi nazionali e le gole del paese assumono un carattere magico, quasi mistico nei mesi freddi, offrendo un&#8217;opportunit\u00e0 unica per fare escursioni e osservare la fauna selvatica. Questa \u00e8 la tua occasione per vedere un lato della Grecia maestoso e completamente inaspettato, sostituendo le spiagge assolate con splendidi paesaggi alpini e l&#8217;aria frizzante di montagna.<\/p>\n<\/div>\n<\/div>\n<\/div>\n\n\n\n<div class=\"wp-block-group has-global-padding is-layout-constrained wp-container-core-group-is-layout-4f9f0532 wp-block-group-is-layout-constrained\">\n<div class=\"wp-block-columns is-layout-flex wp-container-core-columns-is-layout-28f84493 wp-block-columns-is-layout-flex\">\n<div class=\"wp-block-column is-layout-flow wp-block-column-is-layout-flow\">\n<hr class=\"wp-block-separator has-alpha-channel-opacity\" style=\"margin-top:var(--wp--preset--spacing--30);margin-bottom:var(--wp--preset--spacing--30)\"\/>\n\n\n\n<h2 class=\"wp-block-heading has-contrast-color has-text-color has-link-color wp-elements-f4a1c5a9c5d0b6134a92391dc9fe13b7\">Pianificazione e assistenza esperte<\/h2>\n\n\n\n<hr class=\"wp-block-separator has-text-color has-contrast-color has-alpha-channel-opacity has-contrast-background-color has-background\"\/>\n\n\n\n<p class=\"has-contrast-color has-text-color has-link-color wp-elements-51171bc79a422eb66d7213df7c53a341\">Per garantire che il vostro viaggio invernale sia perfetto, il nostro team fornisce un supporto completo dall&#8217;inizio alla fine. Ci occupiamo di tutta la logistica, compreso l&#8217;organizzazione dei trasporti, la fornitura di attrezzature specializzate per le attivit\u00e0 scelte e il contatto con guide alpine certificate. Che siate sciatori esperti o alle prime armi con le ciaspole, i nostri esperti sono a vostra disposizione per garantire che la vostra esperienza sia sicura, divertente e perfettamente su misura per le vostre esigenze di avventura invernale.<\/p>\n<\/div>\n\n\n\n<div class=\"wp-block-column is-layout-flow wp-block-column-is-layout-flow\" style=\"flex-basis:30%\">\n<figure class=\"wp-block-image size-full is-style-rounded\" style=\"margin-top:var(--wp--preset--spacing--30);margin-bottom:var(--wp--preset--spacing--30)\"><img loading=\"lazy\" decoding=\"async\" width=\"1000\" height=\"664\" src=\"https:\/\/adventture-greece.com\/wp-content\/uploads\/2025\/09\/livadisuite2.jpg\" alt=\"\" class=\"wp-image-3116\" style=\"aspect-ratio:4\/3;object-fit:cover\" srcset=\"https:\/\/adventture-greece.com\/wp-content\/uploads\/2025\/09\/livadisuite2.jpg 1000w, https:\/\/adventture-greece.com\/wp-content\/uploads\/2025\/09\/livadisuite2-300x199.jpg 300w, https:\/\/adventture-greece.com\/wp-content\/uploads\/2025\/09\/livadisuite2-768x510.jpg 768w\" sizes=\"auto, (max-width: 1000px) 100vw, 1000px\" \/><\/figure>\n<\/div>\n<\/div>\n<\/div>\n\n\n<div class=\"wp-block-group has-global-padding is-content-justification-center is-layout-constrained wp-block-group-is-layout-constrained\">\n<div class=\"wp-block-group has-background is-content-justification-center is-layout-flex wp-container-core-group-is-layout-acf4123b wp-block-group-is-layout-flex\" style=\"border-radius:15px;background-color:#0b112405;padding-top:var(--wp--preset--spacing--20);padding-right:var(--wp--preset--spacing--20);padding-bottom:0;padding-left:var(--wp--preset--spacing--20);font-style:normal;font-weight:500\">\n<p class=\"has-contrast-color has-text-color has-link-color wp-elements-396301a1e52fbb1280c40cb61713335b\" style=\"margin-top:0;margin-right:0;margin-bottom:0;margin-left:0;padding-top:0;padding-right:0;padding-bottom:0;padding-left:0;font-style:normal;font-weight:600\">Dai un&#8217;occhiata ai servizi extra che offriamo<\/p>\n\n\n\n<div class=\"wp-block-buttons is-content-justification-center is-layout-flex wp-container-core-buttons-is-layout-5ecdc608 wp-block-buttons-is-layout-flex\" style=\"margin-top:var(--wp--preset--spacing--30);margin-bottom:var(--wp--preset--spacing--30);padding-top:0;padding-right:0;padding-bottom:0;padding-left:0\">\n<div class=\"wp-block-button\"><a class=\"wp-block-button__link has-background wp-element-button\" href=\"https:\/\/adventture-greece.com\/it\/extra\/\" style=\"border-radius:100px;background-color:#0b1124;padding-top:var(--wp--preset--spacing--20);padding-right:var(--wp--preset--spacing--60);padding-bottom:var(--wp--preset--spacing--20);padding-left:var(--wp--preset--spacing--60)\">Extras<\/a><\/div>\n<\/div>\n<\/div>\n<\/div>\n\n<div class=\"wp-block-group has-global-padding is-layout-constrained wp-container-core-group-is-layout-4f9f0532 wp-block-group-is-layout-constrained\">\n<div class=\"wp-block-group has-background is-vertical is-content-justification-center is-layout-flex wp-container-core-group-is-layout-0fd9515a wp-block-group-is-layout-flex\" style=\"border-radius:15px;background-color:#0b112405;margin-top:0;margin-bottom:0;padding-top:var(--wp--preset--spacing--30);padding-right:var(--wp--preset--spacing--20);padding-bottom:var(--wp--preset--spacing--30);padding-left:var(--wp--preset--spacing--20)\">\n<p class=\"has-contrast-color has-text-color has-link-color wp-elements-43395ca83566f75dbf066d6aa1d967ae\" style=\"padding-top:0;padding-right:0;padding-bottom:0;padding-left:0;font-style:normal;font-weight:600\">Ci stai pensando o hai delle domande? Compila il modulo di richiesta e ti contatteremo per fornirti tutte le informazioni di cui potresti aver bisogno!<\/p>\n\n\n\n<div class=\"wp-block-buttons is-content-justification-center is-layout-flex wp-container-core-buttons-is-layout-80259c74 wp-block-buttons-is-layout-flex\" style=\"margin-top:var(--wp--preset--spacing--20);margin-bottom:var(--wp--preset--spacing--20);padding-top:0;padding-right:0;padding-bottom:0;padding-left:0\">\n<div class=\"wp-block-button\"><a class=\"wp-block-button__link has-background wp-element-button\" href=\"https:\/\/adventture-greece.com\/it\/reservation\/\" style=\"background-color:#0b1124;padding-top:var(--wp--preset--spacing--20);padding-right:45px;padding-bottom:var(--wp--preset--spacing--20);padding-left:45px\">Modulo di richiesta<\/a><\/div>\n<\/div>\n<\/div>\n<\/div>","protected":false},"excerpt":{"rendered":"<p>Andare sulle piste? La Grecia \u00e8 famosa per le sue isole, ma le montagne della terraferma si trasformano in un paradiso invernale con stazioni sciistiche di livello mondiale. Scoprite l&#8217;emozione dello sci e dello snowboard su piste come quelle del Monte Parnaso, Kalavryta e altre montagne, che offrono una variet\u00e0 di piste per tutti i [&hellip;]<\/p>\n","protected":false},"author":4,"featured_media":0,"parent":0,"menu_order":0,"comment_status":"closed","ping_status":"closed","template":"","meta":{"_glsr_average":0,"_glsr_ranking":0,"_glsr_reviews":0,"footnotes":""},"class_list":["post-1525","page","type-page","status-publish","hentry"],"_links":{"self":[{"href":"https:\/\/adventture-greece.com\/it\/wp-json\/wp\/v2\/pages\/1525","targetHints":{"allow":["GET"]}}],"collection":[{"href":"https:\/\/adventture-greece.com\/it\/wp-json\/wp\/v2\/pages"}],"about":[{"href":"https:\/\/adventture-greece.com\/it\/wp-json\/wp\/v2\/types\/page"}],"author":[{"embeddable":true,"href":"https:\/\/adventture-greece.com\/it\/wp-json\/wp\/v2\/users\/4"}],"replies":[{"embeddable":true,"href":"https:\/\/adventture-greece.com\/it\/wp-json\/wp\/v2\/comments?post=1525"}],"version-history":[{"count":7,"href":"https:\/\/adventture-greece.com\/it\/wp-json\/wp\/v2\/pages\/1525\/revisions"}],"predecessor-version":[{"id":3733,"href":"https:\/\/adventture-greece.com\/it\/wp-json\/wp\/v2\/pages\/1525\/revisions\/3733"}],"wp:attachment":[{"href":"https:\/\/adventture-greece.com\/it\/wp-json\/wp\/v2\/media?parent=1525"}],"curies":[{"name":"wp","href":"https:\/\/api.w.org\/{rel}","templated":true}]}}