{"id":650,"date":"2025-09-19T20:30:58","date_gmt":"2025-09-19T20:30:58","guid":{"rendered":"https:\/\/adventture-greece.com\/?page_id=650"},"modified":"2025-12-01T20:19:54","modified_gmt":"2025-12-01T20:19:54","slug":"yogawelness","status":"publish","type":"page","link":"https:\/\/adventture-greece.com\/fr\/yogawelness\/","title":{"rendered":"YOGA&#038;WELNESS"},"content":{"rendered":"\n<hr class=\"wp-block-separator has-alpha-channel-opacity\" style=\"margin-top:var(--wp--preset--spacing--30);margin-bottom:var(--wp--preset--spacing--30)\"\/>\n\n\n\n<div class=\"wp-block-group has-global-padding is-layout-constrained wp-container-core-group-is-layout-4f9f0532 wp-block-group-is-layout-constrained\">\n<div class=\"wp-block-columns is-layout-flex wp-container-core-columns-is-layout-28f84493 wp-block-columns-is-layout-flex\">\n<div class=\"wp-block-column is-layout-flow wp-block-column-is-layout-flow\" style=\"flex-basis:450px\">\n<figure class=\"wp-block-image size-large is-style-rounded\" style=\"margin-top:var(--wp--preset--spacing--50);margin-bottom:var(--wp--preset--spacing--50)\"><img loading=\"lazy\" decoding=\"async\" width=\"1024\" height=\"683\" src=\"https:\/\/adventture-greece.com\/wp-content\/uploads\/2025\/09\/yoga2-1024x683.jpg\" alt=\"\" class=\"wp-image-1369\" srcset=\"https:\/\/adventture-greece.com\/wp-content\/uploads\/2025\/09\/yoga2-1024x683.jpg 1024w, https:\/\/adventture-greece.com\/wp-content\/uploads\/2025\/09\/yoga2-300x200.jpg 300w, https:\/\/adventture-greece.com\/wp-content\/uploads\/2025\/09\/yoga2-768x512.jpg 768w, https:\/\/adventture-greece.com\/wp-content\/uploads\/2025\/09\/yoga2-1536x1024.jpg 1536w, https:\/\/adventture-greece.com\/wp-content\/uploads\/2025\/09\/yoga2-2048x1365.jpg 2048w\" sizes=\"auto, (max-width: 1024px) 100vw, 1024px\" \/><\/figure>\n<\/div>\n\n\n\n<div class=\"wp-block-column is-layout-flow wp-block-column-is-layout-flow\">\n<hr class=\"wp-block-separator has-alpha-channel-opacity\" style=\"margin-top:var(--wp--preset--spacing--30);margin-bottom:var(--wp--preset--spacing--30)\"\/>\n\n\n\n<h2 class=\"wp-block-heading has-contrast-color has-text-color has-link-color wp-elements-5f01fbe96db4ee1280ffb073c985db8d\">Renouez avec la nature : yoga \u00e0 la montagne et \u00e0 la mer<\/h2>\n\n\n\n<p><\/p>\n\n\n\n<hr class=\"wp-block-separator has-text-color has-contrast-color has-alpha-channel-opacity has-contrast-background-color has-background\" style=\"margin-top:0;margin-bottom:0\"\/>\n\n\n\n<p class=\"has-contrast-color has-text-color has-link-color wp-elements-b6351195efcc70ebb82104d15a170b4e\">Vous proposez des cours de yoga en groupe ou des s\u00e9minaires de yoga ? \u00c9vadez-vous en Gr\u00e8ce pour vivre une exp\u00e9rience de yoga unique o\u00f9 la beaut\u00e9 de la nature rencontre l&#8217;art du bien-\u00eatre. Nich\u00e9s dans de superbes maisons en bord de mer et avec vue sur les montagnes, nous vous invitons \u00e0 ralentir, \u00e0 vous reconnecter et \u00e0 retrouver votre \u00e9quilibre. Chaque journ\u00e9e commence par une s\u00e9ance de yoga \u00e9nergisante au lever du soleil sur la mer \u00c9g\u00e9e et se termine par des exercices apaisants sous les \u00e9toiles. Entre les s\u00e9ances, explorez les charmants villages locaux ou d\u00e9tendez-vous simplement au bord de la mer. Que vous souhaitiez approfondir votre pratique ou rechercher une escapade paisible, nos retraites en Gr\u00e8ce offrent l&#8217;harmonie parfaite entre s\u00e9r\u00e9nit\u00e9, mouvement et joie.<\/p>\n<\/div>\n<\/div>\n<\/div>\n\n\n\n<div class=\"wp-block-group has-global-padding is-layout-constrained wp-container-core-group-is-layout-4f9f0532 wp-block-group-is-layout-constrained\">\n<div class=\"wp-block-columns is-layout-flex wp-container-core-columns-is-layout-28f84493 wp-block-columns-is-layout-flex\">\n<div class=\"wp-block-column is-layout-flow wp-block-column-is-layout-flow\">\n<hr class=\"wp-block-separator has-alpha-channel-opacity\" style=\"margin-top:var(--wp--preset--spacing--30);margin-bottom:var(--wp--preset--spacing--30)\"\/>\n\n\n\n<h2 class=\"wp-block-heading has-contrast-color has-text-color has-link-color wp-elements-d2f1a41b8c936de60d6b6766a8303300\">Des retraites organis\u00e9es pour votre voyage ?<br><\/h2>\n\n\n\n<p><\/p>\n\n\n\n<hr class=\"wp-block-separator has-text-color has-contrast-color has-alpha-channel-opacity has-contrast-background-color has-background\" style=\"margin-top:0;margin-bottom:0\"\/>\n\n\n\n<p class=\"has-contrast-color has-text-color has-link-color wp-elements-2afdf67eb5e9c883fc0e950878fe0a86\">Nous proposons une gamme vari\u00e9e de services logistiques et d&#8217;h\u00e9bergement s\u00e9lectionn\u00e9s avec soin pour agr\u00e9menter la retraite que vous avez choisie. Nous nous effor\u00e7ons de vous offrir un refuge id\u00e9al, adapt\u00e9 \u00e0 vos centres d&#8217;int\u00e9r\u00eat. D\u00e8s votre arriv\u00e9e en Gr\u00e8ce, nous nous occupons de tout. Notre \u00e9quipe vous accueillera \u00e0 l&#8217;a\u00e9roport et vous conduira directement \u00e0 votre h\u00e9bergement, r\u00e9serv\u00e9 \u00e0 l&#8217;avance. Celui-ci sera enti\u00e8rement pr\u00e9par\u00e9 pour votre arriv\u00e9e. Il ne vous restera plus qu&#8217;\u00e0 vous installer et \u00e0 profiter de l&#8217;exp\u00e9rience. \u00c0 la fin de votre s\u00e9jour, nous assurerons votre transfert en toute tranquillit\u00e9 vers l&#8217;a\u00e9roport, vous laissant libre de vous concentrer sur ce qui compte le plus : votre yoga, votre d\u00e9tente et votre s\u00e9jour en Gr\u00e8ce.<\/p>\n<\/div>\n\n\n\n<div class=\"wp-block-column is-layout-flow wp-block-column-is-layout-flow\" style=\"flex-basis:450px\">\n<figure class=\"wp-block-image size-large is-resized is-style-rounded\" style=\"margin-top:var(--wp--preset--spacing--60);margin-bottom:var(--wp--preset--spacing--60)\"><img loading=\"lazy\" decoding=\"async\" width=\"1024\" height=\"768\" src=\"https:\/\/adventture-greece.com\/wp-content\/uploads\/2025\/09\/yoga3-2-1024x768.jpg\" alt=\"\" class=\"wp-image-2252\" style=\"width:418px;height:auto\" srcset=\"https:\/\/adventture-greece.com\/wp-content\/uploads\/2025\/09\/yoga3-2-1024x768.jpg 1024w, https:\/\/adventture-greece.com\/wp-content\/uploads\/2025\/09\/yoga3-2-300x225.jpg 300w, https:\/\/adventture-greece.com\/wp-content\/uploads\/2025\/09\/yoga3-2-768x576.jpg 768w, https:\/\/adventture-greece.com\/wp-content\/uploads\/2025\/09\/yoga3-2-1536x1152.jpg 1536w, https:\/\/adventture-greece.com\/wp-content\/uploads\/2025\/09\/yoga3-2-2048x1536.jpg 2048w\" sizes=\"auto, (max-width: 1024px) 100vw, 1024px\" \/><\/figure>\n<\/div>\n<\/div>\n<\/div>\n\n\n<div class=\"wp-block-group has-global-padding is-content-justification-center is-layout-constrained wp-block-group-is-layout-constrained\">\n<div class=\"wp-block-group has-background is-content-justification-center is-layout-flex wp-container-core-group-is-layout-acf4123b wp-block-group-is-layout-flex\" style=\"border-radius:15px;background-color:#0b112405;padding-top:var(--wp--preset--spacing--20);padding-right:var(--wp--preset--spacing--20);padding-bottom:0;padding-left:var(--wp--preset--spacing--20);font-style:normal;font-weight:500\">\n<p class=\"has-contrast-color has-text-color has-link-color wp-elements-400be769280be3fc29edf0e105fe5591\" style=\"margin-top:0;margin-right:0;margin-bottom:0;margin-left:0;padding-top:0;padding-right:0;padding-bottom:0;padding-left:0;font-style:normal;font-weight:600\">D\u00e9couvrez les services suppl\u00e9mentaires que nous proposons<\/p>\n\n\n\n<div class=\"wp-block-buttons is-content-justification-center is-layout-flex wp-container-core-buttons-is-layout-5ecdc608 wp-block-buttons-is-layout-flex\" style=\"margin-top:var(--wp--preset--spacing--30);margin-bottom:var(--wp--preset--spacing--30);padding-top:0;padding-right:0;padding-bottom:0;padding-left:0\">\n<div class=\"wp-block-button\"><a class=\"wp-block-button__link has-background wp-element-button\" href=\"https:\/\/adventture-greece.com\/fr\/extra\/\" style=\"border-radius:100px;background-color:#0b1124;padding-top:var(--wp--preset--spacing--20);padding-right:var(--wp--preset--spacing--60);padding-bottom:var(--wp--preset--spacing--20);padding-left:var(--wp--preset--spacing--60)\">Extras<\/a><\/div>\n<\/div>\n<\/div>\n<\/div>\n\n<div class=\"wp-block-group has-global-padding is-layout-constrained wp-container-core-group-is-layout-4f9f0532 wp-block-group-is-layout-constrained\">\n<div class=\"wp-block-group has-background is-vertical is-content-justification-center is-layout-flex wp-container-core-group-is-layout-0fd9515a wp-block-group-is-layout-flex\" style=\"border-radius:15px;background-color:#0b112405;margin-top:0;margin-bottom:0;padding-top:var(--wp--preset--spacing--30);padding-right:var(--wp--preset--spacing--20);padding-bottom:var(--wp--preset--spacing--30);padding-left:var(--wp--preset--spacing--20)\">\n<p class=\"has-contrast-color has-text-color has-link-color wp-elements-558e0059f7495d90936030871750ae12\" style=\"padding-top:0;padding-right:0;padding-bottom:0;padding-left:0;font-style:normal;font-weight:600\">Vous y r\u00e9fl\u00e9chissez ou vous avez des questions ? Remplissez le formulaire de demande et nous vous contacterons pour vous fournir toutes les informations dont vous pourriez avoir besoin !<\/p>\n\n\n\n<div class=\"wp-block-buttons is-content-justification-center is-layout-flex wp-container-core-buttons-is-layout-80259c74 wp-block-buttons-is-layout-flex\" style=\"margin-top:var(--wp--preset--spacing--20);margin-bottom:var(--wp--preset--spacing--20);padding-top:0;padding-right:0;padding-bottom:0;padding-left:0\">\n<div class=\"wp-block-button\"><a class=\"wp-block-button__link has-background wp-element-button\" href=\"https:\/\/adventture-greece.com\/fr\/reservation\/\" style=\"background-color:#0b1124;padding-top:var(--wp--preset--spacing--20);padding-right:45px;padding-bottom:var(--wp--preset--spacing--20);padding-left:45px\">Formulaire de demande<\/a><\/div>\n<\/div>\n<\/div>\n<\/div>","protected":false},"excerpt":{"rendered":"<p>Renouez avec la nature : yoga \u00e0 la montagne et \u00e0 la mer Vous proposez des cours de yoga en groupe ou des s\u00e9minaires de yoga ? \u00c9vadez-vous en Gr\u00e8ce pour vivre une exp\u00e9rience de yoga unique o\u00f9 la beaut\u00e9 de la nature rencontre l&#8217;art du bien-\u00eatre. Nich\u00e9s dans de superbes maisons en bord de [&hellip;]<\/p>\n","protected":false},"author":4,"featured_media":0,"parent":0,"menu_order":0,"comment_status":"closed","ping_status":"closed","template":"","meta":{"_glsr_average":0,"_glsr_ranking":0,"_glsr_reviews":0,"footnotes":""},"class_list":["post-650","page","type-page","status-publish","hentry"],"_links":{"self":[{"href":"https:\/\/adventture-greece.com\/fr\/wp-json\/wp\/v2\/pages\/650","targetHints":{"allow":["GET"]}}],"collection":[{"href":"https:\/\/adventture-greece.com\/fr\/wp-json\/wp\/v2\/pages"}],"about":[{"href":"https:\/\/adventture-greece.com\/fr\/wp-json\/wp\/v2\/types\/page"}],"author":[{"embeddable":true,"href":"https:\/\/adventture-greece.com\/fr\/wp-json\/wp\/v2\/users\/4"}],"replies":[{"embeddable":true,"href":"https:\/\/adventture-greece.com\/fr\/wp-json\/wp\/v2\/comments?post=650"}],"version-history":[{"count":12,"href":"https:\/\/adventture-greece.com\/fr\/wp-json\/wp\/v2\/pages\/650\/revisions"}],"predecessor-version":[{"id":3800,"href":"https:\/\/adventture-greece.com\/fr\/wp-json\/wp\/v2\/pages\/650\/revisions\/3800"}],"wp:attachment":[{"href":"https:\/\/adventture-greece.com\/fr\/wp-json\/wp\/v2\/media?parent=650"}],"curies":[{"name":"wp","href":"https:\/\/api.w.org\/{rel}","templated":true}]}}