{"id":321,"date":"2025-09-16T07:46:01","date_gmt":"2025-09-16T07:46:01","guid":{"rendered":"https:\/\/adventture-greece.com\/?page_id=321"},"modified":"2025-11-18T16:22:16","modified_gmt":"2025-11-18T16:22:16","slug":"thematic-tourism","status":"publish","type":"page","link":"https:\/\/adventture-greece.com\/fr\/thematic-tourism\/","title":{"rendered":"THEMATIC TOURISM"},"content":{"rendered":"\n<hr class=\"wp-block-separator has-alpha-channel-opacity\" style=\"margin-top:var(--wp--preset--spacing--30);margin-bottom:var(--wp--preset--spacing--30)\"\/>\n\n\n\n<h2 class=\"wp-block-heading has-text-align-center has-contrast-color has-text-color has-link-color wp-elements-197e54e97f49f7ca0804650aca0071c2\"><strong>Voyages arch\u00e9ologiques et historiques<br><\/strong><\/h2>\n\n\n\n<div class=\"wp-block-group has-global-padding is-layout-constrained wp-container-core-group-is-layout-4f9f0532 wp-block-group-is-layout-constrained\">\n<hr class=\"wp-block-separator has-alpha-channel-opacity\" style=\"margin-top:var(--wp--preset--spacing--30);margin-bottom:var(--wp--preset--spacing--30)\"\/>\n\n\n\n<div class=\"wp-block-columns is-layout-flex wp-container-core-columns-is-layout-28f84493 wp-block-columns-is-layout-flex\">\n<div class=\"wp-block-column is-layout-flow wp-block-column-is-layout-flow\" style=\"flex-basis:33%\">\n<figure class=\"wp-block-image size-large is-resized is-style-rounded\" style=\"margin-top:var(--wp--preset--spacing--40);margin-bottom:var(--wp--preset--spacing--40)\"><img loading=\"lazy\" decoding=\"async\" width=\"1024\" height=\"683\" src=\"https:\/\/adventture-greece.com\/wp-content\/uploads\/2025\/09\/culture-1-1024x683.jpg\" alt=\"\" class=\"wp-image-2430\" style=\"aspect-ratio:4\/3;object-fit:cover;width:450px\" srcset=\"https:\/\/adventture-greece.com\/wp-content\/uploads\/2025\/09\/culture-1-1024x683.jpg 1024w, https:\/\/adventture-greece.com\/wp-content\/uploads\/2025\/09\/culture-1-300x200.jpg 300w, https:\/\/adventture-greece.com\/wp-content\/uploads\/2025\/09\/culture-1-768x512.jpg 768w, https:\/\/adventture-greece.com\/wp-content\/uploads\/2025\/09\/culture-1-1536x1024.jpg 1536w, https:\/\/adventture-greece.com\/wp-content\/uploads\/2025\/09\/culture-1-2048x1365.jpg 2048w\" sizes=\"auto, (max-width: 1024px) 100vw, 1024px\" \/><\/figure>\n<\/div>\n\n\n\n<div class=\"wp-block-column is-layout-flow wp-block-column-is-layout-flow\">\n<hr class=\"wp-block-separator has-alpha-channel-opacity\"\/>\n\n\n\n<h2 class=\"wp-block-heading has-contrast-color has-text-color has-link-color wp-elements-c4da37ae835001307c04feda49683b45\">D\u00e9couvrir l&#8217;histoire ancienne ?<br><\/h2>\n\n\n\n<hr class=\"wp-block-separator has-text-color has-contrast-color has-alpha-channel-opacity has-contrast-background-color has-background\"\/>\n\n\n\n<p class=\"has-contrast-color has-text-color has-link-color wp-elements-c95c3f65b2bce5067aea8093d03770ad\">La Gr\u00e8ce est un mus\u00e9e vivant, et nos circuits culturels sont con\u00e7us pour faire revivre son histoire antique. Marchez sur les traces des philosophes, des rois et des artistes en explorant des sites arch\u00e9ologiques de renomm\u00e9e mondiale tels que l&#8217;Acropole d&#8217;Ath\u00e8nes, l&#8217;Oracle de Delphes, le magnifique th\u00e9\u00e2tre d&#8217;\u00c9pidaure et l&#8217;ancienne Olympie, berceau des Jeux Olympiques. Allez au-del\u00e0 des sites touristiques connus pour d\u00e9couvrir des joyaux cach\u00e9s. Nos guides experts vous feront d\u00e9couvrir en profondeur l&#8217;histoire, les mythes et les l\u00e9gendes de chaque site, vous offrant un voyage complet et captivant \u00e0 travers des mill\u00e9naires de civilisation humaine.<br><\/p>\n<\/div>\n<\/div>\n<\/div>\n\n\n\n<div class=\"wp-block-group has-global-padding is-layout-constrained wp-container-core-group-is-layout-4f9f0532 wp-block-group-is-layout-constrained\">\n<hr class=\"wp-block-separator has-alpha-channel-opacity\" style=\"margin-top:var(--wp--preset--spacing--30);margin-bottom:var(--wp--preset--spacing--30)\"\/>\n\n\n\n<div class=\"wp-block-columns is-layout-flex wp-container-core-columns-is-layout-28f84493 wp-block-columns-is-layout-flex\">\n<div class=\"wp-block-column is-layout-flow wp-block-column-is-layout-flow\">\n<hr class=\"wp-block-separator has-alpha-channel-opacity\"\/>\n\n\n\n<h2 class=\"wp-block-heading has-contrast-color has-text-color has-link-color wp-elements-48fd6d93b7f2426a7fa5c0377ac57997\">Participez \u00e0 une exp\u00e9dition guid\u00e9e<\/h2>\n\n\n\n<hr class=\"wp-block-separator has-text-color has-contrast-color has-alpha-channel-opacity has-contrast-background-color has-background\"\/>\n\n\n\n<p class=\"has-contrast-color has-text-color has-link-color wp-elements-ac468e9bfab5e46bf2f27c4a5d58d044\">Pour ceux qui aspirent \u00e0 acqu\u00e9rir des connaissances approfondies et \u00e0 faire des d\u00e9couvertes sans stress, montez sur la sc\u00e8ne de l&#8217;histoire avec l&#8217;une de nos exp\u00e9ditions arch\u00e9ologiques guid\u00e9es par des experts. Que vous recherchiez les secrets perdus des Minoens en Cr\u00e8te, que vous souhaitiez vous tenir l\u00e0 o\u00f9 Socrate enseignait ou que vous souhaitiez suivre les traces d&#8217;Alexandre le Grand, choisissez parmi nos circuits organis\u00e9s, guid\u00e9s par des arch\u00e9ologues passionn\u00e9s et des historiens de renom. Votre voyage comprend un acc\u00e8s exclusif et des r\u00e9cits approfondis et vivants, vous donnant la libert\u00e9 de d\u00e9couvrir le pass\u00e9 magnifique de la Gr\u00e8ce sans le fardeau de la planification, juste une immersion pure dans le berceau de la civilisation.<\/p>\n<\/div>\n\n\n\n<div class=\"wp-block-column is-layout-flow wp-block-column-is-layout-flow\" style=\"flex-basis:33%\">\n<figure class=\"wp-block-image size-large is-resized is-style-rounded\" style=\"margin-top:var(--wp--preset--spacing--40);margin-bottom:var(--wp--preset--spacing--40)\"><img loading=\"lazy\" decoding=\"async\" width=\"1024\" height=\"768\" src=\"https:\/\/adventture-greece.com\/wp-content\/uploads\/2025\/09\/minoan-1024x768.jpg\" alt=\"\" class=\"wp-image-2410\" style=\"aspect-ratio:4\/3;object-fit:cover;width:450px\" srcset=\"https:\/\/adventture-greece.com\/wp-content\/uploads\/2025\/09\/minoan-1024x768.jpg 1024w, https:\/\/adventture-greece.com\/wp-content\/uploads\/2025\/09\/minoan-300x225.jpg 300w, https:\/\/adventture-greece.com\/wp-content\/uploads\/2025\/09\/minoan-768x576.jpg 768w, https:\/\/adventture-greece.com\/wp-content\/uploads\/2025\/09\/minoan-1536x1152.jpg 1536w, https:\/\/adventture-greece.com\/wp-content\/uploads\/2025\/09\/minoan-2048x1536.jpg 2048w\" sizes=\"auto, (max-width: 1024px) 100vw, 1024px\" \/><\/figure>\n<\/div>\n<\/div>\n<\/div>\n\n\n\n<div class=\"wp-block-group has-global-padding is-layout-constrained wp-container-core-group-is-layout-4f9f0532 wp-block-group-is-layout-constrained\">\n<hr class=\"wp-block-separator has-alpha-channel-opacity\" style=\"margin-top:var(--wp--preset--spacing--30);margin-bottom:var(--wp--preset--spacing--30)\"\/>\n\n\n\n<div class=\"wp-block-columns is-layout-flex wp-container-core-columns-is-layout-28f84493 wp-block-columns-is-layout-flex\">\n<div class=\"wp-block-column is-layout-flow wp-block-column-is-layout-flow\" style=\"flex-basis:33%\">\n<figure class=\"wp-block-image size-large is-resized is-style-rounded\" style=\"margin-top:var(--wp--preset--spacing--30);margin-bottom:var(--wp--preset--spacing--30)\"><img loading=\"lazy\" decoding=\"async\" width=\"1024\" height=\"683\" src=\"https:\/\/adventture-greece.com\/wp-content\/uploads\/2025\/09\/temple-1024x683.jpg\" alt=\"\" class=\"wp-image-2417\" style=\"aspect-ratio:4\/3;object-fit:cover;width:450px\" srcset=\"https:\/\/adventture-greece.com\/wp-content\/uploads\/2025\/09\/temple-1024x683.jpg 1024w, https:\/\/adventture-greece.com\/wp-content\/uploads\/2025\/09\/temple-300x200.jpg 300w, https:\/\/adventture-greece.com\/wp-content\/uploads\/2025\/09\/temple-768x512.jpg 768w, https:\/\/adventture-greece.com\/wp-content\/uploads\/2025\/09\/temple-1536x1024.jpg 1536w, https:\/\/adventture-greece.com\/wp-content\/uploads\/2025\/09\/temple-2048x1365.jpg 2048w\" sizes=\"auto, (max-width: 1024px) 100vw, 1024px\" \/><\/figure>\n<\/div>\n\n\n\n<div class=\"wp-block-column is-layout-flow wp-block-column-is-layout-flow\">\n<hr class=\"wp-block-separator has-alpha-channel-opacity\"\/>\n\n\n\n<h2 class=\"wp-block-heading has-contrast-color has-text-color has-link-color wp-elements-e7147568b6a29a77b604109f019bb720\">Planifiez votre propre itin\u00e9raire historique<\/h2>\n\n\n\n<hr class=\"wp-block-separator has-text-color has-contrast-color has-alpha-channel-opacity has-contrast-background-color has-background\"\/>\n\n\n\n<p class=\"has-contrast-color has-text-color has-link-color wp-elements-f2b0bd6ebfda1abd12f83923f2b2a452\">Le paysage sacr\u00e9 de la Gr\u00e8ce est un mus\u00e9e \u00e0 ciel ouvert, ce qui en fait la destination id\u00e9ale pour une exploration historique ind\u00e9pendante. Si vous pr\u00e9voyez votre propre voyage \u00e0 travers les mill\u00e9naires, nous pouvons vous aider \u00e0 concevoir l&#8217;itin\u00e9raire parfait, depuis la d\u00e9couverte des remparts de la citadelle myc\u00e9nienne construite par les Cyclopes et la reconstitution des routes commerciales romaines jusqu&#8217;\u00e0 l&#8217;organisation de visites sp\u00e9cialis\u00e9es dans les mus\u00e9es et la recommandation d&#8217;h\u00e9bergements \u00e0 proximit\u00e9 de forteresses byzantines cach\u00e9es. Nous vous fournirons un carnet de route d\u00e9taill\u00e9 contenant le contexte historique, des r\u00e9cits mythologiques et des conseils essentiels pour votre \u00e9pop\u00e9e autonome.<\/p>\n<\/div>\n<\/div>\n<\/div>\n\n\n\n<hr class=\"wp-block-separator has-alpha-channel-opacity\" style=\"margin-top:var(--wp--preset--spacing--50);margin-bottom:var(--wp--preset--spacing--50)\"\/>\n\n\n\n<h2 class=\"wp-block-heading has-text-align-center has-contrast-color has-text-color has-link-color wp-elements-d7fd2e41a80a5f49a66f91219065614a\"><strong>Voyages religieux et spirituels<\/strong><\/h2>\n\n\n\n<div class=\"wp-block-group has-global-padding is-layout-constrained wp-container-core-group-is-layout-4f9f0532 wp-block-group-is-layout-constrained\">\n<hr class=\"wp-block-separator has-alpha-channel-opacity\" style=\"margin-top:var(--wp--preset--spacing--30);margin-bottom:var(--wp--preset--spacing--30)\"\/>\n\n\n\n<div class=\"wp-block-columns is-layout-flex wp-container-core-columns-is-layout-28f84493 wp-block-columns-is-layout-flex\">\n<div class=\"wp-block-column is-layout-flow wp-block-column-is-layout-flow\">\n<hr class=\"wp-block-separator has-alpha-channel-opacity\"\/>\n\n\n\n<h2 class=\"wp-block-heading has-contrast-color has-text-color has-link-color wp-elements-a69f1cfbf4391ee0312df761649c120a\">Participez \u00e0 un p\u00e8lerinage<\/h2>\n\n\n\n<hr class=\"wp-block-separator has-text-color has-contrast-color has-alpha-channel-opacity has-contrast-background-color has-background\"\/>\n\n\n\n<p class=\"has-contrast-color has-text-color has-link-color wp-elements-fd41aa00fbc33d2d30c43ea23b6143e7\">Pour ceux qui pr\u00e9f\u00e8rent une exp\u00e9rience guid\u00e9e, nous proposons toute une gamme de voyages spirituels et de p\u00e8lerinages th\u00e9matiques. Que vous recherchiez l&#8217;histoire profonde des routes de Saint Paul, une retraite m\u00e9ditative \u00e0 M\u00e9t\u00e9ora ou une exploration spirituelle du mont Athos (Agion Oros), la communaut\u00e9 monastique la plus sacr\u00e9e de Gr\u00e8ce, faites votre choix parmi nos itin\u00e9raires s\u00e9lectionn\u00e9s avec soin et guid\u00e9s par des th\u00e9ologiens exp\u00e9riment\u00e9s et des historiens locaux. Votre voyage comprend tout le soutien spirituel et logistique n\u00e9cessaire, vous laissant la libert\u00e9 d&#8217;explorer les sites les plus sacr\u00e9s de Gr\u00e8ce sans avoir \u00e0 vous soucier de l&#8217;organisation.<\/p>\n<\/div>\n\n\n\n<div class=\"wp-block-column is-layout-flow wp-block-column-is-layout-flow\" style=\"flex-basis:33%\">\n<figure class=\"wp-block-image size-large is-resized is-style-rounded\" style=\"margin-top:var(--wp--preset--spacing--30);margin-bottom:var(--wp--preset--spacing--30)\"><img loading=\"lazy\" decoding=\"async\" width=\"1024\" height=\"683\" src=\"https:\/\/adventture-greece.com\/wp-content\/uploads\/2025\/09\/meteora-1024x683.jpg\" alt=\"\" class=\"wp-image-2392\" style=\"aspect-ratio:4\/3;object-fit:cover;width:450px\" srcset=\"https:\/\/adventture-greece.com\/wp-content\/uploads\/2025\/09\/meteora-1024x683.jpg 1024w, https:\/\/adventture-greece.com\/wp-content\/uploads\/2025\/09\/meteora-300x200.jpg 300w, https:\/\/adventture-greece.com\/wp-content\/uploads\/2025\/09\/meteora-768x512.jpg 768w, https:\/\/adventture-greece.com\/wp-content\/uploads\/2025\/09\/meteora-1536x1024.jpg 1536w, https:\/\/adventture-greece.com\/wp-content\/uploads\/2025\/09\/meteora-2048x1365.jpg 2048w\" sizes=\"auto, (max-width: 1024px) 100vw, 1024px\" \/><\/figure>\n<\/div>\n<\/div>\n<\/div>\n\n\n\n<div class=\"wp-block-group has-global-padding is-layout-constrained wp-container-core-group-is-layout-4f9f0532 wp-block-group-is-layout-constrained\">\n<hr class=\"wp-block-separator has-alpha-channel-opacity\" style=\"margin-top:var(--wp--preset--spacing--30);margin-bottom:var(--wp--preset--spacing--30)\"\/>\n\n\n\n<div class=\"wp-block-columns is-layout-flex wp-container-core-columns-is-layout-28f84493 wp-block-columns-is-layout-flex\">\n<div class=\"wp-block-column is-layout-flow wp-block-column-is-layout-flow\" style=\"flex-basis:33%\">\n<figure class=\"wp-block-image size-large is-resized is-style-rounded\" style=\"margin-top:var(--wp--preset--spacing--30);margin-bottom:var(--wp--preset--spacing--30)\"><img loading=\"lazy\" decoding=\"async\" width=\"1024\" height=\"683\" src=\"https:\/\/adventture-greece.com\/wp-content\/uploads\/2025\/09\/church5-1024x683.jpg\" alt=\"\" class=\"wp-image-2405\" style=\"aspect-ratio:4\/3;object-fit:cover;width:450px\" srcset=\"https:\/\/adventture-greece.com\/wp-content\/uploads\/2025\/09\/church5-1024x683.jpg 1024w, https:\/\/adventture-greece.com\/wp-content\/uploads\/2025\/09\/church5-300x200.jpg 300w, https:\/\/adventture-greece.com\/wp-content\/uploads\/2025\/09\/church5-768x512.jpg 768w, https:\/\/adventture-greece.com\/wp-content\/uploads\/2025\/09\/church5-1536x1024.jpg 1536w, https:\/\/adventture-greece.com\/wp-content\/uploads\/2025\/09\/church5-2048x1365.jpg 2048w\" sizes=\"auto, (max-width: 1024px) 100vw, 1024px\" \/><\/figure>\n<\/div>\n\n\n\n<div class=\"wp-block-column is-layout-flow wp-block-column-is-layout-flow\">\n<hr class=\"wp-block-separator has-alpha-channel-opacity\"\/>\n\n\n\n<h2 class=\"wp-block-heading has-contrast-color has-text-color has-link-color wp-elements-0741d9415907ddf115fa5ec36f332ebf\">Planifiez votre propre cheminement spirituel<\/h2>\n\n\n\n<hr class=\"wp-block-separator has-text-color has-contrast-color has-alpha-channel-opacity has-contrast-background-color has-background\"\/>\n\n\n\n<p class=\"has-contrast-color has-text-color has-link-color wp-elements-b4ed13d916483fa9b0256dfcaef00e86\">Les paysages sacr\u00e9s et les monast\u00e8res anciens de la Gr\u00e8ce en font une destination id\u00e9ale pour une exploration spirituelle ind\u00e9pendante. Si vous pr\u00e9voyez votre propre p\u00e8lerinage, nous pouvons vous aider \u00e0 concevoir le voyage parfait, depuis la recherche d&#8217;itin\u00e9raires reliant les sites historiques et les \u00e9glises byzantines isol\u00e9es jusqu&#8217;\u00e0 l&#8217;obtention des autorisations n\u00e9cessaires pour visiter les monast\u00e8res et vous recommander des h\u00e9bergements authentiques et paisibles. Nous vous fournirons un carnet de route d\u00e9taill\u00e9 avec les sites spirituels recommand\u00e9s et les consignes n\u00e9cessaires.<\/p>\n<\/div>\n<\/div>\n<\/div>\n\n\n<div class=\"wp-block-group has-global-padding is-content-justification-center is-layout-constrained wp-block-group-is-layout-constrained\">\n<div class=\"wp-block-group has-background is-content-justification-center is-layout-flex wp-container-core-group-is-layout-acf4123b wp-block-group-is-layout-flex\" style=\"border-radius:15px;background-color:#0b112405;padding-top:var(--wp--preset--spacing--20);padding-right:var(--wp--preset--spacing--20);padding-bottom:0;padding-left:var(--wp--preset--spacing--20);font-style:normal;font-weight:500\">\n<p class=\"has-contrast-color has-text-color has-link-color wp-elements-400be769280be3fc29edf0e105fe5591\" style=\"margin-top:0;margin-right:0;margin-bottom:0;margin-left:0;padding-top:0;padding-right:0;padding-bottom:0;padding-left:0;font-style:normal;font-weight:600\">D\u00e9couvrez les services suppl\u00e9mentaires que nous proposons<\/p>\n\n\n\n<div class=\"wp-block-buttons is-content-justification-center is-layout-flex wp-container-core-buttons-is-layout-5ecdc608 wp-block-buttons-is-layout-flex\" style=\"margin-top:var(--wp--preset--spacing--30);margin-bottom:var(--wp--preset--spacing--30);padding-top:0;padding-right:0;padding-bottom:0;padding-left:0\">\n<div class=\"wp-block-button\"><a class=\"wp-block-button__link has-background wp-element-button\" href=\"https:\/\/adventture-greece.com\/fr\/extra\/\" style=\"border-radius:100px;background-color:#0b1124;padding-top:var(--wp--preset--spacing--20);padding-right:var(--wp--preset--spacing--60);padding-bottom:var(--wp--preset--spacing--20);padding-left:var(--wp--preset--spacing--60)\">Extras<\/a><\/div>\n<\/div>\n<\/div>\n<\/div>\n\n<div class=\"wp-block-group has-global-padding is-layout-constrained wp-container-core-group-is-layout-4f9f0532 wp-block-group-is-layout-constrained\">\n<div class=\"wp-block-group has-background is-vertical is-content-justification-center is-layout-flex wp-container-core-group-is-layout-0fd9515a wp-block-group-is-layout-flex\" style=\"border-radius:15px;background-color:#0b112405;margin-top:0;margin-bottom:0;padding-top:var(--wp--preset--spacing--30);padding-right:var(--wp--preset--spacing--20);padding-bottom:var(--wp--preset--spacing--30);padding-left:var(--wp--preset--spacing--20)\">\n<p class=\"has-contrast-color has-text-color has-link-color wp-elements-558e0059f7495d90936030871750ae12\" style=\"padding-top:0;padding-right:0;padding-bottom:0;padding-left:0;font-style:normal;font-weight:600\">Vous y r\u00e9fl\u00e9chissez ou vous avez des questions ? Remplissez le formulaire de demande et nous vous contacterons pour vous fournir toutes les informations dont vous pourriez avoir besoin !<\/p>\n\n\n\n<div class=\"wp-block-buttons is-content-justification-center is-layout-flex wp-container-core-buttons-is-layout-80259c74 wp-block-buttons-is-layout-flex\" style=\"margin-top:var(--wp--preset--spacing--20);margin-bottom:var(--wp--preset--spacing--20);padding-top:0;padding-right:0;padding-bottom:0;padding-left:0\">\n<div class=\"wp-block-button\"><a class=\"wp-block-button__link has-background wp-element-button\" href=\"https:\/\/adventture-greece.com\/fr\/reservation\/\" style=\"background-color:#0b1124;padding-top:var(--wp--preset--spacing--20);padding-right:45px;padding-bottom:var(--wp--preset--spacing--20);padding-left:45px\">Formulaire de demande<\/a><\/div>\n<\/div>\n<\/div>\n<\/div>","protected":false},"excerpt":{"rendered":"<p>Voyages arch\u00e9ologiques et historiques D\u00e9couvrir l&#8217;histoire ancienne ? La Gr\u00e8ce est un mus\u00e9e vivant, et nos circuits culturels sont con\u00e7us pour faire revivre son histoire antique. Marchez sur les traces des philosophes, des rois et des artistes en explorant des sites arch\u00e9ologiques de renomm\u00e9e mondiale tels que l&#8217;Acropole d&#8217;Ath\u00e8nes, l&#8217;Oracle de Delphes, le magnifique th\u00e9\u00e2tre [&hellip;]<\/p>\n","protected":false},"author":2,"featured_media":0,"parent":0,"menu_order":0,"comment_status":"closed","ping_status":"closed","template":"","meta":{"_glsr_average":0,"_glsr_ranking":0,"_glsr_reviews":0,"footnotes":""},"class_list":["post-321","page","type-page","status-publish","hentry"],"_links":{"self":[{"href":"https:\/\/adventture-greece.com\/fr\/wp-json\/wp\/v2\/pages\/321","targetHints":{"allow":["GET"]}}],"collection":[{"href":"https:\/\/adventture-greece.com\/fr\/wp-json\/wp\/v2\/pages"}],"about":[{"href":"https:\/\/adventture-greece.com\/fr\/wp-json\/wp\/v2\/types\/page"}],"author":[{"embeddable":true,"href":"https:\/\/adventture-greece.com\/fr\/wp-json\/wp\/v2\/users\/2"}],"replies":[{"embeddable":true,"href":"https:\/\/adventture-greece.com\/fr\/wp-json\/wp\/v2\/comments?post=321"}],"version-history":[{"count":8,"href":"https:\/\/adventture-greece.com\/fr\/wp-json\/wp\/v2\/pages\/321\/revisions"}],"predecessor-version":[{"id":3762,"href":"https:\/\/adventture-greece.com\/fr\/wp-json\/wp\/v2\/pages\/321\/revisions\/3762"}],"wp:attachment":[{"href":"https:\/\/adventture-greece.com\/fr\/wp-json\/wp\/v2\/media?parent=321"}],"curies":[{"name":"wp","href":"https:\/\/api.w.org\/{rel}","templated":true}]}}