{"id":319,"date":"2025-09-16T07:45:44","date_gmt":"2025-09-16T07:45:44","guid":{"rendered":"https:\/\/adventture-greece.com\/?page_id=319"},"modified":"2025-11-18T16:16:16","modified_gmt":"2025-11-18T16:16:16","slug":"city-and-culture","status":"publish","type":"page","link":"https:\/\/adventture-greece.com\/fr\/city-and-culture\/","title":{"rendered":"CITY AND CULTURE"},"content":{"rendered":"\n<hr class=\"wp-block-separator has-alpha-channel-opacity\" style=\"margin-top:var(--wp--preset--spacing--30);margin-bottom:var(--wp--preset--spacing--30)\"\/>\n\n\n\n<div class=\"wp-block-group has-global-padding is-layout-constrained wp-container-core-group-is-layout-4f9f0532 wp-block-group-is-layout-constrained\">\n<hr class=\"wp-block-separator has-alpha-channel-opacity\"\/>\n\n\n\n<div class=\"wp-block-columns is-layout-flex wp-container-core-columns-is-layout-28f84493 wp-block-columns-is-layout-flex\">\n<div class=\"wp-block-column is-layout-flow wp-block-column-is-layout-flow\" style=\"flex-basis:30%\">\n<figure class=\"wp-block-image size-large is-resized is-style-rounded\" style=\"margin-top:var(--wp--preset--spacing--40);margin-bottom:var(--wp--preset--spacing--40)\"><img loading=\"lazy\" decoding=\"async\" width=\"819\" height=\"1024\" src=\"https:\/\/adventture-greece.com\/wp-content\/uploads\/2025\/09\/street2-819x1024.jpg\" alt=\"\" class=\"wp-image-2449\" style=\"aspect-ratio:4\/3;object-fit:cover;width:550px\" srcset=\"https:\/\/adventture-greece.com\/wp-content\/uploads\/2025\/09\/street2-819x1024.jpg 819w, https:\/\/adventture-greece.com\/wp-content\/uploads\/2025\/09\/street2-240x300.jpg 240w, https:\/\/adventture-greece.com\/wp-content\/uploads\/2025\/09\/street2-768x960.jpg 768w, https:\/\/adventture-greece.com\/wp-content\/uploads\/2025\/09\/street2-1229x1536.jpg 1229w, https:\/\/adventture-greece.com\/wp-content\/uploads\/2025\/09\/street2-1639x2048.jpg 1639w, https:\/\/adventture-greece.com\/wp-content\/uploads\/2025\/09\/street2-scaled.jpg 2048w\" sizes=\"auto, (max-width: 819px) 100vw, 819px\" \/><\/figure>\n<\/div>\n\n\n\n<div class=\"wp-block-column is-layout-flow wp-block-column-is-layout-flow\">\n<hr class=\"wp-block-separator has-alpha-channel-opacity\" style=\"margin-top:var(--wp--preset--spacing--30);margin-bottom:var(--wp--preset--spacing--30)\"\/>\n\n\n\n<h2 class=\"wp-block-heading has-contrast-color has-text-color has-link-color wp-elements-b211651e8e5a9b88d586f93f7bcbebc2\">D\u00e9couvrez le c\u0153ur de la vie urbaine grecque ?<\/h2>\n\n\n\n<hr class=\"wp-block-separator has-text-color has-contrast-color has-alpha-channel-opacity has-contrast-background-color has-background\" style=\"margin-top:var(--wp--preset--spacing--20);margin-bottom:var(--wp--preset--spacing--20)\"\/>\n\n\n\n<p class=\"has-contrast-color has-text-color has-link-color wp-elements-334c88a1550ca9f3996ed63ca774a33f\">Les grandes villes et les villes historiques de Gr\u00e8ce sont des centres culturels dynamiques, alliant un pass\u00e9 riche et complexe \u00e0 un esprit moderne florissant. Nos circuits sont con\u00e7us pour vous plonger au c\u0153ur m\u00eame des m\u00e9tropoles grecques. Marchez sur les traces des po\u00e8tes, des artistes et des personnalit\u00e9s politiques tout en explorant la grandiose architecture n\u00e9oclassique et en parcourant les quartiers historiques .<\/p>\n<\/div>\n<\/div>\n\n\n\n<div class=\"wp-block-columns is-layout-flex wp-container-core-columns-is-layout-28f84493 wp-block-columns-is-layout-flex\">\n<div class=\"wp-block-column is-layout-flow wp-block-column-is-layout-flow\">\n<hr class=\"wp-block-separator has-alpha-channel-opacity\" style=\"margin-top:var(--wp--preset--spacing--30);margin-bottom:var(--wp--preset--spacing--30)\"\/>\n\n\n\n<p class=\"has-contrast-color has-text-color has-link-color wp-elements-adba9f6735c630a26ed99a6767d7ab27\">Explorez des villes m\u00e9di\u00e9vales uniques et magnifiquement pr\u00e9serv\u00e9es comme Monemvasia, ou d\u00e9couvrez le charme de l&#8217;\u00e9l\u00e9gance de l&#8217;\u00e9poque v\u00e9nitienne \u00e0 Nauplie. D\u00e9couvrez d&#8217;importantes institutions culturelles, des galeries d&#8217;art contemporain et des mus\u00e9es sp\u00e9cialis\u00e9s fascinants qui retracent le parcours de la nation \u00e0 travers le temps. Nos guides experts vous offrent un aper\u00e7u approfondi de l&#8217;histoire et de l&#8217;\u00e9volution de la vie urbaine, vous proposant un voyage captivant \u00e0 travers l&#8217;esprit de la ville grecque moderne.<\/p>\n<\/div>\n\n\n\n<div class=\"wp-block-column is-layout-flow wp-block-column-is-layout-flow\" style=\"flex-basis:30%\">\n<figure class=\"wp-block-image size-large is-resized is-style-rounded\" style=\"margin-top:var(--wp--preset--spacing--20);margin-bottom:var(--wp--preset--spacing--20)\"><img loading=\"lazy\" decoding=\"async\" width=\"1024\" height=\"683\" src=\"https:\/\/adventture-greece.com\/wp-content\/uploads\/2025\/09\/cafe-1024x683.jpg\" alt=\"\" class=\"wp-image-2464\" style=\"aspect-ratio:4\/3;object-fit:cover;width:550px\" srcset=\"https:\/\/adventture-greece.com\/wp-content\/uploads\/2025\/09\/cafe-1024x683.jpg 1024w, https:\/\/adventture-greece.com\/wp-content\/uploads\/2025\/09\/cafe-300x200.jpg 300w, https:\/\/adventture-greece.com\/wp-content\/uploads\/2025\/09\/cafe-768x512.jpg 768w, https:\/\/adventture-greece.com\/wp-content\/uploads\/2025\/09\/cafe-1536x1024.jpg 1536w, https:\/\/adventture-greece.com\/wp-content\/uploads\/2025\/09\/cafe-2048x1365.jpg 2048w\" sizes=\"auto, (max-width: 1024px) 100vw, 1024px\" \/><\/figure>\n<\/div>\n<\/div>\n<\/div>\n\n\n\n<div class=\"wp-block-group has-global-padding is-layout-constrained wp-container-core-group-is-layout-4f9f0532 wp-block-group-is-layout-constrained\">\n<hr class=\"wp-block-separator has-alpha-channel-opacity\"\/>\n\n\n\n<div class=\"wp-block-columns is-layout-flex wp-container-core-columns-is-layout-28f84493 wp-block-columns-is-layout-flex\">\n<div class=\"wp-block-column is-layout-flow wp-block-column-is-layout-flow\" style=\"flex-basis:30%\">\n<figure class=\"wp-block-image size-large is-resized is-style-rounded\" style=\"margin-top:var(--wp--preset--spacing--30);margin-bottom:var(--wp--preset--spacing--30)\"><img loading=\"lazy\" decoding=\"async\" width=\"665\" height=\"1024\" src=\"https:\/\/adventture-greece.com\/wp-content\/uploads\/2025\/09\/street-2-665x1024.jpg\" alt=\"\" class=\"wp-image-2445\" style=\"aspect-ratio:4\/3;object-fit:cover;width:500px\" srcset=\"https:\/\/adventture-greece.com\/wp-content\/uploads\/2025\/09\/street-2-665x1024.jpg 665w, https:\/\/adventture-greece.com\/wp-content\/uploads\/2025\/09\/street-2-195x300.jpg 195w, https:\/\/adventture-greece.com\/wp-content\/uploads\/2025\/09\/street-2-768x1183.jpg 768w, https:\/\/adventture-greece.com\/wp-content\/uploads\/2025\/09\/street-2-997x1536.jpg 997w, https:\/\/adventture-greece.com\/wp-content\/uploads\/2025\/09\/street-2-1329x2048.jpg 1329w, https:\/\/adventture-greece.com\/wp-content\/uploads\/2025\/09\/street-2-scaled.jpg 1662w\" sizes=\"auto, (max-width: 665px) 100vw, 665px\" \/><\/figure>\n<\/div>\n\n\n\n<div class=\"wp-block-column is-layout-flow wp-block-column-is-layout-flow\">\n<hr class=\"wp-block-separator has-alpha-channel-opacity\" style=\"margin-top:var(--wp--preset--spacing--30);margin-bottom:var(--wp--preset--spacing--30)\"\/>\n\n\n\n<h2 class=\"wp-block-heading has-contrast-color has-text-color has-link-color wp-elements-31fe6dd68db4c43b3dfc0c8bed6074d5\">D\u00e9couvrir la vie locale et la gastronomie ?<\/h2>\n\n\n\n<hr class=\"wp-block-separator has-text-color has-contrast-color has-alpha-channel-opacity has-contrast-background-color has-background\" style=\"margin-top:var(--wp--preset--spacing--20);margin-bottom:var(--wp--preset--spacing--20)\"\/>\n\n\n\n<p class=\"has-contrast-color has-text-color has-link-color wp-elements-bbb54664869010158cd29d1a129dce07\">Au-del\u00e0 des monuments, une culture contemporaine dynamique vous attend. Nous vous encourageons \u00e0 vous immerger dans le rythme quotidien de la vie urbaine grecque. Promenez-vous dans les rues anim\u00e9es de Plaka ou Monastiraki \u00e0 Ath\u00e8nes, ou dans les march\u00e9s anim\u00e9s et les promenades en bord de mer de Thessalonique, o\u00f9 vous pourrez d\u00e9guster une cuisine de rue authentique et trouver des objets d&#8217;artisanat locaux uniques.<\/p>\n<\/div>\n<\/div>\n<\/div>\n\n\n\n<div class=\"wp-block-group has-global-padding is-layout-constrained wp-container-core-group-is-layout-4f9f0532 wp-block-group-is-layout-constrained\">\n<div class=\"wp-block-columns is-layout-flex wp-container-core-columns-is-layout-28f84493 wp-block-columns-is-layout-flex\">\n<div class=\"wp-block-column is-layout-flow wp-block-column-is-layout-flow\">\n<p class=\"has-contrast-color has-text-color has-link-color wp-elements-33010cf5294ddd6e7352d0af5d91a0a3\">Vous pouvez \u00e9galement vous plonger dans la mosa\u00efque culturelle unique du continent en explorant les villages traditionnels en pierre de Zagorochoria, du Parnasse, du P\u00e9lion et bien d&#8217;autres encore, o\u00f9 perdurent des coutumes ancestrales et une gastronomie locale unique. D\u00e9couvrez la c\u00e9l\u00e8bre hospitalit\u00e9 grecque dans une taverne traditionnelle, en partageant un repas, du vin local et des conversations anim\u00e9es avec les habitants. Ces exp\u00e9riences vous permettront de vous connecter v\u00e9ritablement au c\u0153ur et \u00e0 l&#8217;\u00e2me de la Gr\u00e8ce, en c\u00e9l\u00e9brant une culture contemporaine vivante, \u00e0 la fois accueillante et inoubliable.<\/p>\n<\/div>\n\n\n\n<div class=\"wp-block-column is-layout-flow wp-block-column-is-layout-flow\" style=\"flex-basis:30%\">\n<figure class=\"wp-block-image size-large is-resized is-style-rounded\" style=\"margin-top:-40px;margin-bottom:-40px\"><img loading=\"lazy\" decoding=\"async\" width=\"1024\" height=\"683\" src=\"https:\/\/adventture-greece.com\/wp-content\/uploads\/2025\/09\/village-1024x683.jpg\" alt=\"\" class=\"wp-image-2471\" style=\"aspect-ratio:4\/3;object-fit:cover;width:500px\" srcset=\"https:\/\/adventture-greece.com\/wp-content\/uploads\/2025\/09\/village-1024x683.jpg 1024w, https:\/\/adventture-greece.com\/wp-content\/uploads\/2025\/09\/village-300x200.jpg 300w, https:\/\/adventture-greece.com\/wp-content\/uploads\/2025\/09\/village-768x512.jpg 768w, https:\/\/adventture-greece.com\/wp-content\/uploads\/2025\/09\/village-1536x1024.jpg 1536w, https:\/\/adventture-greece.com\/wp-content\/uploads\/2025\/09\/village-2048x1365.jpg 2048w\" sizes=\"auto, (max-width: 1024px) 100vw, 1024px\" \/><\/figure>\n\n\n\n<hr class=\"wp-block-separator has-alpha-channel-opacity\"\/>\n<\/div>\n<\/div>\n<\/div>\n\n\n\n<hr class=\"wp-block-separator has-alpha-channel-opacity\"\/>\n\n\n\n<div class=\"wp-block-group has-global-padding is-layout-constrained wp-container-core-group-is-layout-4f9f0532 wp-block-group-is-layout-constrained\">\n<hr class=\"wp-block-separator has-alpha-channel-opacity\"\/>\n\n\n\n<div class=\"wp-block-columns is-layout-flex wp-container-core-columns-is-layout-28f84493 wp-block-columns-is-layout-flex\">\n<div class=\"wp-block-column is-layout-flow wp-block-column-is-layout-flow\" style=\"flex-basis:30%\">\n<figure class=\"wp-block-image size-large is-style-rounded\" style=\"margin-top:var(--wp--preset--spacing--30);margin-bottom:var(--wp--preset--spacing--30)\"><img loading=\"lazy\" decoding=\"async\" width=\"1024\" height=\"767\" src=\"https:\/\/adventture-greece.com\/wp-content\/uploads\/2025\/09\/culture6-1024x767.jpg\" alt=\"\" class=\"wp-image-1408\" srcset=\"https:\/\/adventture-greece.com\/wp-content\/uploads\/2025\/09\/culture6-1024x767.jpg 1024w, https:\/\/adventture-greece.com\/wp-content\/uploads\/2025\/09\/culture6-300x225.jpg 300w, https:\/\/adventture-greece.com\/wp-content\/uploads\/2025\/09\/culture6-768x576.jpg 768w, https:\/\/adventture-greece.com\/wp-content\/uploads\/2025\/09\/culture6-1536x1151.jpg 1536w, https:\/\/adventture-greece.com\/wp-content\/uploads\/2025\/09\/culture6-2048x1535.jpg 2048w\" sizes=\"auto, (max-width: 1024px) 100vw, 1024px\" \/><\/figure>\n<\/div>\n\n\n\n<div class=\"wp-block-column is-layout-flow wp-block-column-is-layout-flow\">\n<hr class=\"wp-block-separator has-alpha-channel-opacity\"\/>\n\n\n\n<h2 class=\"wp-block-heading has-contrast-color has-text-color has-link-color wp-elements-171eec56d88c998e76726eb51cdb79b5\">Conseils d&#8217;experts et planification sans faille<\/h2>\n\n\n\n<hr class=\"wp-block-separator has-text-color has-contrast-color has-alpha-channel-opacity has-contrast-background-color has-background\" style=\"margin-top:var(--wp--preset--spacing--20);margin-bottom:var(--wp--preset--spacing--20)\"\/>\n\n\n\n<p class=\"has-contrast-color has-text-color has-link-color wp-elements-5eb0f855c08ed0a9c009795665d4f870\">Pour que votre voyage culturel se d\u00e9roule sans stress, nous vous offrons un accompagnement d\u00e9di\u00e9 du d\u00e9but \u00e0 la fin. Nos services comprennent la cr\u00e9ation de circuits p\u00e9destres personnalis\u00e9s en fonction de vos int\u00e9r\u00eats, l&#8217;organisation de transports priv\u00e9s dans les centres-villes et la recherche d&#8217;un h\u00e9bergement confortable pour votre s\u00e9jour. Qu&#8217;il s&#8217;agisse d&#8217;un charmant h\u00f4tel-boutique, d&#8217;une villa en bord de mer ou d&#8217;un appartement confortable, nous nous occupons de la logistique afin que vous puissiez vous immerger pleinement dans l&#8217;histoire et la culture qui vous entourent. Vous pouvez ainsi d\u00e9couvrir le meilleur des villes et villages grecs \u00e0 votre rythme, sans vous soucier de quoi que ce soit.<\/p>\n<\/div>\n<\/div>\n<\/div>\n\n\n<div class=\"wp-block-group has-global-padding is-content-justification-center is-layout-constrained wp-block-group-is-layout-constrained\">\n<div class=\"wp-block-group has-background is-content-justification-center is-layout-flex wp-container-core-group-is-layout-acf4123b wp-block-group-is-layout-flex\" style=\"border-radius:15px;background-color:#0b112405;padding-top:var(--wp--preset--spacing--20);padding-right:var(--wp--preset--spacing--20);padding-bottom:0;padding-left:var(--wp--preset--spacing--20);font-style:normal;font-weight:500\">\n<p class=\"has-contrast-color has-text-color has-link-color wp-elements-400be769280be3fc29edf0e105fe5591\" style=\"margin-top:0;margin-right:0;margin-bottom:0;margin-left:0;padding-top:0;padding-right:0;padding-bottom:0;padding-left:0;font-style:normal;font-weight:600\">D\u00e9couvrez les services suppl\u00e9mentaires que nous proposons<\/p>\n\n\n\n<div class=\"wp-block-buttons is-content-justification-center is-layout-flex wp-container-core-buttons-is-layout-5ecdc608 wp-block-buttons-is-layout-flex\" style=\"margin-top:var(--wp--preset--spacing--30);margin-bottom:var(--wp--preset--spacing--30);padding-top:0;padding-right:0;padding-bottom:0;padding-left:0\">\n<div class=\"wp-block-button\"><a class=\"wp-block-button__link has-background wp-element-button\" href=\"https:\/\/adventture-greece.com\/fr\/extra\/\" style=\"border-radius:100px;background-color:#0b1124;padding-top:var(--wp--preset--spacing--20);padding-right:var(--wp--preset--spacing--60);padding-bottom:var(--wp--preset--spacing--20);padding-left:var(--wp--preset--spacing--60)\">Extras<\/a><\/div>\n<\/div>\n<\/div>\n<\/div>\n\n<div class=\"wp-block-group has-global-padding is-layout-constrained wp-container-core-group-is-layout-4f9f0532 wp-block-group-is-layout-constrained\">\n<div class=\"wp-block-group has-background is-vertical is-content-justification-center is-layout-flex wp-container-core-group-is-layout-0fd9515a wp-block-group-is-layout-flex\" style=\"border-radius:15px;background-color:#0b112405;margin-top:0;margin-bottom:0;padding-top:var(--wp--preset--spacing--30);padding-right:var(--wp--preset--spacing--20);padding-bottom:var(--wp--preset--spacing--30);padding-left:var(--wp--preset--spacing--20)\">\n<p class=\"has-contrast-color has-text-color has-link-color wp-elements-558e0059f7495d90936030871750ae12\" style=\"padding-top:0;padding-right:0;padding-bottom:0;padding-left:0;font-style:normal;font-weight:600\">Vous y r\u00e9fl\u00e9chissez ou vous avez des questions ? Remplissez le formulaire de demande et nous vous contacterons pour vous fournir toutes les informations dont vous pourriez avoir besoin !<\/p>\n\n\n\n<div class=\"wp-block-buttons is-content-justification-center is-layout-flex wp-container-core-buttons-is-layout-80259c74 wp-block-buttons-is-layout-flex\" style=\"margin-top:var(--wp--preset--spacing--20);margin-bottom:var(--wp--preset--spacing--20);padding-top:0;padding-right:0;padding-bottom:0;padding-left:0\">\n<div class=\"wp-block-button\"><a class=\"wp-block-button__link has-background wp-element-button\" href=\"https:\/\/adventture-greece.com\/fr\/reservation\/\" style=\"background-color:#0b1124;padding-top:var(--wp--preset--spacing--20);padding-right:45px;padding-bottom:var(--wp--preset--spacing--20);padding-left:45px\">Formulaire de demande<\/a><\/div>\n<\/div>\n<\/div>\n<\/div>","protected":false},"excerpt":{"rendered":"<p>D\u00e9couvrez le c\u0153ur de la vie urbaine grecque ? Les grandes villes et les villes historiques de Gr\u00e8ce sont des centres culturels dynamiques, alliant un pass\u00e9 riche et complexe \u00e0 un esprit moderne florissant. Nos circuits sont con\u00e7us pour vous plonger au c\u0153ur m\u00eame des m\u00e9tropoles grecques. Marchez sur les traces des po\u00e8tes, des artistes [&hellip;]<\/p>\n","protected":false},"author":2,"featured_media":0,"parent":0,"menu_order":0,"comment_status":"closed","ping_status":"closed","template":"","meta":{"_glsr_average":0,"_glsr_ranking":0,"_glsr_reviews":0,"footnotes":""},"class_list":["post-319","page","type-page","status-publish","hentry"],"_links":{"self":[{"href":"https:\/\/adventture-greece.com\/fr\/wp-json\/wp\/v2\/pages\/319","targetHints":{"allow":["GET"]}}],"collection":[{"href":"https:\/\/adventture-greece.com\/fr\/wp-json\/wp\/v2\/pages"}],"about":[{"href":"https:\/\/adventture-greece.com\/fr\/wp-json\/wp\/v2\/types\/page"}],"author":[{"embeddable":true,"href":"https:\/\/adventture-greece.com\/fr\/wp-json\/wp\/v2\/users\/2"}],"replies":[{"embeddable":true,"href":"https:\/\/adventture-greece.com\/fr\/wp-json\/wp\/v2\/comments?post=319"}],"version-history":[{"count":8,"href":"https:\/\/adventture-greece.com\/fr\/wp-json\/wp\/v2\/pages\/319\/revisions"}],"predecessor-version":[{"id":3760,"href":"https:\/\/adventture-greece.com\/fr\/wp-json\/wp\/v2\/pages\/319\/revisions\/3760"}],"wp:attachment":[{"href":"https:\/\/adventture-greece.com\/fr\/wp-json\/wp\/v2\/media?parent=319"}],"curies":[{"name":"wp","href":"https:\/\/api.w.org\/{rel}","templated":true}]}}