{"id":311,"date":"2025-09-16T07:44:27","date_gmt":"2025-09-16T07:44:27","guid":{"rendered":"https:\/\/adventture-greece.com\/?page_id=311"},"modified":"2025-12-02T20:24:07","modified_gmt":"2025-12-02T20:24:07","slug":"sea-exploration","status":"publish","type":"page","link":"https:\/\/adventture-greece.com\/fr\/sea-exploration\/","title":{"rendered":"SEA EXPLORATION"},"content":{"rendered":"\n<hr class=\"wp-block-separator has-alpha-channel-opacity\" style=\"margin-top:var(--wp--preset--spacing--30);margin-bottom:var(--wp--preset--spacing--30)\"\/>\n\n\n\n<div class=\"wp-block-group has-global-padding is-layout-constrained wp-container-core-group-is-layout-4f9f0532 wp-block-group-is-layout-constrained\">\n<div class=\"wp-block-columns is-layout-flex wp-container-core-columns-is-layout-28f84493 wp-block-columns-is-layout-flex\">\n<div class=\"wp-block-column is-layout-flow wp-block-column-is-layout-flow\" style=\"flex-basis:30%\">\n<figure class=\"wp-block-image size-large is-style-rounded\"><img loading=\"lazy\" decoding=\"async\" width=\"1024\" height=\"681\" src=\"https:\/\/adventture-greece.com\/wp-content\/uploads\/2025\/09\/sea-boat-1024x681.jpg\" alt=\"\" class=\"wp-image-1285\" srcset=\"https:\/\/adventture-greece.com\/wp-content\/uploads\/2025\/09\/sea-boat-1024x681.jpg 1024w, https:\/\/adventture-greece.com\/wp-content\/uploads\/2025\/09\/sea-boat-300x200.jpg 300w, https:\/\/adventture-greece.com\/wp-content\/uploads\/2025\/09\/sea-boat-768x511.jpg 768w, https:\/\/adventture-greece.com\/wp-content\/uploads\/2025\/09\/sea-boat-1536x1022.jpg 1536w, https:\/\/adventture-greece.com\/wp-content\/uploads\/2025\/09\/sea-boat-2048x1363.jpg 2048w\" sizes=\"auto, (max-width: 1024px) 100vw, 1024px\" \/><\/figure>\n<\/div>\n\n\n\n<div class=\"wp-block-column is-layout-flow wp-block-column-is-layout-flow\">\n<hr class=\"wp-block-separator has-alpha-channel-opacity\" style=\"margin-top:var(--wp--preset--spacing--30);margin-bottom:var(--wp--preset--spacing--30)\"\/>\n\n\n\n<h2 class=\"wp-block-heading has-contrast-color has-text-color has-link-color wp-elements-c03e4023388719d87c96de71991daeca\">Location de bateaux et visites guid\u00e9es<\/h2>\n\n\n\n<p><\/p>\n\n\n\n<hr class=\"wp-block-separator has-text-color has-contrast-color has-alpha-channel-opacity has-contrast-background-color has-background\" style=\"margin-top:0;margin-bottom:0\"\/>\n\n\n\n<p class=\"has-contrast-color has-text-color has-link-color wp-elements-36142f9c2881d0664a33f143c6974cd9\">Vous souhaitez explorer la mer ? Nous proposons des bateaux de location pour des excursions de plusieurs jours, que vous pouvez louer avec ou sans skipper professionnel. Pour que votre aventure se d\u00e9roule sans souci, nous fournissons tout l&#8217;\u00e9quipement n\u00e9cessaire, y compris des combinaisons, des palmes, des \u00e9quipements de s\u00e9curit\u00e9 et des \u00e9quipements sportifs sp\u00e9cialis\u00e9s. Nous proposons \u00e9galement des excursions priv\u00e9es en bateau \u00e0 la journ\u00e9e. Nos guides exp\u00e9riment\u00e9s sont \u00e0 votre disposition pour vous emmener vers les meilleurs sites et vous faire profiter de leur connaissance de la r\u00e9gion afin de rendre votre aventure en mer vraiment exceptionnelle et adapt\u00e9e \u00e0 tous vos besoins.<\/p>\n<\/div>\n<\/div>\n<\/div>\n\n\n\n<div class=\"wp-block-group has-global-padding is-layout-constrained wp-container-core-group-is-layout-4f9f0532 wp-block-group-is-layout-constrained\">\n<div class=\"wp-block-columns is-layout-flex wp-container-core-columns-is-layout-28f84493 wp-block-columns-is-layout-flex\">\n<div class=\"wp-block-column is-layout-flow wp-block-column-is-layout-flow\">\n<hr class=\"wp-block-separator has-alpha-channel-opacity\" style=\"margin-top:var(--wp--preset--spacing--30);margin-bottom:var(--wp--preset--spacing--30)\"\/>\n\n\n\n<h2 class=\"wp-block-heading has-contrast-color has-text-color has-link-color wp-elements-25c657ec1564c36b655f685954e1f739\">Plongez dans l&#8217;aventure<\/h2>\n\n\n\n<hr class=\"wp-block-separator has-text-color has-contrast-color has-alpha-channel-opacity has-contrast-background-color has-background\" style=\"margin-top:0;margin-bottom:0\"\/>\n\n\n\n<p class=\"has-contrast-color has-text-color has-link-color wp-elements-e4548659bd94950adb11de105122c3b5\">Les eaux cristallines de la Gr\u00e8ce sont id\u00e9ales pour ceux qui souhaitent explorer les fonds marins. Nos guides vous emm\u00e8neront vers les meilleurs spots de plong\u00e9e sous-marine et de snorkeling, o\u00f9 vous d\u00e9couvrirez une vie marine foisonnante, des ruines antiques et des grottes sous-marines spectaculaires. Que vous soyez un plongeur exp\u00e9riment\u00e9 ou d\u00e9butant, nous vous aiderons \u00e0 trouver une exp\u00e9rience sous-marine sur mesure, \u00e0 la fois s\u00fbre et inoubliable.<\/p>\n<\/div>\n\n\n\n<div class=\"wp-block-column is-layout-flow wp-block-column-is-layout-flow\" style=\"flex-basis:30%\">\n<figure class=\"wp-block-image size-large is-style-rounded\" style=\"margin-top:var(--wp--preset--spacing--40);margin-bottom:var(--wp--preset--spacing--40)\"><img loading=\"lazy\" decoding=\"async\" width=\"1024\" height=\"682\" src=\"https:\/\/adventture-greece.com\/wp-content\/uploads\/2025\/09\/windsurf-1024x682.jpg\" alt=\"\" class=\"wp-image-2340\" srcset=\"https:\/\/adventture-greece.com\/wp-content\/uploads\/2025\/09\/windsurf-1024x682.jpg 1024w, https:\/\/adventture-greece.com\/wp-content\/uploads\/2025\/09\/windsurf-300x200.jpg 300w, https:\/\/adventture-greece.com\/wp-content\/uploads\/2025\/09\/windsurf-768x511.jpg 768w, https:\/\/adventture-greece.com\/wp-content\/uploads\/2025\/09\/windsurf-1536x1023.jpg 1536w, https:\/\/adventture-greece.com\/wp-content\/uploads\/2025\/09\/windsurf-2048x1364.jpg 2048w\" sizes=\"auto, (max-width: 1024px) 100vw, 1024px\" \/><\/figure>\n<\/div>\n<\/div>\n\n\n\n<hr class=\"wp-block-separator has-alpha-channel-opacity\" style=\"margin-top:var(--wp--preset--spacing--30);margin-bottom:var(--wp--preset--spacing--30)\"\/>\n<\/div>\n\n\n\n<div class=\"wp-block-group has-global-padding is-layout-constrained wp-container-core-group-is-layout-12a33306 wp-block-group-is-layout-constrained\" style=\"margin-bottom:var(--wp--preset--spacing--50)\">\n<details class=\"wp-block-details has-contrast-color has-text-color has-link-color wp-elements-d7106bc42aa32c0870e9b23e632768f8 is-layout-flow wp-block-details-is-layout-flow\" style=\"font-style:normal;font-weight:600\"><summary>LIRE LA SUITE<\/summary>\n<div class=\"wp-block-group has-global-padding is-layout-constrained wp-container-core-group-is-layout-4f9f0532 wp-block-group-is-layout-constrained\">\n<div class=\"wp-block-columns is-layout-flex wp-container-core-columns-is-layout-28f84493 wp-block-columns-is-layout-flex\">\n<div class=\"wp-block-column is-layout-flow wp-block-column-is-layout-flow\">\n<h2 class=\"wp-block-heading has-contrast-color has-text-color has-link-color wp-elements-b3ca523db5f49ce3caaa0cff626be344\">Commodit\u00e9s suppl\u00e9mentaires<\/h2>\n\n\n\n<hr class=\"wp-block-separator has-text-color has-contrast-color has-alpha-channel-opacity has-contrast-background-color has-background\" style=\"margin-top:0;margin-bottom:0\"\/>\n\n\n\n<ul class=\"wp-block-list has-contrast-color has-text-color has-link-color wp-elements-a8f96385237580fa1149eb778ac9569a\">\n<li>Windsurfing<\/li>\n\n\n\n<li>Kite Surfing<\/li>\n\n\n\n<li>Sup<\/li>\n\n\n\n<li>Canoe<\/li>\n<\/ul>\n<\/div>\n<\/div>\n<\/div>\n<\/details>\n<\/div>\n\n\n\n<div class=\"wp-block-group has-global-padding is-layout-constrained wp-block-group-is-layout-constrained\" style=\"margin-bottom:var(--wp--preset--spacing--60)\">\n<div class=\"wp-block-group has-global-padding is-layout-constrained wp-block-group-is-layout-constrained\" style=\"margin-bottom:var(--wp--preset--spacing--30)\">\n<div class=\"wp-block-group is-content-justification-center is-nowrap is-layout-flex wp-container-core-group-is-layout-23441af8 wp-block-group-is-layout-flex\">\n<p class=\"has-contrast-color has-text-color has-link-color has-x-large-font-size wp-elements-75aade5e7f91bdc8a694f384d94bbda3\" style=\"font-style:normal;font-weight:600\">Notre flotte<\/p>\n<\/div>\n\n\n\n<hr class=\"wp-block-separator has-text-color has-contrast-color has-alpha-channel-opacity has-contrast-background-color has-background\" style=\"margin-top:0;margin-bottom:0\"\/>\n<\/div>\n\n\n\n<div class=\"custom-carousel\" style=\"margin-bottom:20px;\">\n  <div class=\"carousel-track\">\n    <div class=\"carousel-slide\">\n      <img decoding=\"async\" src=\"https:\/\/adventture-greece.com\/wp-content\/uploads\/2025\/10\/alice2-e1759766342727.jpg\" alt=\"Slide 1\">\n      <div class=\"carousel-captionwoutbackground\">\n        <h2>Catamarn Alice<\/h2>\n        <p>Longueur: 13.99m (45ft) ,  Nombre maximal de visiteurs: 8 ,Lits: 4 Cabines doubles.<\/p>\n      <\/div>\n    <\/div>\n    <div class=\"carousel-slide\">\n      <img decoding=\"async\" src=\"https:\/\/adventture-greece.com\/wp-content\/uploads\/2025\/10\/alice1-e1759766401470.jpg\" alt=\"Slide 2\">\n      <div class=\"carousel-captionwoutbackground\">\n        <h2>Catamarn Alice Outer<\/h2>\n        <p><p>\n      <\/div>\n    <\/div>\n    <div class=\"carousel-slide\">\n      <img decoding=\"async\" src=\"https:\/\/adventture-greece.com\/wp-content\/uploads\/2025\/10\/alice3.jpg\" alt=\"Slide 2\">\n      <div class=\"carousel-captionwoutbackground\">\n        <h2>Catamarn Alice Outer<\/h2>\n        <p><p>\n      <\/div>\n    <\/div>\n <div class=\"carousel-slide\">\n      <img decoding=\"async\" src=\"https:\/\/adventture-greece.com\/wp-content\/uploads\/2025\/10\/aliceinner1-e1759766627907.jpg\" alt=\"Slide 2\">\n      <div class=\"carousel-captionwoutbackground\">\n        <h2>Catamarn Alice Inner<\/h2>\n        <p><p>\n      <\/div>\n    <\/div>\n  \n<div class=\"carousel-slide\">\n      <img decoding=\"async\" src=\"https:\/\/adventture-greece.com\/wp-content\/uploads\/2025\/10\/aliceinner2-e1759766651701.jpg\" alt=\"Slide 3\">\n      <div class=\"carousel-captionwoutbackground\">\n        <h2>Catamarn Alice Inner<\/h2>\n        <p><p>\n      <\/div>\n    <\/div>\n<div class=\"carousel-slide\">\n      <img decoding=\"async\" src=\"https:\/\/adventture-greece.com\/wp-content\/uploads\/2025\/10\/aliceinner3-e1759766666312.jpg\" alt=\"Slide 4\">\n      <div class=\"carousel-captionwoutbackground\">\n        <h2>Catamarn Alice Inner<\/h2>\n        <p><p>\n      <\/div>\n    <\/div>\n <\/div>\n  <button class=\"carousel-btn prev\">\u276e<\/button>\n  <button class=\"carousel-btn next\">\u276f<\/button>\n \n<\/div>\n<\/div>\n\n\n\n<div class=\"wp-block-group has-global-padding is-layout-constrained wp-block-group-is-layout-constrained\" style=\"margin-bottom:var(--wp--preset--spacing--60)\">\n<div class=\"custom-carousel\" style=\"margin-bottom:20px;\">\n  <div class=\"carousel-track\">\n    <div class=\"carousel-slide\">\n      <img decoding=\"async\" src=\"https:\/\/adventture-greece.com\/wp-content\/uploads\/2025\/10\/elvira1outer.jpg\" alt=\"Slide 1\">\n      <div class=\"carousel-captionwoutbackground\">\n        <h2>Catamarn Elvira<\/h2>\n        <p>Longueur: 15.85 (52ft) , Nombre maximal de visiteurs: 10 ,Lits: 5 Cabines doubles.<\/p>\n      <\/div>\n    <\/div>\n    <div class=\"carousel-slide\">\n      <img decoding=\"async\" src=\"https:\/\/adventture-greece.com\/wp-content\/uploads\/2025\/10\/elviraouter3.jpg\" alt=\"Slide 2\">\n      <div class=\"carousel-captionwoutbackground\">\n        <h2>Catamarn Elvira Outer<\/h2>\n        <p><p>\n      <\/div>\n    <\/div>\n    <div class=\"carousel-slide\">\n      <img decoding=\"async\" src=\"https:\/\/adventture-greece.com\/wp-content\/uploads\/2025\/10\/elviraouter2.jpg\" alt=\"Slide 2\">\n      <div class=\"carousel-captionwoutbackground\">\n        <h2>Catamarn Elvira Outer<\/h2>\n        <p><p>\n      <\/div>\n    <\/div>\n <div class=\"carousel-slide\">\n      <img decoding=\"async\" src=\"https:\/\/adventture-greece.com\/wp-content\/uploads\/2025\/10\/elvirainside1.jpg\" alt=\"Slide 2\">\n      <div class=\"carousel-captionwoutbackground\">\n        <h2>Catamarn Elvira Inner<\/h2>\n        <p><p>\n      <\/div>\n    <\/div>\n  \n<div class=\"carousel-slide\">\n      <img decoding=\"async\" src=\"https:\/\/adventture-greece.com\/wp-content\/uploads\/2025\/10\/elvirainside2.jpg\" alt=\"Slide 3\">\n      <div class=\"carousel-captionwoutbackground\">\n        <h2>Catamarn Elvira Inner<\/h2>\n        <p><p>\n      <\/div>\n    <\/div>\n<div class=\"carousel-slide\">\n      <img decoding=\"async\" src=\"https:\/\/adventture-greece.com\/wp-content\/uploads\/2025\/10\/elvirainside3.jpg\" alt=\"Slide 4\">\n      <div class=\"carousel-captionwoutbackground\">\n        <h2>Catamarn Elvira Inner<\/h2>\n        <p><p>\n      <\/div>\n    <\/div>\n <\/div>\n  <button class=\"carousel-btn prev\">\u276e<\/button>\n  <button class=\"carousel-btn next\">\u276f<\/button>\n \n<\/div>\n<\/div>\n\n\n\n<div class=\"wp-block-group has-global-padding is-layout-constrained wp-block-group-is-layout-constrained\" style=\"margin-bottom:var(--wp--preset--spacing--60)\">\n<div class=\"custom-carousel\" style=\"margin-bottom:20px;\">\n  <div class=\"carousel-track\">\n    <div class=\"carousel-slide\">\n      <img decoding=\"async\" src=\"https:\/\/adventture-greece.com\/wp-content\/uploads\/2025\/10\/pexels-lazarkrstic-12909552-scaled.jpg\" alt=\"Slide 1\">\n      <div class=\"carousel-captionwoutbackground\">\n        <h2>Sail Boat 3<\/h2>\n        <p><\/p>\n      <\/div>\n    <\/div>\n \n  <button class=\"carousel-btn prev\">\u276e<\/button>\n  <button class=\"carousel-btn next\">\u276f<\/button>\n \n<\/div>\n\n<\/div>\n<\/div>\n\n\n\n<div class=\"wp-block-group has-global-padding is-layout-constrained wp-block-group-is-layout-constrained\" style=\"margin-bottom:var(--wp--preset--spacing--60)\">\n<div class=\"custom-carousel\" style=\"margin-bottom:20px;\">\n  <div class=\"carousel-track\">\n    <div class=\"carousel-slide\">\n      <img decoding=\"async\" src=\"https:\/\/adventture-greece.com\/wp-content\/uploads\/2025\/10\/pexels-vome-12965854-scaled.jpg\" alt=\"Slide 1\">\n      <div class=\"carousel-captionwoutbackground\">\n        <h2>Sail Boat 4<\/h2>\n        <p><\/p>\n      <\/div>\n    <\/div>\n \n  <button class=\"carousel-btn prev\">\u276e<\/button>\n  <button class=\"carousel-btn next\">\u276f<\/button>\n \n<\/div>\n\n<\/div>\n<\/div>\n\n\n<div class=\"wp-block-group has-global-padding is-content-justification-center is-layout-constrained wp-block-group-is-layout-constrained\">\n<div class=\"wp-block-group has-background is-content-justification-center is-layout-flex wp-container-core-group-is-layout-acf4123b wp-block-group-is-layout-flex\" style=\"border-radius:15px;background-color:#0b112405;padding-top:var(--wp--preset--spacing--20);padding-right:var(--wp--preset--spacing--20);padding-bottom:0;padding-left:var(--wp--preset--spacing--20);font-style:normal;font-weight:500\">\n<p class=\"has-contrast-color has-text-color has-link-color wp-elements-400be769280be3fc29edf0e105fe5591\" style=\"margin-top:0;margin-right:0;margin-bottom:0;margin-left:0;padding-top:0;padding-right:0;padding-bottom:0;padding-left:0;font-style:normal;font-weight:600\">D\u00e9couvrez les services suppl\u00e9mentaires que nous proposons<\/p>\n\n\n\n<div class=\"wp-block-buttons is-content-justification-center is-layout-flex wp-container-core-buttons-is-layout-5ecdc608 wp-block-buttons-is-layout-flex\" style=\"margin-top:var(--wp--preset--spacing--30);margin-bottom:var(--wp--preset--spacing--30);padding-top:0;padding-right:0;padding-bottom:0;padding-left:0\">\n<div class=\"wp-block-button\"><a class=\"wp-block-button__link has-background wp-element-button\" href=\"https:\/\/adventture-greece.com\/fr\/extra\/\" style=\"border-radius:100px;background-color:#0b1124;padding-top:var(--wp--preset--spacing--20);padding-right:var(--wp--preset--spacing--60);padding-bottom:var(--wp--preset--spacing--20);padding-left:var(--wp--preset--spacing--60)\">Extras<\/a><\/div>\n<\/div>\n<\/div>\n<\/div>\n\n<div class=\"wp-block-group has-global-padding is-layout-constrained wp-container-core-group-is-layout-4f9f0532 wp-block-group-is-layout-constrained\">\n<div class=\"wp-block-group has-background is-vertical is-content-justification-center is-layout-flex wp-container-core-group-is-layout-0fd9515a wp-block-group-is-layout-flex\" style=\"border-radius:15px;background-color:#0b112405;margin-top:0;margin-bottom:0;padding-top:var(--wp--preset--spacing--30);padding-right:var(--wp--preset--spacing--20);padding-bottom:var(--wp--preset--spacing--30);padding-left:var(--wp--preset--spacing--20)\">\n<p class=\"has-contrast-color has-text-color has-link-color wp-elements-558e0059f7495d90936030871750ae12\" style=\"padding-top:0;padding-right:0;padding-bottom:0;padding-left:0;font-style:normal;font-weight:600\">Vous y r\u00e9fl\u00e9chissez ou vous avez des questions ? Remplissez le formulaire de demande et nous vous contacterons pour vous fournir toutes les informations dont vous pourriez avoir besoin !<\/p>\n\n\n\n<div class=\"wp-block-buttons is-content-justification-center is-layout-flex wp-container-core-buttons-is-layout-80259c74 wp-block-buttons-is-layout-flex\" style=\"margin-top:var(--wp--preset--spacing--20);margin-bottom:var(--wp--preset--spacing--20);padding-top:0;padding-right:0;padding-bottom:0;padding-left:0\">\n<div class=\"wp-block-button\"><a class=\"wp-block-button__link has-background wp-element-button\" href=\"https:\/\/adventture-greece.com\/fr\/reservation\/\" style=\"background-color:#0b1124;padding-top:var(--wp--preset--spacing--20);padding-right:45px;padding-bottom:var(--wp--preset--spacing--20);padding-left:45px\">Formulaire de demande<\/a><\/div>\n<\/div>\n<\/div>\n<\/div>","protected":false},"excerpt":{"rendered":"<p>Location de bateaux et visites guid\u00e9es Vous souhaitez explorer la mer ? Nous proposons des bateaux de location pour des excursions de plusieurs jours, que vous pouvez louer avec ou sans skipper professionnel. Pour que votre aventure se d\u00e9roule sans souci, nous fournissons tout l&#8217;\u00e9quipement n\u00e9cessaire, y compris des combinaisons, des palmes, des \u00e9quipements de [&hellip;]<\/p>\n","protected":false},"author":2,"featured_media":0,"parent":0,"menu_order":0,"comment_status":"closed","ping_status":"closed","template":"","meta":{"_glsr_average":0,"_glsr_ranking":0,"_glsr_reviews":0,"footnotes":""},"class_list":["post-311","page","type-page","status-publish","hentry"],"_links":{"self":[{"href":"https:\/\/adventture-greece.com\/fr\/wp-json\/wp\/v2\/pages\/311","targetHints":{"allow":["GET"]}}],"collection":[{"href":"https:\/\/adventture-greece.com\/fr\/wp-json\/wp\/v2\/pages"}],"about":[{"href":"https:\/\/adventture-greece.com\/fr\/wp-json\/wp\/v2\/types\/page"}],"author":[{"embeddable":true,"href":"https:\/\/adventture-greece.com\/fr\/wp-json\/wp\/v2\/users\/2"}],"replies":[{"embeddable":true,"href":"https:\/\/adventture-greece.com\/fr\/wp-json\/wp\/v2\/comments?post=311"}],"version-history":[{"count":10,"href":"https:\/\/adventture-greece.com\/fr\/wp-json\/wp\/v2\/pages\/311\/revisions"}],"predecessor-version":[{"id":3812,"href":"https:\/\/adventture-greece.com\/fr\/wp-json\/wp\/v2\/pages\/311\/revisions\/3812"}],"wp:attachment":[{"href":"https:\/\/adventture-greece.com\/fr\/wp-json\/wp\/v2\/media?parent=311"}],"curies":[{"name":"wp","href":"https:\/\/api.w.org\/{rel}","templated":true}]}}