{"id":309,"date":"2025-09-16T07:44:07","date_gmt":"2025-09-16T07:44:07","guid":{"rendered":"https:\/\/adventture-greece.com\/?page_id=309"},"modified":"2025-11-18T16:09:24","modified_gmt":"2025-11-18T16:09:24","slug":"mountains-and-nature","status":"publish","type":"page","link":"https:\/\/adventture-greece.com\/fr\/mountains-and-nature\/","title":{"rendered":"MOUNTAINS AND NATURE"},"content":{"rendered":"\n<hr class=\"wp-block-separator has-alpha-channel-opacity\" style=\"margin-top:var(--wp--preset--spacing--30);margin-bottom:var(--wp--preset--spacing--30)\"\/>\n\n\n\n<div class=\"wp-block-group has-global-padding is-layout-constrained wp-container-core-group-is-layout-4f9f0532 wp-block-group-is-layout-constrained\">\n<div class=\"wp-block-columns is-layout-flex wp-container-core-columns-is-layout-28f84493 wp-block-columns-is-layout-flex\">\n<div class=\"wp-block-column is-layout-flow wp-block-column-is-layout-flow\" style=\"flex-basis:450px\">\n<figure class=\"wp-block-image size-large is-style-rounded\" style=\"margin-top:var(--wp--preset--spacing--40);margin-bottom:var(--wp--preset--spacing--40)\"><img loading=\"lazy\" decoding=\"async\" width=\"768\" height=\"1024\" src=\"https:\/\/adventture-greece.com\/wp-content\/uploads\/2025\/09\/mountain-768x1024.jpg\" alt=\"\" class=\"wp-image-1326\" style=\"aspect-ratio:4\/3;object-fit:cover\" srcset=\"https:\/\/adventture-greece.com\/wp-content\/uploads\/2025\/09\/mountain-768x1024.jpg 768w, https:\/\/adventture-greece.com\/wp-content\/uploads\/2025\/09\/mountain-225x300.jpg 225w, https:\/\/adventture-greece.com\/wp-content\/uploads\/2025\/09\/mountain-1152x1536.jpg 1152w, https:\/\/adventture-greece.com\/wp-content\/uploads\/2025\/09\/mountain-1536x2048.jpg 1536w, https:\/\/adventture-greece.com\/wp-content\/uploads\/2025\/09\/mountain-scaled.jpg 1920w\" sizes=\"auto, (max-width: 768px) 100vw, 768px\" \/><\/figure>\n<\/div>\n\n\n\n<div class=\"wp-block-column is-layout-flow wp-block-column-is-layout-flow\">\n<hr class=\"wp-block-separator has-alpha-channel-opacity\" style=\"margin-top:var(--wp--preset--spacing--30);margin-bottom:var(--wp--preset--spacing--30)\"\/>\n\n\n\n<h2 class=\"wp-block-heading has-contrast-color has-text-color has-link-color wp-elements-7748080258e600e46823c0bc43bff3cb\">D\u00e9couvrez des sentiers inexplor\u00e9s ?<\/h2>\n\n\n\n<p><\/p>\n\n\n\n<hr class=\"wp-block-separator has-text-color has-contrast-color has-alpha-channel-opacity has-contrast-background-color has-background\" style=\"margin-top:0;margin-bottom:0\"\/>\n\n\n\n<p class=\"has-contrast-color has-text-color has-link-color wp-elements-fc241d398c9a41e0bc3be4eb9e877eb9\">Le paysage montagneux de la Gr\u00e8ce est un paradis pour ceux qui recherchent la tranquillit\u00e9 et l&#8217;exploration \u00e0 pied. Nos visites guid\u00e9es vous emm\u00e8nent \u00e0 travers un r\u00e9seau d&#8217;anciens sentiers et de chemins pittoresques qui serpentent \u00e0 travers des for\u00eats luxuriantes, des gorges spectaculaires et des collines ensoleill\u00e9es. D\u00e9couvrez la beaut\u00e9 pure des divers \u00e9cosyst\u00e8mes du pays, de la faune et la flore uniques des montagnes du Pinde \u00e0 la beaut\u00e9 sereine et intacte des gorges de Vikos. Que vous soyez un randonneur occasionnel \u00e0 la recherche d&#8217;une promenade paisible l&#8217;apr\u00e8s-midi ou un randonneur chevronn\u00e9 pr\u00eat pour une excursion difficile de plusieurs jours, nous vous aiderons \u00e0 trouver un sentier qui correspond parfaitement \u00e0 votre niveau et \u00e0 votre envie d&#8217;aventure, en veillant \u00e0 ce que chaque pas soit une d\u00e9couverte.<\/p>\n<\/div>\n<\/div>\n<\/div>\n\n\n\n<div class=\"wp-block-group has-global-padding is-layout-constrained wp-container-core-group-is-layout-4f9f0532 wp-block-group-is-layout-constrained\">\n<div class=\"wp-block-columns is-layout-flex wp-container-core-columns-is-layout-28f84493 wp-block-columns-is-layout-flex\">\n<div class=\"wp-block-column is-layout-flow wp-block-column-is-layout-flow\">\n<hr class=\"wp-block-separator has-alpha-channel-opacity\" style=\"margin-top:var(--wp--preset--spacing--30);margin-bottom:var(--wp--preset--spacing--30)\"\/>\n\n\n\n<h2 class=\"wp-block-heading has-contrast-color has-text-color has-link-color wp-elements-e052631cbddc721e038753f63c5d612e\">Pr\u00eat pour une ascension \u00e9pique ?<\/h2>\n\n\n\n<p><\/p>\n\n\n\n<hr class=\"wp-block-separator has-text-color has-contrast-color has-alpha-channel-opacity has-contrast-background-color has-background\" style=\"margin-top:0;margin-bottom:0\"\/>\n\n\n\n<p class=\"has-contrast-color has-text-color has-link-color wp-elements-899122b5870c25cea3502a4e16437afd\">Pour ceux qui recherchent une connexion avec la nature riche en adr\u00e9naline, nos sports de montagne offrent le d\u00e9fi ultime. Escaladez des parois rocheuses abruptes ou lancez-vous dans une exp\u00e9dition d&#8217;alpinisme palpitante pour conqu\u00e9rir les sommets du mont Olympe, du mont Parnasse<\/p>\n\n\n\n<p class=\"has-contrast-color has-text-color has-link-color wp-elements-148a8b97902e495bbe178bf87b846e7b\">et bien d&#8217;autres encore. Nous organisons \u00e9galement des excursions de canyoning exaltantes, au cours desquelles vous pourrez naviguer entre des cascades et des piscines naturelles cristallines dans certains des environnements les plus pr\u00e9serv\u00e9s de Gr\u00e8ce. Ces exp\u00e9riences sont con\u00e7ues pour tester vos limites et vous r\u00e9compenser avec des vues \u00e0 couper le souffle depuis une perspective que peu de gens ont la chance de voir.<\/p>\n<\/div>\n\n\n\n<div class=\"wp-block-column is-layout-flow wp-block-column-is-layout-flow\" style=\"flex-basis:450px\">\n<figure class=\"wp-block-image size-large is-style-rounded\" style=\"margin-top:var(--wp--preset--spacing--40);margin-bottom:var(--wp--preset--spacing--40)\"><img loading=\"lazy\" decoding=\"async\" width=\"724\" height=\"1024\" src=\"https:\/\/adventture-greece.com\/wp-content\/uploads\/2025\/09\/mountain3-724x1024.jpg\" alt=\"\" class=\"wp-image-1337\" style=\"aspect-ratio:4\/3;object-fit:cover\" srcset=\"https:\/\/adventture-greece.com\/wp-content\/uploads\/2025\/09\/mountain3-724x1024.jpg 724w, https:\/\/adventture-greece.com\/wp-content\/uploads\/2025\/09\/mountain3-212x300.jpg 212w, https:\/\/adventture-greece.com\/wp-content\/uploads\/2025\/09\/mountain3-768x1086.jpg 768w, https:\/\/adventture-greece.com\/wp-content\/uploads\/2025\/09\/mountain3-1087x1536.jpg 1087w, https:\/\/adventture-greece.com\/wp-content\/uploads\/2025\/09\/mountain3-1449x2048.jpg 1449w, https:\/\/adventture-greece.com\/wp-content\/uploads\/2025\/09\/mountain3-scaled.jpg 1811w\" sizes=\"auto, (max-width: 724px) 100vw, 724px\" \/><\/figure>\n<\/div>\n<\/div>\n<\/div>\n\n\n\n<div class=\"wp-block-group has-global-padding is-layout-constrained wp-container-core-group-is-layout-4f9f0532 wp-block-group-is-layout-constrained\">\n<div class=\"wp-block-columns is-layout-flex wp-container-core-columns-is-layout-28f84493 wp-block-columns-is-layout-flex\">\n<div class=\"wp-block-column is-layout-flow wp-block-column-is-layout-flow\" style=\"flex-basis:450px\">\n<figure class=\"wp-block-image size-large is-style-rounded\" style=\"margin-top:var(--wp--preset--spacing--40);margin-bottom:var(--wp--preset--spacing--40)\"><img loading=\"lazy\" decoding=\"async\" width=\"768\" height=\"1024\" src=\"https:\/\/adventture-greece.com\/wp-content\/uploads\/2025\/09\/mountain4-768x1024.jpg\" alt=\"\" class=\"wp-image-1339\" style=\"aspect-ratio:4\/3;object-fit:cover\" srcset=\"https:\/\/adventture-greece.com\/wp-content\/uploads\/2025\/09\/mountain4-768x1024.jpg 768w, https:\/\/adventture-greece.com\/wp-content\/uploads\/2025\/09\/mountain4-225x300.jpg 225w, https:\/\/adventture-greece.com\/wp-content\/uploads\/2025\/09\/mountain4-1152x1536.jpg 1152w, https:\/\/adventture-greece.com\/wp-content\/uploads\/2025\/09\/mountain4-1536x2048.jpg 1536w, https:\/\/adventture-greece.com\/wp-content\/uploads\/2025\/09\/mountain4-scaled.jpg 1920w\" sizes=\"auto, (max-width: 768px) 100vw, 768px\" \/><\/figure>\n<\/div>\n\n\n\n<div class=\"wp-block-column is-layout-flow wp-block-column-is-layout-flow\">\n<hr class=\"wp-block-separator has-alpha-channel-opacity\" style=\"margin-top:var(--wp--preset--spacing--30);margin-bottom:var(--wp--preset--spacing--30)\"\/>\n\n\n\n<h2 class=\"wp-block-heading has-contrast-color has-text-color has-link-color wp-elements-0831b718386ffd0957954b2cef626613\">Explorez \u00e0 un rythme diff\u00e9rent<\/h2>\n\n\n\n<p><\/p>\n\n\n\n<hr class=\"wp-block-separator has-text-color has-contrast-color has-alpha-channel-opacity has-contrast-background-color has-background\" style=\"margin-top:0;margin-bottom:0\"\/>\n\n\n\n<p class=\"has-contrast-color has-text-color has-link-color wp-elements-95953fef6f4b6dadb5bc7a55b172228f\">Au-del\u00e0 de l&#8217;escalade, le relief naturel de la Gr\u00e8ce offre d&#8217;innombrables possibilit\u00e9s d&#8217;aventure \u00e0 un rythme diff\u00e9rent. Empruntez nos pistes de VTT sp\u00e9cialement con\u00e7ues, qui vont des sentiers forestiers faciles aux descentes techniques, vous permettant de parcourir de longues distances et d&#8217;explorer des paysages recul\u00e9s. Pour une exp\u00e9rience plus paisible, plongez-vous dans l&#8217;art de l&#8217;observation des oiseaux ou de la photographie animali\u00e8re dans les parcs nationaux prot\u00e9g\u00e9s, o\u00f9 vous pourrez apercevoir des esp\u00e8ces rares dans leur habitat naturel. C&#8217;est l&#8217;occasion de vous d\u00e9connecter du monde et de renouer avec la beaut\u00e9 sauvage des montagnes grecques.<\/p>\n<\/div>\n<\/div>\n<\/div>\n\n\n\n<div class=\"wp-block-group has-global-padding is-layout-constrained wp-container-core-group-is-layout-4f9f0532 wp-block-group-is-layout-constrained\">\n<div class=\"wp-block-columns is-layout-flex wp-container-core-columns-is-layout-28f84493 wp-block-columns-is-layout-flex\">\n<div class=\"wp-block-column is-layout-flow wp-block-column-is-layout-flow\">\n<hr class=\"wp-block-separator has-alpha-channel-opacity\" style=\"margin-top:var(--wp--preset--spacing--30);margin-bottom:var(--wp--preset--spacing--30)\"\/>\n\n\n\n<h2 class=\"wp-block-heading has-contrast-color has-text-color has-link-color wp-elements-c6593f60be3051ecee46438266bfe47d\">\u00c9quipement professionnel et guides experts<\/h2>\n\n\n\n<p><\/p>\n\n\n\n<hr class=\"wp-block-separator has-text-color has-contrast-color has-alpha-channel-opacity has-contrast-background-color has-background\" style=\"margin-top:0;margin-bottom:0\"\/>\n\n\n\n<p class=\"has-contrast-color has-text-color has-link-color wp-elements-b57db73aef03dae83a32c2a49574679e\">Pour que votre aventure soit \u00e0 la fois s\u00fbre et enrichissante, nous fournissons tout l&#8217;\u00e9quipement professionnel n\u00e9cessaire, notamment du mat\u00e9riel d&#8217;escalade, des VTT et des harnais de s\u00e9curit\u00e9. Toutes nos exp\u00e9ditions sont men\u00e9es par des guides locaux certifi\u00e9s qui poss\u00e8dent une connaissance approfondie du terrain, des conditions m\u00e9t\u00e9orologiques et des proc\u00e9dures d&#8217;urgence. Ils se chargent de toute la logistique, vous permettant ainsi de profiter pleinement de votre voyage sans aucun souci. Chaque voyage est pr\u00e9par\u00e9 avec soin afin de vous garantir une exp\u00e9rience authentique et inoubliable dans les majestueuses montagnes grecques.<\/p>\n<\/div>\n<\/div>\n<\/div>\n\n\n<div class=\"wp-block-group has-global-padding is-content-justification-center is-layout-constrained wp-block-group-is-layout-constrained\">\n<div class=\"wp-block-group has-background is-content-justification-center is-layout-flex wp-container-core-group-is-layout-acf4123b wp-block-group-is-layout-flex\" style=\"border-radius:15px;background-color:#0b112405;padding-top:var(--wp--preset--spacing--20);padding-right:var(--wp--preset--spacing--20);padding-bottom:0;padding-left:var(--wp--preset--spacing--20);font-style:normal;font-weight:500\">\n<p class=\"has-contrast-color has-text-color has-link-color wp-elements-400be769280be3fc29edf0e105fe5591\" style=\"margin-top:0;margin-right:0;margin-bottom:0;margin-left:0;padding-top:0;padding-right:0;padding-bottom:0;padding-left:0;font-style:normal;font-weight:600\">D\u00e9couvrez les services suppl\u00e9mentaires que nous proposons<\/p>\n\n\n\n<div class=\"wp-block-buttons is-content-justification-center is-layout-flex wp-container-core-buttons-is-layout-5ecdc608 wp-block-buttons-is-layout-flex\" style=\"margin-top:var(--wp--preset--spacing--30);margin-bottom:var(--wp--preset--spacing--30);padding-top:0;padding-right:0;padding-bottom:0;padding-left:0\">\n<div class=\"wp-block-button\"><a class=\"wp-block-button__link has-background wp-element-button\" href=\"https:\/\/adventture-greece.com\/fr\/extra\/\" style=\"border-radius:100px;background-color:#0b1124;padding-top:var(--wp--preset--spacing--20);padding-right:var(--wp--preset--spacing--60);padding-bottom:var(--wp--preset--spacing--20);padding-left:var(--wp--preset--spacing--60)\">Extras<\/a><\/div>\n<\/div>\n<\/div>\n<\/div>\n\n<div class=\"wp-block-group has-global-padding is-layout-constrained wp-container-core-group-is-layout-4f9f0532 wp-block-group-is-layout-constrained\">\n<div class=\"wp-block-group has-background is-vertical is-content-justification-center is-layout-flex wp-container-core-group-is-layout-0fd9515a wp-block-group-is-layout-flex\" style=\"border-radius:15px;background-color:#0b112405;margin-top:0;margin-bottom:0;padding-top:var(--wp--preset--spacing--30);padding-right:var(--wp--preset--spacing--20);padding-bottom:var(--wp--preset--spacing--30);padding-left:var(--wp--preset--spacing--20)\">\n<p class=\"has-contrast-color has-text-color has-link-color wp-elements-558e0059f7495d90936030871750ae12\" style=\"padding-top:0;padding-right:0;padding-bottom:0;padding-left:0;font-style:normal;font-weight:600\">Vous y r\u00e9fl\u00e9chissez ou vous avez des questions ? Remplissez le formulaire de demande et nous vous contacterons pour vous fournir toutes les informations dont vous pourriez avoir besoin !<\/p>\n\n\n\n<div class=\"wp-block-buttons is-content-justification-center is-layout-flex wp-container-core-buttons-is-layout-80259c74 wp-block-buttons-is-layout-flex\" style=\"margin-top:var(--wp--preset--spacing--20);margin-bottom:var(--wp--preset--spacing--20);padding-top:0;padding-right:0;padding-bottom:0;padding-left:0\">\n<div class=\"wp-block-button\"><a class=\"wp-block-button__link has-background wp-element-button\" href=\"https:\/\/adventture-greece.com\/fr\/reservation\/\" style=\"background-color:#0b1124;padding-top:var(--wp--preset--spacing--20);padding-right:45px;padding-bottom:var(--wp--preset--spacing--20);padding-left:45px\">Formulaire de demande<\/a><\/div>\n<\/div>\n<\/div>\n<\/div>","protected":false},"excerpt":{"rendered":"<p>D\u00e9couvrez des sentiers inexplor\u00e9s ? Le paysage montagneux de la Gr\u00e8ce est un paradis pour ceux qui recherchent la tranquillit\u00e9 et l&#8217;exploration \u00e0 pied. Nos visites guid\u00e9es vous emm\u00e8nent \u00e0 travers un r\u00e9seau d&#8217;anciens sentiers et de chemins pittoresques qui serpentent \u00e0 travers des for\u00eats luxuriantes, des gorges spectaculaires et des collines ensoleill\u00e9es. D\u00e9couvrez la [&hellip;]<\/p>\n","protected":false},"author":2,"featured_media":0,"parent":0,"menu_order":0,"comment_status":"closed","ping_status":"closed","template":"","meta":{"_glsr_average":0,"_glsr_ranking":0,"_glsr_reviews":0,"footnotes":""},"class_list":["post-309","page","type-page","status-publish","hentry"],"_links":{"self":[{"href":"https:\/\/adventture-greece.com\/fr\/wp-json\/wp\/v2\/pages\/309","targetHints":{"allow":["GET"]}}],"collection":[{"href":"https:\/\/adventture-greece.com\/fr\/wp-json\/wp\/v2\/pages"}],"about":[{"href":"https:\/\/adventture-greece.com\/fr\/wp-json\/wp\/v2\/types\/page"}],"author":[{"embeddable":true,"href":"https:\/\/adventture-greece.com\/fr\/wp-json\/wp\/v2\/users\/2"}],"replies":[{"embeddable":true,"href":"https:\/\/adventture-greece.com\/fr\/wp-json\/wp\/v2\/comments?post=309"}],"version-history":[{"count":8,"href":"https:\/\/adventture-greece.com\/fr\/wp-json\/wp\/v2\/pages\/309\/revisions"}],"predecessor-version":[{"id":3757,"href":"https:\/\/adventture-greece.com\/fr\/wp-json\/wp\/v2\/pages\/309\/revisions\/3757"}],"wp:attachment":[{"href":"https:\/\/adventture-greece.com\/fr\/wp-json\/wp\/v2\/media?parent=309"}],"curies":[{"name":"wp","href":"https:\/\/api.w.org\/{rel}","templated":true}]}}