{"id":307,"date":"2025-09-16T07:43:47","date_gmt":"2025-09-16T07:43:47","guid":{"rendered":"https:\/\/adventture-greece.com\/?page_id=307"},"modified":"2025-12-01T20:11:27","modified_gmt":"2025-12-01T20:11:27","slug":"moto-tours","status":"publish","type":"page","link":"https:\/\/adventture-greece.com\/fr\/moto-tours\/","title":{"rendered":"MOTO TOURS"},"content":{"rendered":"\n<hr class=\"wp-block-separator has-alpha-channel-opacity\" style=\"margin-top:var(--wp--preset--spacing--30);margin-bottom:var(--wp--preset--spacing--30)\"\/>\n\n\n\n<div class=\"wp-block-group has-global-padding is-layout-constrained wp-container-core-group-is-layout-4f9f0532 wp-block-group-is-layout-constrained\">\n<div class=\"wp-block-columns is-layout-flex wp-container-core-columns-is-layout-28f84493 wp-block-columns-is-layout-flex\">\n<div class=\"wp-block-column is-layout-flow wp-block-column-is-layout-flow\" style=\"flex-basis:30%\">\n<figure class=\"wp-block-image size-large is-style-rounded\" style=\"margin-top:var(--wp--preset--spacing--40);margin-right:0;margin-bottom:var(--wp--preset--spacing--40);margin-left:0\"><img loading=\"lazy\" decoding=\"async\" width=\"1024\" height=\"683\" src=\"https:\/\/adventture-greece.com\/wp-content\/uploads\/2025\/09\/moto-1024x683.jpg\" alt=\"\" class=\"wp-image-1013\" srcset=\"https:\/\/adventture-greece.com\/wp-content\/uploads\/2025\/09\/moto-1024x683.jpg 1024w, https:\/\/adventture-greece.com\/wp-content\/uploads\/2025\/09\/moto-300x200.jpg 300w, https:\/\/adventture-greece.com\/wp-content\/uploads\/2025\/09\/moto-768x512.jpg 768w, https:\/\/adventture-greece.com\/wp-content\/uploads\/2025\/09\/moto-1536x1024.jpg 1536w, https:\/\/adventture-greece.com\/wp-content\/uploads\/2025\/09\/moto-2048x1365.jpg 2048w\" sizes=\"auto, (max-width: 1024px) 100vw, 1024px\" \/><\/figure>\n<\/div>\n\n\n\n<div class=\"wp-block-column is-layout-flow wp-block-column-is-layout-flow\">\n<h2 class=\"wp-block-heading has-contrast-color has-text-color has-link-color wp-elements-38d8a829b5701ac6e7096e594c22d353\">Vous souhaitez en louer un ?<\/h2>\n\n\n\n<hr class=\"wp-block-separator has-text-color has-contrast-color has-alpha-channel-opacity has-contrast-background-color has-background\"\/>\n\n\n\n<p class=\"has-contrast-color has-text-color has-link-color wp-elements-ae7ece09e53a43b463a8819187eda2a5\" style=\"margin-right:0;margin-left:0\">Pour ceux qui pr\u00e9f\u00e8rent voyager l\u00e9ger, nous proposons une gamme de motos \u00e0 louer. Que vous vous lanciez dans une aventure en solo ou que vous planifiiez une balade en groupe, faites votre choix parmi notre flotte de motos bien entretenues et fiables, chacune adapt\u00e9e \u00e0 diff\u00e9rents types de terrain. Votre location comprend tout ce dont vous avez besoin pour prendre la route, vous offrant ainsi la libert\u00e9 d&#8217;explorer les tr\u00e9sors cach\u00e9s de la Gr\u00e8ce sans les tracas li\u00e9s \u00e0 la possession d&#8217;un v\u00e9hicule.<\/p>\n<\/div>\n<\/div>\n<\/div>\n\n\n\n<div class=\"wp-block-group has-global-padding is-layout-constrained wp-container-core-group-is-layout-c998f68a wp-block-group-is-layout-constrained\" style=\"margin-bottom:var(--wp--preset--spacing--70)\">\n<hr class=\"wp-block-separator has-alpha-channel-opacity\" style=\"margin-top:0;margin-bottom:0\"\/>\n\n\n\n<details class=\"wp-block-details has-contrast-color has-text-color has-link-color wp-elements-7c2a48bd155f53a50f093dcf81c07427 is-layout-flow wp-block-details-is-layout-flow\" style=\"font-style:normal;font-weight:600\"><summary>LIRE LA SUITE<\/summary>\n<main class=\"wp-block-group has-global-padding is-layout-constrained wp-container-core-group-is-layout-3dcc211d wp-block-group-is-layout-constrained\" style=\"margin-top:var(--wp--preset--spacing--60)\">\n<div class=\"wp-block-columns is-layout-flex wp-container-core-columns-is-layout-28f84493 wp-block-columns-is-layout-flex\">\n<div class=\"wp-block-column is-layout-flow wp-block-column-is-layout-flow\">\n<h2 class=\"wp-block-heading has-contrast-color has-text-color has-link-color wp-elements-b3ca523db5f49ce3caaa0cff626be344\">Commodit\u00e9s suppl\u00e9mentaires<\/h2>\n\n\n\n<hr class=\"wp-block-separator has-text-color has-contrast-color has-alpha-channel-opacity has-contrast-background-color has-background\"\/>\n\n\n\n<ul class=\"wp-block-list has-contrast-color has-text-color has-link-color wp-elements-f0151820653b6694fac23312284a3936\">\n<li>Guide local pour motocyclistes<\/li>\n\n\n\n<li>Sacoches lat\u00e9rales<\/li>\n\n\n\n<li>Casque<\/li>\n\n\n\n<li>Navigateur GPS<\/li>\n\n\n\n<li>Syst\u00e8me de communication pour casque<\/li>\n<\/ul>\n\n\n\n<hr class=\"wp-block-separator has-alpha-channel-opacity\" style=\"margin-top:var(--wp--preset--spacing--30);margin-bottom:var(--wp--preset--spacing--30)\"\/>\n<\/div>\n<\/div>\n<\/main>\n<\/details>\n<\/div>\n\n\n\n<div class=\"wp-block-group has-global-padding is-layout-constrained wp-container-core-group-is-layout-4f9f0532 wp-block-group-is-layout-constrained\">\n<div class=\"wp-block-columns is-layout-flex wp-container-core-columns-is-layout-28f84493 wp-block-columns-is-layout-flex\">\n<div class=\"wp-block-column is-layout-flow wp-block-column-is-layout-flow\">\n<hr class=\"wp-block-separator has-alpha-channel-opacity\"\/>\n\n\n\n<h2 class=\"wp-block-heading has-contrast-color has-text-color has-link-color wp-elements-6704da61ed3769c5240253b736828345\">Vous roulez avec votre propre moto ?<\/h2>\n\n\n\n<hr class=\"wp-block-separator has-text-color has-contrast-color has-alpha-channel-opacity has-contrast-background-color has-background\"\/>\n\n\n\n<p class=\"has-contrast-color has-text-color has-link-color wp-elements-11e3112f3a4481537d96413d232376e3\">La diversit\u00e9 des reliefs et les routes c\u00f4ti\u00e8res \u00e9poustouflantes de la Gr\u00e8ce en font un paradis pour les amateurs de moto. Si vous venez avec votre propre moto, nous pouvons vous aider \u00e0 planifier le voyage id\u00e9al, depuis la navigation sur des cols de montagne pittoresques jusqu&#8217;\u00e0 la recommandation d&#8217;\u00e9tapes dans des villages pittoresques, en passant par la recherche des meilleures routes cach\u00e9es. Nous vous fournirons un roadbook d\u00e9taill\u00e9 avec les itin\u00e9raires recommand\u00e9s et les informations essentielles. Vous avez besoin d&#8217;aide ? Un guide motard professionnel peut vous fournir des conseils s\u00fbrs, fiables et avis\u00e9s si vous souhaitez explorer de nouveaux itin\u00e9raires ou naviguer sur des terrains difficiles.<\/p>\n<\/div>\n\n\n\n<div class=\"wp-block-column is-layout-flow wp-block-column-is-layout-flow\" style=\"flex-basis:30%\">\n<figure class=\"wp-block-image size-large is-style-rounded\" style=\"margin-top:var(--wp--preset--spacing--30);margin-bottom:var(--wp--preset--spacing--30)\"><img loading=\"lazy\" decoding=\"async\" width=\"1024\" height=\"683\" src=\"https:\/\/adventture-greece.com\/wp-content\/uploads\/2025\/09\/pexels-www-erzetich-com-2607330-1024x683.jpg\" alt=\"\" class=\"wp-image-1846\" srcset=\"https:\/\/adventture-greece.com\/wp-content\/uploads\/2025\/09\/pexels-www-erzetich-com-2607330-1024x683.jpg 1024w, https:\/\/adventture-greece.com\/wp-content\/uploads\/2025\/09\/pexels-www-erzetich-com-2607330-300x200.jpg 300w, https:\/\/adventture-greece.com\/wp-content\/uploads\/2025\/09\/pexels-www-erzetich-com-2607330-768x512.jpg 768w, https:\/\/adventture-greece.com\/wp-content\/uploads\/2025\/09\/pexels-www-erzetich-com-2607330-1536x1024.jpg 1536w, https:\/\/adventture-greece.com\/wp-content\/uploads\/2025\/09\/pexels-www-erzetich-com-2607330-2048x1365.jpg 2048w\" sizes=\"auto, (max-width: 1024px) 100vw, 1024px\" \/><\/figure>\n<\/div>\n<\/div>\n<\/div>\n\n\n\n<div class=\"wp-block-group has-global-padding is-layout-constrained wp-block-group-is-layout-constrained\">\n<div class=\"wp-block-group is-content-justification-center is-nowrap is-layout-flex wp-container-core-group-is-layout-23441af8 wp-block-group-is-layout-flex\">\n<h2 class=\"wp-block-heading has-contrast-color has-text-color has-link-color wp-elements-52051ed836fd299f05c45a15dc3d7b61\">Notre flotte<\/h2>\n<\/div>\n\n\n\n<hr class=\"wp-block-separator has-text-color has-contrast-color has-alpha-channel-opacity has-contrast-background-color has-background\"\/>\n\n\n\n<div class=\"wp-block-group is-content-justification-center is-nowrap is-layout-flex wp-container-core-group-is-layout-23441af8 wp-block-group-is-layout-flex\">\n<h2 class=\"wp-block-heading has-contrast-color has-text-color has-link-color wp-elements-10ee84426e292f9648c4691e3c389db5\" style=\"font-style:normal;font-weight:600\">Moto de route<\/h2>\n<\/div>\n\n\n\n<div class=\"custom-carousel\" style=\"margin-bottom:20px;\">\n  <div class=\"carousel-track\">\n    <div class=\"carousel-slide\">\n      <img decoding=\"async\" src=\"https:\/\/adventture-greece.com\/wp-content\/uploads\/2025\/10\/bmwgs1300.jpg\" alt=\"Slide 1\">\n      <div class=\"carousel-caption\">\n        <h2>BMW R1300GS<\/h2>\n        <p><\/p>\n      <\/div>\n    <\/div>\n <\/div>\n<\/div>\n\n<div class=\"custom-carousel\" style=\"margin-bottom:20px;\">\n  <div class=\"carousel-track\">\n    <div class=\"carousel-slide\">\n      <img decoding=\"async\" src=\"https:\/\/adventture-greece.com\/wp-content\/uploads\/2025\/10\/bmw1250gs.jpg\" alt=\"Slide 1\">\n      <div class=\"carousel-caption\">\n        <h2>BMW R1250GS<\/h2>\n        <p><\/p>\n      <\/div>\n    <\/div>\n <\/div>\n<\/div>\n\n<div class=\"custom-carousel\" style=\"margin-bottom:20px;\">\n  <div class=\"carousel-track\">\n    <div class=\"carousel-slide\">\n      <img decoding=\"async\" src=\"https:\/\/adventture-greece.com\/wp-content\/uploads\/2025\/10\/bmw-f900xr.jpg\" alt=\"Slide 1\">\n      <div class=\"carousel-caption\">\n        <h2>BMW F900XR<\/h2>\n        <p><\/p>\n      <\/div>\n    <\/div>\n <\/div>\n<\/div>\n\n<div class=\"custom-carousel\" style=\"margin-bottom:20px;\">\n  <div class=\"carousel-track\">\n    <div class=\"carousel-slide\">\n      <img decoding=\"async\" src=\"https:\/\/adventture-greece.com\/wp-content\/uploads\/2025\/10\/bmw-f850gs.png\" alt=\"Slide 1\">\n      <div class=\"carousel-caption\">\n        <h2>BMW F850GS<\/h2>\n        <p><\/p>\n      <\/div>\n    <\/div>\n <\/div>\n<\/div>\n\n<div class=\"custom-carousel\" style=\"margin-bottom:20px;\">\n  <div class=\"carousel-track\">\n    <div class=\"carousel-slide\">\n      <img decoding=\"async\" src=\"https:\/\/adventture-greece.com\/wp-content\/uploads\/2025\/10\/bmw-f750gs.jpg\" alt=\"Slide 1\">\n      <div class=\"carousel-caption\">\n        <h2>BMW F750GS<\/h2>\n        <p><\/p>\n      <\/div>\n    <\/div>\n <\/div>\n<\/div>\n\n<div class=\"custom-carousel\" style=\"margin-bottom:20px;\">\n  <div class=\"carousel-track\">\n    <div class=\"carousel-slide\">\n      <img decoding=\"async\" src=\"https:\/\/adventture-greece.com\/wp-content\/uploads\/2025\/10\/bmw-g310gs.png\" alt=\"Slide 1\">\n      <div class=\"carousel-caption\">\n        <h2>BMW G310GS<\/h2>\n        <p><\/p>\n      <\/div>\n    <\/div>\n <\/div>\n<\/div>\n\n\n\n<div class=\"custom-carousel\" style=\"margin-bottom:20px;\">\n  <div class=\"carousel-track\">\n    <div class=\"carousel-slide\">\n      <img decoding=\"async\" src=\"https:\/\/adventture-greece.com\/wp-content\/uploads\/2025\/10\/benelli-TRK502X.jpg\" alt=\"Slide 1\">\n      <div class=\"carousel-caption\">\n        <h2>benelli TRK502X<\/h2>\n        <p><\/p>\n      <\/div>\n    <\/div>\n <\/div>\n<\/div>\n\n<div class=\"custom-carousel\" style=\"margin-bottom:20px;\">\n  <div class=\"carousel-track\">\n    <div class=\"carousel-slide\">\n      <img decoding=\"async\" src=\"https:\/\/adventture-greece.com\/wp-content\/uploads\/2025\/10\/royal-enfield-450-guerrilla.png\" alt=\"Slide 1\">\n      <div class=\"carousel-caption\">\n        <h2>ROYAL ENFIELD 450 GUERILLA<\/h2>\n        <p><\/p>\n      <\/div>\n    <\/div>\n <\/div>\n<\/div>\n\n<div class=\"custom-carousel\" style=\"margin-bottom:20px;\">\n  <div class=\"carousel-track\">\n    <div class=\"carousel-slide\">\n      <img decoding=\"async\" src=\"https:\/\/adventture-greece.com\/wp-content\/uploads\/2025\/10\/onrd-spy-my25-ryker-600-000f1sc00-studio-34fr-na.png\" alt=\"Slide 1\">\n      <div class=\"carousel-caption\">\n        <h2>CAN-AM RYKER<\/h2>\n        <p><\/p>\n      <\/div>\n    <\/div>\n <\/div>\n<\/div>\n\n<div class=\"custom-carousel\" style=\"margin-bottom:20px;\">\n  <div class=\"carousel-track\">\n    <div class=\"carousel-slide\">\n      <img decoding=\"async\" src=\"https:\/\/adventture-greece.com\/wp-content\/uploads\/2025\/10\/Can-Am-Spyder-RT.png\" alt=\"Slide 1\">\n      <div class=\"carousel-caption\">\n        <h2>CAN-AM SPYDER RT<\/h2>\n        <p><\/p>\n      <\/div>\n    <\/div>\n <\/div>\n<\/div>\n\n\n<div class=\"custom-carousel\" style=\"margin-bottom:20px;\">\n  <div class=\"carousel-track\">\n    <div class=\"carousel-slide\">\n      <img decoding=\"async\" src=\"https:\/\/adventture-greece.com\/wp-content\/uploads\/2025\/10\/Harley-Davidson-Sportster.png\" alt=\"Slide 1\">\n      <div class=\"carousel-caption\">\n        <h2>Harley Davidson Sportster<\/h2>\n        <p><\/p>\n      <\/div>\n    <\/div>\n <\/div>\n<\/div>\n\n\n\n<div class=\"wp-block-group is-content-justification-left is-nowrap is-layout-flex wp-container-core-group-is-layout-e046bfdd wp-block-group-is-layout-flex\" style=\"margin-top:var(--wp--preset--spacing--50);font-style:normal;font-weight:800\">\n<h2 class=\"wp-block-heading has-contrast-color has-text-color has-link-color wp-elements-8acf0d58efb76bf82b3fdc841c34e14d\" style=\"font-style:normal;font-weight:600\">Moto On&#038;Off<\/h2>\n<\/div>\n\n\n\n<div class=\"custom-carousel\" style=\"margin-bottom:20px;\">\n  <div class=\"carousel-track\">\n    <div class=\"carousel-slide\">\n      <img decoding=\"async\" src=\"https:\/\/adventture-greece.com\/wp-content\/uploads\/2025\/10\/cfmoto450mt.png\" alt=\"Slide 1\">\n      <div class=\"carousel-caption\">\n        <h2>CFMOTO 450MT<\/h2>\n        <p><\/p>\n      <\/div>\n    <\/div>\n <\/div>\n<\/div>\n\n<div class=\"custom-carousel\" style=\"margin-bottom:20px;\">\n  <div class=\"carousel-track\">\n    <div class=\"carousel-slide\">\n      <img decoding=\"async\" src=\"https:\/\/adventture-greece.com\/wp-content\/uploads\/2025\/10\/yamaha-tenere-700.png\" alt=\"Slide 1\">\n      <div class=\"carousel-caption\">\n        <h2>YAMAHA TENERE 700<\/h2>\n        <p><\/p>\n      <\/div>\n    <\/div>\n <\/div>\n<\/div>\n<\/div>\n\n\n<div class=\"wp-block-group has-global-padding is-content-justification-center is-layout-constrained wp-block-group-is-layout-constrained\">\n<div class=\"wp-block-group has-background is-content-justification-center is-layout-flex wp-container-core-group-is-layout-acf4123b wp-block-group-is-layout-flex\" style=\"border-radius:15px;background-color:#0b112405;padding-top:var(--wp--preset--spacing--20);padding-right:var(--wp--preset--spacing--20);padding-bottom:0;padding-left:var(--wp--preset--spacing--20);font-style:normal;font-weight:500\">\n<p class=\"has-contrast-color has-text-color has-link-color wp-elements-400be769280be3fc29edf0e105fe5591\" style=\"margin-top:0;margin-right:0;margin-bottom:0;margin-left:0;padding-top:0;padding-right:0;padding-bottom:0;padding-left:0;font-style:normal;font-weight:600\">D\u00e9couvrez les services suppl\u00e9mentaires que nous proposons<\/p>\n\n\n\n<div class=\"wp-block-buttons is-content-justification-center is-layout-flex wp-container-core-buttons-is-layout-5ecdc608 wp-block-buttons-is-layout-flex\" style=\"margin-top:var(--wp--preset--spacing--30);margin-bottom:var(--wp--preset--spacing--30);padding-top:0;padding-right:0;padding-bottom:0;padding-left:0\">\n<div class=\"wp-block-button\"><a class=\"wp-block-button__link has-background wp-element-button\" href=\"https:\/\/adventture-greece.com\/fr\/extra\/\" style=\"border-radius:100px;background-color:#0b1124;padding-top:var(--wp--preset--spacing--20);padding-right:var(--wp--preset--spacing--60);padding-bottom:var(--wp--preset--spacing--20);padding-left:var(--wp--preset--spacing--60)\">Extras<\/a><\/div>\n<\/div>\n<\/div>\n<\/div>\n\n<div class=\"wp-block-group has-global-padding is-layout-constrained wp-container-core-group-is-layout-4f9f0532 wp-block-group-is-layout-constrained\">\n<div class=\"wp-block-group has-background is-vertical is-content-justification-center is-layout-flex wp-container-core-group-is-layout-0fd9515a wp-block-group-is-layout-flex\" style=\"border-radius:15px;background-color:#0b112405;margin-top:0;margin-bottom:0;padding-top:var(--wp--preset--spacing--30);padding-right:var(--wp--preset--spacing--20);padding-bottom:var(--wp--preset--spacing--30);padding-left:var(--wp--preset--spacing--20)\">\n<p class=\"has-contrast-color has-text-color has-link-color wp-elements-558e0059f7495d90936030871750ae12\" style=\"padding-top:0;padding-right:0;padding-bottom:0;padding-left:0;font-style:normal;font-weight:600\">Vous y r\u00e9fl\u00e9chissez ou vous avez des questions ? Remplissez le formulaire de demande et nous vous contacterons pour vous fournir toutes les informations dont vous pourriez avoir besoin !<\/p>\n\n\n\n<div class=\"wp-block-buttons is-content-justification-center is-layout-flex wp-container-core-buttons-is-layout-80259c74 wp-block-buttons-is-layout-flex\" style=\"margin-top:var(--wp--preset--spacing--20);margin-bottom:var(--wp--preset--spacing--20);padding-top:0;padding-right:0;padding-bottom:0;padding-left:0\">\n<div class=\"wp-block-button\"><a class=\"wp-block-button__link has-background wp-element-button\" href=\"https:\/\/adventture-greece.com\/fr\/reservation\/\" style=\"background-color:#0b1124;padding-top:var(--wp--preset--spacing--20);padding-right:45px;padding-bottom:var(--wp--preset--spacing--20);padding-left:45px\">Formulaire de demande<\/a><\/div>\n<\/div>\n<\/div>\n<\/div>","protected":false},"excerpt":{"rendered":"<p>Vous souhaitez en louer un ? Pour ceux qui pr\u00e9f\u00e8rent voyager l\u00e9ger, nous proposons une gamme de motos \u00e0 louer. Que vous vous lanciez dans une aventure en solo ou que vous planifiiez une balade en groupe, faites votre choix parmi notre flotte de motos bien entretenues et fiables, chacune adapt\u00e9e \u00e0 diff\u00e9rents types de [&hellip;]<\/p>\n","protected":false},"author":2,"featured_media":0,"parent":0,"menu_order":0,"comment_status":"closed","ping_status":"closed","template":"","meta":{"_glsr_average":0,"_glsr_ranking":0,"_glsr_reviews":0,"footnotes":""},"class_list":["post-307","page","type-page","status-publish","hentry"],"_links":{"self":[{"href":"https:\/\/adventture-greece.com\/fr\/wp-json\/wp\/v2\/pages\/307","targetHints":{"allow":["GET"]}}],"collection":[{"href":"https:\/\/adventture-greece.com\/fr\/wp-json\/wp\/v2\/pages"}],"about":[{"href":"https:\/\/adventture-greece.com\/fr\/wp-json\/wp\/v2\/types\/page"}],"author":[{"embeddable":true,"href":"https:\/\/adventture-greece.com\/fr\/wp-json\/wp\/v2\/users\/2"}],"replies":[{"embeddable":true,"href":"https:\/\/adventture-greece.com\/fr\/wp-json\/wp\/v2\/comments?post=307"}],"version-history":[{"count":18,"href":"https:\/\/adventture-greece.com\/fr\/wp-json\/wp\/v2\/pages\/307\/revisions"}],"predecessor-version":[{"id":3798,"href":"https:\/\/adventture-greece.com\/fr\/wp-json\/wp\/v2\/pages\/307\/revisions\/3798"}],"wp:attachment":[{"href":"https:\/\/adventture-greece.com\/fr\/wp-json\/wp\/v2\/media?parent=307"}],"curies":[{"name":"wp","href":"https:\/\/api.w.org\/{rel}","templated":true}]}}