{"id":305,"date":"2025-09-16T07:43:26","date_gmt":"2025-09-16T07:43:26","guid":{"rendered":"https:\/\/adventture-greece.com\/?page_id=305"},"modified":"2025-11-17T17:51:28","modified_gmt":"2025-11-17T17:51:28","slug":"camper-and-motorhome","status":"publish","type":"page","link":"https:\/\/adventture-greece.com\/fr\/camper-and-motorhome\/","title":{"rendered":"CAMPER AND MOTORHOME"},"content":{"rendered":"\n<hr class=\"wp-block-separator has-alpha-channel-opacity\"\/>\n\n\n\n<main class=\"wp-block-group has-global-padding is-layout-constrained wp-container-core-group-is-layout-3dcc211d wp-block-group-is-layout-constrained\" style=\"margin-top:var(--wp--preset--spacing--60)\">\n<div class=\"wp-block-columns is-layout-flex wp-container-core-columns-is-layout-28f84493 wp-block-columns-is-layout-flex\">\n<div class=\"wp-block-column is-layout-flow wp-block-column-is-layout-flow\" style=\"flex-basis:33%\">\n<figure class=\"wp-block-image size-full is-style-rounded\"><img loading=\"lazy\" decoding=\"async\" width=\"516\" height=\"412\" src=\"https:\/\/adventture-greece.com\/wp-content\/uploads\/2025\/09\/rvcarwithchairs-1.png\" alt=\"\" class=\"wp-image-970\" srcset=\"https:\/\/adventture-greece.com\/wp-content\/uploads\/2025\/09\/rvcarwithchairs-1.png 516w, https:\/\/adventture-greece.com\/wp-content\/uploads\/2025\/09\/rvcarwithchairs-1-300x240.png 300w\" sizes=\"auto, (max-width: 516px) 100vw, 516px\" \/><\/figure>\n<\/div>\n\n\n\n<div class=\"wp-block-column is-layout-flow wp-block-column-is-layout-flow\">\n<hr class=\"wp-block-separator has-alpha-channel-opacity\" style=\"margin-top:var(--wp--preset--spacing--30);margin-bottom:var(--wp--preset--spacing--30)\"\/>\n\n\n\n<h2 class=\"wp-block-heading has-contrast-color has-text-color has-link-color wp-elements-6fb9c5d90f1ebc67e774a5a422aef959\">Vous cherchez \u00e0 louer un camping-car ?<\/h2>\n\n\n\n<hr class=\"wp-block-separator has-text-color has-contrast-color has-alpha-channel-opacity has-contrast-background-color has-background\"\/>\n\n\n\n<p class=\"has-contrast-color has-text-color has-link-color wp-elements-29ebd3a1035ecf270bbf55589a3628f3\">La Gr\u00e8ce est l&#8217;endroit id\u00e9al pour essayer un camping-car. Gr\u00e2ce \u00e0 des points de retrait pratiques situ\u00e9s \u00e0 proximit\u00e9 des principaux a\u00e9roports, vous pouvez commencer votre aventure d\u00e8s votre atterrissage. Faites-nous part de vos pr\u00e9f\u00e9rences et nous vous proposerons un circuit sur mesure. Nos camping-cars enti\u00e8rement \u00e9quip\u00e9s comprennent tout ce dont vous avez besoin pour profiter pleinement de la libert\u00e9 de la route. Nous fournissons \u00e9galement des \u00e9quipements suppl\u00e9mentaires tels que des si\u00e8ges enfants, du mat\u00e9riel de plein air, des trac\u00e9s GPS et une cam\u00e9ra d&#8217;aide au stationnement, afin que votre voyage se d\u00e9roule sans souci et soit adapt\u00e9 \u00e0 vos besoins.<\/p>\n<\/div>\n<\/div>\n<\/main>\n\n\n\n<div class=\"wp-block-group has-global-padding is-layout-constrained wp-container-core-group-is-layout-12243e0f wp-block-group-is-layout-constrained\">\n<details class=\"wp-block-details has-contrast-color has-text-color has-link-color has-large-font-size wp-elements-b3f9426c3b332367989ce2a451663a60 is-layout-flow wp-container-core-details-is-layout-d0cefc70 wp-block-details-is-layout-flow\" style=\"margin-top:0;margin-right:0;margin-bottom:0;margin-left:0;padding-top:0;padding-right:0;padding-bottom:0;padding-left:0;font-style:normal;font-weight:600\"><summary>EN SAVOIR PLUS<\/summary>\n<main class=\"wp-block-group has-global-padding is-layout-constrained wp-container-core-group-is-layout-3dcc211d wp-block-group-is-layout-constrained\" style=\"margin-top:var(--wp--preset--spacing--60)\">\n<div class=\"wp-block-columns is-layout-flex wp-container-core-columns-is-layout-28f84493 wp-block-columns-is-layout-flex\">\n<div class=\"wp-block-column is-layout-flow wp-block-column-is-layout-flow\">\n<hr class=\"wp-block-separator has-alpha-channel-opacity\" style=\"margin-top:0;margin-bottom:0\"\/>\n\n\n\n<h2 class=\"wp-block-heading has-contrast-color has-text-color has-link-color wp-elements-0220d414a538a055a2c5dec39f6bd644\"><strong>Caract\u00e9ristiques et sp\u00e9cifications du camping-car<\/strong><\/h2>\n\n\n\n<hr class=\"wp-block-separator has-text-color has-contrast-color has-alpha-channel-opacity has-contrast-background-color has-background\"\/>\n\n\n\n<ul class=\"wp-block-list\">\n<li class=\"has-contrast-color has-text-color has-link-color wp-elements-8da03be5489b55dd4f000d48dfe76d6c\">Alimentation \u00e9lectrique 12 volts et \u00e9clairage<\/li>\n\n\n\n<li>Plaques de cuisson au gaz<\/li>\n\n\n\n<li>\u00c9vier<\/li>\n\n\n\n<li>R\u00e9frig\u00e9rateur (fonctionnant \u00e0 l&#8217;\u00e9lectricit\u00e9, au gaz et sur batterie)<\/li>\n\n\n\n<li>R\u00e9servoir d&#8217;eau douce de 120 litres<\/li>\n\n\n\n<li>R\u00e9servoir d&#8217;eaux us\u00e9es<\/li>\n\n\n\n<li>Toilettes et douche<\/li>\n\n\n\n<li>Cha\u00eenes \u00e0 neige<\/li>\n\n\n\n<li>Chaudi\u00e8re pour l&#8217;eau chaude<\/li>\n\n\n\n<li>Coin salon confortable<\/li>\n\n\n\n<li>Nombreux placards et rangements<\/li>\n\n\n\n<li class=\"has-contrast-color has-text-color has-link-color wp-elements-cea91dfb744e8bafe7c8457f8b0c7d67\">Syst\u00e8me de climatisation et de chauffage<\/li>\n<\/ul>\n<\/div>\n\n\n\n<div class=\"wp-block-column is-style-default is-layout-flow wp-block-column-is-layout-flow\">\n<div class=\"wp-block-group is-vertical is-layout-flex wp-container-core-group-is-layout-fe9cc265 wp-block-group-is-layout-flex\">\n<div class=\"wp-block-group has-global-padding is-layout-constrained wp-block-group-is-layout-constrained\">\n<hr class=\"wp-block-separator has-alpha-channel-opacity\" style=\"margin-top:0;margin-bottom:0\"\/>\n\n\n\n<h2 class=\"wp-block-heading has-contrast-color has-text-color has-link-color wp-elements-9d72a2ac79185052e0df544a107f89e5\"><strong>Conduite et caract\u00e9ristiques ext\u00e9rieures :<\/strong><\/h2>\n\n\n\n<hr class=\"wp-block-separator has-text-color has-contrast-color has-alpha-channel-opacity has-contrast-background-color has-background\"\/>\n\n\n\n<ul class=\"wp-block-list\">\n<li class=\"has-contrast-color has-text-color has-link-color wp-elements-848c135d97d545294780e436f8e30919\">R\u00e9gulateur de vitesse<\/li>\n\n\n\n<li>Cam\u00e9ra de recul<\/li>\n\n\n\n<li>Appareils GPS<\/li>\n\n\n\n<li class=\"has-contrast-color has-text-color has-link-color wp-elements-587eff92846c637e19160c3adda33596\">Auvent<\/li>\n<\/ul>\n<\/div>\n\n\n\n<div class=\"wp-block-group has-global-padding is-content-justification-left is-layout-constrained wp-container-core-group-is-layout-12dd3699 wp-block-group-is-layout-constrained\">\n<hr class=\"wp-block-separator has-alpha-channel-opacity\" style=\"margin-top:var(--wp--preset--spacing--40);margin-bottom:var(--wp--preset--spacing--40)\"\/>\n\n\n\n<h2 class=\"wp-block-heading has-contrast-color has-text-color has-link-color wp-elements-670de131aeb4d44bf446295c5c84a81f\"><strong>Capacit\u00e9:<\/strong><\/h2>\n\n\n\n<hr class=\"wp-block-separator has-text-color has-contrast-color has-alpha-channel-opacity has-contrast-background-color has-background is-style-wide is-style-wide--1\"\/>\n\n\n\n<ul class=\"wp-block-list\">\n<li class=\"has-contrast-color has-text-color has-link-color wp-elements-960b85111066368c9ac0a2ada67e722c\">Nos camping-cars peuvent accueillir de 1 \u00e0 7 personnes, selon le mod\u00e8le.<\/li>\n<\/ul>\n<\/div>\n<\/div>\n<\/div>\n<\/div>\n\n\n\n<div class=\"wp-block-columns is-layout-flex wp-container-core-columns-is-layout-28f84493 wp-block-columns-is-layout-flex\">\n<div class=\"wp-block-column is-layout-flow wp-block-column-is-layout-flow\" style=\"flex-basis:100%\">\n<div class=\"wp-block-group has-global-padding is-content-justification-left is-layout-constrained wp-container-core-group-is-layout-12dd3699 wp-block-group-is-layout-constrained\">\n<hr class=\"wp-block-separator has-alpha-channel-opacity\" style=\"margin-top:var(--wp--preset--spacing--30);margin-bottom:var(--wp--preset--spacing--30)\"\/>\n\n\n\n<h2 class=\"wp-block-heading has-contrast-color has-text-color has-link-color wp-elements-6f2f8c8946cb689cebdb6fa67e380426\"><strong><strong>Types de camping-cars disponibles :<\/strong><\/strong><\/h2>\n\n\n\n<hr class=\"wp-block-separator has-text-color has-contrast-color has-alpha-channel-opacity has-contrast-background-color has-background is-style-wide is-style-wide--2\"\/>\n\n\n\n<ul class=\"wp-block-list\">\n<li class=\"has-contrast-color has-text-color has-link-color wp-elements-6b92b80cd3d44b83b6a1ca331e9ddaaa\">Van<\/li>\n\n\n\n<li>Semi-int\u00e9gr\u00e9 (design \u00e9l\u00e9gant et discret)<\/li>\n\n\n\n<li>Int\u00e9gr\u00e9 (mod\u00e8le de luxe pleine grandeur)<\/li>\n\n\n\n<li class=\"has-contrast-color has-text-color has-link-color wp-elements-f1a76442eaab07f3465334e0fc5be469\">Alc\u00f4ve (comprend un espace de couchage\/mezzanine au-dessus de la cabine)<\/li>\n<\/ul>\n<\/div>\n<\/div>\n<\/div>\n\n\n\n<div class=\"wp-block-columns is-layout-flex wp-container-core-columns-is-layout-28f84493 wp-block-columns-is-layout-flex\">\n<div class=\"wp-block-column is-layout-flow wp-block-column-is-layout-flow\">\n<hr class=\"wp-block-separator has-alpha-channel-opacity\" style=\"margin-top:0;margin-bottom:0\"\/>\n\n\n\n<h2 class=\"wp-block-heading has-contrast-color has-text-color has-link-color wp-elements-fa84808420bb4a1932f43cfd5d37c40e\"><strong>Commodit\u00e9s suppl\u00e9mentaires<\/strong><\/h2>\n\n\n\n<hr class=\"wp-block-separator has-text-color has-contrast-color has-alpha-channel-opacity has-contrast-background-color has-background is-style-wide is-style-wide--3\"\/>\n\n\n\n<ul class=\"wp-block-list has-contrast-color has-text-color has-link-color wp-elements-1295def293101194e205bf0282890e8e\">\n<li>Chaises et tables de camping<\/li>\n\n\n\n<li>Literie confortable<\/li>\n\n\n\n<li>Serviettes propres<\/li>\n\n\n\n<li>Guides touristiques<\/li>\n\n\n\n<li>G\u00e9n\u00e9rateur<\/li>\n\n\n\n<li>Si\u00e8ges enfants<\/li>\n\n\n\n<li>Transfert depuis\/vers l&#8217;a\u00e9roport ou l&#8217;h\u00f4tel jusqu&#8217;\u00e0 la base du camping-car<\/li>\n<\/ul>\n\n\n\n<hr class=\"wp-block-separator has-alpha-channel-opacity\" style=\"margin-top:var(--wp--preset--spacing--30);margin-bottom:var(--wp--preset--spacing--30)\"\/>\n<\/div>\n<\/div>\n<\/main>\n<\/details>\n<\/div>\n\n\n\n<main class=\"wp-block-group has-global-padding is-layout-constrained wp-container-core-group-is-layout-3dcc211d wp-block-group-is-layout-constrained\" style=\"margin-top:var(--wp--preset--spacing--60)\">\n<div class=\"wp-block-columns is-layout-flex wp-container-core-columns-is-layout-28f84493 wp-block-columns-is-layout-flex\">\n<div class=\"wp-block-column is-layout-flow wp-block-column-is-layout-flow\">\n<hr class=\"wp-block-separator has-alpha-channel-opacity\" style=\"margin-top:var(--wp--preset--spacing--30);margin-bottom:var(--wp--preset--spacing--30)\"\/>\n\n\n\n<h2 class=\"wp-block-heading has-contrast-color has-text-color has-link-color wp-elements-16291119a9685d52e8da61734c55b506\">D\u00e9couvrez la Gr\u00e8ce avec votre camping-car \u2014 avec le soutien d&#8217;Adventture-Greece<\/h2>\n\n\n\n<hr class=\"wp-block-separator has-text-color has-contrast-color has-alpha-channel-opacity has-contrast-background-color has-background\"\/>\n\n\n\n<p class=\"has-contrast-color has-text-color has-link-color wp-elements-f7246219f8ff5b832cb1cc22dd008c56\">Voyagez librement \u00e0 travers la Gr\u00e8ce avec votre propre camping-car, et laissez-nous nous occuper du reste. Gr\u00e2ce \u00e0 notre connaissance approfondie de la r\u00e9gion, nous cr\u00e9ons votre itin\u00e9raire personnalis\u00e9 : o\u00f9 aller, quoi voir, o\u00f9 s&#8217;arr\u00eater et ce qui m\u00e9rite vraiment votre attention. Nous vous proposons des itin\u00e9raires fiables, des suggestions de campings et d&#8217;h\u00e9bergements, les incontournables locaux et des exp\u00e9riences privil\u00e9gi\u00e9es loin des sentiers battus. Tout au long de votre voyage, notre \u00e9quipe vous offre une assistance 24h\/24, qu&#8217;il s&#8217;agisse de simples informations touristiques ou d&#8217;une aide en cas de probl\u00e8me sur la route. Vous profitez de la libert\u00e9 de voyager. Nous vous apportons les connaissances, l&#8217;organisation et la tranquillit\u00e9 d&#8217;esprit qui vous permettent de voyager sans souci.<\/p>\n<\/div>\n\n\n\n<div class=\"wp-block-column is-layout-flow wp-block-column-is-layout-flow\" style=\"flex-basis:33%\">\n<figure class=\"wp-block-image size-full is-style-rounded\" style=\"margin-top:0;margin-bottom:0\"><img loading=\"lazy\" decoding=\"async\" width=\"567\" height=\"520\" src=\"https:\/\/adventture-greece.com\/wp-content\/uploads\/2025\/09\/rvcar2-1.png\" alt=\"\" class=\"wp-image-991\" srcset=\"https:\/\/adventture-greece.com\/wp-content\/uploads\/2025\/09\/rvcar2-1.png 567w, https:\/\/adventture-greece.com\/wp-content\/uploads\/2025\/09\/rvcar2-1-300x275.png 300w\" sizes=\"auto, (max-width: 567px) 100vw, 567px\" \/><\/figure>\n<\/div>\n<\/div>\n<\/main>\n\n\n<div class=\"wp-block-group has-global-padding is-content-justification-center is-layout-constrained wp-block-group-is-layout-constrained\">\n<div class=\"wp-block-group has-background is-content-justification-center is-layout-flex wp-container-core-group-is-layout-acf4123b wp-block-group-is-layout-flex\" style=\"border-radius:15px;background-color:#0b112405;padding-top:var(--wp--preset--spacing--20);padding-right:var(--wp--preset--spacing--20);padding-bottom:0;padding-left:var(--wp--preset--spacing--20);font-style:normal;font-weight:500\">\n<p class=\"has-contrast-color has-text-color has-link-color wp-elements-400be769280be3fc29edf0e105fe5591\" style=\"margin-top:0;margin-right:0;margin-bottom:0;margin-left:0;padding-top:0;padding-right:0;padding-bottom:0;padding-left:0;font-style:normal;font-weight:600\">D\u00e9couvrez les services suppl\u00e9mentaires que nous proposons<\/p>\n\n\n\n<div class=\"wp-block-buttons is-content-justification-center is-layout-flex wp-container-core-buttons-is-layout-5ecdc608 wp-block-buttons-is-layout-flex\" style=\"margin-top:var(--wp--preset--spacing--30);margin-bottom:var(--wp--preset--spacing--30);padding-top:0;padding-right:0;padding-bottom:0;padding-left:0\">\n<div class=\"wp-block-button\"><a class=\"wp-block-button__link has-background wp-element-button\" href=\"https:\/\/adventture-greece.com\/fr\/extra\/\" style=\"border-radius:100px;background-color:#0b1124;padding-top:var(--wp--preset--spacing--20);padding-right:var(--wp--preset--spacing--60);padding-bottom:var(--wp--preset--spacing--20);padding-left:var(--wp--preset--spacing--60)\">Extras<\/a><\/div>\n<\/div>\n<\/div>\n<\/div>\n\n<div class=\"wp-block-group has-global-padding is-layout-constrained wp-container-core-group-is-layout-4f9f0532 wp-block-group-is-layout-constrained\">\n<div class=\"wp-block-group has-background is-vertical is-content-justification-center is-layout-flex wp-container-core-group-is-layout-0fd9515a wp-block-group-is-layout-flex\" style=\"border-radius:15px;background-color:#0b112405;margin-top:0;margin-bottom:0;padding-top:var(--wp--preset--spacing--30);padding-right:var(--wp--preset--spacing--20);padding-bottom:var(--wp--preset--spacing--30);padding-left:var(--wp--preset--spacing--20)\">\n<p class=\"has-contrast-color has-text-color has-link-color wp-elements-558e0059f7495d90936030871750ae12\" style=\"padding-top:0;padding-right:0;padding-bottom:0;padding-left:0;font-style:normal;font-weight:600\">Vous y r\u00e9fl\u00e9chissez ou vous avez des questions ? Remplissez le formulaire de demande et nous vous contacterons pour vous fournir toutes les informations dont vous pourriez avoir besoin !<\/p>\n\n\n\n<div class=\"wp-block-buttons is-content-justification-center is-layout-flex wp-container-core-buttons-is-layout-80259c74 wp-block-buttons-is-layout-flex\" style=\"margin-top:var(--wp--preset--spacing--20);margin-bottom:var(--wp--preset--spacing--20);padding-top:0;padding-right:0;padding-bottom:0;padding-left:0\">\n<div class=\"wp-block-button\"><a class=\"wp-block-button__link has-background wp-element-button\" href=\"https:\/\/adventture-greece.com\/fr\/reservation\/\" style=\"background-color:#0b1124;padding-top:var(--wp--preset--spacing--20);padding-right:45px;padding-bottom:var(--wp--preset--spacing--20);padding-left:45px\">Formulaire de demande<\/a><\/div>\n<\/div>\n<\/div>\n<\/div>","protected":false},"excerpt":{"rendered":"<p>Vous cherchez \u00e0 louer un camping-car ? La Gr\u00e8ce est l&#8217;endroit id\u00e9al pour essayer un camping-car. Gr\u00e2ce \u00e0 des points de retrait pratiques situ\u00e9s \u00e0 proximit\u00e9 des principaux a\u00e9roports, vous pouvez commencer votre aventure d\u00e8s votre atterrissage. Faites-nous part de vos pr\u00e9f\u00e9rences et nous vous proposerons un circuit sur mesure. Nos camping-cars enti\u00e8rement \u00e9quip\u00e9s comprennent [&hellip;]<\/p>\n","protected":false},"author":2,"featured_media":0,"parent":0,"menu_order":0,"comment_status":"closed","ping_status":"closed","template":"","meta":{"_glsr_average":0,"_glsr_ranking":0,"_glsr_reviews":0,"footnotes":""},"class_list":["post-305","page","type-page","status-publish","hentry"],"_links":{"self":[{"href":"https:\/\/adventture-greece.com\/fr\/wp-json\/wp\/v2\/pages\/305","targetHints":{"allow":["GET"]}}],"collection":[{"href":"https:\/\/adventture-greece.com\/fr\/wp-json\/wp\/v2\/pages"}],"about":[{"href":"https:\/\/adventture-greece.com\/fr\/wp-json\/wp\/v2\/types\/page"}],"author":[{"embeddable":true,"href":"https:\/\/adventture-greece.com\/fr\/wp-json\/wp\/v2\/users\/2"}],"replies":[{"embeddable":true,"href":"https:\/\/adventture-greece.com\/fr\/wp-json\/wp\/v2\/comments?post=305"}],"version-history":[{"count":7,"href":"https:\/\/adventture-greece.com\/fr\/wp-json\/wp\/v2\/pages\/305\/revisions"}],"predecessor-version":[{"id":3745,"href":"https:\/\/adventture-greece.com\/fr\/wp-json\/wp\/v2\/pages\/305\/revisions\/3745"}],"wp:attachment":[{"href":"https:\/\/adventture-greece.com\/fr\/wp-json\/wp\/v2\/media?parent=305"}],"curies":[{"name":"wp","href":"https:\/\/api.w.org\/{rel}","templated":true}]}}