{"id":1706,"date":"2025-09-25T15:56:19","date_gmt":"2025-09-25T15:56:19","guid":{"rendered":"https:\/\/adventture-greece.com\/?page_id=1706"},"modified":"2025-12-01T20:09:14","modified_gmt":"2025-12-01T20:09:14","slug":"route-planner","status":"publish","type":"page","link":"https:\/\/adventture-greece.com\/fr\/route-planner\/","title":{"rendered":"ROUTE PLANNER"},"content":{"rendered":"\n<hr class=\"wp-block-separator has-alpha-channel-opacity\"\/>\n\n\n\n<main class=\"wp-block-group has-global-padding is-layout-constrained wp-container-core-group-is-layout-3dcc211d wp-block-group-is-layout-constrained\" style=\"margin-top:var(--wp--preset--spacing--60)\">\n<div class=\"wp-block-columns is-layout-flex wp-container-core-columns-is-layout-28f84493 wp-block-columns-is-layout-flex\">\n<div class=\"wp-block-column is-layout-flow wp-block-column-is-layout-flow\" style=\"flex-basis:30%\">\n<figure class=\"wp-block-image size-full has-custom-border\"><img loading=\"lazy\" decoding=\"async\" width=\"2560\" height=\"1707\" src=\"https:\/\/adventture-greece.com\/wp-content\/uploads\/2025\/09\/pexels-jill-wellington-1638660-40815-scaled.jpg\" alt=\"\" class=\"wp-image-1866\" style=\"border-radius:100px;aspect-ratio:4\/3;object-fit:cover\" srcset=\"https:\/\/adventture-greece.com\/wp-content\/uploads\/2025\/09\/pexels-jill-wellington-1638660-40815-scaled.jpg 2560w, https:\/\/adventture-greece.com\/wp-content\/uploads\/2025\/09\/pexels-jill-wellington-1638660-40815-300x200.jpg 300w, https:\/\/adventture-greece.com\/wp-content\/uploads\/2025\/09\/pexels-jill-wellington-1638660-40815-1024x683.jpg 1024w, https:\/\/adventture-greece.com\/wp-content\/uploads\/2025\/09\/pexels-jill-wellington-1638660-40815-768x512.jpg 768w, https:\/\/adventture-greece.com\/wp-content\/uploads\/2025\/09\/pexels-jill-wellington-1638660-40815-1536x1024.jpg 1536w, https:\/\/adventture-greece.com\/wp-content\/uploads\/2025\/09\/pexels-jill-wellington-1638660-40815-2048x1365.jpg 2048w\" sizes=\"auto, (max-width: 2560px) 100vw, 2560px\" \/><\/figure>\n<\/div>\n\n\n\n<div class=\"wp-block-column is-layout-flow wp-block-column-is-layout-flow\">\n<hr class=\"wp-block-separator has-alpha-channel-opacity\" style=\"margin-top:var(--wp--preset--spacing--30);margin-bottom:var(--wp--preset--spacing--30)\"\/>\n\n\n\n<h2 class=\"wp-block-heading has-contrast-color has-text-color has-link-color wp-elements-2dd48826e5363e9e9a6a25b388e86a02\">Laissez-nous planifier votre voyage<\/h2>\n\n\n\n<hr class=\"wp-block-separator has-text-color has-contrast-color has-alpha-channel-opacity has-contrast-background-color has-background\"\/>\n\n\n\n<p class=\"has-contrast-color has-text-color has-link-color wp-elements-d1e82bbd30ca969f3582277b7a79d2b7\">Si vous \u00eates en Gr\u00e8ce ou pr\u00e9voyez un voyage, laissez-nous vous guider vers les exp\u00e9riences les plus inoubliables de votre vie. Nous vous sugg\u00e9rerons avec expertise les lieux \u00e0 visiter et planifierons tous les itin\u00e9raires afin que vous ne perdiez pas une minute.<\/p>\n<\/div>\n<\/div>\n<\/main>\n\n\n\n<main class=\"wp-block-group has-global-padding is-layout-constrained wp-container-core-group-is-layout-3dcc211d wp-block-group-is-layout-constrained\" style=\"margin-top:var(--wp--preset--spacing--60)\">\n<div class=\"wp-block-columns is-layout-flex wp-container-core-columns-is-layout-28f84493 wp-block-columns-is-layout-flex\">\n<div class=\"wp-block-column is-layout-flow wp-block-column-is-layout-flow\">\n<hr class=\"wp-block-separator has-alpha-channel-opacity\" style=\"margin-top:var(--wp--preset--spacing--30);margin-bottom:var(--wp--preset--spacing--30)\"\/>\n\n\n\n<h2 class=\"wp-block-heading has-contrast-color has-text-color has-link-color wp-elements-14098f3b08e689d892413b0b5ae4682d\">Personnalis\u00e9 selon vos go\u00fbts<\/h2>\n\n\n\n<hr class=\"wp-block-separator has-text-color has-contrast-color has-alpha-channel-opacity has-contrast-background-color has-background\"\/>\n\n\n\n<p class=\"has-contrast-color has-text-color has-link-color wp-elements-eb0642e207aeacc53feb507bce94f51f\">Vous nous faites part de vos pr\u00e9f\u00e9rences et nous les r\u00e9alisons.<\/p>\n<\/div>\n\n\n\n<div class=\"wp-block-column is-layout-flow wp-block-column-is-layout-flow\" style=\"flex-basis:30%\">\n<figure class=\"wp-block-image size-full has-custom-border\"><img loading=\"lazy\" decoding=\"async\" width=\"2560\" height=\"1920\" src=\"https:\/\/adventture-greece.com\/wp-content\/uploads\/2025\/09\/pexels-ninauhlikova-725255-scaled.jpg\" alt=\"\" class=\"wp-image-1867\" style=\"border-radius:100px;aspect-ratio:4\/3;object-fit:cover\" srcset=\"https:\/\/adventture-greece.com\/wp-content\/uploads\/2025\/09\/pexels-ninauhlikova-725255-scaled.jpg 2560w, https:\/\/adventture-greece.com\/wp-content\/uploads\/2025\/09\/pexels-ninauhlikova-725255-300x225.jpg 300w, https:\/\/adventture-greece.com\/wp-content\/uploads\/2025\/09\/pexels-ninauhlikova-725255-1024x768.jpg 1024w, https:\/\/adventture-greece.com\/wp-content\/uploads\/2025\/09\/pexels-ninauhlikova-725255-768x576.jpg 768w, https:\/\/adventture-greece.com\/wp-content\/uploads\/2025\/09\/pexels-ninauhlikova-725255-1536x1152.jpg 1536w, https:\/\/adventture-greece.com\/wp-content\/uploads\/2025\/09\/pexels-ninauhlikova-725255-2048x1536.jpg 2048w\" sizes=\"auto, (max-width: 2560px) 100vw, 2560px\" \/><\/figure>\n<\/div>\n<\/div>\n<\/main>\n\n\n<div class=\"wp-block-group has-global-padding is-content-justification-center is-layout-constrained wp-block-group-is-layout-constrained\">\n<div class=\"wp-block-group has-background is-content-justification-center is-layout-flex wp-container-core-group-is-layout-acf4123b wp-block-group-is-layout-flex\" style=\"border-radius:15px;background-color:#0b112405;padding-top:var(--wp--preset--spacing--20);padding-right:var(--wp--preset--spacing--20);padding-bottom:0;padding-left:var(--wp--preset--spacing--20);font-style:normal;font-weight:500\">\n<p class=\"has-contrast-color has-text-color has-link-color wp-elements-400be769280be3fc29edf0e105fe5591\" style=\"margin-top:0;margin-right:0;margin-bottom:0;margin-left:0;padding-top:0;padding-right:0;padding-bottom:0;padding-left:0;font-style:normal;font-weight:600\">D\u00e9couvrez les services suppl\u00e9mentaires que nous proposons<\/p>\n\n\n\n<div class=\"wp-block-buttons is-content-justification-center is-layout-flex wp-container-core-buttons-is-layout-5ecdc608 wp-block-buttons-is-layout-flex\" style=\"margin-top:var(--wp--preset--spacing--30);margin-bottom:var(--wp--preset--spacing--30);padding-top:0;padding-right:0;padding-bottom:0;padding-left:0\">\n<div class=\"wp-block-button\"><a class=\"wp-block-button__link has-background wp-element-button\" href=\"https:\/\/adventture-greece.com\/fr\/extra\/\" style=\"border-radius:100px;background-color:#0b1124;padding-top:var(--wp--preset--spacing--20);padding-right:var(--wp--preset--spacing--60);padding-bottom:var(--wp--preset--spacing--20);padding-left:var(--wp--preset--spacing--60)\">Extras<\/a><\/div>\n<\/div>\n<\/div>\n<\/div>\n\n<div class=\"wp-block-group has-global-padding is-layout-constrained wp-container-core-group-is-layout-4f9f0532 wp-block-group-is-layout-constrained\">\n<div class=\"wp-block-group has-background is-vertical is-content-justification-center is-layout-flex wp-container-core-group-is-layout-0fd9515a wp-block-group-is-layout-flex\" style=\"border-radius:15px;background-color:#0b112405;margin-top:0;margin-bottom:0;padding-top:var(--wp--preset--spacing--30);padding-right:var(--wp--preset--spacing--20);padding-bottom:var(--wp--preset--spacing--30);padding-left:var(--wp--preset--spacing--20)\">\n<p class=\"has-contrast-color has-text-color has-link-color wp-elements-558e0059f7495d90936030871750ae12\" style=\"padding-top:0;padding-right:0;padding-bottom:0;padding-left:0;font-style:normal;font-weight:600\">Vous y r\u00e9fl\u00e9chissez ou vous avez des questions ? Remplissez le formulaire de demande et nous vous contacterons pour vous fournir toutes les informations dont vous pourriez avoir besoin !<\/p>\n\n\n\n<div class=\"wp-block-buttons is-content-justification-center is-layout-flex wp-container-core-buttons-is-layout-80259c74 wp-block-buttons-is-layout-flex\" style=\"margin-top:var(--wp--preset--spacing--20);margin-bottom:var(--wp--preset--spacing--20);padding-top:0;padding-right:0;padding-bottom:0;padding-left:0\">\n<div class=\"wp-block-button\"><a class=\"wp-block-button__link has-background wp-element-button\" href=\"https:\/\/adventture-greece.com\/fr\/reservation\/\" style=\"background-color:#0b1124;padding-top:var(--wp--preset--spacing--20);padding-right:45px;padding-bottom:var(--wp--preset--spacing--20);padding-left:45px\">Formulaire de demande<\/a><\/div>\n<\/div>\n<\/div>\n<\/div>","protected":false},"excerpt":{"rendered":"<p>Laissez-nous planifier votre voyage Si vous \u00eates en Gr\u00e8ce ou pr\u00e9voyez un voyage, laissez-nous vous guider vers les exp\u00e9riences les plus inoubliables de votre vie. Nous vous sugg\u00e9rerons avec expertise les lieux \u00e0 visiter et planifierons tous les itin\u00e9raires afin que vous ne perdiez pas une minute. Personnalis\u00e9 selon vos go\u00fbts Vous nous faites part [&hellip;]<\/p>\n","protected":false},"author":2,"featured_media":0,"parent":0,"menu_order":0,"comment_status":"closed","ping_status":"closed","template":"","meta":{"_glsr_average":0,"_glsr_ranking":0,"_glsr_reviews":0,"footnotes":""},"class_list":["post-1706","page","type-page","status-publish","hentry"],"_links":{"self":[{"href":"https:\/\/adventture-greece.com\/fr\/wp-json\/wp\/v2\/pages\/1706","targetHints":{"allow":["GET"]}}],"collection":[{"href":"https:\/\/adventture-greece.com\/fr\/wp-json\/wp\/v2\/pages"}],"about":[{"href":"https:\/\/adventture-greece.com\/fr\/wp-json\/wp\/v2\/types\/page"}],"author":[{"embeddable":true,"href":"https:\/\/adventture-greece.com\/fr\/wp-json\/wp\/v2\/users\/2"}],"replies":[{"embeddable":true,"href":"https:\/\/adventture-greece.com\/fr\/wp-json\/wp\/v2\/comments?post=1706"}],"version-history":[{"count":10,"href":"https:\/\/adventture-greece.com\/fr\/wp-json\/wp\/v2\/pages\/1706\/revisions"}],"predecessor-version":[{"id":3797,"href":"https:\/\/adventture-greece.com\/fr\/wp-json\/wp\/v2\/pages\/1706\/revisions\/3797"}],"wp:attachment":[{"href":"https:\/\/adventture-greece.com\/fr\/wp-json\/wp\/v2\/media?parent=1706"}],"curies":[{"name":"wp","href":"https:\/\/api.w.org\/{rel}","templated":true}]}}