{"id":1525,"date":"2025-09-23T17:24:11","date_gmt":"2025-09-23T17:24:11","guid":{"rendered":"https:\/\/adventture-greece.com\/?page_id=1525"},"modified":"2025-11-17T17:38:30","modified_gmt":"2025-11-17T17:38:30","slug":"winter-adventure","status":"publish","type":"page","link":"https:\/\/adventture-greece.com\/fr\/winter-adventure\/","title":{"rendered":"WINTER ADVENTURE"},"content":{"rendered":"\n<hr class=\"wp-block-separator has-alpha-channel-opacity\" style=\"margin-top:var(--wp--preset--spacing--30);margin-bottom:var(--wp--preset--spacing--30)\"\/>\n\n\n\n<div class=\"wp-block-group has-global-padding is-layout-constrained wp-container-core-group-is-layout-4f9f0532 wp-block-group-is-layout-constrained\">\n<div class=\"wp-block-columns is-layout-flex wp-container-core-columns-is-layout-28f84493 wp-block-columns-is-layout-flex\">\n<div class=\"wp-block-column is-layout-flow wp-block-column-is-layout-flow\" style=\"flex-basis:30%\">\n<figure class=\"wp-block-image size-large is-style-rounded\" style=\"margin-top:var(--wp--preset--spacing--30);margin-bottom:var(--wp--preset--spacing--30)\"><img loading=\"lazy\" decoding=\"async\" width=\"1024\" height=\"583\" src=\"https:\/\/adventture-greece.com\/wp-content\/uploads\/2025\/09\/image-1024x583.jpg\" alt=\"\" class=\"wp-image-1869\" style=\"aspect-ratio:4\/3;object-fit:cover\" srcset=\"https:\/\/adventture-greece.com\/wp-content\/uploads\/2025\/09\/image-1024x583.jpg 1024w, https:\/\/adventture-greece.com\/wp-content\/uploads\/2025\/09\/image-300x171.jpg 300w, https:\/\/adventture-greece.com\/wp-content\/uploads\/2025\/09\/image-768x437.jpg 768w, https:\/\/adventture-greece.com\/wp-content\/uploads\/2025\/09\/image-1536x874.jpg 1536w, https:\/\/adventture-greece.com\/wp-content\/uploads\/2025\/09\/image-2048x1165.jpg 2048w\" sizes=\"auto, (max-width: 1024px) 100vw, 1024px\" \/><\/figure>\n<\/div>\n\n\n\n<div class=\"wp-block-column is-layout-flow wp-block-column-is-layout-flow\">\n<hr class=\"wp-block-separator has-alpha-channel-opacity\" style=\"margin-top:var(--wp--preset--spacing--30);margin-bottom:var(--wp--preset--spacing--30)\"\/>\n\n\n\n<h2 class=\"wp-block-heading has-contrast-color has-text-color has-link-color wp-elements-8cbd1392efe477d02895e93d31d8c2d1\">Envie de d\u00e9valer les pistes ?<\/h2>\n\n\n\n<hr class=\"wp-block-separator has-text-color has-contrast-color has-alpha-channel-opacity has-contrast-background-color has-background\"\/>\n\n\n\n<p class=\"has-contrast-color has-text-color has-link-color wp-elements-611271d06e48433c4638b6a40b50c2c3\">La Gr\u00e8ce est peut-\u00eatre c\u00e9l\u00e8bre pour ses \u00eeles, mais ses montagnes continentales se transforment en un paradis hivernal avec des stations de ski de classe mondiale. D\u00e9couvrez les sensations fortes du ski et du snowboard sur des pistes telles que celles du mont Parnasse, de Kalavryta et d&#8217;autres montagnes, qui offrent une vari\u00e9t\u00e9 de pistes pour tous les niveaux. Vous y trouverez des installations bien entretenues, une neige de haute qualit\u00e9 et l&#8217;occasion unique de skier avec une vue imprenable sur la mer au loin. Nous pouvons vous organiser une exp\u00e9rience alpine compl\u00e8te, de la location de mat\u00e9riel aux forfaits de remont\u00e9es m\u00e9caniques, le tout avec l&#8217;hospitalit\u00e9 chaleureuse qui fait la renomm\u00e9e de la Gr\u00e8ce.<\/p>\n<\/div>\n<\/div>\n<\/div>\n\n\n\n<div class=\"wp-block-group has-global-padding is-layout-constrained wp-container-core-group-is-layout-4f9f0532 wp-block-group-is-layout-constrained\">\n<div class=\"wp-block-columns is-layout-flex wp-container-core-columns-is-layout-28f84493 wp-block-columns-is-layout-flex\">\n<div class=\"wp-block-column is-layout-flow wp-block-column-is-layout-flow\">\n<hr class=\"wp-block-separator has-alpha-channel-opacity\" style=\"margin-top:var(--wp--preset--spacing--30);margin-bottom:var(--wp--preset--spacing--30)\"\/>\n\n\n\n<h2 class=\"wp-block-heading has-contrast-color has-text-color has-link-color wp-elements-938d24fed95b9ae7c87c688207b3ec23\">Escapades douillettes ?<\/h2>\n\n\n\n<hr class=\"wp-block-separator has-text-color has-contrast-color has-alpha-channel-opacity has-contrast-background-color has-background\"\/>\n\n\n\n<p class=\"has-contrast-color has-text-color has-link-color wp-elements-00f8e80208aa1cb7f3b5839cc563c91d\">Au-del\u00e0 des activit\u00e9s sur les pistes, l&#8217;hiver grec offre une escapade tranquille dans un monde de villages de montagne accueillants et de paysages enneig\u00e9s sereins. Installez-vous dans une maison d&#8217;h\u00f4tes traditionnelle en pierre avec une chemin\u00e9e cr\u00e9pitante, o\u00f9 vous pourrez vous d\u00e9tendre et vous reposer apr\u00e8s une journ\u00e9e d&#8217;aventure. D\u00e9gustez une cuisine locale riche, accompagn\u00e9e de vins et spiritueux r\u00e9gionaux, dans de charmantes tavernes. La tranquillit\u00e9 de la Gr\u00e8ce en hiver, sans la foule estivale, offre un cadre id\u00e9al pour une escapade paisible et profond\u00e9ment r\u00e9paratrice.<\/p>\n<\/div>\n\n\n\n<div class=\"wp-block-column is-layout-flow wp-block-column-is-layout-flow\" style=\"flex-basis:30%\">\n<figure class=\"wp-block-image size-full is-style-rounded\" style=\"margin-top:var(--wp--preset--spacing--30);margin-bottom:var(--wp--preset--spacing--30)\"><img loading=\"lazy\" decoding=\"async\" width=\"553\" height=\"750\" src=\"https:\/\/adventture-greece.com\/wp-content\/uploads\/2025\/09\/exoteriko-tzaki2.jpg\" alt=\"\" class=\"wp-image-3114\" style=\"aspect-ratio:4\/3;object-fit:cover\" srcset=\"https:\/\/adventture-greece.com\/wp-content\/uploads\/2025\/09\/exoteriko-tzaki2.jpg 553w, https:\/\/adventture-greece.com\/wp-content\/uploads\/2025\/09\/exoteriko-tzaki2-221x300.jpg 221w\" sizes=\"auto, (max-width: 553px) 100vw, 553px\" \/><\/figure>\n<\/div>\n<\/div>\n<\/div>\n\n\n\n<div class=\"wp-block-group has-global-padding is-layout-constrained wp-container-core-group-is-layout-4f9f0532 wp-block-group-is-layout-constrained\">\n<div class=\"wp-block-columns is-layout-flex wp-container-core-columns-is-layout-28f84493 wp-block-columns-is-layout-flex\">\n<div class=\"wp-block-column is-layout-flow wp-block-column-is-layout-flow\" style=\"flex-basis:30%\">\n<figure class=\"wp-block-image size-large is-style-rounded\" style=\"margin-top:var(--wp--preset--spacing--30);margin-bottom:var(--wp--preset--spacing--30)\"><img loading=\"lazy\" decoding=\"async\" width=\"768\" height=\"1024\" src=\"https:\/\/adventture-greece.com\/wp-content\/uploads\/2025\/09\/winter3-768x1024.jpg\" alt=\"\" class=\"wp-image-1572\" style=\"aspect-ratio:4\/3;object-fit:cover\" srcset=\"https:\/\/adventture-greece.com\/wp-content\/uploads\/2025\/09\/winter3-768x1024.jpg 768w, https:\/\/adventture-greece.com\/wp-content\/uploads\/2025\/09\/winter3-225x300.jpg 225w, https:\/\/adventture-greece.com\/wp-content\/uploads\/2025\/09\/winter3-1152x1536.jpg 1152w, https:\/\/adventture-greece.com\/wp-content\/uploads\/2025\/09\/winter3-1536x2048.jpg 1536w, https:\/\/adventture-greece.com\/wp-content\/uploads\/2025\/09\/winter3-scaled.jpg 1920w\" sizes=\"auto, (max-width: 768px) 100vw, 768px\" \/><\/figure>\n<\/div>\n\n\n\n<div class=\"wp-block-column is-layout-flow wp-block-column-is-layout-flow\">\n<hr class=\"wp-block-separator has-alpha-channel-opacity\" style=\"margin-top:var(--wp--preset--spacing--30);margin-bottom:var(--wp--preset--spacing--30)\"\/>\n\n\n\n<h2 class=\"wp-block-heading has-contrast-color has-text-color has-link-color wp-elements-fb90c05853fd5adb24f8c925bcc7fb32\">Nature et aventure ?<\/h2>\n\n\n\n<hr class=\"wp-block-separator has-text-color has-contrast-color has-alpha-channel-opacity has-contrast-background-color has-background\"\/>\n\n\n\n<p class=\"has-contrast-color has-text-color has-link-color wp-elements-866227ffef217cecd72d5119348e007a\">Le paysage hivernal en Gr\u00e8ce invite \u00e0 une exploration d&#8217;un autre genre. Enfilez vos raquettes pour une randonn\u00e9e paisible \u00e0 travers les for\u00eats givr\u00e9es, ou partez \u00e0 la d\u00e9couverte de paysages naturels sereins et enneig\u00e9s. Les parcs nationaux et les gorges du pays prennent une dimension magique, presque mystique, pendant les mois froids, offrant une occasion unique de faire de la randonn\u00e9e et d&#8217;observer la faune sauvage. C&#8217;est l&#8217;occasion de d\u00e9couvrir une facette de la Gr\u00e8ce \u00e0 la fois majestueuse et totalement inattendue, en troquant les plages ensoleill\u00e9es contre des paysages alpins \u00e9poustouflants et l&#8217;air vif des montagnes.<\/p>\n<\/div>\n<\/div>\n<\/div>\n\n\n\n<div class=\"wp-block-group has-global-padding is-layout-constrained wp-container-core-group-is-layout-4f9f0532 wp-block-group-is-layout-constrained\">\n<div class=\"wp-block-columns is-layout-flex wp-container-core-columns-is-layout-28f84493 wp-block-columns-is-layout-flex\">\n<div class=\"wp-block-column is-layout-flow wp-block-column-is-layout-flow\">\n<hr class=\"wp-block-separator has-alpha-channel-opacity\" style=\"margin-top:var(--wp--preset--spacing--30);margin-bottom:var(--wp--preset--spacing--30)\"\/>\n\n\n\n<h2 class=\"wp-block-heading has-contrast-color has-text-color has-link-color wp-elements-d25987ee1f743b04731f3cf565a03eaf\">Planification et assistance par des experts<\/h2>\n\n\n\n<hr class=\"wp-block-separator has-text-color has-contrast-color has-alpha-channel-opacity has-contrast-background-color has-background\"\/>\n\n\n\n<p class=\"has-contrast-color has-text-color has-link-color wp-elements-a8710ce6313e70fc716c0b5707a7f675\">Pour que votre s\u00e9jour hivernal se d\u00e9roule sans encombre, notre \u00e9quipe vous offre un soutien complet du d\u00e9but \u00e0 la fin. Nous nous occupons de toute la logistique, y compris l&#8217;organisation du transport, la fourniture d&#8217;\u00e9quipements sp\u00e9cialis\u00e9s pour les activit\u00e9s que vous avez choisies et la mise en relation avec des guides de montagne certifi\u00e9s. Que vous soyez un skieur chevronn\u00e9 ou un novice en raquette, nos experts sont l\u00e0 pour vous garantir une exp\u00e9rience s\u00fbre, agr\u00e9able et parfaitement adapt\u00e9e \u00e0 vos besoins en mati\u00e8re d&#8217;aventures hivernales.<\/p>\n<\/div>\n\n\n\n<div class=\"wp-block-column is-layout-flow wp-block-column-is-layout-flow\" style=\"flex-basis:30%\">\n<figure class=\"wp-block-image size-full is-style-rounded\" style=\"margin-top:var(--wp--preset--spacing--30);margin-bottom:var(--wp--preset--spacing--30)\"><img loading=\"lazy\" decoding=\"async\" width=\"1000\" height=\"664\" src=\"https:\/\/adventture-greece.com\/wp-content\/uploads\/2025\/09\/livadisuite2.jpg\" alt=\"\" class=\"wp-image-3116\" style=\"aspect-ratio:4\/3;object-fit:cover\" srcset=\"https:\/\/adventture-greece.com\/wp-content\/uploads\/2025\/09\/livadisuite2.jpg 1000w, https:\/\/adventture-greece.com\/wp-content\/uploads\/2025\/09\/livadisuite2-300x199.jpg 300w, https:\/\/adventture-greece.com\/wp-content\/uploads\/2025\/09\/livadisuite2-768x510.jpg 768w\" sizes=\"auto, (max-width: 1000px) 100vw, 1000px\" \/><\/figure>\n<\/div>\n<\/div>\n<\/div>\n\n\n<div class=\"wp-block-group has-global-padding is-content-justification-center is-layout-constrained wp-block-group-is-layout-constrained\">\n<div class=\"wp-block-group has-background is-content-justification-center is-layout-flex wp-container-core-group-is-layout-acf4123b wp-block-group-is-layout-flex\" style=\"border-radius:15px;background-color:#0b112405;padding-top:var(--wp--preset--spacing--20);padding-right:var(--wp--preset--spacing--20);padding-bottom:0;padding-left:var(--wp--preset--spacing--20);font-style:normal;font-weight:500\">\n<p class=\"has-contrast-color has-text-color has-link-color wp-elements-400be769280be3fc29edf0e105fe5591\" style=\"margin-top:0;margin-right:0;margin-bottom:0;margin-left:0;padding-top:0;padding-right:0;padding-bottom:0;padding-left:0;font-style:normal;font-weight:600\">D\u00e9couvrez les services suppl\u00e9mentaires que nous proposons<\/p>\n\n\n\n<div class=\"wp-block-buttons is-content-justification-center is-layout-flex wp-container-core-buttons-is-layout-5ecdc608 wp-block-buttons-is-layout-flex\" style=\"margin-top:var(--wp--preset--spacing--30);margin-bottom:var(--wp--preset--spacing--30);padding-top:0;padding-right:0;padding-bottom:0;padding-left:0\">\n<div class=\"wp-block-button\"><a class=\"wp-block-button__link has-background wp-element-button\" href=\"https:\/\/adventture-greece.com\/fr\/extra\/\" style=\"border-radius:100px;background-color:#0b1124;padding-top:var(--wp--preset--spacing--20);padding-right:var(--wp--preset--spacing--60);padding-bottom:var(--wp--preset--spacing--20);padding-left:var(--wp--preset--spacing--60)\">Extras<\/a><\/div>\n<\/div>\n<\/div>\n<\/div>\n\n<div class=\"wp-block-group has-global-padding is-layout-constrained wp-container-core-group-is-layout-4f9f0532 wp-block-group-is-layout-constrained\">\n<div class=\"wp-block-group has-background is-vertical is-content-justification-center is-layout-flex wp-container-core-group-is-layout-0fd9515a wp-block-group-is-layout-flex\" style=\"border-radius:15px;background-color:#0b112405;margin-top:0;margin-bottom:0;padding-top:var(--wp--preset--spacing--30);padding-right:var(--wp--preset--spacing--20);padding-bottom:var(--wp--preset--spacing--30);padding-left:var(--wp--preset--spacing--20)\">\n<p class=\"has-contrast-color has-text-color has-link-color wp-elements-558e0059f7495d90936030871750ae12\" style=\"padding-top:0;padding-right:0;padding-bottom:0;padding-left:0;font-style:normal;font-weight:600\">Vous y r\u00e9fl\u00e9chissez ou vous avez des questions ? Remplissez le formulaire de demande et nous vous contacterons pour vous fournir toutes les informations dont vous pourriez avoir besoin !<\/p>\n\n\n\n<div class=\"wp-block-buttons is-content-justification-center is-layout-flex wp-container-core-buttons-is-layout-80259c74 wp-block-buttons-is-layout-flex\" style=\"margin-top:var(--wp--preset--spacing--20);margin-bottom:var(--wp--preset--spacing--20);padding-top:0;padding-right:0;padding-bottom:0;padding-left:0\">\n<div class=\"wp-block-button\"><a class=\"wp-block-button__link has-background wp-element-button\" href=\"https:\/\/adventture-greece.com\/fr\/reservation\/\" style=\"background-color:#0b1124;padding-top:var(--wp--preset--spacing--20);padding-right:45px;padding-bottom:var(--wp--preset--spacing--20);padding-left:45px\">Formulaire de demande<\/a><\/div>\n<\/div>\n<\/div>\n<\/div>","protected":false},"excerpt":{"rendered":"<p>Envie de d\u00e9valer les pistes ? La Gr\u00e8ce est peut-\u00eatre c\u00e9l\u00e8bre pour ses \u00eeles, mais ses montagnes continentales se transforment en un paradis hivernal avec des stations de ski de classe mondiale. D\u00e9couvrez les sensations fortes du ski et du snowboard sur des pistes telles que celles du mont Parnasse, de Kalavryta et d&#8217;autres montagnes, [&hellip;]<\/p>\n","protected":false},"author":4,"featured_media":0,"parent":0,"menu_order":0,"comment_status":"closed","ping_status":"closed","template":"","meta":{"_glsr_average":0,"_glsr_ranking":0,"_glsr_reviews":0,"footnotes":""},"class_list":["post-1525","page","type-page","status-publish","hentry"],"_links":{"self":[{"href":"https:\/\/adventture-greece.com\/fr\/wp-json\/wp\/v2\/pages\/1525","targetHints":{"allow":["GET"]}}],"collection":[{"href":"https:\/\/adventture-greece.com\/fr\/wp-json\/wp\/v2\/pages"}],"about":[{"href":"https:\/\/adventture-greece.com\/fr\/wp-json\/wp\/v2\/types\/page"}],"author":[{"embeddable":true,"href":"https:\/\/adventture-greece.com\/fr\/wp-json\/wp\/v2\/users\/4"}],"replies":[{"embeddable":true,"href":"https:\/\/adventture-greece.com\/fr\/wp-json\/wp\/v2\/comments?post=1525"}],"version-history":[{"count":7,"href":"https:\/\/adventture-greece.com\/fr\/wp-json\/wp\/v2\/pages\/1525\/revisions"}],"predecessor-version":[{"id":3733,"href":"https:\/\/adventture-greece.com\/fr\/wp-json\/wp\/v2\/pages\/1525\/revisions\/3733"}],"wp:attachment":[{"href":"https:\/\/adventture-greece.com\/fr\/wp-json\/wp\/v2\/media?parent=1525"}],"curies":[{"name":"wp","href":"https:\/\/api.w.org\/{rel}","templated":true}]}}