{"id":1240,"date":"2025-09-22T18:31:43","date_gmt":"2025-09-22T18:31:43","guid":{"rendered":"https:\/\/adventture-greece.com\/?page_id=1240"},"modified":"2025-11-17T17:15:31","modified_gmt":"2025-11-17T17:15:31","slug":"extra","status":"publish","type":"page","link":"https:\/\/adventture-greece.com\/fr\/extra\/","title":{"rendered":"Extra"},"content":{"rendered":"\n<hr class=\"wp-block-separator has-alpha-channel-opacity\"\/>\n\n\n\n<main class=\"wp-block-group has-global-padding is-layout-constrained wp-container-core-group-is-layout-3dcc211d wp-block-group-is-layout-constrained\" style=\"margin-top:var(--wp--preset--spacing--60)\">\n<div class=\"wp-block-columns is-layout-flex wp-container-core-columns-is-layout-28f84493 wp-block-columns-is-layout-flex\">\n<div class=\"wp-block-column is-layout-flow wp-block-column-is-layout-flow\" style=\"flex-basis:30%\">\n<figure class=\"wp-block-image size-full has-custom-border\"><img loading=\"lazy\" decoding=\"async\" width=\"960\" height=\"870\" src=\"https:\/\/adventture-greece.com\/wp-content\/uploads\/2025\/09\/vitooutside-e1759336676903.jpg\" alt=\"\" class=\"wp-image-2261\" style=\"border-radius:100px;aspect-ratio:1;object-fit:cover\" srcset=\"https:\/\/adventture-greece.com\/wp-content\/uploads\/2025\/09\/vitooutside-e1759336676903.jpg 960w, https:\/\/adventture-greece.com\/wp-content\/uploads\/2025\/09\/vitooutside-e1759336676903-300x272.jpg 300w, https:\/\/adventture-greece.com\/wp-content\/uploads\/2025\/09\/vitooutside-e1759336676903-768x696.jpg 768w\" sizes=\"auto, (max-width: 960px) 100vw, 960px\" \/><\/figure>\n<\/div>\n\n\n\n<div class=\"wp-block-column is-layout-flow wp-block-column-is-layout-flow\">\n<hr class=\"wp-block-separator has-alpha-channel-opacity\" style=\"margin-top:var(--wp--preset--spacing--30);margin-bottom:var(--wp--preset--spacing--30)\"\/>\n\n\n\n<h2 class=\"wp-block-heading has-contrast-color has-text-color has-link-color wp-elements-ff872f8fb70a68705fdbf0774b4d76df\">Service de navette depuis l&#8217;a\u00e9roport<\/h2>\n\n\n\n<hr class=\"wp-block-separator has-text-color has-contrast-color has-alpha-channel-opacity has-contrast-background-color has-background\"\/>\n\n\n\n<p class=\"has-contrast-color has-text-color has-link-color wp-elements-11decb41013e53ee72cc3327d70e99b8\">Vous en avez assez d&#8217;attendre le bus \u00e0 l&#8217;a\u00e9roport ? Alors il est temps d&#8217;utiliser notre service de navette a\u00e9roport, qui vous offre un moyen fiable de vous rendre de l&#8217;a\u00e9roport \u00e0 votre h\u00e9bergement et vice-versa.<\/p>\n<\/div>\n<\/div>\n<\/main>\n\n\n\n<main class=\"wp-block-group has-global-padding is-layout-constrained wp-container-core-group-is-layout-3dcc211d wp-block-group-is-layout-constrained\" style=\"margin-top:var(--wp--preset--spacing--60)\">\n<div class=\"wp-block-columns is-layout-flex wp-container-core-columns-is-layout-28f84493 wp-block-columns-is-layout-flex\">\n<div class=\"wp-block-column is-layout-flow wp-block-column-is-layout-flow\">\n<hr class=\"wp-block-separator has-alpha-channel-opacity\" style=\"margin-top:var(--wp--preset--spacing--30);margin-bottom:var(--wp--preset--spacing--30)\"\/>\n\n\n\n<h2 class=\"wp-block-heading has-contrast-color has-text-color has-link-color wp-elements-0e846f681e02934db7dd0423659dd354\">Services de transfert<\/h2>\n\n\n\n<hr class=\"wp-block-separator has-text-color has-contrast-color has-alpha-channel-opacity has-contrast-background-color has-background\"\/>\n\n\n\n<p class=\"has-contrast-color has-text-color has-link-color wp-elements-b957e9ef2a767c6a7349c263579f5138\">Vous pr\u00e9f\u00e9rez voyager sans aucun stress ? Alors vous appr\u00e9cierez certainement nos services de transfert VIP. Profitez de chaque instant dans le confort d&#8217;un v\u00e9hicule luxueux et laissez-nous vous conduire vers les destinations de vos r\u00eaves.<\/p>\n<\/div>\n\n\n\n<div class=\"wp-block-column is-layout-flow wp-block-column-is-layout-flow\" style=\"flex-basis:30%\">\n<figure class=\"wp-block-image size-full has-custom-border\" style=\"margin-top:var(--wp--preset--spacing--70);margin-bottom:0\"><img loading=\"lazy\" decoding=\"async\" width=\"720\" height=\"1280\" src=\"https:\/\/adventture-greece.com\/wp-content\/uploads\/2025\/09\/vitoinside.jpg\" alt=\"\" class=\"wp-image-2259\" style=\"border-radius:100px;aspect-ratio:4\/3;object-fit:cover\" srcset=\"https:\/\/adventture-greece.com\/wp-content\/uploads\/2025\/09\/vitoinside.jpg 720w, https:\/\/adventture-greece.com\/wp-content\/uploads\/2025\/09\/vitoinside-169x300.jpg 169w, https:\/\/adventture-greece.com\/wp-content\/uploads\/2025\/09\/vitoinside-576x1024.jpg 576w\" sizes=\"auto, (max-width: 720px) 100vw, 720px\" \/><\/figure>\n<\/div>\n<\/div>\n<\/main>\n\n\n\n<main class=\"wp-block-group has-global-padding is-layout-constrained wp-container-core-group-is-layout-3dcc211d wp-block-group-is-layout-constrained\" style=\"margin-top:var(--wp--preset--spacing--60)\">\n<div class=\"wp-block-columns is-layout-flex wp-container-core-columns-is-layout-28f84493 wp-block-columns-is-layout-flex\">\n<div class=\"wp-block-column is-layout-flow wp-block-column-is-layout-flow\" style=\"flex-basis:30%\">\n<figure class=\"wp-block-image size-full has-custom-border\"><img loading=\"lazy\" decoding=\"async\" width=\"2560\" height=\"1707\" src=\"https:\/\/adventture-greece.com\/wp-content\/uploads\/2025\/09\/pexels-efrem-efre-2786187-17394284-scaled.jpg\" alt=\"\" class=\"wp-image-1842\" style=\"border-radius:100px;aspect-ratio:1;object-fit:cover\" srcset=\"https:\/\/adventture-greece.com\/wp-content\/uploads\/2025\/09\/pexels-efrem-efre-2786187-17394284-scaled.jpg 2560w, https:\/\/adventture-greece.com\/wp-content\/uploads\/2025\/09\/pexels-efrem-efre-2786187-17394284-300x200.jpg 300w, https:\/\/adventture-greece.com\/wp-content\/uploads\/2025\/09\/pexels-efrem-efre-2786187-17394284-1024x683.jpg 1024w, https:\/\/adventture-greece.com\/wp-content\/uploads\/2025\/09\/pexels-efrem-efre-2786187-17394284-768x512.jpg 768w, https:\/\/adventture-greece.com\/wp-content\/uploads\/2025\/09\/pexels-efrem-efre-2786187-17394284-1536x1024.jpg 1536w, https:\/\/adventture-greece.com\/wp-content\/uploads\/2025\/09\/pexels-efrem-efre-2786187-17394284-2048x1365.jpg 2048w\" sizes=\"auto, (max-width: 2560px) 100vw, 2560px\" \/><\/figure>\n<\/div>\n\n\n\n<div class=\"wp-block-column is-layout-flow wp-block-column-is-layout-flow\">\n<hr class=\"wp-block-separator has-alpha-channel-opacity\" style=\"margin-top:var(--wp--preset--spacing--30);margin-bottom:var(--wp--preset--spacing--30)\"\/>\n\n\n\n<h2 class=\"wp-block-heading has-contrast-color has-text-color has-link-color wp-elements-b1d1d2326767c6ab1c019b2de12e5d46\">Vous cherchez \u00e0 louer une voiture ?<\/h2>\n\n\n\n<hr class=\"wp-block-separator has-text-color has-contrast-color has-alpha-channel-opacity has-contrast-background-color has-background\"\/>\n\n\n\n<p class=\"has-contrast-color has-text-color has-link-color wp-elements-ba54f6415e8f69482c288cb02cf18823\">Louer une voiture peut \u00eatre frustrant, laissez-nous nous en occuper et vous trouver une voiture de location qui correspond \u00e0 vos besoins et \u00e0 votre budget. De plus, laissez-nous vous aider \u00e0 choisir votre prochaine destination, afin que vous ne manquiez rien de ce que la Gr\u00e8ce a \u00e0 offrir.<\/p>\n<\/div>\n<\/div>\n<\/main>\n\n\n<div class=\"wp-block-group has-global-padding is-layout-constrained wp-container-core-group-is-layout-4f9f0532 wp-block-group-is-layout-constrained\">\n<div class=\"wp-block-group has-background is-vertical is-content-justification-center is-layout-flex wp-container-core-group-is-layout-0fd9515a wp-block-group-is-layout-flex\" style=\"border-radius:15px;background-color:#0b112405;margin-top:0;margin-bottom:0;padding-top:var(--wp--preset--spacing--30);padding-right:var(--wp--preset--spacing--20);padding-bottom:var(--wp--preset--spacing--30);padding-left:var(--wp--preset--spacing--20)\">\n<p class=\"has-contrast-color has-text-color has-link-color wp-elements-558e0059f7495d90936030871750ae12\" style=\"padding-top:0;padding-right:0;padding-bottom:0;padding-left:0;font-style:normal;font-weight:600\">Vous y r\u00e9fl\u00e9chissez ou vous avez des questions ? Remplissez le formulaire de demande et nous vous contacterons pour vous fournir toutes les informations dont vous pourriez avoir besoin !<\/p>\n\n\n\n<div class=\"wp-block-buttons is-content-justification-center is-layout-flex wp-container-core-buttons-is-layout-80259c74 wp-block-buttons-is-layout-flex\" style=\"margin-top:var(--wp--preset--spacing--20);margin-bottom:var(--wp--preset--spacing--20);padding-top:0;padding-right:0;padding-bottom:0;padding-left:0\">\n<div class=\"wp-block-button\"><a class=\"wp-block-button__link has-background wp-element-button\" href=\"https:\/\/adventture-greece.com\/fr\/reservation\/\" style=\"background-color:#0b1124;padding-top:var(--wp--preset--spacing--20);padding-right:45px;padding-bottom:var(--wp--preset--spacing--20);padding-left:45px\">Formulaire de demande<\/a><\/div>\n<\/div>\n<\/div>\n<\/div>","protected":false},"excerpt":{"rendered":"<p>Service de navette depuis l&#8217;a\u00e9roport Vous en avez assez d&#8217;attendre le bus \u00e0 l&#8217;a\u00e9roport ? Alors il est temps d&#8217;utiliser notre service de navette a\u00e9roport, qui vous offre un moyen fiable de vous rendre de l&#8217;a\u00e9roport \u00e0 votre h\u00e9bergement et vice-versa. Services de transfert Vous pr\u00e9f\u00e9rez voyager sans aucun stress ? Alors vous appr\u00e9cierez certainement [&hellip;]<\/p>\n","protected":false},"author":2,"featured_media":0,"parent":0,"menu_order":0,"comment_status":"closed","ping_status":"closed","template":"","meta":{"_glsr_average":0,"_glsr_ranking":0,"_glsr_reviews":0,"footnotes":""},"class_list":["post-1240","page","type-page","status-publish","hentry"],"_links":{"self":[{"href":"https:\/\/adventture-greece.com\/fr\/wp-json\/wp\/v2\/pages\/1240","targetHints":{"allow":["GET"]}}],"collection":[{"href":"https:\/\/adventture-greece.com\/fr\/wp-json\/wp\/v2\/pages"}],"about":[{"href":"https:\/\/adventture-greece.com\/fr\/wp-json\/wp\/v2\/types\/page"}],"author":[{"embeddable":true,"href":"https:\/\/adventture-greece.com\/fr\/wp-json\/wp\/v2\/users\/2"}],"replies":[{"embeddable":true,"href":"https:\/\/adventture-greece.com\/fr\/wp-json\/wp\/v2\/comments?post=1240"}],"version-history":[{"count":8,"href":"https:\/\/adventture-greece.com\/fr\/wp-json\/wp\/v2\/pages\/1240\/revisions"}],"predecessor-version":[{"id":3722,"href":"https:\/\/adventture-greece.com\/fr\/wp-json\/wp\/v2\/pages\/1240\/revisions\/3722"}],"wp:attachment":[{"href":"https:\/\/adventture-greece.com\/fr\/wp-json\/wp\/v2\/media?parent=1240"}],"curies":[{"name":"wp","href":"https:\/\/api.w.org\/{rel}","templated":true}]}}