{"id":650,"date":"2025-09-19T20:30:58","date_gmt":"2025-09-19T20:30:58","guid":{"rendered":"https:\/\/adventture-greece.com\/?page_id=650"},"modified":"2025-12-01T20:19:54","modified_gmt":"2025-12-01T20:19:54","slug":"yogawelness","status":"publish","type":"page","link":"https:\/\/adventture-greece.com\/de\/yogawelness\/","title":{"rendered":"YOGA&#038;WELNESS"},"content":{"rendered":"\n<hr class=\"wp-block-separator has-alpha-channel-opacity\" style=\"margin-top:var(--wp--preset--spacing--30);margin-bottom:var(--wp--preset--spacing--30)\"\/>\n\n\n\n<div class=\"wp-block-group has-global-padding is-layout-constrained wp-container-core-group-is-layout-4f9f0532 wp-block-group-is-layout-constrained\">\n<div class=\"wp-block-columns is-layout-flex wp-container-core-columns-is-layout-28f84493 wp-block-columns-is-layout-flex\">\n<div class=\"wp-block-column is-layout-flow wp-block-column-is-layout-flow\" style=\"flex-basis:450px\">\n<figure class=\"wp-block-image size-large is-style-rounded\" style=\"margin-top:var(--wp--preset--spacing--50);margin-bottom:var(--wp--preset--spacing--50)\"><img loading=\"lazy\" decoding=\"async\" width=\"1024\" height=\"683\" src=\"https:\/\/adventture-greece.com\/wp-content\/uploads\/2025\/09\/yoga2-1024x683.jpg\" alt=\"\" class=\"wp-image-1369\" srcset=\"https:\/\/adventture-greece.com\/wp-content\/uploads\/2025\/09\/yoga2-1024x683.jpg 1024w, https:\/\/adventture-greece.com\/wp-content\/uploads\/2025\/09\/yoga2-300x200.jpg 300w, https:\/\/adventture-greece.com\/wp-content\/uploads\/2025\/09\/yoga2-768x512.jpg 768w, https:\/\/adventture-greece.com\/wp-content\/uploads\/2025\/09\/yoga2-1536x1024.jpg 1536w, https:\/\/adventture-greece.com\/wp-content\/uploads\/2025\/09\/yoga2-2048x1365.jpg 2048w\" sizes=\"auto, (max-width: 1024px) 100vw, 1024px\" \/><\/figure>\n<\/div>\n\n\n\n<div class=\"wp-block-column is-layout-flow wp-block-column-is-layout-flow\">\n<hr class=\"wp-block-separator has-alpha-channel-opacity\" style=\"margin-top:var(--wp--preset--spacing--30);margin-bottom:var(--wp--preset--spacing--30)\"\/>\n\n\n\n<h2 class=\"wp-block-heading has-contrast-color has-text-color has-link-color wp-elements-5b27d173d4d5b2fe96675e076f6f0d60\">Wieder eins mit der Natur: Yoga in den Bergen und am Meer<\/h2>\n\n\n\n<p><\/p>\n\n\n\n<hr class=\"wp-block-separator has-text-color has-contrast-color has-alpha-channel-opacity has-contrast-background-color has-background\" style=\"margin-top:0;margin-bottom:0\"\/>\n\n\n\n<p class=\"has-contrast-color has-text-color has-link-color wp-elements-45e73e9049936ad0d35143ad7b054cae\">Bieten Sie Gruppen-Yoga oder Yoga-Seminare an? Entfliehen Sie nach Griechenland und erleben Sie ein einzigartiges Yoga-Erlebnis, bei dem die Sch\u00f6nheit der Natur auf die Kunst des Wohlbefindens trifft. Eingebettet in atemberaubende H\u00e4user mit Meer- und Bergblick laden wir Sie ein, zu entschleunigen, sich wieder zu verbinden und Ihr Gleichgewicht wiederherzustellen. Jeder Tag beginnt mit energetisierendem Yoga, w\u00e4hrend die Sonne \u00fcber der \u00c4g\u00e4is aufgeht, und endet mit beruhigenden Abend\u00fcbungen unter dem Sternenhimmel. Zwischen den Sitzungen k\u00f6nnen Sie charmante D\u00f6rfer in der Umgebung erkunden oder einfach am Meer entspannen. Ganz gleich, ob Sie Ihre Praxis vertiefen oder einen ruhigen R\u00fcckzugsort suchen, unsere Retreats in Griechenland bieten die perfekte Harmonie aus Gelassenheit, Bewegung und Freude.<\/p>\n<\/div>\n<\/div>\n<\/div>\n\n\n\n<div class=\"wp-block-group has-global-padding is-layout-constrained wp-container-core-group-is-layout-4f9f0532 wp-block-group-is-layout-constrained\">\n<div class=\"wp-block-columns is-layout-flex wp-container-core-columns-is-layout-28f84493 wp-block-columns-is-layout-flex\">\n<div class=\"wp-block-column is-layout-flow wp-block-column-is-layout-flow\">\n<hr class=\"wp-block-separator has-alpha-channel-opacity\" style=\"margin-top:var(--wp--preset--spacing--30);margin-bottom:var(--wp--preset--spacing--30)\"\/>\n\n\n\n<h2 class=\"wp-block-heading has-contrast-color has-text-color has-link-color wp-elements-a63feefc1c9d19ae910102f9d6c1f775\">Kuratierte Retreats f\u00fcr Ihre Reise?<br><\/h2>\n\n\n\n<p><\/p>\n\n\n\n<hr class=\"wp-block-separator has-text-color has-contrast-color has-alpha-channel-opacity has-contrast-background-color has-background\" style=\"margin-top:0;margin-bottom:0\"\/>\n\n\n\n<p class=\"has-contrast-color has-text-color has-link-color wp-elements-1a334d82e4fb447ad394e921e3900028\">Wir bieten eine Vielzahl von sorgf\u00e4ltig ausgew\u00e4hlten Logistik- und Unterkunftsdiensten, um Ihren ausgew\u00e4hlten Retreat noch angenehmer zu gestalten. Wir konzentrieren uns darauf, den perfekten R\u00fcckzugsort f\u00fcr unterschiedliche Interessen zu bieten. Von dem Moment an, in dem Sie in Griechenland landen, k\u00fcmmern wir uns um alles. Unser Team empf\u00e4ngt Sie am Flughafen und bringt Sie direkt zu Ihrer vorab gebuchten Retreat-Unterkunft. Diese Unterkunft ist vollst\u00e4ndig auf Ihre Ankunft vorbereitet, sodass Sie sich nur noch einrichten und die Erfahrung genie\u00dfen m\u00fcssen. Am Ende Ihres Aufenthalts sorgen wir f\u00fcr einen reibungslosen Transfer zur\u00fcck zum Flughafen, sodass Sie sich ganz auf das Wesentliche konzentrieren k\u00f6nnen \u2013 Ihr Yoga, Ihre Entspannung und Ihre Zeit in Griechenland.<\/p>\n<\/div>\n\n\n\n<div class=\"wp-block-column is-layout-flow wp-block-column-is-layout-flow\" style=\"flex-basis:450px\">\n<figure class=\"wp-block-image size-large is-resized is-style-rounded\" style=\"margin-top:var(--wp--preset--spacing--60);margin-bottom:var(--wp--preset--spacing--60)\"><img loading=\"lazy\" decoding=\"async\" width=\"1024\" height=\"768\" src=\"https:\/\/adventture-greece.com\/wp-content\/uploads\/2025\/09\/yoga3-2-1024x768.jpg\" alt=\"\" class=\"wp-image-2252\" style=\"width:418px;height:auto\" srcset=\"https:\/\/adventture-greece.com\/wp-content\/uploads\/2025\/09\/yoga3-2-1024x768.jpg 1024w, https:\/\/adventture-greece.com\/wp-content\/uploads\/2025\/09\/yoga3-2-300x225.jpg 300w, https:\/\/adventture-greece.com\/wp-content\/uploads\/2025\/09\/yoga3-2-768x576.jpg 768w, https:\/\/adventture-greece.com\/wp-content\/uploads\/2025\/09\/yoga3-2-1536x1152.jpg 1536w, https:\/\/adventture-greece.com\/wp-content\/uploads\/2025\/09\/yoga3-2-2048x1536.jpg 2048w\" sizes=\"auto, (max-width: 1024px) 100vw, 1024px\" \/><\/figure>\n<\/div>\n<\/div>\n<\/div>\n\n\n<div class=\"wp-block-group has-global-padding is-content-justification-center is-layout-constrained wp-block-group-is-layout-constrained\">\n<div class=\"wp-block-group has-background is-content-justification-center is-layout-flex wp-container-core-group-is-layout-acf4123b wp-block-group-is-layout-flex\" style=\"border-radius:15px;background-color:#0b112405;padding-top:var(--wp--preset--spacing--20);padding-right:var(--wp--preset--spacing--20);padding-bottom:0;padding-left:var(--wp--preset--spacing--20);font-style:normal;font-weight:500\">\n<p class=\"has-contrast-color has-text-color has-link-color wp-elements-046b05debf9dcc0c973afdf8ea975b94\" style=\"margin-top:0;margin-right:0;margin-bottom:0;margin-left:0;padding-top:0;padding-right:0;padding-bottom:0;padding-left:0;font-style:normal;font-weight:600\">Werfen Sie einen Blick auf unsere zus\u00e4tzlichen Dienstleistungen<\/p>\n\n\n\n<div class=\"wp-block-buttons is-content-justification-center is-layout-flex wp-container-core-buttons-is-layout-5ecdc608 wp-block-buttons-is-layout-flex\" style=\"margin-top:var(--wp--preset--spacing--30);margin-bottom:var(--wp--preset--spacing--30);padding-top:0;padding-right:0;padding-bottom:0;padding-left:0\">\n<div class=\"wp-block-button\"><a class=\"wp-block-button__link has-background wp-element-button\" href=\"https:\/\/adventture-greece.com\/de\/extra\/\" style=\"border-radius:100px;background-color:#0b1124;padding-top:var(--wp--preset--spacing--20);padding-right:var(--wp--preset--spacing--60);padding-bottom:var(--wp--preset--spacing--20);padding-left:var(--wp--preset--spacing--60)\">Extras<\/a><\/div>\n<\/div>\n<\/div>\n<\/div>\n\n<div class=\"wp-block-group has-global-padding is-layout-constrained wp-container-core-group-is-layout-4f9f0532 wp-block-group-is-layout-constrained\">\n<div class=\"wp-block-group has-background is-vertical is-content-justification-center is-layout-flex wp-container-core-group-is-layout-0fd9515a wp-block-group-is-layout-flex\" style=\"border-radius:15px;background-color:#0b112405;margin-top:0;margin-bottom:0;padding-top:var(--wp--preset--spacing--30);padding-right:var(--wp--preset--spacing--20);padding-bottom:var(--wp--preset--spacing--30);padding-left:var(--wp--preset--spacing--20)\">\n<p class=\"has-contrast-color has-text-color has-link-color wp-elements-bc2a06c49b2cfe09062120765521a3cb\" style=\"padding-top:0;padding-right:0;padding-bottom:0;padding-left:0;font-style:normal;font-weight:600\">Haben Sie Fragen oder m\u00f6chten Sie mehr erfahren? F\u00fcllen Sie das Anfrageformular aus, wir setzen uns mit Ihnen in Verbindung und stellen Ihnen alle Informationen zur Verf\u00fcgung, die Sie ben\u00f6tigen!<\/p>\n\n\n\n<div class=\"wp-block-buttons is-content-justification-center is-layout-flex wp-container-core-buttons-is-layout-80259c74 wp-block-buttons-is-layout-flex\" style=\"margin-top:var(--wp--preset--spacing--20);margin-bottom:var(--wp--preset--spacing--20);padding-top:0;padding-right:0;padding-bottom:0;padding-left:0\">\n<div class=\"wp-block-button\"><a class=\"wp-block-button__link has-background wp-element-button\" href=\"https:\/\/adventture-greece.com\/de\/reservation\/\" style=\"background-color:#0b1124;padding-top:var(--wp--preset--spacing--20);padding-right:45px;padding-bottom:var(--wp--preset--spacing--20);padding-left:45px\">Antragsformular<\/a><\/div>\n<\/div>\n<\/div>\n<\/div>","protected":false},"excerpt":{"rendered":"<p>Wieder eins mit der Natur: Yoga in den Bergen und am Meer Bieten Sie Gruppen-Yoga oder Yoga-Seminare an? Entfliehen Sie nach Griechenland und erleben Sie ein einzigartiges Yoga-Erlebnis, bei dem die Sch\u00f6nheit der Natur auf die Kunst des Wohlbefindens trifft. Eingebettet in atemberaubende H\u00e4user mit Meer- und Bergblick laden wir Sie ein, zu entschleunigen, sich [&hellip;]<\/p>\n","protected":false},"author":4,"featured_media":0,"parent":0,"menu_order":0,"comment_status":"closed","ping_status":"closed","template":"","meta":{"_glsr_average":0,"_glsr_ranking":0,"_glsr_reviews":0,"footnotes":""},"class_list":["post-650","page","type-page","status-publish","hentry"],"_links":{"self":[{"href":"https:\/\/adventture-greece.com\/de\/wp-json\/wp\/v2\/pages\/650","targetHints":{"allow":["GET"]}}],"collection":[{"href":"https:\/\/adventture-greece.com\/de\/wp-json\/wp\/v2\/pages"}],"about":[{"href":"https:\/\/adventture-greece.com\/de\/wp-json\/wp\/v2\/types\/page"}],"author":[{"embeddable":true,"href":"https:\/\/adventture-greece.com\/de\/wp-json\/wp\/v2\/users\/4"}],"replies":[{"embeddable":true,"href":"https:\/\/adventture-greece.com\/de\/wp-json\/wp\/v2\/comments?post=650"}],"version-history":[{"count":12,"href":"https:\/\/adventture-greece.com\/de\/wp-json\/wp\/v2\/pages\/650\/revisions"}],"predecessor-version":[{"id":3800,"href":"https:\/\/adventture-greece.com\/de\/wp-json\/wp\/v2\/pages\/650\/revisions\/3800"}],"wp:attachment":[{"href":"https:\/\/adventture-greece.com\/de\/wp-json\/wp\/v2\/media?parent=650"}],"curies":[{"name":"wp","href":"https:\/\/api.w.org\/{rel}","templated":true}]}}