{"id":321,"date":"2025-09-16T07:46:01","date_gmt":"2025-09-16T07:46:01","guid":{"rendered":"https:\/\/adventture-greece.com\/?page_id=321"},"modified":"2025-11-18T16:22:16","modified_gmt":"2025-11-18T16:22:16","slug":"thematic-tourism","status":"publish","type":"page","link":"https:\/\/adventture-greece.com\/de\/thematic-tourism\/","title":{"rendered":"THEMATIC TOURISM"},"content":{"rendered":"\n<hr class=\"wp-block-separator has-alpha-channel-opacity\" style=\"margin-top:var(--wp--preset--spacing--30);margin-bottom:var(--wp--preset--spacing--30)\"\/>\n\n\n\n<h2 class=\"wp-block-heading has-text-align-center has-contrast-color has-text-color has-link-color wp-elements-bc74cd2cf2230c27b734ea6b19154905\"><strong>Arch\u00e4ologische und historische Reisen<\/strong><\/h2>\n\n\n\n<div class=\"wp-block-group has-global-padding is-layout-constrained wp-container-core-group-is-layout-4f9f0532 wp-block-group-is-layout-constrained\">\n<hr class=\"wp-block-separator has-alpha-channel-opacity\" style=\"margin-top:var(--wp--preset--spacing--30);margin-bottom:var(--wp--preset--spacing--30)\"\/>\n\n\n\n<div class=\"wp-block-columns is-layout-flex wp-container-core-columns-is-layout-28f84493 wp-block-columns-is-layout-flex\">\n<div class=\"wp-block-column is-layout-flow wp-block-column-is-layout-flow\" style=\"flex-basis:33%\">\n<figure class=\"wp-block-image size-large is-resized is-style-rounded\" style=\"margin-top:var(--wp--preset--spacing--40);margin-bottom:var(--wp--preset--spacing--40)\"><img loading=\"lazy\" decoding=\"async\" width=\"1024\" height=\"683\" src=\"https:\/\/adventture-greece.com\/wp-content\/uploads\/2025\/09\/culture-1-1024x683.jpg\" alt=\"\" class=\"wp-image-2430\" style=\"aspect-ratio:4\/3;object-fit:cover;width:450px\" srcset=\"https:\/\/adventture-greece.com\/wp-content\/uploads\/2025\/09\/culture-1-1024x683.jpg 1024w, https:\/\/adventture-greece.com\/wp-content\/uploads\/2025\/09\/culture-1-300x200.jpg 300w, https:\/\/adventture-greece.com\/wp-content\/uploads\/2025\/09\/culture-1-768x512.jpg 768w, https:\/\/adventture-greece.com\/wp-content\/uploads\/2025\/09\/culture-1-1536x1024.jpg 1536w, https:\/\/adventture-greece.com\/wp-content\/uploads\/2025\/09\/culture-1-2048x1365.jpg 2048w\" sizes=\"auto, (max-width: 1024px) 100vw, 1024px\" \/><\/figure>\n<\/div>\n\n\n\n<div class=\"wp-block-column is-layout-flow wp-block-column-is-layout-flow\">\n<hr class=\"wp-block-separator has-alpha-channel-opacity\"\/>\n\n\n\n<h2 class=\"wp-block-heading has-contrast-color has-text-color has-link-color wp-elements-946c4fb406fc88f9bf31b4116a2ea6b1\">Entdecken Sie die antike Geschichte?<\/h2>\n\n\n\n<hr class=\"wp-block-separator has-text-color has-contrast-color has-alpha-channel-opacity has-contrast-background-color has-background\"\/>\n\n\n\n<p class=\"has-contrast-color has-text-color has-link-color wp-elements-b833398a4923860ff200c461b0cda818\">Griechenland ist ein lebendiges Museum, und unsere Kulturreisen sind darauf ausgerichtet, seine antike Geschichte zum Leben zu erwecken. Wandeln Sie auf den Spuren von Philosophen, K\u00f6nigen und K\u00fcnstlern, w\u00e4hrend Sie weltber\u00fchmte arch\u00e4ologische St\u00e4tten wie die Akropolis in Athen, das Orakel von Delphi, das pr\u00e4chtige Theater von Epidaurus und das antike Olympia \u2013 den Geburtsort der Olympischen Spiele \u2013 erkunden. Entdecken Sie neben den bekannten Sehensw\u00fcrdigkeiten auch verborgene Sch\u00e4tze. Unsere erfahrenen Reiseleiter bieten Ihnen tiefe Einblicke in die Geschichte, Mythen und Legenden jeder St\u00e4tte und nehmen Sie mit auf eine umfassende und faszinierende Reise durch Jahrtausende menschlicher Zivilisation.<br><br><\/p>\n<\/div>\n<\/div>\n<\/div>\n\n\n\n<div class=\"wp-block-group has-global-padding is-layout-constrained wp-container-core-group-is-layout-4f9f0532 wp-block-group-is-layout-constrained\">\n<hr class=\"wp-block-separator has-alpha-channel-opacity\" style=\"margin-top:var(--wp--preset--spacing--30);margin-bottom:var(--wp--preset--spacing--30)\"\/>\n\n\n\n<div class=\"wp-block-columns is-layout-flex wp-container-core-columns-is-layout-28f84493 wp-block-columns-is-layout-flex\">\n<div class=\"wp-block-column is-layout-flow wp-block-column-is-layout-flow\">\n<hr class=\"wp-block-separator has-alpha-channel-opacity\"\/>\n\n\n\n<h2 class=\"wp-block-heading has-contrast-color has-text-color has-link-color wp-elements-2355b3ffb09b7f4ee0bf6c88a4b02086\">Nehmen Sie an einer gef\u00fchrten Expedition teil<\/h2>\n\n\n\n<hr class=\"wp-block-separator has-text-color has-contrast-color has-alpha-channel-opacity has-contrast-background-color has-background\"\/>\n\n\n\n<p class=\"has-contrast-color has-text-color has-link-color wp-elements-a7939fe1baa34958010dda1026e4cc25\">F\u00fcr alle, die sich nach fundiertem Wissen und stressfreien Entdeckungen sehnen, bieten wir arch\u00e4ologische Expeditionen unter der Leitung von Experten an, bei denen Sie die B\u00fchne der Geschichte betreten k\u00f6nnen. Ob Sie nun die verlorenen Geheimnisse der Minoer auf Kreta suchen, an den Orten stehen m\u00f6chten, an denen Sokrates lehrte, oder auf den Spuren Alexanders des Gro\u00dfen wandeln m\u00f6chten \u2013 w\u00e4hlen Sie aus unseren sorgf\u00e4ltig zusammengestellten Touren, die von leidenschaftlichen Arch\u00e4ologen und renommierten Historikern geleitet werden. Ihre Reise beinhaltet exklusiven Zugang und ausf\u00fchrliche, lebendige Erz\u00e4hlungen, die Ihnen die Freiheit geben, die gro\u00dfartige Vergangenheit Griechenlands ohne die Last der Planung zu entdecken \u2013 tauchen Sie einfach ein in die Wiege der Zivilisation.<\/p>\n<\/div>\n\n\n\n<div class=\"wp-block-column is-layout-flow wp-block-column-is-layout-flow\" style=\"flex-basis:33%\">\n<figure class=\"wp-block-image size-large is-resized is-style-rounded\" style=\"margin-top:var(--wp--preset--spacing--40);margin-bottom:var(--wp--preset--spacing--40)\"><img loading=\"lazy\" decoding=\"async\" width=\"1024\" height=\"768\" src=\"https:\/\/adventture-greece.com\/wp-content\/uploads\/2025\/09\/minoan-1024x768.jpg\" alt=\"\" class=\"wp-image-2410\" style=\"aspect-ratio:4\/3;object-fit:cover;width:450px\" srcset=\"https:\/\/adventture-greece.com\/wp-content\/uploads\/2025\/09\/minoan-1024x768.jpg 1024w, https:\/\/adventture-greece.com\/wp-content\/uploads\/2025\/09\/minoan-300x225.jpg 300w, https:\/\/adventture-greece.com\/wp-content\/uploads\/2025\/09\/minoan-768x576.jpg 768w, https:\/\/adventture-greece.com\/wp-content\/uploads\/2025\/09\/minoan-1536x1152.jpg 1536w, https:\/\/adventture-greece.com\/wp-content\/uploads\/2025\/09\/minoan-2048x1536.jpg 2048w\" sizes=\"auto, (max-width: 1024px) 100vw, 1024px\" \/><\/figure>\n<\/div>\n<\/div>\n<\/div>\n\n\n\n<div class=\"wp-block-group has-global-padding is-layout-constrained wp-container-core-group-is-layout-4f9f0532 wp-block-group-is-layout-constrained\">\n<hr class=\"wp-block-separator has-alpha-channel-opacity\" style=\"margin-top:var(--wp--preset--spacing--30);margin-bottom:var(--wp--preset--spacing--30)\"\/>\n\n\n\n<div class=\"wp-block-columns is-layout-flex wp-container-core-columns-is-layout-28f84493 wp-block-columns-is-layout-flex\">\n<div class=\"wp-block-column is-layout-flow wp-block-column-is-layout-flow\" style=\"flex-basis:33%\">\n<figure class=\"wp-block-image size-large is-resized is-style-rounded\" style=\"margin-top:var(--wp--preset--spacing--30);margin-bottom:var(--wp--preset--spacing--30)\"><img loading=\"lazy\" decoding=\"async\" width=\"1024\" height=\"683\" src=\"https:\/\/adventture-greece.com\/wp-content\/uploads\/2025\/09\/temple-1024x683.jpg\" alt=\"\" class=\"wp-image-2417\" style=\"aspect-ratio:4\/3;object-fit:cover;width:450px\" srcset=\"https:\/\/adventture-greece.com\/wp-content\/uploads\/2025\/09\/temple-1024x683.jpg 1024w, https:\/\/adventture-greece.com\/wp-content\/uploads\/2025\/09\/temple-300x200.jpg 300w, https:\/\/adventture-greece.com\/wp-content\/uploads\/2025\/09\/temple-768x512.jpg 768w, https:\/\/adventture-greece.com\/wp-content\/uploads\/2025\/09\/temple-1536x1024.jpg 1536w, https:\/\/adventture-greece.com\/wp-content\/uploads\/2025\/09\/temple-2048x1365.jpg 2048w\" sizes=\"auto, (max-width: 1024px) 100vw, 1024px\" \/><\/figure>\n<\/div>\n\n\n\n<div class=\"wp-block-column is-layout-flow wp-block-column-is-layout-flow\">\n<hr class=\"wp-block-separator has-alpha-channel-opacity\"\/>\n\n\n\n<h2 class=\"wp-block-heading has-contrast-color has-text-color has-link-color wp-elements-a4f4972151ab2bfa7f256026e6888cb1\">Planen Sie Ihre eigene historische Route<\/h2>\n\n\n\n<hr class=\"wp-block-separator has-text-color has-contrast-color has-alpha-channel-opacity has-contrast-background-color has-background\"\/>\n\n\n\n<p class=\"has-contrast-color has-text-color has-link-color wp-elements-9e62b3f476e78af03db692343dc2544c\">Die heilige Landschaft Griechenlands ist ein Freilichtmuseum und damit das ultimative Ziel f\u00fcr unabh\u00e4ngige historische Erkundungen. Wenn Sie Ihre ganz pers\u00f6nliche Reise durch die Jahrtausende planen, helfen wir Ihnen gerne dabei, die perfekte Route zusammenzustellen, von der Erkundung der von Zyklopen erbauten mykenischen Stadtmauern \u00fcber die Nachverfolgung r\u00f6mischer Handelswege bis hin zur Organisation von speziellen Museumsf\u00fchrungen und Empfehlungen f\u00fcr Unterk\u00fcnfte in der N\u00e4he versteckter byzantinischer Festungen. Wir stellen Ihnen ein detailliertes Roadbook mit historischen Hintergr\u00fcnden, mythologischen Erz\u00e4hlungen und wichtigen Hinweisen f\u00fcr Ihre selbstgesteuerte Reise zur Verf\u00fcgung.<\/p>\n<\/div>\n<\/div>\n<\/div>\n\n\n\n<hr class=\"wp-block-separator has-alpha-channel-opacity\" style=\"margin-top:var(--wp--preset--spacing--50);margin-bottom:var(--wp--preset--spacing--50)\"\/>\n\n\n\n<h2 class=\"wp-block-heading has-text-align-center has-contrast-color has-text-color has-link-color wp-elements-54903b9ebad66ab54cf4c64bb86e373b\"><strong>Religi\u00f6se und spirituelle Reisen<\/strong><\/h2>\n\n\n\n<div class=\"wp-block-group has-global-padding is-layout-constrained wp-container-core-group-is-layout-4f9f0532 wp-block-group-is-layout-constrained\">\n<hr class=\"wp-block-separator has-alpha-channel-opacity\" style=\"margin-top:var(--wp--preset--spacing--30);margin-bottom:var(--wp--preset--spacing--30)\"\/>\n\n\n\n<div class=\"wp-block-columns is-layout-flex wp-container-core-columns-is-layout-28f84493 wp-block-columns-is-layout-flex\">\n<div class=\"wp-block-column is-layout-flow wp-block-column-is-layout-flow\">\n<hr class=\"wp-block-separator has-alpha-channel-opacity\"\/>\n\n\n\n<h2 class=\"wp-block-heading has-contrast-color has-text-color has-link-color wp-elements-f8d5cf926c27afbfb127381a45481678\">Nehmen Sie an einer Pilgerreise teil<\/h2>\n\n\n\n<hr class=\"wp-block-separator has-text-color has-contrast-color has-alpha-channel-opacity has-contrast-background-color has-background\"\/>\n\n\n\n<p class=\"has-contrast-color has-text-color has-link-color wp-elements-67d77178f1be085947edd12a98b696e1\">F\u00fcr diejenigen, die eine gef\u00fchrte Reise bevorzugen, bieten wir eine Reihe von thematischen spirituellen Reisen und Pilgerfahrten an. Ob Sie sich f\u00fcr die tiefgr\u00fcndige Geschichte der Routen des Heiligen Paulus interessieren, einen meditativen R\u00fcckzugsort in Meteora suchen oder eine spirituelle Erkundung des Berges Athos (Agion Oros) \u2013 der heiligsten Klostergemeinschaft Griechenlands \u2013 unternehmen m\u00f6chten: W\u00e4hlen Sie aus unseren sorgf\u00e4ltig zusammengestellten Reiserouten, die von erfahrenen Theologen und lokalen Historikern geleitet werden. Ihre Reise umfasst alle notwendigen spirituellen und logistischen Unterst\u00fctzungen, sodass Sie die Freiheit haben, die heiligsten St\u00e4tten Griechenlands zu erkunden, ohne sich um die Planung k\u00fcmmern zu m\u00fcssen.<\/p>\n<\/div>\n\n\n\n<div class=\"wp-block-column is-layout-flow wp-block-column-is-layout-flow\" style=\"flex-basis:33%\">\n<figure class=\"wp-block-image size-large is-resized is-style-rounded\" style=\"margin-top:var(--wp--preset--spacing--30);margin-bottom:var(--wp--preset--spacing--30)\"><img loading=\"lazy\" decoding=\"async\" width=\"1024\" height=\"683\" src=\"https:\/\/adventture-greece.com\/wp-content\/uploads\/2025\/09\/meteora-1024x683.jpg\" alt=\"\" class=\"wp-image-2392\" style=\"aspect-ratio:4\/3;object-fit:cover;width:450px\" srcset=\"https:\/\/adventture-greece.com\/wp-content\/uploads\/2025\/09\/meteora-1024x683.jpg 1024w, https:\/\/adventture-greece.com\/wp-content\/uploads\/2025\/09\/meteora-300x200.jpg 300w, https:\/\/adventture-greece.com\/wp-content\/uploads\/2025\/09\/meteora-768x512.jpg 768w, https:\/\/adventture-greece.com\/wp-content\/uploads\/2025\/09\/meteora-1536x1024.jpg 1536w, https:\/\/adventture-greece.com\/wp-content\/uploads\/2025\/09\/meteora-2048x1365.jpg 2048w\" sizes=\"auto, (max-width: 1024px) 100vw, 1024px\" \/><\/figure>\n<\/div>\n<\/div>\n<\/div>\n\n\n\n<div class=\"wp-block-group has-global-padding is-layout-constrained wp-container-core-group-is-layout-4f9f0532 wp-block-group-is-layout-constrained\">\n<hr class=\"wp-block-separator has-alpha-channel-opacity\" style=\"margin-top:var(--wp--preset--spacing--30);margin-bottom:var(--wp--preset--spacing--30)\"\/>\n\n\n\n<div class=\"wp-block-columns is-layout-flex wp-container-core-columns-is-layout-28f84493 wp-block-columns-is-layout-flex\">\n<div class=\"wp-block-column is-layout-flow wp-block-column-is-layout-flow\" style=\"flex-basis:33%\">\n<figure class=\"wp-block-image size-large is-resized is-style-rounded\" style=\"margin-top:var(--wp--preset--spacing--30);margin-bottom:var(--wp--preset--spacing--30)\"><img loading=\"lazy\" decoding=\"async\" width=\"1024\" height=\"683\" src=\"https:\/\/adventture-greece.com\/wp-content\/uploads\/2025\/09\/church5-1024x683.jpg\" alt=\"\" class=\"wp-image-2405\" style=\"aspect-ratio:4\/3;object-fit:cover;width:450px\" srcset=\"https:\/\/adventture-greece.com\/wp-content\/uploads\/2025\/09\/church5-1024x683.jpg 1024w, https:\/\/adventture-greece.com\/wp-content\/uploads\/2025\/09\/church5-300x200.jpg 300w, https:\/\/adventture-greece.com\/wp-content\/uploads\/2025\/09\/church5-768x512.jpg 768w, https:\/\/adventture-greece.com\/wp-content\/uploads\/2025\/09\/church5-1536x1024.jpg 1536w, https:\/\/adventture-greece.com\/wp-content\/uploads\/2025\/09\/church5-2048x1365.jpg 2048w\" sizes=\"auto, (max-width: 1024px) 100vw, 1024px\" \/><\/figure>\n<\/div>\n\n\n\n<div class=\"wp-block-column is-layout-flow wp-block-column-is-layout-flow\">\n<hr class=\"wp-block-separator has-alpha-channel-opacity\"\/>\n\n\n\n<h2 class=\"wp-block-heading has-contrast-color has-text-color has-link-color wp-elements-14ea86991f4f111f6ef0020729a98089\">Planen Sie Ihren eigenen spirituellen Weg<\/h2>\n\n\n\n<hr class=\"wp-block-separator has-text-color has-contrast-color has-alpha-channel-opacity has-contrast-background-color has-background\"\/>\n\n\n\n<p class=\"has-contrast-color has-text-color has-link-color wp-elements-1692c1e121071405f005d0367ce3e142\">Griechenlands heilige Landschaften und alte Kl\u00f6ster machen es zu einem tiefgr\u00fcndigen Reiseziel f\u00fcr unabh\u00e4ngige spirituelle Erkundungen. Wenn Sie Ihre eigene Pilgerreise planen, k\u00f6nnen wir Ihnen dabei helfen, die perfekte Reise zu gestalten, von der Auswahl der Routen, die historische St\u00e4tten und abgelegene byzantinische Kirchen verbinden, bis hin zur Einholung von Genehmigungen f\u00fcr Klosterbesuche und der Empfehlung ruhiger, authentischer Unterk\u00fcnfte. Wir stellen Ihnen ein detailliertes Roadbook mit empfohlenen spirituellen St\u00e4tten und notwendigen Richtlinien zur Verf\u00fcgung.<\/p>\n<\/div>\n<\/div>\n<\/div>\n\n\n<div class=\"wp-block-group has-global-padding is-content-justification-center is-layout-constrained wp-block-group-is-layout-constrained\">\n<div class=\"wp-block-group has-background is-content-justification-center is-layout-flex wp-container-core-group-is-layout-acf4123b wp-block-group-is-layout-flex\" style=\"border-radius:15px;background-color:#0b112405;padding-top:var(--wp--preset--spacing--20);padding-right:var(--wp--preset--spacing--20);padding-bottom:0;padding-left:var(--wp--preset--spacing--20);font-style:normal;font-weight:500\">\n<p class=\"has-contrast-color has-text-color has-link-color wp-elements-046b05debf9dcc0c973afdf8ea975b94\" style=\"margin-top:0;margin-right:0;margin-bottom:0;margin-left:0;padding-top:0;padding-right:0;padding-bottom:0;padding-left:0;font-style:normal;font-weight:600\">Werfen Sie einen Blick auf unsere zus\u00e4tzlichen Dienstleistungen<\/p>\n\n\n\n<div class=\"wp-block-buttons is-content-justification-center is-layout-flex wp-container-core-buttons-is-layout-5ecdc608 wp-block-buttons-is-layout-flex\" style=\"margin-top:var(--wp--preset--spacing--30);margin-bottom:var(--wp--preset--spacing--30);padding-top:0;padding-right:0;padding-bottom:0;padding-left:0\">\n<div class=\"wp-block-button\"><a class=\"wp-block-button__link has-background wp-element-button\" href=\"https:\/\/adventture-greece.com\/de\/extra\/\" style=\"border-radius:100px;background-color:#0b1124;padding-top:var(--wp--preset--spacing--20);padding-right:var(--wp--preset--spacing--60);padding-bottom:var(--wp--preset--spacing--20);padding-left:var(--wp--preset--spacing--60)\">Extras<\/a><\/div>\n<\/div>\n<\/div>\n<\/div>\n\n<div class=\"wp-block-group has-global-padding is-layout-constrained wp-container-core-group-is-layout-4f9f0532 wp-block-group-is-layout-constrained\">\n<div class=\"wp-block-group has-background is-vertical is-content-justification-center is-layout-flex wp-container-core-group-is-layout-0fd9515a wp-block-group-is-layout-flex\" style=\"border-radius:15px;background-color:#0b112405;margin-top:0;margin-bottom:0;padding-top:var(--wp--preset--spacing--30);padding-right:var(--wp--preset--spacing--20);padding-bottom:var(--wp--preset--spacing--30);padding-left:var(--wp--preset--spacing--20)\">\n<p class=\"has-contrast-color has-text-color has-link-color wp-elements-bc2a06c49b2cfe09062120765521a3cb\" style=\"padding-top:0;padding-right:0;padding-bottom:0;padding-left:0;font-style:normal;font-weight:600\">Haben Sie Fragen oder m\u00f6chten Sie mehr erfahren? F\u00fcllen Sie das Anfrageformular aus, wir setzen uns mit Ihnen in Verbindung und stellen Ihnen alle Informationen zur Verf\u00fcgung, die Sie ben\u00f6tigen!<\/p>\n\n\n\n<div class=\"wp-block-buttons is-content-justification-center is-layout-flex wp-container-core-buttons-is-layout-80259c74 wp-block-buttons-is-layout-flex\" style=\"margin-top:var(--wp--preset--spacing--20);margin-bottom:var(--wp--preset--spacing--20);padding-top:0;padding-right:0;padding-bottom:0;padding-left:0\">\n<div class=\"wp-block-button\"><a class=\"wp-block-button__link has-background wp-element-button\" href=\"https:\/\/adventture-greece.com\/de\/reservation\/\" style=\"background-color:#0b1124;padding-top:var(--wp--preset--spacing--20);padding-right:45px;padding-bottom:var(--wp--preset--spacing--20);padding-left:45px\">Antragsformular<\/a><\/div>\n<\/div>\n<\/div>\n<\/div>","protected":false},"excerpt":{"rendered":"<p>Arch\u00e4ologische und historische Reisen Entdecken Sie die antike Geschichte? Griechenland ist ein lebendiges Museum, und unsere Kulturreisen sind darauf ausgerichtet, seine antike Geschichte zum Leben zu erwecken. Wandeln Sie auf den Spuren von Philosophen, K\u00f6nigen und K\u00fcnstlern, w\u00e4hrend Sie weltber\u00fchmte arch\u00e4ologische St\u00e4tten wie die Akropolis in Athen, das Orakel von Delphi, das pr\u00e4chtige Theater von [&hellip;]<\/p>\n","protected":false},"author":2,"featured_media":0,"parent":0,"menu_order":0,"comment_status":"closed","ping_status":"closed","template":"","meta":{"_glsr_average":0,"_glsr_ranking":0,"_glsr_reviews":0,"footnotes":""},"class_list":["post-321","page","type-page","status-publish","hentry"],"_links":{"self":[{"href":"https:\/\/adventture-greece.com\/de\/wp-json\/wp\/v2\/pages\/321","targetHints":{"allow":["GET"]}}],"collection":[{"href":"https:\/\/adventture-greece.com\/de\/wp-json\/wp\/v2\/pages"}],"about":[{"href":"https:\/\/adventture-greece.com\/de\/wp-json\/wp\/v2\/types\/page"}],"author":[{"embeddable":true,"href":"https:\/\/adventture-greece.com\/de\/wp-json\/wp\/v2\/users\/2"}],"replies":[{"embeddable":true,"href":"https:\/\/adventture-greece.com\/de\/wp-json\/wp\/v2\/comments?post=321"}],"version-history":[{"count":8,"href":"https:\/\/adventture-greece.com\/de\/wp-json\/wp\/v2\/pages\/321\/revisions"}],"predecessor-version":[{"id":3762,"href":"https:\/\/adventture-greece.com\/de\/wp-json\/wp\/v2\/pages\/321\/revisions\/3762"}],"wp:attachment":[{"href":"https:\/\/adventture-greece.com\/de\/wp-json\/wp\/v2\/media?parent=321"}],"curies":[{"name":"wp","href":"https:\/\/api.w.org\/{rel}","templated":true}]}}