{"id":319,"date":"2025-09-16T07:45:44","date_gmt":"2025-09-16T07:45:44","guid":{"rendered":"https:\/\/adventture-greece.com\/?page_id=319"},"modified":"2025-11-18T16:16:16","modified_gmt":"2025-11-18T16:16:16","slug":"city-and-culture","status":"publish","type":"page","link":"https:\/\/adventture-greece.com\/de\/city-and-culture\/","title":{"rendered":"CITY AND CULTURE"},"content":{"rendered":"\n<hr class=\"wp-block-separator has-alpha-channel-opacity\" style=\"margin-top:var(--wp--preset--spacing--30);margin-bottom:var(--wp--preset--spacing--30)\"\/>\n\n\n\n<div class=\"wp-block-group has-global-padding is-layout-constrained wp-container-core-group-is-layout-4f9f0532 wp-block-group-is-layout-constrained\">\n<hr class=\"wp-block-separator has-alpha-channel-opacity\"\/>\n\n\n\n<div class=\"wp-block-columns is-layout-flex wp-container-core-columns-is-layout-28f84493 wp-block-columns-is-layout-flex\">\n<div class=\"wp-block-column is-layout-flow wp-block-column-is-layout-flow\" style=\"flex-basis:30%\">\n<figure class=\"wp-block-image size-large is-resized is-style-rounded\" style=\"margin-top:var(--wp--preset--spacing--40);margin-bottom:var(--wp--preset--spacing--40)\"><img loading=\"lazy\" decoding=\"async\" width=\"819\" height=\"1024\" src=\"https:\/\/adventture-greece.com\/wp-content\/uploads\/2025\/09\/street2-819x1024.jpg\" alt=\"\" class=\"wp-image-2449\" style=\"aspect-ratio:4\/3;object-fit:cover;width:550px\" srcset=\"https:\/\/adventture-greece.com\/wp-content\/uploads\/2025\/09\/street2-819x1024.jpg 819w, https:\/\/adventture-greece.com\/wp-content\/uploads\/2025\/09\/street2-240x300.jpg 240w, https:\/\/adventture-greece.com\/wp-content\/uploads\/2025\/09\/street2-768x960.jpg 768w, https:\/\/adventture-greece.com\/wp-content\/uploads\/2025\/09\/street2-1229x1536.jpg 1229w, https:\/\/adventture-greece.com\/wp-content\/uploads\/2025\/09\/street2-1639x2048.jpg 1639w, https:\/\/adventture-greece.com\/wp-content\/uploads\/2025\/09\/street2-scaled.jpg 2048w\" sizes=\"auto, (max-width: 819px) 100vw, 819px\" \/><\/figure>\n<\/div>\n\n\n\n<div class=\"wp-block-column is-layout-flow wp-block-column-is-layout-flow\">\n<hr class=\"wp-block-separator has-alpha-channel-opacity\" style=\"margin-top:var(--wp--preset--spacing--30);margin-bottom:var(--wp--preset--spacing--30)\"\/>\n\n\n\n<h2 class=\"wp-block-heading has-contrast-color has-text-color has-link-color wp-elements-7e1863a03994b7cb99c296ff585bcc1f\">Entdecken Sie das Herzst\u00fcck des griechischen Stadtlebens?<\/h2>\n\n\n\n<hr class=\"wp-block-separator has-text-color has-contrast-color has-alpha-channel-opacity has-contrast-background-color has-background\" style=\"margin-top:var(--wp--preset--spacing--20);margin-bottom:var(--wp--preset--spacing--20)\"\/>\n\n\n\n<p class=\"has-contrast-color has-text-color has-link-color wp-elements-e0e6c5ac2eebf1c5d879c7f985fe42e3\">Die gro\u00dfen St\u00e4dte und historischen Orte Griechenlands sind dynamische kulturelle Zentren, in denen sich eine reiche, vielschichtige Vergangenheit mit einem lebendigen modernen Geist verbindet. Unsere Touren sind so konzipiert, dass Sie in das pulsierende Leben der griechischen Metropolen eintauchen k\u00f6nnen. Begeben Sie sich auf die Spuren von Dichtern, K\u00fcnstlern und Politikern, w\u00e4hrend Sie die gro\u00dfartige neoklassizistische Architektur erkunden und durch historische Stadtviertel schlendern.<\/p>\n<\/div>\n<\/div>\n\n\n\n<div class=\"wp-block-columns is-layout-flex wp-container-core-columns-is-layout-28f84493 wp-block-columns-is-layout-flex\">\n<div class=\"wp-block-column is-layout-flow wp-block-column-is-layout-flow\">\n<hr class=\"wp-block-separator has-alpha-channel-opacity\" style=\"margin-top:var(--wp--preset--spacing--30);margin-bottom:var(--wp--preset--spacing--30)\"\/>\n\n\n\n<p class=\"has-contrast-color has-text-color has-link-color wp-elements-073dc5f57d17e4d4ee7992789a4eabc6\">Erkunden Sie einzigartige und wundersch\u00f6n erhaltene mittelalterliche St\u00e4dte wie Monemvasia oder entdecken Sie den Charme der Eleganz der venezianischen \u00c4ra in Nafplio. Entdecken Sie wichtige kulturelle Einrichtungen, Galerien f\u00fcr zeitgen\u00f6ssische Kunst und faszinierende Spezialmuseen, die die Entwicklung des Landes im Laufe der Zeit zeigen. Unsere fachkundigen Reisef\u00fchrer bieten Ihnen tiefe Einblicke in die Geschichte und Entwicklung des st\u00e4dtischen Lebens und nehmen Sie mit auf eine faszinierende Reise durch den Geist der modernen griechischen Stadt.<\/p>\n<\/div>\n\n\n\n<div class=\"wp-block-column is-layout-flow wp-block-column-is-layout-flow\" style=\"flex-basis:30%\">\n<figure class=\"wp-block-image size-large is-resized is-style-rounded\" style=\"margin-top:var(--wp--preset--spacing--20);margin-bottom:var(--wp--preset--spacing--20)\"><img loading=\"lazy\" decoding=\"async\" width=\"1024\" height=\"683\" src=\"https:\/\/adventture-greece.com\/wp-content\/uploads\/2025\/09\/cafe-1024x683.jpg\" alt=\"\" class=\"wp-image-2464\" style=\"aspect-ratio:4\/3;object-fit:cover;width:550px\" srcset=\"https:\/\/adventture-greece.com\/wp-content\/uploads\/2025\/09\/cafe-1024x683.jpg 1024w, https:\/\/adventture-greece.com\/wp-content\/uploads\/2025\/09\/cafe-300x200.jpg 300w, https:\/\/adventture-greece.com\/wp-content\/uploads\/2025\/09\/cafe-768x512.jpg 768w, https:\/\/adventture-greece.com\/wp-content\/uploads\/2025\/09\/cafe-1536x1024.jpg 1536w, https:\/\/adventture-greece.com\/wp-content\/uploads\/2025\/09\/cafe-2048x1365.jpg 2048w\" sizes=\"auto, (max-width: 1024px) 100vw, 1024px\" \/><\/figure>\n<\/div>\n<\/div>\n<\/div>\n\n\n\n<div class=\"wp-block-group has-global-padding is-layout-constrained wp-container-core-group-is-layout-4f9f0532 wp-block-group-is-layout-constrained\">\n<hr class=\"wp-block-separator has-alpha-channel-opacity\"\/>\n\n\n\n<div class=\"wp-block-columns is-layout-flex wp-container-core-columns-is-layout-28f84493 wp-block-columns-is-layout-flex\">\n<div class=\"wp-block-column is-layout-flow wp-block-column-is-layout-flow\" style=\"flex-basis:30%\">\n<figure class=\"wp-block-image size-large is-resized is-style-rounded\" style=\"margin-top:var(--wp--preset--spacing--30);margin-bottom:var(--wp--preset--spacing--30)\"><img loading=\"lazy\" decoding=\"async\" width=\"665\" height=\"1024\" src=\"https:\/\/adventture-greece.com\/wp-content\/uploads\/2025\/09\/street-2-665x1024.jpg\" alt=\"\" class=\"wp-image-2445\" style=\"aspect-ratio:4\/3;object-fit:cover;width:500px\" srcset=\"https:\/\/adventture-greece.com\/wp-content\/uploads\/2025\/09\/street-2-665x1024.jpg 665w, https:\/\/adventture-greece.com\/wp-content\/uploads\/2025\/09\/street-2-195x300.jpg 195w, https:\/\/adventture-greece.com\/wp-content\/uploads\/2025\/09\/street-2-768x1183.jpg 768w, https:\/\/adventture-greece.com\/wp-content\/uploads\/2025\/09\/street-2-997x1536.jpg 997w, https:\/\/adventture-greece.com\/wp-content\/uploads\/2025\/09\/street-2-1329x2048.jpg 1329w, https:\/\/adventture-greece.com\/wp-content\/uploads\/2025\/09\/street-2-scaled.jpg 1662w\" sizes=\"auto, (max-width: 665px) 100vw, 665px\" \/><\/figure>\n<\/div>\n\n\n\n<div class=\"wp-block-column is-layout-flow wp-block-column-is-layout-flow\">\n<hr class=\"wp-block-separator has-alpha-channel-opacity\" style=\"margin-top:var(--wp--preset--spacing--30);margin-bottom:var(--wp--preset--spacing--30)\"\/>\n\n\n\n<h2 class=\"wp-block-heading has-contrast-color has-text-color has-link-color wp-elements-69cc36fc65b8ed806bad9c499932e47f\">Das lokale Leben und die K\u00fcche entdecken?<\/h2>\n\n\n\n<hr class=\"wp-block-separator has-text-color has-contrast-color has-alpha-channel-opacity has-contrast-background-color has-background\" style=\"margin-top:var(--wp--preset--spacing--20);margin-bottom:var(--wp--preset--spacing--20)\"\/>\n\n\n\n<p class=\"has-contrast-color has-text-color has-link-color wp-elements-9496d748467e3f1caeeab81e5018f670\">Neben den Sehensw\u00fcrdigkeiten erwartet Sie eine lebendige zeitgen\u00f6ssische Kultur. Wir empfehlen Ihnen, in den Alltag der griechischen St\u00e4dte einzutauchen. Schlendern Sie durch die belebten Stra\u00dfen von Plaka oder Monastiraki in Athen oder \u00fcber die lebhaften M\u00e4rkte und Strandpromenaden von Thessaloniki, wo Sie authentisches Street Food probieren und einzigartige lokale Handwerkskunst entdecken k\u00f6nnen.<\/p>\n<\/div>\n<\/div>\n<\/div>\n\n\n\n<div class=\"wp-block-group has-global-padding is-layout-constrained wp-container-core-group-is-layout-4f9f0532 wp-block-group-is-layout-constrained\">\n<div class=\"wp-block-columns is-layout-flex wp-container-core-columns-is-layout-28f84493 wp-block-columns-is-layout-flex\">\n<div class=\"wp-block-column is-layout-flow wp-block-column-is-layout-flow\">\n<p class=\"has-contrast-color has-text-color has-link-color wp-elements-ff5c7d445220d01eb327e9f5df0e9ea9\">Alternativ k\u00f6nnen Sie in die einzigartige kulturelle Vielfalt des Festlandes eintauchen, indem Sie die traditionellen Steind\u00f6rfer Zagorochoria, Parnassus, Pelion und andere erkunden, wo alte Br\u00e4uche und eine einzigartige lokale Gastronomie gepflegt werden. Erleben Sie die ber\u00fchmte griechische Gastfreundschaft in einer traditionellen Taverne, wo Sie gemeinsam mit Einheimischen eine Mahlzeit, lokalen Wein und angeregte Gespr\u00e4che genie\u00dfen k\u00f6nnen. Diese Erlebnisse bieten eine echte Verbindung zum Herzen und zur Seele Griechenlands und zelebrieren eine lebendige, zeitgen\u00f6ssische Kultur, die sowohl einladend als auch unvergesslich ist.<\/p>\n<\/div>\n\n\n\n<div class=\"wp-block-column is-layout-flow wp-block-column-is-layout-flow\" style=\"flex-basis:30%\">\n<figure class=\"wp-block-image size-large is-resized is-style-rounded\" style=\"margin-top:-40px;margin-bottom:-40px\"><img loading=\"lazy\" decoding=\"async\" width=\"1024\" height=\"683\" src=\"https:\/\/adventture-greece.com\/wp-content\/uploads\/2025\/09\/village-1024x683.jpg\" alt=\"\" class=\"wp-image-2471\" style=\"aspect-ratio:4\/3;object-fit:cover;width:500px\" srcset=\"https:\/\/adventture-greece.com\/wp-content\/uploads\/2025\/09\/village-1024x683.jpg 1024w, https:\/\/adventture-greece.com\/wp-content\/uploads\/2025\/09\/village-300x200.jpg 300w, https:\/\/adventture-greece.com\/wp-content\/uploads\/2025\/09\/village-768x512.jpg 768w, https:\/\/adventture-greece.com\/wp-content\/uploads\/2025\/09\/village-1536x1024.jpg 1536w, https:\/\/adventture-greece.com\/wp-content\/uploads\/2025\/09\/village-2048x1365.jpg 2048w\" sizes=\"auto, (max-width: 1024px) 100vw, 1024px\" \/><\/figure>\n\n\n\n<hr class=\"wp-block-separator has-alpha-channel-opacity\"\/>\n<\/div>\n<\/div>\n<\/div>\n\n\n\n<hr class=\"wp-block-separator has-alpha-channel-opacity\"\/>\n\n\n\n<div class=\"wp-block-group has-global-padding is-layout-constrained wp-container-core-group-is-layout-4f9f0532 wp-block-group-is-layout-constrained\">\n<hr class=\"wp-block-separator has-alpha-channel-opacity\"\/>\n\n\n\n<div class=\"wp-block-columns is-layout-flex wp-container-core-columns-is-layout-28f84493 wp-block-columns-is-layout-flex\">\n<div class=\"wp-block-column is-layout-flow wp-block-column-is-layout-flow\" style=\"flex-basis:30%\">\n<figure class=\"wp-block-image size-large is-style-rounded\" style=\"margin-top:var(--wp--preset--spacing--30);margin-bottom:var(--wp--preset--spacing--30)\"><img loading=\"lazy\" decoding=\"async\" width=\"1024\" height=\"767\" src=\"https:\/\/adventture-greece.com\/wp-content\/uploads\/2025\/09\/culture6-1024x767.jpg\" alt=\"\" class=\"wp-image-1408\" srcset=\"https:\/\/adventture-greece.com\/wp-content\/uploads\/2025\/09\/culture6-1024x767.jpg 1024w, https:\/\/adventture-greece.com\/wp-content\/uploads\/2025\/09\/culture6-300x225.jpg 300w, https:\/\/adventture-greece.com\/wp-content\/uploads\/2025\/09\/culture6-768x576.jpg 768w, https:\/\/adventture-greece.com\/wp-content\/uploads\/2025\/09\/culture6-1536x1151.jpg 1536w, https:\/\/adventture-greece.com\/wp-content\/uploads\/2025\/09\/culture6-2048x1535.jpg 2048w\" sizes=\"auto, (max-width: 1024px) 100vw, 1024px\" \/><\/figure>\n<\/div>\n\n\n\n<div class=\"wp-block-column is-layout-flow wp-block-column-is-layout-flow\">\n<hr class=\"wp-block-separator has-alpha-channel-opacity\"\/>\n\n\n\n<h2 class=\"wp-block-heading has-contrast-color has-text-color has-link-color wp-elements-5e4931eb7cdb151786f96ef73ed057ef\">Kompetente Beratung und nahtlose Planung<\/h2>\n\n\n\n<hr class=\"wp-block-separator has-text-color has-contrast-color has-alpha-channel-opacity has-contrast-background-color has-background\" style=\"margin-top:var(--wp--preset--spacing--20);margin-bottom:var(--wp--preset--spacing--20)\"\/>\n\n\n\n<p class=\"has-contrast-color has-text-color has-link-color wp-elements-188fe8c80db8579411717bf541817ddf\">Um Ihnen eine stressfreie Kulturreise zu erm\u00f6glichen, bieten wir Ihnen von Anfang bis Ende engagierte Unterst\u00fctzung. Zu unseren Dienstleistungen geh\u00f6ren die Erstellung individueller Rundg\u00e4nge nach Ihren Interessen, die Organisation privater Transportm\u00f6glichkeiten innerhalb der Stadtzentren und die Suche nach einer komfortablen Unterkunft f\u00fcr Ihren Aufenthalt. Ob charmantes Boutique-Hotel, Villa am Meer oder gem\u00fctliches Apartment \u2013 wir k\u00fcmmern uns um die Logistik, damit Sie sich ganz auf die Geschichte und Kultur Ihrer Umgebung einlassen k\u00f6nnen. So k\u00f6nnen Sie die sch\u00f6nsten St\u00e4dte und Orte Griechenlands in Ihrem eigenen Tempo entdecken, w\u00e4hrend wir uns um alles andere k\u00fcmmern.<\/p>\n<\/div>\n<\/div>\n<\/div>\n\n\n<div class=\"wp-block-group has-global-padding is-content-justification-center is-layout-constrained wp-block-group-is-layout-constrained\">\n<div class=\"wp-block-group has-background is-content-justification-center is-layout-flex wp-container-core-group-is-layout-acf4123b wp-block-group-is-layout-flex\" style=\"border-radius:15px;background-color:#0b112405;padding-top:var(--wp--preset--spacing--20);padding-right:var(--wp--preset--spacing--20);padding-bottom:0;padding-left:var(--wp--preset--spacing--20);font-style:normal;font-weight:500\">\n<p class=\"has-contrast-color has-text-color has-link-color wp-elements-046b05debf9dcc0c973afdf8ea975b94\" style=\"margin-top:0;margin-right:0;margin-bottom:0;margin-left:0;padding-top:0;padding-right:0;padding-bottom:0;padding-left:0;font-style:normal;font-weight:600\">Werfen Sie einen Blick auf unsere zus\u00e4tzlichen Dienstleistungen<\/p>\n\n\n\n<div class=\"wp-block-buttons is-content-justification-center is-layout-flex wp-container-core-buttons-is-layout-5ecdc608 wp-block-buttons-is-layout-flex\" style=\"margin-top:var(--wp--preset--spacing--30);margin-bottom:var(--wp--preset--spacing--30);padding-top:0;padding-right:0;padding-bottom:0;padding-left:0\">\n<div class=\"wp-block-button\"><a class=\"wp-block-button__link has-background wp-element-button\" href=\"https:\/\/adventture-greece.com\/de\/extra\/\" style=\"border-radius:100px;background-color:#0b1124;padding-top:var(--wp--preset--spacing--20);padding-right:var(--wp--preset--spacing--60);padding-bottom:var(--wp--preset--spacing--20);padding-left:var(--wp--preset--spacing--60)\">Extras<\/a><\/div>\n<\/div>\n<\/div>\n<\/div>\n\n<div class=\"wp-block-group has-global-padding is-layout-constrained wp-container-core-group-is-layout-4f9f0532 wp-block-group-is-layout-constrained\">\n<div class=\"wp-block-group has-background is-vertical is-content-justification-center is-layout-flex wp-container-core-group-is-layout-0fd9515a wp-block-group-is-layout-flex\" style=\"border-radius:15px;background-color:#0b112405;margin-top:0;margin-bottom:0;padding-top:var(--wp--preset--spacing--30);padding-right:var(--wp--preset--spacing--20);padding-bottom:var(--wp--preset--spacing--30);padding-left:var(--wp--preset--spacing--20)\">\n<p class=\"has-contrast-color has-text-color has-link-color wp-elements-bc2a06c49b2cfe09062120765521a3cb\" style=\"padding-top:0;padding-right:0;padding-bottom:0;padding-left:0;font-style:normal;font-weight:600\">Haben Sie Fragen oder m\u00f6chten Sie mehr erfahren? F\u00fcllen Sie das Anfrageformular aus, wir setzen uns mit Ihnen in Verbindung und stellen Ihnen alle Informationen zur Verf\u00fcgung, die Sie ben\u00f6tigen!<\/p>\n\n\n\n<div class=\"wp-block-buttons is-content-justification-center is-layout-flex wp-container-core-buttons-is-layout-80259c74 wp-block-buttons-is-layout-flex\" style=\"margin-top:var(--wp--preset--spacing--20);margin-bottom:var(--wp--preset--spacing--20);padding-top:0;padding-right:0;padding-bottom:0;padding-left:0\">\n<div class=\"wp-block-button\"><a class=\"wp-block-button__link has-background wp-element-button\" href=\"https:\/\/adventture-greece.com\/de\/reservation\/\" style=\"background-color:#0b1124;padding-top:var(--wp--preset--spacing--20);padding-right:45px;padding-bottom:var(--wp--preset--spacing--20);padding-left:45px\">Antragsformular<\/a><\/div>\n<\/div>\n<\/div>\n<\/div>","protected":false},"excerpt":{"rendered":"<p>Entdecken Sie das Herzst\u00fcck des griechischen Stadtlebens? Die gro\u00dfen St\u00e4dte und historischen Orte Griechenlands sind dynamische kulturelle Zentren, in denen sich eine reiche, vielschichtige Vergangenheit mit einem lebendigen modernen Geist verbindet. Unsere Touren sind so konzipiert, dass Sie in das pulsierende Leben der griechischen Metropolen eintauchen k\u00f6nnen. Begeben Sie sich auf die Spuren von Dichtern, [&hellip;]<\/p>\n","protected":false},"author":2,"featured_media":0,"parent":0,"menu_order":0,"comment_status":"closed","ping_status":"closed","template":"","meta":{"_glsr_average":0,"_glsr_ranking":0,"_glsr_reviews":0,"footnotes":""},"class_list":["post-319","page","type-page","status-publish","hentry"],"_links":{"self":[{"href":"https:\/\/adventture-greece.com\/de\/wp-json\/wp\/v2\/pages\/319","targetHints":{"allow":["GET"]}}],"collection":[{"href":"https:\/\/adventture-greece.com\/de\/wp-json\/wp\/v2\/pages"}],"about":[{"href":"https:\/\/adventture-greece.com\/de\/wp-json\/wp\/v2\/types\/page"}],"author":[{"embeddable":true,"href":"https:\/\/adventture-greece.com\/de\/wp-json\/wp\/v2\/users\/2"}],"replies":[{"embeddable":true,"href":"https:\/\/adventture-greece.com\/de\/wp-json\/wp\/v2\/comments?post=319"}],"version-history":[{"count":8,"href":"https:\/\/adventture-greece.com\/de\/wp-json\/wp\/v2\/pages\/319\/revisions"}],"predecessor-version":[{"id":3760,"href":"https:\/\/adventture-greece.com\/de\/wp-json\/wp\/v2\/pages\/319\/revisions\/3760"}],"wp:attachment":[{"href":"https:\/\/adventture-greece.com\/de\/wp-json\/wp\/v2\/media?parent=319"}],"curies":[{"name":"wp","href":"https:\/\/api.w.org\/{rel}","templated":true}]}}