{"id":311,"date":"2025-09-16T07:44:27","date_gmt":"2025-09-16T07:44:27","guid":{"rendered":"https:\/\/adventture-greece.com\/?page_id=311"},"modified":"2025-12-02T20:24:07","modified_gmt":"2025-12-02T20:24:07","slug":"sea-exploration","status":"publish","type":"page","link":"https:\/\/adventture-greece.com\/de\/sea-exploration\/","title":{"rendered":"SEA EXPLORATION"},"content":{"rendered":"\n<hr class=\"wp-block-separator has-alpha-channel-opacity\" style=\"margin-top:var(--wp--preset--spacing--30);margin-bottom:var(--wp--preset--spacing--30)\"\/>\n\n\n\n<div class=\"wp-block-group has-global-padding is-layout-constrained wp-container-core-group-is-layout-4f9f0532 wp-block-group-is-layout-constrained\">\n<div class=\"wp-block-columns is-layout-flex wp-container-core-columns-is-layout-28f84493 wp-block-columns-is-layout-flex\">\n<div class=\"wp-block-column is-layout-flow wp-block-column-is-layout-flow\" style=\"flex-basis:30%\">\n<figure class=\"wp-block-image size-large is-style-rounded\"><img loading=\"lazy\" decoding=\"async\" width=\"1024\" height=\"681\" src=\"https:\/\/adventture-greece.com\/wp-content\/uploads\/2025\/09\/sea-boat-1024x681.jpg\" alt=\"\" class=\"wp-image-1285\" srcset=\"https:\/\/adventture-greece.com\/wp-content\/uploads\/2025\/09\/sea-boat-1024x681.jpg 1024w, https:\/\/adventture-greece.com\/wp-content\/uploads\/2025\/09\/sea-boat-300x200.jpg 300w, https:\/\/adventture-greece.com\/wp-content\/uploads\/2025\/09\/sea-boat-768x511.jpg 768w, https:\/\/adventture-greece.com\/wp-content\/uploads\/2025\/09\/sea-boat-1536x1022.jpg 1536w, https:\/\/adventture-greece.com\/wp-content\/uploads\/2025\/09\/sea-boat-2048x1363.jpg 2048w\" sizes=\"auto, (max-width: 1024px) 100vw, 1024px\" \/><\/figure>\n<\/div>\n\n\n\n<div class=\"wp-block-column is-layout-flow wp-block-column-is-layout-flow\">\n<hr class=\"wp-block-separator has-alpha-channel-opacity\" style=\"margin-top:var(--wp--preset--spacing--30);margin-bottom:var(--wp--preset--spacing--30)\"\/>\n\n\n\n<h2 class=\"wp-block-heading has-contrast-color has-text-color has-link-color wp-elements-3fd47e6dba000b4624f5f904eed6126d\">Bootsverleih &#038; gef\u00fchrte Touren<\/h2>\n\n\n\n<p><\/p>\n\n\n\n<hr class=\"wp-block-separator has-text-color has-contrast-color has-alpha-channel-opacity has-contrast-background-color has-background\" style=\"margin-top:0;margin-bottom:0\"\/>\n\n\n\n<p class=\"has-contrast-color has-text-color has-link-color wp-elements-782f44efc1cb9fba77fc8c9b49236476\">M\u00f6chten Sie das Meer erkunden? Wir bieten Mietboote f\u00fcr mehrt\u00e4gige Reisen an, die Sie mit oder ohne professionellen Skipper chartern k\u00f6nnen. Damit Ihr Abenteuer sorgenfrei verl\u00e4uft, stellen wir Ihnen die gesamte erforderliche Ausr\u00fcstung zur Verf\u00fcgung, darunter Neoprenanz\u00fcge, Flossen, Sicherheitsausr\u00fcstung und spezielle Sportger\u00e4te. Wir bieten auch private t\u00e4gliche Bootstouren an. Unsere erfahrenen Guides f\u00fchren Sie zu den besten Orten und teilen ihr lokales Wissen mit Ihnen, um Ihr Meeresabenteuer zu einem wirklich au\u00dfergew\u00f6hnlichen Erlebnis zu machen, das ganz auf Ihre Bed\u00fcrfnisse zugeschnitten ist.<\/p>\n<\/div>\n<\/div>\n<\/div>\n\n\n\n<div class=\"wp-block-group has-global-padding is-layout-constrained wp-container-core-group-is-layout-4f9f0532 wp-block-group-is-layout-constrained\">\n<div class=\"wp-block-columns is-layout-flex wp-container-core-columns-is-layout-28f84493 wp-block-columns-is-layout-flex\">\n<div class=\"wp-block-column is-layout-flow wp-block-column-is-layout-flow\">\n<hr class=\"wp-block-separator has-alpha-channel-opacity\" style=\"margin-top:var(--wp--preset--spacing--30);margin-bottom:var(--wp--preset--spacing--30)\"\/>\n\n\n\n<h2 class=\"wp-block-heading has-contrast-color has-text-color has-link-color wp-elements-6e477ecd4cbeca47d3c13a7f2bcd0723\">Tauchen Sie ein ins Abenteuer!<\/h2>\n\n\n\n<hr class=\"wp-block-separator has-text-color has-contrast-color has-alpha-channel-opacity has-contrast-background-color has-background\" style=\"margin-top:0;margin-bottom:0\"\/>\n\n\n\n<p class=\"has-contrast-color has-text-color has-link-color wp-elements-37cb41244a52acbb00a99ff7e8d2693f\">Das kristallklare Wasser Griechenlands ist ideal f\u00fcr alle, die die Unterwasserwelt erkunden m\u00f6chten. Unsere Guides bringen Sie zu den besten Tauch- und Schnorchelpl\u00e4tzen, wo Sie eine lebendige Unterwasserwelt, antike Ruinen und beeindruckende Unterwasserh\u00f6hlen entdecken k\u00f6nnen. Egal, ob Sie ein erfahrener Taucher sind oder gerade erst anfangen, wir helfen Ihnen dabei, ein ma\u00dfgeschneidertes Unterwassererlebnis zu finden, das sowohl sicher als auch unvergesslich ist.<\/p>\n<\/div>\n\n\n\n<div class=\"wp-block-column is-layout-flow wp-block-column-is-layout-flow\" style=\"flex-basis:30%\">\n<figure class=\"wp-block-image size-large is-style-rounded\" style=\"margin-top:var(--wp--preset--spacing--40);margin-bottom:var(--wp--preset--spacing--40)\"><img loading=\"lazy\" decoding=\"async\" width=\"1024\" height=\"682\" src=\"https:\/\/adventture-greece.com\/wp-content\/uploads\/2025\/09\/windsurf-1024x682.jpg\" alt=\"\" class=\"wp-image-2340\" srcset=\"https:\/\/adventture-greece.com\/wp-content\/uploads\/2025\/09\/windsurf-1024x682.jpg 1024w, https:\/\/adventture-greece.com\/wp-content\/uploads\/2025\/09\/windsurf-300x200.jpg 300w, https:\/\/adventture-greece.com\/wp-content\/uploads\/2025\/09\/windsurf-768x511.jpg 768w, https:\/\/adventture-greece.com\/wp-content\/uploads\/2025\/09\/windsurf-1536x1023.jpg 1536w, https:\/\/adventture-greece.com\/wp-content\/uploads\/2025\/09\/windsurf-2048x1364.jpg 2048w\" sizes=\"auto, (max-width: 1024px) 100vw, 1024px\" \/><\/figure>\n<\/div>\n<\/div>\n\n\n\n<hr class=\"wp-block-separator has-alpha-channel-opacity\" style=\"margin-top:var(--wp--preset--spacing--30);margin-bottom:var(--wp--preset--spacing--30)\"\/>\n<\/div>\n\n\n\n<div class=\"wp-block-group has-global-padding is-layout-constrained wp-container-core-group-is-layout-12a33306 wp-block-group-is-layout-constrained\" style=\"margin-bottom:var(--wp--preset--spacing--50)\">\n<details class=\"wp-block-details has-contrast-color has-text-color has-link-color wp-elements-88e2263020b5e92891328b16ab8677f4 is-layout-flow wp-block-details-is-layout-flow\" style=\"font-style:normal;font-weight:600\"><summary>WEITERLESEN<\/summary>\n<div class=\"wp-block-group has-global-padding is-layout-constrained wp-container-core-group-is-layout-4f9f0532 wp-block-group-is-layout-constrained\">\n<div class=\"wp-block-columns is-layout-flex wp-container-core-columns-is-layout-28f84493 wp-block-columns-is-layout-flex\">\n<div class=\"wp-block-column is-layout-flow wp-block-column-is-layout-flow\">\n<h2 class=\"wp-block-heading has-contrast-color has-text-color has-link-color wp-elements-295872a8c6393debc6133c52fbdcdd1f\">Zus\u00e4tzliche Annehmlichkeiten<\/h2>\n\n\n\n<hr class=\"wp-block-separator has-text-color has-contrast-color has-alpha-channel-opacity has-contrast-background-color has-background\" style=\"margin-top:0;margin-bottom:0\"\/>\n\n\n\n<ul class=\"wp-block-list has-contrast-color has-text-color has-link-color wp-elements-a8f96385237580fa1149eb778ac9569a\">\n<li>Windsurfing<\/li>\n\n\n\n<li>Kite Surfing<\/li>\n\n\n\n<li>Sup<\/li>\n\n\n\n<li>Canoe<\/li>\n<\/ul>\n<\/div>\n<\/div>\n<\/div>\n<\/details>\n<\/div>\n\n\n\n<div class=\"wp-block-group has-global-padding is-layout-constrained wp-block-group-is-layout-constrained\" style=\"margin-bottom:var(--wp--preset--spacing--60)\">\n<div class=\"wp-block-group has-global-padding is-layout-constrained wp-block-group-is-layout-constrained\" style=\"margin-bottom:var(--wp--preset--spacing--30)\">\n<div class=\"wp-block-group is-content-justification-center is-nowrap is-layout-flex wp-container-core-group-is-layout-23441af8 wp-block-group-is-layout-flex\">\n<p class=\"has-contrast-color has-text-color has-link-color has-x-large-font-size wp-elements-f4a83e064964acc716acf745ba523bbc\" style=\"font-style:normal;font-weight:600\">Unsere Flotte<\/p>\n<\/div>\n\n\n\n<hr class=\"wp-block-separator has-text-color has-contrast-color has-alpha-channel-opacity has-contrast-background-color has-background\" style=\"margin-top:0;margin-bottom:0\"\/>\n<\/div>\n\n\n\n<div class=\"custom-carousel\" style=\"margin-bottom:20px;\">\n  <div class=\"carousel-track\">\n    <div class=\"carousel-slide\">\n      <img decoding=\"async\" src=\"https:\/\/adventture-greece.com\/wp-content\/uploads\/2025\/10\/alice2-e1759766342727.jpg\" alt=\"Slide 1\">\n      <div class=\"carousel-captionwoutbackground\">\n        <h2>Catamarn Alice<\/h2>\n        <p>L\u00e4nge: 13.99m (45ft) ,  Maximale G\u00e4steanzahl: 8 ,Betten: 4 Doppelbettkabinen.<\/p>\n      <\/div>\n    <\/div>\n    <div class=\"carousel-slide\">\n      <img decoding=\"async\" src=\"https:\/\/adventture-greece.com\/wp-content\/uploads\/2025\/10\/alice1-e1759766401470.jpg\" alt=\"Slide 2\">\n      <div class=\"carousel-captionwoutbackground\">\n        <h2>Catamarn Alice Outer<\/h2>\n        <p><p>\n      <\/div>\n    <\/div>\n    <div class=\"carousel-slide\">\n      <img decoding=\"async\" src=\"https:\/\/adventture-greece.com\/wp-content\/uploads\/2025\/10\/alice3.jpg\" alt=\"Slide 2\">\n      <div class=\"carousel-captionwoutbackground\">\n        <h2>Catamarn Alice Outer<\/h2>\n        <p><p>\n      <\/div>\n    <\/div>\n <div class=\"carousel-slide\">\n      <img decoding=\"async\" src=\"https:\/\/adventture-greece.com\/wp-content\/uploads\/2025\/10\/aliceinner1-e1759766627907.jpg\" alt=\"Slide 2\">\n      <div class=\"carousel-captionwoutbackground\">\n        <h2>Catamarn Alice Inner<\/h2>\n        <p><p>\n      <\/div>\n    <\/div>\n  \n<div class=\"carousel-slide\">\n      <img decoding=\"async\" src=\"https:\/\/adventture-greece.com\/wp-content\/uploads\/2025\/10\/aliceinner2-e1759766651701.jpg\" alt=\"Slide 3\">\n      <div class=\"carousel-captionwoutbackground\">\n        <h2>Catamarn Alice Inner<\/h2>\n        <p><p>\n      <\/div>\n    <\/div>\n<div class=\"carousel-slide\">\n      <img decoding=\"async\" src=\"https:\/\/adventture-greece.com\/wp-content\/uploads\/2025\/10\/aliceinner3-e1759766666312.jpg\" alt=\"Slide 4\">\n      <div class=\"carousel-captionwoutbackground\">\n        <h2>Catamarn Alice Inner<\/h2>\n        <p><p>\n      <\/div>\n    <\/div>\n <\/div>\n  <button class=\"carousel-btn prev\">\u276e<\/button>\n  <button class=\"carousel-btn next\">\u276f<\/button>\n \n<\/div>\n<\/div>\n\n\n\n<div class=\"wp-block-group has-global-padding is-layout-constrained wp-block-group-is-layout-constrained\" style=\"margin-bottom:var(--wp--preset--spacing--60)\">\n<div class=\"custom-carousel\" style=\"margin-bottom:20px;\">\n  <div class=\"carousel-track\">\n    <div class=\"carousel-slide\">\n      <img decoding=\"async\" src=\"https:\/\/adventture-greece.com\/wp-content\/uploads\/2025\/10\/elvira1outer.jpg\" alt=\"Slide 1\">\n      <div class=\"carousel-captionwoutbackground\">\n        <h2>Catamarn Elvira<\/h2>\n        <p>L\u00e4nge: 15.85m (52ft) ,Maximale G\u00e4steanzahl: 10 ,Betten: 5 Doppelbettkabinen.<\/p>\n      <\/div>\n    <\/div>\n    <div class=\"carousel-slide\">\n      <img decoding=\"async\" src=\"https:\/\/adventture-greece.com\/wp-content\/uploads\/2025\/10\/elviraouter3.jpg\" alt=\"Slide 2\">\n      <div class=\"carousel-captionwoutbackground\">\n        <h2>Catamarn Elvira Outer<\/h2>\n        <p><p>\n      <\/div>\n    <\/div>\n    <div class=\"carousel-slide\">\n      <img decoding=\"async\" src=\"https:\/\/adventture-greece.com\/wp-content\/uploads\/2025\/10\/elviraouter2.jpg\" alt=\"Slide 2\">\n      <div class=\"carousel-captionwoutbackground\">\n        <h2>Catamarn Elvira Outer<\/h2>\n        <p><p>\n      <\/div>\n    <\/div>\n <div class=\"carousel-slide\">\n      <img decoding=\"async\" src=\"https:\/\/adventture-greece.com\/wp-content\/uploads\/2025\/10\/elvirainside1.jpg\" alt=\"Slide 2\">\n      <div class=\"carousel-captionwoutbackground\">\n        <h2>Catamarn Elvira Inner<\/h2>\n        <p><p>\n      <\/div>\n    <\/div>\n  \n<div class=\"carousel-slide\">\n      <img decoding=\"async\" src=\"https:\/\/adventture-greece.com\/wp-content\/uploads\/2025\/10\/elvirainside2.jpg\" alt=\"Slide 3\">\n      <div class=\"carousel-captionwoutbackground\">\n        <h2>Catamarn Elvira Inner<\/h2>\n        <p><p>\n      <\/div>\n    <\/div>\n<div class=\"carousel-slide\">\n      <img decoding=\"async\" src=\"https:\/\/adventture-greece.com\/wp-content\/uploads\/2025\/10\/elvirainside3.jpg\" alt=\"Slide 4\">\n      <div class=\"carousel-captionwoutbackground\">\n        <h2>Catamarn Elvira Inner<\/h2>\n        <p><p>\n      <\/div>\n    <\/div>\n <\/div>\n  <button class=\"carousel-btn prev\">\u276e<\/button>\n  <button class=\"carousel-btn next\">\u276f<\/button>\n \n<\/div>\n<\/div>\n\n\n\n<div class=\"wp-block-group has-global-padding is-layout-constrained wp-block-group-is-layout-constrained\" style=\"margin-bottom:var(--wp--preset--spacing--60)\">\n<div class=\"custom-carousel\" style=\"margin-bottom:20px;\">\n  <div class=\"carousel-track\">\n    <div class=\"carousel-slide\">\n      <img decoding=\"async\" src=\"https:\/\/adventture-greece.com\/wp-content\/uploads\/2025\/10\/pexels-lazarkrstic-12909552-scaled.jpg\" alt=\"Slide 1\">\n      <div class=\"carousel-captionwoutbackground\">\n        <h2>Sail Boat 3<\/h2>\n        <p><\/p>\n      <\/div>\n    <\/div>\n \n  <button class=\"carousel-btn prev\">\u276e<\/button>\n  <button class=\"carousel-btn next\">\u276f<\/button>\n \n<\/div>\n\n<\/div>\n<\/div>\n\n\n\n<div class=\"wp-block-group has-global-padding is-layout-constrained wp-block-group-is-layout-constrained\" style=\"margin-bottom:var(--wp--preset--spacing--60)\">\n<div class=\"custom-carousel\" style=\"margin-bottom:20px;\">\n  <div class=\"carousel-track\">\n    <div class=\"carousel-slide\">\n      <img decoding=\"async\" src=\"https:\/\/adventture-greece.com\/wp-content\/uploads\/2025\/10\/pexels-vome-12965854-scaled.jpg\" alt=\"Slide 1\">\n      <div class=\"carousel-captionwoutbackground\">\n        <h2>Sail Boat 4<\/h2>\n        <p><\/p>\n      <\/div>\n    <\/div>\n \n  <button class=\"carousel-btn prev\">\u276e<\/button>\n  <button class=\"carousel-btn next\">\u276f<\/button>\n \n<\/div>\n\n<\/div>\n<\/div>\n\n\n<div class=\"wp-block-group has-global-padding is-content-justification-center is-layout-constrained wp-block-group-is-layout-constrained\">\n<div class=\"wp-block-group has-background is-content-justification-center is-layout-flex wp-container-core-group-is-layout-acf4123b wp-block-group-is-layout-flex\" style=\"border-radius:15px;background-color:#0b112405;padding-top:var(--wp--preset--spacing--20);padding-right:var(--wp--preset--spacing--20);padding-bottom:0;padding-left:var(--wp--preset--spacing--20);font-style:normal;font-weight:500\">\n<p class=\"has-contrast-color has-text-color has-link-color wp-elements-046b05debf9dcc0c973afdf8ea975b94\" style=\"margin-top:0;margin-right:0;margin-bottom:0;margin-left:0;padding-top:0;padding-right:0;padding-bottom:0;padding-left:0;font-style:normal;font-weight:600\">Werfen Sie einen Blick auf unsere zus\u00e4tzlichen Dienstleistungen<\/p>\n\n\n\n<div class=\"wp-block-buttons is-content-justification-center is-layout-flex wp-container-core-buttons-is-layout-5ecdc608 wp-block-buttons-is-layout-flex\" style=\"margin-top:var(--wp--preset--spacing--30);margin-bottom:var(--wp--preset--spacing--30);padding-top:0;padding-right:0;padding-bottom:0;padding-left:0\">\n<div class=\"wp-block-button\"><a class=\"wp-block-button__link has-background wp-element-button\" href=\"https:\/\/adventture-greece.com\/de\/extra\/\" style=\"border-radius:100px;background-color:#0b1124;padding-top:var(--wp--preset--spacing--20);padding-right:var(--wp--preset--spacing--60);padding-bottom:var(--wp--preset--spacing--20);padding-left:var(--wp--preset--spacing--60)\">Extras<\/a><\/div>\n<\/div>\n<\/div>\n<\/div>\n\n<div class=\"wp-block-group has-global-padding is-layout-constrained wp-container-core-group-is-layout-4f9f0532 wp-block-group-is-layout-constrained\">\n<div class=\"wp-block-group has-background is-vertical is-content-justification-center is-layout-flex wp-container-core-group-is-layout-0fd9515a wp-block-group-is-layout-flex\" style=\"border-radius:15px;background-color:#0b112405;margin-top:0;margin-bottom:0;padding-top:var(--wp--preset--spacing--30);padding-right:var(--wp--preset--spacing--20);padding-bottom:var(--wp--preset--spacing--30);padding-left:var(--wp--preset--spacing--20)\">\n<p class=\"has-contrast-color has-text-color has-link-color wp-elements-bc2a06c49b2cfe09062120765521a3cb\" style=\"padding-top:0;padding-right:0;padding-bottom:0;padding-left:0;font-style:normal;font-weight:600\">Haben Sie Fragen oder m\u00f6chten Sie mehr erfahren? F\u00fcllen Sie das Anfrageformular aus, wir setzen uns mit Ihnen in Verbindung und stellen Ihnen alle Informationen zur Verf\u00fcgung, die Sie ben\u00f6tigen!<\/p>\n\n\n\n<div class=\"wp-block-buttons is-content-justification-center is-layout-flex wp-container-core-buttons-is-layout-80259c74 wp-block-buttons-is-layout-flex\" style=\"margin-top:var(--wp--preset--spacing--20);margin-bottom:var(--wp--preset--spacing--20);padding-top:0;padding-right:0;padding-bottom:0;padding-left:0\">\n<div class=\"wp-block-button\"><a class=\"wp-block-button__link has-background wp-element-button\" href=\"https:\/\/adventture-greece.com\/de\/reservation\/\" style=\"background-color:#0b1124;padding-top:var(--wp--preset--spacing--20);padding-right:45px;padding-bottom:var(--wp--preset--spacing--20);padding-left:45px\">Antragsformular<\/a><\/div>\n<\/div>\n<\/div>\n<\/div>","protected":false},"excerpt":{"rendered":"<p>Bootsverleih &#038; gef\u00fchrte Touren M\u00f6chten Sie das Meer erkunden? Wir bieten Mietboote f\u00fcr mehrt\u00e4gige Reisen an, die Sie mit oder ohne professionellen Skipper chartern k\u00f6nnen. Damit Ihr Abenteuer sorgenfrei verl\u00e4uft, stellen wir Ihnen die gesamte erforderliche Ausr\u00fcstung zur Verf\u00fcgung, darunter Neoprenanz\u00fcge, Flossen, Sicherheitsausr\u00fcstung und spezielle Sportger\u00e4te. Wir bieten auch private t\u00e4gliche Bootstouren an. Unsere erfahrenen [&hellip;]<\/p>\n","protected":false},"author":2,"featured_media":0,"parent":0,"menu_order":0,"comment_status":"closed","ping_status":"closed","template":"","meta":{"_glsr_average":0,"_glsr_ranking":0,"_glsr_reviews":0,"footnotes":""},"class_list":["post-311","page","type-page","status-publish","hentry"],"_links":{"self":[{"href":"https:\/\/adventture-greece.com\/de\/wp-json\/wp\/v2\/pages\/311","targetHints":{"allow":["GET"]}}],"collection":[{"href":"https:\/\/adventture-greece.com\/de\/wp-json\/wp\/v2\/pages"}],"about":[{"href":"https:\/\/adventture-greece.com\/de\/wp-json\/wp\/v2\/types\/page"}],"author":[{"embeddable":true,"href":"https:\/\/adventture-greece.com\/de\/wp-json\/wp\/v2\/users\/2"}],"replies":[{"embeddable":true,"href":"https:\/\/adventture-greece.com\/de\/wp-json\/wp\/v2\/comments?post=311"}],"version-history":[{"count":10,"href":"https:\/\/adventture-greece.com\/de\/wp-json\/wp\/v2\/pages\/311\/revisions"}],"predecessor-version":[{"id":3812,"href":"https:\/\/adventture-greece.com\/de\/wp-json\/wp\/v2\/pages\/311\/revisions\/3812"}],"wp:attachment":[{"href":"https:\/\/adventture-greece.com\/de\/wp-json\/wp\/v2\/media?parent=311"}],"curies":[{"name":"wp","href":"https:\/\/api.w.org\/{rel}","templated":true}]}}