{"id":309,"date":"2025-09-16T07:44:07","date_gmt":"2025-09-16T07:44:07","guid":{"rendered":"https:\/\/adventture-greece.com\/?page_id=309"},"modified":"2025-11-18T16:09:24","modified_gmt":"2025-11-18T16:09:24","slug":"mountains-and-nature","status":"publish","type":"page","link":"https:\/\/adventture-greece.com\/de\/mountains-and-nature\/","title":{"rendered":"MOUNTAINS AND NATURE"},"content":{"rendered":"\n<hr class=\"wp-block-separator has-alpha-channel-opacity\" style=\"margin-top:var(--wp--preset--spacing--30);margin-bottom:var(--wp--preset--spacing--30)\"\/>\n\n\n\n<div class=\"wp-block-group has-global-padding is-layout-constrained wp-container-core-group-is-layout-4f9f0532 wp-block-group-is-layout-constrained\">\n<div class=\"wp-block-columns is-layout-flex wp-container-core-columns-is-layout-28f84493 wp-block-columns-is-layout-flex\">\n<div class=\"wp-block-column is-layout-flow wp-block-column-is-layout-flow\" style=\"flex-basis:450px\">\n<figure class=\"wp-block-image size-large is-style-rounded\" style=\"margin-top:var(--wp--preset--spacing--40);margin-bottom:var(--wp--preset--spacing--40)\"><img loading=\"lazy\" decoding=\"async\" width=\"768\" height=\"1024\" src=\"https:\/\/adventture-greece.com\/wp-content\/uploads\/2025\/09\/mountain-768x1024.jpg\" alt=\"\" class=\"wp-image-1326\" style=\"aspect-ratio:4\/3;object-fit:cover\" srcset=\"https:\/\/adventture-greece.com\/wp-content\/uploads\/2025\/09\/mountain-768x1024.jpg 768w, https:\/\/adventture-greece.com\/wp-content\/uploads\/2025\/09\/mountain-225x300.jpg 225w, https:\/\/adventture-greece.com\/wp-content\/uploads\/2025\/09\/mountain-1152x1536.jpg 1152w, https:\/\/adventture-greece.com\/wp-content\/uploads\/2025\/09\/mountain-1536x2048.jpg 1536w, https:\/\/adventture-greece.com\/wp-content\/uploads\/2025\/09\/mountain-scaled.jpg 1920w\" sizes=\"auto, (max-width: 768px) 100vw, 768px\" \/><\/figure>\n<\/div>\n\n\n\n<div class=\"wp-block-column is-layout-flow wp-block-column-is-layout-flow\">\n<hr class=\"wp-block-separator has-alpha-channel-opacity\" style=\"margin-top:var(--wp--preset--spacing--30);margin-bottom:var(--wp--preset--spacing--30)\"\/>\n\n\n\n<h2 class=\"wp-block-heading has-contrast-color has-text-color has-link-color wp-elements-05487a9fabf06b4efd64523de6354d3d\">Unbekannte Pfade entdecken?<\/h2>\n\n\n\n<p><\/p>\n\n\n\n<hr class=\"wp-block-separator has-text-color has-contrast-color has-alpha-channel-opacity has-contrast-background-color has-background\" style=\"margin-top:0;margin-bottom:0\"\/>\n\n\n\n<p class=\"has-contrast-color has-text-color has-link-color wp-elements-5036bde69e42a91944317c628cacbcf1\">Die bergige Landschaft Griechenlands ist ein Paradies f\u00fcr alle, die Ruhe suchen und gerne zu Fu\u00df auf Entdeckungstour gehen. Unsere gef\u00fchrten Touren f\u00fchren Sie durch ein Netz aus alten Wanderwegen und malerischen Pfaden, die sich durch \u00fcppige W\u00e4lder, dramatische Schluchten und \u00fcber sonnenverw\u00f6hnte H\u00fcgel schl\u00e4ngeln. Erleben Sie die schiere Sch\u00f6nheit der vielf\u00e4ltigen \u00d6kosysteme des Landes, von der einzigartigen Flora und Fauna des Pindos-Gebirges bis zur ruhigen, unber\u00fchrten Sch\u00f6nheit der Vikos-Schlucht. Ob Sie ein Gelegenheitswanderer sind, der einen ruhigen Nachmittagsspaziergang sucht, oder ein erfahrener Trekker, der bereit ist f\u00fcr eine anspruchsvolle mehrt\u00e4gige Exkursion \u2013 wir helfen Ihnen, einen Weg zu finden, der perfekt zu Ihrem K\u00f6nnen und Ihrem Abenteuerdrang passt, damit jeder Schritt zu einer Entdeckung wird.<\/p>\n<\/div>\n<\/div>\n<\/div>\n\n\n\n<div class=\"wp-block-group has-global-padding is-layout-constrained wp-container-core-group-is-layout-4f9f0532 wp-block-group-is-layout-constrained\">\n<div class=\"wp-block-columns is-layout-flex wp-container-core-columns-is-layout-28f84493 wp-block-columns-is-layout-flex\">\n<div class=\"wp-block-column is-layout-flow wp-block-column-is-layout-flow\">\n<hr class=\"wp-block-separator has-alpha-channel-opacity\" style=\"margin-top:var(--wp--preset--spacing--30);margin-bottom:var(--wp--preset--spacing--30)\"\/>\n\n\n\n<h2 class=\"wp-block-heading has-contrast-color has-text-color has-link-color wp-elements-dd50f75c1335ea26caa4e540a362200a\">Bereit f\u00fcr einen epischen Aufstieg?<\/h2>\n\n\n\n<p><\/p>\n\n\n\n<hr class=\"wp-block-separator has-text-color has-contrast-color has-alpha-channel-opacity has-contrast-background-color has-background\" style=\"margin-top:0;margin-bottom:0\"\/>\n\n\n\n<p class=\"has-contrast-color has-text-color has-link-color wp-elements-bc78ead764067b03f02636137f06255a\">F\u00fcr diejenigen, die sich nach einer adrenalingeladenen Verbindung mit der Natur sehnen, bieten unsere Bergsportarten die ultimative Herausforderung. Erklimmen Sie die steilen Felsw\u00e4nde oder begeben Sie sich auf eine spannende Bergsteigerexpedition, um die Gipfel des Olymp, des Parnass<\/p>\n\n\n\n<p class=\"has-contrast-color has-text-color has-link-color wp-elements-0cc2c6d16c97b53fa1776f20b56e3258\">und weitere zu bezwingen. Wir organisieren auch aufregende Canyoning-Touren, bei denen Sie in einigen der unber\u00fchrtesten Landschaften Griechenlands \u00fcber Wasserf\u00e4lle und kristallklare Naturpools navigieren k\u00f6nnen. Diese Erlebnisse sind darauf ausgelegt, Ihre Grenzen auszutesten und Sie mit atemberaubenden Ausblicken zu belohnen, die nur wenige Menschen jemals zu sehen bekommen.<\/p>\n<\/div>\n\n\n\n<div class=\"wp-block-column is-layout-flow wp-block-column-is-layout-flow\" style=\"flex-basis:450px\">\n<figure class=\"wp-block-image size-large is-style-rounded\" style=\"margin-top:var(--wp--preset--spacing--40);margin-bottom:var(--wp--preset--spacing--40)\"><img loading=\"lazy\" decoding=\"async\" width=\"724\" height=\"1024\" src=\"https:\/\/adventture-greece.com\/wp-content\/uploads\/2025\/09\/mountain3-724x1024.jpg\" alt=\"\" class=\"wp-image-1337\" style=\"aspect-ratio:4\/3;object-fit:cover\" srcset=\"https:\/\/adventture-greece.com\/wp-content\/uploads\/2025\/09\/mountain3-724x1024.jpg 724w, https:\/\/adventture-greece.com\/wp-content\/uploads\/2025\/09\/mountain3-212x300.jpg 212w, https:\/\/adventture-greece.com\/wp-content\/uploads\/2025\/09\/mountain3-768x1086.jpg 768w, https:\/\/adventture-greece.com\/wp-content\/uploads\/2025\/09\/mountain3-1087x1536.jpg 1087w, https:\/\/adventture-greece.com\/wp-content\/uploads\/2025\/09\/mountain3-1449x2048.jpg 1449w, https:\/\/adventture-greece.com\/wp-content\/uploads\/2025\/09\/mountain3-scaled.jpg 1811w\" sizes=\"auto, (max-width: 724px) 100vw, 724px\" \/><\/figure>\n<\/div>\n<\/div>\n<\/div>\n\n\n\n<div class=\"wp-block-group has-global-padding is-layout-constrained wp-container-core-group-is-layout-4f9f0532 wp-block-group-is-layout-constrained\">\n<div class=\"wp-block-columns is-layout-flex wp-container-core-columns-is-layout-28f84493 wp-block-columns-is-layout-flex\">\n<div class=\"wp-block-column is-layout-flow wp-block-column-is-layout-flow\" style=\"flex-basis:450px\">\n<figure class=\"wp-block-image size-large is-style-rounded\" style=\"margin-top:var(--wp--preset--spacing--40);margin-bottom:var(--wp--preset--spacing--40)\"><img loading=\"lazy\" decoding=\"async\" width=\"768\" height=\"1024\" src=\"https:\/\/adventture-greece.com\/wp-content\/uploads\/2025\/09\/mountain4-768x1024.jpg\" alt=\"\" class=\"wp-image-1339\" style=\"aspect-ratio:4\/3;object-fit:cover\" srcset=\"https:\/\/adventture-greece.com\/wp-content\/uploads\/2025\/09\/mountain4-768x1024.jpg 768w, https:\/\/adventture-greece.com\/wp-content\/uploads\/2025\/09\/mountain4-225x300.jpg 225w, https:\/\/adventture-greece.com\/wp-content\/uploads\/2025\/09\/mountain4-1152x1536.jpg 1152w, https:\/\/adventture-greece.com\/wp-content\/uploads\/2025\/09\/mountain4-1536x2048.jpg 1536w, https:\/\/adventture-greece.com\/wp-content\/uploads\/2025\/09\/mountain4-scaled.jpg 1920w\" sizes=\"auto, (max-width: 768px) 100vw, 768px\" \/><\/figure>\n<\/div>\n\n\n\n<div class=\"wp-block-column is-layout-flow wp-block-column-is-layout-flow\">\n<hr class=\"wp-block-separator has-alpha-channel-opacity\" style=\"margin-top:var(--wp--preset--spacing--30);margin-bottom:var(--wp--preset--spacing--30)\"\/>\n\n\n\n<h2 class=\"wp-block-heading has-contrast-color has-text-color has-link-color wp-elements-a30799e47f060464ba113d70948f74d4\">Entdecken Sie mit einem anderen Tempo<\/h2>\n\n\n\n<p><\/p>\n\n\n\n<hr class=\"wp-block-separator has-text-color has-contrast-color has-alpha-channel-opacity has-contrast-background-color has-background\" style=\"margin-top:0;margin-bottom:0\"\/>\n\n\n\n<p class=\"has-contrast-color has-text-color has-link-color wp-elements-ed318ca9813548384b201c117fcdf7a7\">Neben Klettern bietet die griechische Natur unz\u00e4hlige M\u00f6glichkeiten f\u00fcr Abenteuer in einem anderen Tempo. Begeben Sie sich auf unsere speziell angelegten Mountainbike-Strecken, die von sanften Waldwegen bis hin zu technischen Downhill-Strecken reichen und es Ihnen erm\u00f6glichen, weite Strecken zur\u00fcckzulegen und abgelegene Landschaften zu erkunden. F\u00fcr ein ruhigeres Erlebnis tauchen Sie ein in die Kunst der Vogelbeobachtung oder der Tierfotografie in gesch\u00fctzten Nationalparks, wo Sie seltene Arten in ihrem nat\u00fcrlichen Lebensraum beobachten k\u00f6nnen. Dies ist Ihre Chance, sich von der Welt zu l\u00f6sen und sich wieder mit der wilden Sch\u00f6nheit der griechischen Berge zu verbinden.<\/p>\n<\/div>\n<\/div>\n<\/div>\n\n\n\n<div class=\"wp-block-group has-global-padding is-layout-constrained wp-container-core-group-is-layout-4f9f0532 wp-block-group-is-layout-constrained\">\n<div class=\"wp-block-columns is-layout-flex wp-container-core-columns-is-layout-28f84493 wp-block-columns-is-layout-flex\">\n<div class=\"wp-block-column is-layout-flow wp-block-column-is-layout-flow\">\n<hr class=\"wp-block-separator has-alpha-channel-opacity\" style=\"margin-top:var(--wp--preset--spacing--30);margin-bottom:var(--wp--preset--spacing--30)\"\/>\n\n\n\n<h2 class=\"wp-block-heading has-contrast-color has-text-color has-link-color wp-elements-3f0860319f903c619a2bb0686c72feae\">Professionelle Ausr\u00fcstung und erfahrene Guides<\/h2>\n\n\n\n<p><\/p>\n\n\n\n<hr class=\"wp-block-separator has-text-color has-contrast-color has-alpha-channel-opacity has-contrast-background-color has-background\" style=\"margin-top:0;margin-bottom:0\"\/>\n\n\n\n<p class=\"has-contrast-color has-text-color has-link-color wp-elements-0755dc87485c317a8d681c551fbe39a2\">Um sicherzustellen, dass Ihr Abenteuer sowohl sicher als auch lohnenswert ist, stellen wir Ihnen die gesamte erforderliche professionelle Ausr\u00fcstung zur Verf\u00fcgung, darunter Kletterausr\u00fcstung, Mountainbikes und Sicherheitsgurte. Alle unsere Expeditionen werden von zertifizierten lokalen Reiseleitern gef\u00fchrt, die \u00fcber umfassende Kenntnisse des Gel\u00e4ndes, der Wetterbedingungen und der Notfallma\u00dfnahmen verf\u00fcgen. Sie k\u00fcmmern sich um die gesamte logistische Planung, sodass Sie Ihre Reise ohne Sorgen in vollen Z\u00fcgen genie\u00dfen k\u00f6nnen. Jede Reise wird sorgf\u00e4ltig vorbereitet, um Ihnen ein authentisches und unvergessliches Erlebnis in den majest\u00e4tischen Bergen Griechenlands zu garantieren.<\/p>\n<\/div>\n<\/div>\n<\/div>\n\n\n<div class=\"wp-block-group has-global-padding is-content-justification-center is-layout-constrained wp-block-group-is-layout-constrained\">\n<div class=\"wp-block-group has-background is-content-justification-center is-layout-flex wp-container-core-group-is-layout-acf4123b wp-block-group-is-layout-flex\" style=\"border-radius:15px;background-color:#0b112405;padding-top:var(--wp--preset--spacing--20);padding-right:var(--wp--preset--spacing--20);padding-bottom:0;padding-left:var(--wp--preset--spacing--20);font-style:normal;font-weight:500\">\n<p class=\"has-contrast-color has-text-color has-link-color wp-elements-046b05debf9dcc0c973afdf8ea975b94\" style=\"margin-top:0;margin-right:0;margin-bottom:0;margin-left:0;padding-top:0;padding-right:0;padding-bottom:0;padding-left:0;font-style:normal;font-weight:600\">Werfen Sie einen Blick auf unsere zus\u00e4tzlichen Dienstleistungen<\/p>\n\n\n\n<div class=\"wp-block-buttons is-content-justification-center is-layout-flex wp-container-core-buttons-is-layout-5ecdc608 wp-block-buttons-is-layout-flex\" style=\"margin-top:var(--wp--preset--spacing--30);margin-bottom:var(--wp--preset--spacing--30);padding-top:0;padding-right:0;padding-bottom:0;padding-left:0\">\n<div class=\"wp-block-button\"><a class=\"wp-block-button__link has-background wp-element-button\" href=\"https:\/\/adventture-greece.com\/de\/extra\/\" style=\"border-radius:100px;background-color:#0b1124;padding-top:var(--wp--preset--spacing--20);padding-right:var(--wp--preset--spacing--60);padding-bottom:var(--wp--preset--spacing--20);padding-left:var(--wp--preset--spacing--60)\">Extras<\/a><\/div>\n<\/div>\n<\/div>\n<\/div>\n\n<div class=\"wp-block-group has-global-padding is-layout-constrained wp-container-core-group-is-layout-4f9f0532 wp-block-group-is-layout-constrained\">\n<div class=\"wp-block-group has-background is-vertical is-content-justification-center is-layout-flex wp-container-core-group-is-layout-0fd9515a wp-block-group-is-layout-flex\" style=\"border-radius:15px;background-color:#0b112405;margin-top:0;margin-bottom:0;padding-top:var(--wp--preset--spacing--30);padding-right:var(--wp--preset--spacing--20);padding-bottom:var(--wp--preset--spacing--30);padding-left:var(--wp--preset--spacing--20)\">\n<p class=\"has-contrast-color has-text-color has-link-color wp-elements-bc2a06c49b2cfe09062120765521a3cb\" style=\"padding-top:0;padding-right:0;padding-bottom:0;padding-left:0;font-style:normal;font-weight:600\">Haben Sie Fragen oder m\u00f6chten Sie mehr erfahren? F\u00fcllen Sie das Anfrageformular aus, wir setzen uns mit Ihnen in Verbindung und stellen Ihnen alle Informationen zur Verf\u00fcgung, die Sie ben\u00f6tigen!<\/p>\n\n\n\n<div class=\"wp-block-buttons is-content-justification-center is-layout-flex wp-container-core-buttons-is-layout-80259c74 wp-block-buttons-is-layout-flex\" style=\"margin-top:var(--wp--preset--spacing--20);margin-bottom:var(--wp--preset--spacing--20);padding-top:0;padding-right:0;padding-bottom:0;padding-left:0\">\n<div class=\"wp-block-button\"><a class=\"wp-block-button__link has-background wp-element-button\" href=\"https:\/\/adventture-greece.com\/de\/reservation\/\" style=\"background-color:#0b1124;padding-top:var(--wp--preset--spacing--20);padding-right:45px;padding-bottom:var(--wp--preset--spacing--20);padding-left:45px\">Antragsformular<\/a><\/div>\n<\/div>\n<\/div>\n<\/div>","protected":false},"excerpt":{"rendered":"<p>Unbekannte Pfade entdecken? Die bergige Landschaft Griechenlands ist ein Paradies f\u00fcr alle, die Ruhe suchen und gerne zu Fu\u00df auf Entdeckungstour gehen. Unsere gef\u00fchrten Touren f\u00fchren Sie durch ein Netz aus alten Wanderwegen und malerischen Pfaden, die sich durch \u00fcppige W\u00e4lder, dramatische Schluchten und \u00fcber sonnenverw\u00f6hnte H\u00fcgel schl\u00e4ngeln. Erleben Sie die schiere Sch\u00f6nheit der vielf\u00e4ltigen [&hellip;]<\/p>\n","protected":false},"author":2,"featured_media":0,"parent":0,"menu_order":0,"comment_status":"closed","ping_status":"closed","template":"","meta":{"_glsr_average":0,"_glsr_ranking":0,"_glsr_reviews":0,"footnotes":""},"class_list":["post-309","page","type-page","status-publish","hentry"],"_links":{"self":[{"href":"https:\/\/adventture-greece.com\/de\/wp-json\/wp\/v2\/pages\/309","targetHints":{"allow":["GET"]}}],"collection":[{"href":"https:\/\/adventture-greece.com\/de\/wp-json\/wp\/v2\/pages"}],"about":[{"href":"https:\/\/adventture-greece.com\/de\/wp-json\/wp\/v2\/types\/page"}],"author":[{"embeddable":true,"href":"https:\/\/adventture-greece.com\/de\/wp-json\/wp\/v2\/users\/2"}],"replies":[{"embeddable":true,"href":"https:\/\/adventture-greece.com\/de\/wp-json\/wp\/v2\/comments?post=309"}],"version-history":[{"count":8,"href":"https:\/\/adventture-greece.com\/de\/wp-json\/wp\/v2\/pages\/309\/revisions"}],"predecessor-version":[{"id":3757,"href":"https:\/\/adventture-greece.com\/de\/wp-json\/wp\/v2\/pages\/309\/revisions\/3757"}],"wp:attachment":[{"href":"https:\/\/adventture-greece.com\/de\/wp-json\/wp\/v2\/media?parent=309"}],"curies":[{"name":"wp","href":"https:\/\/api.w.org\/{rel}","templated":true}]}}