{"id":307,"date":"2025-09-16T07:43:47","date_gmt":"2025-09-16T07:43:47","guid":{"rendered":"https:\/\/adventture-greece.com\/?page_id=307"},"modified":"2025-12-01T20:11:27","modified_gmt":"2025-12-01T20:11:27","slug":"moto-tours","status":"publish","type":"page","link":"https:\/\/adventture-greece.com\/de\/moto-tours\/","title":{"rendered":"MOTO TOURS"},"content":{"rendered":"\n<hr class=\"wp-block-separator has-alpha-channel-opacity\" style=\"margin-top:var(--wp--preset--spacing--30);margin-bottom:var(--wp--preset--spacing--30)\"\/>\n\n\n\n<div class=\"wp-block-group has-global-padding is-layout-constrained wp-container-core-group-is-layout-4f9f0532 wp-block-group-is-layout-constrained\">\n<div class=\"wp-block-columns is-layout-flex wp-container-core-columns-is-layout-28f84493 wp-block-columns-is-layout-flex\">\n<div class=\"wp-block-column is-layout-flow wp-block-column-is-layout-flow\" style=\"flex-basis:30%\">\n<figure class=\"wp-block-image size-large is-style-rounded\" style=\"margin-top:var(--wp--preset--spacing--40);margin-right:0;margin-bottom:var(--wp--preset--spacing--40);margin-left:0\"><img loading=\"lazy\" decoding=\"async\" width=\"1024\" height=\"683\" src=\"https:\/\/adventture-greece.com\/wp-content\/uploads\/2025\/09\/moto-1024x683.jpg\" alt=\"\" class=\"wp-image-1013\" srcset=\"https:\/\/adventture-greece.com\/wp-content\/uploads\/2025\/09\/moto-1024x683.jpg 1024w, https:\/\/adventture-greece.com\/wp-content\/uploads\/2025\/09\/moto-300x200.jpg 300w, https:\/\/adventture-greece.com\/wp-content\/uploads\/2025\/09\/moto-768x512.jpg 768w, https:\/\/adventture-greece.com\/wp-content\/uploads\/2025\/09\/moto-1536x1024.jpg 1536w, https:\/\/adventture-greece.com\/wp-content\/uploads\/2025\/09\/moto-2048x1365.jpg 2048w\" sizes=\"auto, (max-width: 1024px) 100vw, 1024px\" \/><\/figure>\n<\/div>\n\n\n\n<div class=\"wp-block-column is-layout-flow wp-block-column-is-layout-flow\">\n<h2 class=\"wp-block-heading has-contrast-color has-text-color has-link-color wp-elements-4a2f4d0c524b30abef7f642cd1101846\">M\u00f6chten Sie eines mieten?<\/h2>\n\n\n\n<hr class=\"wp-block-separator has-text-color has-contrast-color has-alpha-channel-opacity has-contrast-background-color has-background\"\/>\n\n\n\n<p class=\"has-contrast-color has-text-color has-link-color wp-elements-26d39f4a460cfd267dd7669a332d5fee\" style=\"margin-right:0;margin-left:0\">F\u00fcr diejenigen, die lieber mit leichtem Gep\u00e4ck reisen, bieten wir eine Auswahl an Mietmotorr\u00e4dern an. Egal, ob Sie ein Solo-Abenteuer unternehmen oder eine Gruppenreise planen, w\u00e4hlen Sie aus unserer Flotte gut gepflegter und zuverl\u00e4ssiger Motorr\u00e4der, die jeweils f\u00fcr unterschiedliche Gel\u00e4ndearten geeignet sind. Der Verleih umfasst alles, was Sie f\u00fcr Ihre Reise ben\u00f6tigen, und bietet Ihnen die Freiheit, die versteckten Sch\u00e4tze Griechenlands zu erkunden, ohne sich um den Besitz eines Motorrads k\u00fcmmern zu m\u00fcssen.<\/p>\n<\/div>\n<\/div>\n<\/div>\n\n\n\n<div class=\"wp-block-group has-global-padding is-layout-constrained wp-container-core-group-is-layout-c998f68a wp-block-group-is-layout-constrained\" style=\"margin-bottom:var(--wp--preset--spacing--70)\">\n<hr class=\"wp-block-separator has-alpha-channel-opacity\" style=\"margin-top:0;margin-bottom:0\"\/>\n\n\n\n<details class=\"wp-block-details has-contrast-color has-text-color has-link-color wp-elements-a8870023336fc38f546486c125303112 is-layout-flow wp-block-details-is-layout-flow\" style=\"font-style:normal;font-weight:600\"><summary>WEITERLESEN<\/summary>\n<main class=\"wp-block-group has-global-padding is-layout-constrained wp-container-core-group-is-layout-3dcc211d wp-block-group-is-layout-constrained\" style=\"margin-top:var(--wp--preset--spacing--60)\">\n<div class=\"wp-block-columns is-layout-flex wp-container-core-columns-is-layout-28f84493 wp-block-columns-is-layout-flex\">\n<div class=\"wp-block-column is-layout-flow wp-block-column-is-layout-flow\">\n<h2 class=\"wp-block-heading has-contrast-color has-text-color has-link-color wp-elements-cf0f06626b7bc7e37a29cb8fdcfb8557\">Zusatzleistungen<\/h2>\n\n\n\n<hr class=\"wp-block-separator has-text-color has-contrast-color has-alpha-channel-opacity has-contrast-background-color has-background\"\/>\n\n\n\n<ul class=\"wp-block-list has-contrast-color has-text-color has-link-color wp-elements-0443dc7558a387de5b6907cf9b3528ae\">\n<li>Lokaler Motorradf\u00fchrer<\/li>\n\n\n\n<li>Seitentaschen<\/li>\n\n\n\n<li>Helm<\/li>\n\n\n\n<li>GPS-Navigationsger\u00e4t<\/li>\n\n\n\n<li>Kommunikationssystem f\u00fcr Helme<\/li>\n<\/ul>\n\n\n\n<hr class=\"wp-block-separator has-alpha-channel-opacity\" style=\"margin-top:var(--wp--preset--spacing--30);margin-bottom:var(--wp--preset--spacing--30)\"\/>\n<\/div>\n<\/div>\n<\/main>\n<\/details>\n<\/div>\n\n\n\n<div class=\"wp-block-group has-global-padding is-layout-constrained wp-container-core-group-is-layout-4f9f0532 wp-block-group-is-layout-constrained\">\n<div class=\"wp-block-columns is-layout-flex wp-container-core-columns-is-layout-28f84493 wp-block-columns-is-layout-flex\">\n<div class=\"wp-block-column is-layout-flow wp-block-column-is-layout-flow\">\n<hr class=\"wp-block-separator has-alpha-channel-opacity\"\/>\n\n\n\n<h2 class=\"wp-block-heading has-contrast-color has-text-color has-link-color wp-elements-9a8381a5f9f45b7a84c8473415e35ae6\">Fahren Sie Fahrrad?<\/h2>\n\n\n\n<hr class=\"wp-block-separator has-text-color has-contrast-color has-alpha-channel-opacity has-contrast-background-color has-background\"\/>\n\n\n\n<p class=\"has-contrast-color has-text-color has-link-color wp-elements-2acf6b030e0c9aaa38da9092f38840a3\">Das abwechslungsreiche griechische Terrain und die wundersch\u00f6nen K\u00fcstenstra\u00dfen machen dieses Land zu einem Paradies f\u00fcr Motorradfans. Wenn Sie Ihr eigenes Motorrad mitbringen, helfen wir Ihnen gerne dabei, die perfekte Reise zu planen, von der Fahrt \u00fcber malerische Bergp\u00e4sse bis hin zu Zwischenstopps in pittoresken D\u00f6rfern, damit Sie auch die sch\u00f6nsten versteckten Stra\u00dfen entdecken k\u00f6nnen. Wir stellen Ihnen ein detailliertes Roadbook mit empfohlenen Routen und wichtigen Informationen zur Verf\u00fcgung. Suchen Sie einen Guide? Ein professioneller Motorrad-Guide kann Ihnen sichere, zuverl\u00e4ssige und kompetente F\u00fchrung bieten, wenn Sie neue Routen erkunden oder anspruchsvolles Gel\u00e4nde befahren m\u00f6chten.<\/p>\n<\/div>\n\n\n\n<div class=\"wp-block-column is-layout-flow wp-block-column-is-layout-flow\" style=\"flex-basis:30%\">\n<figure class=\"wp-block-image size-large is-style-rounded\" style=\"margin-top:var(--wp--preset--spacing--30);margin-bottom:var(--wp--preset--spacing--30)\"><img loading=\"lazy\" decoding=\"async\" width=\"1024\" height=\"683\" src=\"https:\/\/adventture-greece.com\/wp-content\/uploads\/2025\/09\/pexels-www-erzetich-com-2607330-1024x683.jpg\" alt=\"\" class=\"wp-image-1846\" srcset=\"https:\/\/adventture-greece.com\/wp-content\/uploads\/2025\/09\/pexels-www-erzetich-com-2607330-1024x683.jpg 1024w, https:\/\/adventture-greece.com\/wp-content\/uploads\/2025\/09\/pexels-www-erzetich-com-2607330-300x200.jpg 300w, https:\/\/adventture-greece.com\/wp-content\/uploads\/2025\/09\/pexels-www-erzetich-com-2607330-768x512.jpg 768w, https:\/\/adventture-greece.com\/wp-content\/uploads\/2025\/09\/pexels-www-erzetich-com-2607330-1536x1024.jpg 1536w, https:\/\/adventture-greece.com\/wp-content\/uploads\/2025\/09\/pexels-www-erzetich-com-2607330-2048x1365.jpg 2048w\" sizes=\"auto, (max-width: 1024px) 100vw, 1024px\" \/><\/figure>\n<\/div>\n<\/div>\n<\/div>\n\n\n\n<div class=\"wp-block-group has-global-padding is-layout-constrained wp-block-group-is-layout-constrained\">\n<div class=\"wp-block-group is-content-justification-center is-nowrap is-layout-flex wp-container-core-group-is-layout-23441af8 wp-block-group-is-layout-flex\">\n<h2 class=\"wp-block-heading has-contrast-color has-text-color has-link-color wp-elements-638fcd9dacb521531dd37463fea984b4\">Unsere Flotte<\/h2>\n<\/div>\n\n\n\n<hr class=\"wp-block-separator has-text-color has-contrast-color has-alpha-channel-opacity has-contrast-background-color has-background\"\/>\n\n\n\n<div class=\"wp-block-group is-content-justification-center is-nowrap is-layout-flex wp-container-core-group-is-layout-23441af8 wp-block-group-is-layout-flex\">\n<h2 class=\"wp-block-heading has-contrast-color has-text-color has-link-color wp-elements-30f710ea9b5a464f25ef91e89fa46b31\" style=\"font-style:normal;font-weight:600\">Rennr\u00e4der<\/h2>\n<\/div>\n\n\n\n<div class=\"custom-carousel\" style=\"margin-bottom:20px;\">\n  <div class=\"carousel-track\">\n    <div class=\"carousel-slide\">\n      <img decoding=\"async\" src=\"https:\/\/adventture-greece.com\/wp-content\/uploads\/2025\/10\/bmwgs1300.jpg\" alt=\"Slide 1\">\n      <div class=\"carousel-caption\">\n        <h2>BMW R1300GS<\/h2>\n        <p><\/p>\n      <\/div>\n    <\/div>\n <\/div>\n<\/div>\n\n<div class=\"custom-carousel\" style=\"margin-bottom:20px;\">\n  <div class=\"carousel-track\">\n    <div class=\"carousel-slide\">\n      <img decoding=\"async\" src=\"https:\/\/adventture-greece.com\/wp-content\/uploads\/2025\/10\/bmw1250gs.jpg\" alt=\"Slide 1\">\n      <div class=\"carousel-caption\">\n        <h2>BMW R1250GS<\/h2>\n        <p><\/p>\n      <\/div>\n    <\/div>\n <\/div>\n<\/div>\n\n<div class=\"custom-carousel\" style=\"margin-bottom:20px;\">\n  <div class=\"carousel-track\">\n    <div class=\"carousel-slide\">\n      <img decoding=\"async\" src=\"https:\/\/adventture-greece.com\/wp-content\/uploads\/2025\/10\/bmw-f900xr.jpg\" alt=\"Slide 1\">\n      <div class=\"carousel-caption\">\n        <h2>BMW F900XR<\/h2>\n        <p><\/p>\n      <\/div>\n    <\/div>\n <\/div>\n<\/div>\n\n<div class=\"custom-carousel\" style=\"margin-bottom:20px;\">\n  <div class=\"carousel-track\">\n    <div class=\"carousel-slide\">\n      <img decoding=\"async\" src=\"https:\/\/adventture-greece.com\/wp-content\/uploads\/2025\/10\/bmw-f850gs.png\" alt=\"Slide 1\">\n      <div class=\"carousel-caption\">\n        <h2>BMW F850GS<\/h2>\n        <p><\/p>\n      <\/div>\n    <\/div>\n <\/div>\n<\/div>\n\n<div class=\"custom-carousel\" style=\"margin-bottom:20px;\">\n  <div class=\"carousel-track\">\n    <div class=\"carousel-slide\">\n      <img decoding=\"async\" src=\"https:\/\/adventture-greece.com\/wp-content\/uploads\/2025\/10\/bmw-f750gs.jpg\" alt=\"Slide 1\">\n      <div class=\"carousel-caption\">\n        <h2>BMW F750GS<\/h2>\n        <p><\/p>\n      <\/div>\n    <\/div>\n <\/div>\n<\/div>\n\n<div class=\"custom-carousel\" style=\"margin-bottom:20px;\">\n  <div class=\"carousel-track\">\n    <div class=\"carousel-slide\">\n      <img decoding=\"async\" src=\"https:\/\/adventture-greece.com\/wp-content\/uploads\/2025\/10\/bmw-g310gs.png\" alt=\"Slide 1\">\n      <div class=\"carousel-caption\">\n        <h2>BMW G310GS<\/h2>\n        <p><\/p>\n      <\/div>\n    <\/div>\n <\/div>\n<\/div>\n\n\n\n<div class=\"custom-carousel\" style=\"margin-bottom:20px;\">\n  <div class=\"carousel-track\">\n    <div class=\"carousel-slide\">\n      <img decoding=\"async\" src=\"https:\/\/adventture-greece.com\/wp-content\/uploads\/2025\/10\/benelli-TRK502X.jpg\" alt=\"Slide 1\">\n      <div class=\"carousel-caption\">\n        <h2>benelli TRK502X<\/h2>\n        <p><\/p>\n      <\/div>\n    <\/div>\n <\/div>\n<\/div>\n\n<div class=\"custom-carousel\" style=\"margin-bottom:20px;\">\n  <div class=\"carousel-track\">\n    <div class=\"carousel-slide\">\n      <img decoding=\"async\" src=\"https:\/\/adventture-greece.com\/wp-content\/uploads\/2025\/10\/royal-enfield-450-guerrilla.png\" alt=\"Slide 1\">\n      <div class=\"carousel-caption\">\n        <h2>ROYAL ENFIELD 450 GUERILLA<\/h2>\n        <p><\/p>\n      <\/div>\n    <\/div>\n <\/div>\n<\/div>\n\n<div class=\"custom-carousel\" style=\"margin-bottom:20px;\">\n  <div class=\"carousel-track\">\n    <div class=\"carousel-slide\">\n      <img decoding=\"async\" src=\"https:\/\/adventture-greece.com\/wp-content\/uploads\/2025\/10\/onrd-spy-my25-ryker-600-000f1sc00-studio-34fr-na.png\" alt=\"Slide 1\">\n      <div class=\"carousel-caption\">\n        <h2>CAN-AM RYKER<\/h2>\n        <p><\/p>\n      <\/div>\n    <\/div>\n <\/div>\n<\/div>\n\n<div class=\"custom-carousel\" style=\"margin-bottom:20px;\">\n  <div class=\"carousel-track\">\n    <div class=\"carousel-slide\">\n      <img decoding=\"async\" src=\"https:\/\/adventture-greece.com\/wp-content\/uploads\/2025\/10\/Can-Am-Spyder-RT.png\" alt=\"Slide 1\">\n      <div class=\"carousel-caption\">\n        <h2>CAN-AM SPYDER RT<\/h2>\n        <p><\/p>\n      <\/div>\n    <\/div>\n <\/div>\n<\/div>\n\n\n<div class=\"custom-carousel\" style=\"margin-bottom:20px;\">\n  <div class=\"carousel-track\">\n    <div class=\"carousel-slide\">\n      <img decoding=\"async\" src=\"https:\/\/adventture-greece.com\/wp-content\/uploads\/2025\/10\/Harley-Davidson-Sportster.png\" alt=\"Slide 1\">\n      <div class=\"carousel-caption\">\n        <h2>Harley Davidson Sportster<\/h2>\n        <p><\/p>\n      <\/div>\n    <\/div>\n <\/div>\n<\/div>\n\n\n\n<div class=\"wp-block-group is-content-justification-left is-nowrap is-layout-flex wp-container-core-group-is-layout-e046bfdd wp-block-group-is-layout-flex\" style=\"margin-top:var(--wp--preset--spacing--50);font-style:normal;font-weight:800\">\n<h2 class=\"wp-block-heading has-contrast-color has-text-color has-link-color wp-elements-8948958d33dfed159840fe6b8308a282\" style=\"font-style:normal;font-weight:600\">On&#038;Off-Fahrr\u00e4der<\/h2>\n<\/div>\n\n\n\n<div class=\"custom-carousel\" style=\"margin-bottom:20px;\">\n  <div class=\"carousel-track\">\n    <div class=\"carousel-slide\">\n      <img decoding=\"async\" src=\"https:\/\/adventture-greece.com\/wp-content\/uploads\/2025\/10\/cfmoto450mt.png\" alt=\"Slide 1\">\n      <div class=\"carousel-caption\">\n        <h2>CFMOTO 450MT<\/h2>\n        <p><\/p>\n      <\/div>\n    <\/div>\n <\/div>\n<\/div>\n\n<div class=\"custom-carousel\" style=\"margin-bottom:20px;\">\n  <div class=\"carousel-track\">\n    <div class=\"carousel-slide\">\n      <img decoding=\"async\" src=\"https:\/\/adventture-greece.com\/wp-content\/uploads\/2025\/10\/yamaha-tenere-700.png\" alt=\"Slide 1\">\n      <div class=\"carousel-caption\">\n        <h2>YAMAHA TENERE 700<\/h2>\n        <p><\/p>\n      <\/div>\n    <\/div>\n <\/div>\n<\/div>\n<\/div>\n\n\n<div class=\"wp-block-group has-global-padding is-content-justification-center is-layout-constrained wp-block-group-is-layout-constrained\">\n<div class=\"wp-block-group has-background is-content-justification-center is-layout-flex wp-container-core-group-is-layout-acf4123b wp-block-group-is-layout-flex\" style=\"border-radius:15px;background-color:#0b112405;padding-top:var(--wp--preset--spacing--20);padding-right:var(--wp--preset--spacing--20);padding-bottom:0;padding-left:var(--wp--preset--spacing--20);font-style:normal;font-weight:500\">\n<p class=\"has-contrast-color has-text-color has-link-color wp-elements-046b05debf9dcc0c973afdf8ea975b94\" style=\"margin-top:0;margin-right:0;margin-bottom:0;margin-left:0;padding-top:0;padding-right:0;padding-bottom:0;padding-left:0;font-style:normal;font-weight:600\">Werfen Sie einen Blick auf unsere zus\u00e4tzlichen Dienstleistungen<\/p>\n\n\n\n<div class=\"wp-block-buttons is-content-justification-center is-layout-flex wp-container-core-buttons-is-layout-5ecdc608 wp-block-buttons-is-layout-flex\" style=\"margin-top:var(--wp--preset--spacing--30);margin-bottom:var(--wp--preset--spacing--30);padding-top:0;padding-right:0;padding-bottom:0;padding-left:0\">\n<div class=\"wp-block-button\"><a class=\"wp-block-button__link has-background wp-element-button\" href=\"https:\/\/adventture-greece.com\/de\/extra\/\" style=\"border-radius:100px;background-color:#0b1124;padding-top:var(--wp--preset--spacing--20);padding-right:var(--wp--preset--spacing--60);padding-bottom:var(--wp--preset--spacing--20);padding-left:var(--wp--preset--spacing--60)\">Extras<\/a><\/div>\n<\/div>\n<\/div>\n<\/div>\n\n<div class=\"wp-block-group has-global-padding is-layout-constrained wp-container-core-group-is-layout-4f9f0532 wp-block-group-is-layout-constrained\">\n<div class=\"wp-block-group has-background is-vertical is-content-justification-center is-layout-flex wp-container-core-group-is-layout-0fd9515a wp-block-group-is-layout-flex\" style=\"border-radius:15px;background-color:#0b112405;margin-top:0;margin-bottom:0;padding-top:var(--wp--preset--spacing--30);padding-right:var(--wp--preset--spacing--20);padding-bottom:var(--wp--preset--spacing--30);padding-left:var(--wp--preset--spacing--20)\">\n<p class=\"has-contrast-color has-text-color has-link-color wp-elements-bc2a06c49b2cfe09062120765521a3cb\" style=\"padding-top:0;padding-right:0;padding-bottom:0;padding-left:0;font-style:normal;font-weight:600\">Haben Sie Fragen oder m\u00f6chten Sie mehr erfahren? F\u00fcllen Sie das Anfrageformular aus, wir setzen uns mit Ihnen in Verbindung und stellen Ihnen alle Informationen zur Verf\u00fcgung, die Sie ben\u00f6tigen!<\/p>\n\n\n\n<div class=\"wp-block-buttons is-content-justification-center is-layout-flex wp-container-core-buttons-is-layout-80259c74 wp-block-buttons-is-layout-flex\" style=\"margin-top:var(--wp--preset--spacing--20);margin-bottom:var(--wp--preset--spacing--20);padding-top:0;padding-right:0;padding-bottom:0;padding-left:0\">\n<div class=\"wp-block-button\"><a class=\"wp-block-button__link has-background wp-element-button\" href=\"https:\/\/adventture-greece.com\/de\/reservation\/\" style=\"background-color:#0b1124;padding-top:var(--wp--preset--spacing--20);padding-right:45px;padding-bottom:var(--wp--preset--spacing--20);padding-left:45px\">Antragsformular<\/a><\/div>\n<\/div>\n<\/div>\n<\/div>","protected":false},"excerpt":{"rendered":"<p>M\u00f6chten Sie eines mieten? F\u00fcr diejenigen, die lieber mit leichtem Gep\u00e4ck reisen, bieten wir eine Auswahl an Mietmotorr\u00e4dern an. Egal, ob Sie ein Solo-Abenteuer unternehmen oder eine Gruppenreise planen, w\u00e4hlen Sie aus unserer Flotte gut gepflegter und zuverl\u00e4ssiger Motorr\u00e4der, die jeweils f\u00fcr unterschiedliche Gel\u00e4ndearten geeignet sind. Der Verleih umfasst alles, was Sie f\u00fcr Ihre Reise [&hellip;]<\/p>\n","protected":false},"author":2,"featured_media":0,"parent":0,"menu_order":0,"comment_status":"closed","ping_status":"closed","template":"","meta":{"_glsr_average":0,"_glsr_ranking":0,"_glsr_reviews":0,"footnotes":""},"class_list":["post-307","page","type-page","status-publish","hentry"],"_links":{"self":[{"href":"https:\/\/adventture-greece.com\/de\/wp-json\/wp\/v2\/pages\/307","targetHints":{"allow":["GET"]}}],"collection":[{"href":"https:\/\/adventture-greece.com\/de\/wp-json\/wp\/v2\/pages"}],"about":[{"href":"https:\/\/adventture-greece.com\/de\/wp-json\/wp\/v2\/types\/page"}],"author":[{"embeddable":true,"href":"https:\/\/adventture-greece.com\/de\/wp-json\/wp\/v2\/users\/2"}],"replies":[{"embeddable":true,"href":"https:\/\/adventture-greece.com\/de\/wp-json\/wp\/v2\/comments?post=307"}],"version-history":[{"count":18,"href":"https:\/\/adventture-greece.com\/de\/wp-json\/wp\/v2\/pages\/307\/revisions"}],"predecessor-version":[{"id":3798,"href":"https:\/\/adventture-greece.com\/de\/wp-json\/wp\/v2\/pages\/307\/revisions\/3798"}],"wp:attachment":[{"href":"https:\/\/adventture-greece.com\/de\/wp-json\/wp\/v2\/media?parent=307"}],"curies":[{"name":"wp","href":"https:\/\/api.w.org\/{rel}","templated":true}]}}