{"id":305,"date":"2025-09-16T07:43:26","date_gmt":"2025-09-16T07:43:26","guid":{"rendered":"https:\/\/adventture-greece.com\/?page_id=305"},"modified":"2025-11-17T17:51:28","modified_gmt":"2025-11-17T17:51:28","slug":"camper-and-motorhome","status":"publish","type":"page","link":"https:\/\/adventture-greece.com\/de\/camper-and-motorhome\/","title":{"rendered":"CAMPER AND MOTORHOME"},"content":{"rendered":"\n<hr class=\"wp-block-separator has-alpha-channel-opacity\"\/>\n\n\n\n<main class=\"wp-block-group has-global-padding is-layout-constrained wp-container-core-group-is-layout-3dcc211d wp-block-group-is-layout-constrained\" style=\"margin-top:var(--wp--preset--spacing--60)\">\n<div class=\"wp-block-columns is-layout-flex wp-container-core-columns-is-layout-28f84493 wp-block-columns-is-layout-flex\">\n<div class=\"wp-block-column is-layout-flow wp-block-column-is-layout-flow\" style=\"flex-basis:33%\">\n<figure class=\"wp-block-image size-full is-style-rounded\"><img loading=\"lazy\" decoding=\"async\" width=\"516\" height=\"412\" src=\"https:\/\/adventture-greece.com\/wp-content\/uploads\/2025\/09\/rvcarwithchairs-1.png\" alt=\"\" class=\"wp-image-970\" srcset=\"https:\/\/adventture-greece.com\/wp-content\/uploads\/2025\/09\/rvcarwithchairs-1.png 516w, https:\/\/adventture-greece.com\/wp-content\/uploads\/2025\/09\/rvcarwithchairs-1-300x240.png 300w\" sizes=\"auto, (max-width: 516px) 100vw, 516px\" \/><\/figure>\n<\/div>\n\n\n\n<div class=\"wp-block-column is-layout-flow wp-block-column-is-layout-flow\">\n<hr class=\"wp-block-separator has-alpha-channel-opacity\" style=\"margin-top:var(--wp--preset--spacing--30);margin-bottom:var(--wp--preset--spacing--30)\"\/>\n\n\n\n<h2 class=\"wp-block-heading has-contrast-color has-text-color has-link-color wp-elements-13771e63556d1abe432e9d54076aa4e4\">M\u00f6chten Sie ein Wohnmobil mieten?<\/h2>\n\n\n\n<hr class=\"wp-block-separator has-text-color has-contrast-color has-alpha-channel-opacity has-contrast-background-color has-background\"\/>\n\n\n\n<p class=\"has-contrast-color has-text-color has-link-color wp-elements-3d4777ecc573bb61605dfa69aee6e069\">Griechenland ist der perfekte Ort, um ein Wohnmobil auszuprobieren. Dank praktischer Abholorte in der N\u00e4he der wichtigsten Flugh\u00e4fen k\u00f6nnen Sie Ihr Abenteuer direkt nach der Landung beginnen. Teilen Sie uns Ihre W\u00fcnsche mit und wir stellen Ihnen die perfekte Tour zusammen. Unsere voll ausgestatteten Wohnmobile bieten alles, was Sie brauchen, damit Sie die Freiheit der offenen Stra\u00dfe ohne Kompromisse genie\u00dfen k\u00f6nnen. Wir bieten auch Extras wie Kindersitze, Outdoor-Ausr\u00fcstung, GPS-Tracks und Einparkhilfekameras, damit Ihre Reise sorgenfrei und ganz auf Ihre Bed\u00fcrfnisse zugeschnitten ist.<\/p>\n<\/div>\n<\/div>\n<\/main>\n\n\n\n<div class=\"wp-block-group has-global-padding is-layout-constrained wp-container-core-group-is-layout-12243e0f wp-block-group-is-layout-constrained\">\n<details class=\"wp-block-details has-contrast-color has-text-color has-link-color has-large-font-size wp-elements-9c26288b62a645d89d86d2db3734ca67 is-layout-flow wp-container-core-details-is-layout-d0cefc70 wp-block-details-is-layout-flow\" style=\"margin-top:0;margin-right:0;margin-bottom:0;margin-left:0;padding-top:0;padding-right:0;padding-bottom:0;padding-left:0;font-style:normal;font-weight:600\"><summary>WEITERLESEN<\/summary>\n<main class=\"wp-block-group has-global-padding is-layout-constrained wp-container-core-group-is-layout-3dcc211d wp-block-group-is-layout-constrained\" style=\"margin-top:var(--wp--preset--spacing--60)\">\n<div class=\"wp-block-columns is-layout-flex wp-container-core-columns-is-layout-28f84493 wp-block-columns-is-layout-flex\">\n<div class=\"wp-block-column is-layout-flow wp-block-column-is-layout-flow\">\n<hr class=\"wp-block-separator has-alpha-channel-opacity\" style=\"margin-top:0;margin-bottom:0\"\/>\n\n\n\n<h2 class=\"wp-block-heading has-contrast-color has-text-color has-link-color wp-elements-7e3d959c2862da823895f747b1554750\"><strong>Wohnmobil-Spezifikationen und Ausstattung<\/strong><\/h2>\n\n\n\n<hr class=\"wp-block-separator has-text-color has-contrast-color has-alpha-channel-opacity has-contrast-background-color has-background\"\/>\n\n\n\n<ul class=\"wp-block-list\">\n<li class=\"has-contrast-color has-text-color has-link-color wp-elements-e245e9305ae5ea5c15fddd586fcbedc1\">12-Volt-Stromversorgung und Beleuchtung<\/li>\n\n\n\n<li>Gasherdplatten<\/li>\n\n\n\n<li>Sp\u00fcle<\/li>\n\n\n\n<li>K\u00fchlschrank (betrieben mit Strom, Gas und Batterie)<\/li>\n\n\n\n<li>120-Liter-Frischwassertank<\/li>\n\n\n\n<li>Grauwassertank<\/li>\n\n\n\n<li>Toilette und Dusche<\/li>\n\n\n\n<li>Schneeketten<\/li>\n\n\n\n<li>Boiler f\u00fcr Warmwasser<\/li>\n\n\n\n<li>Bequemer Sitzbereich<\/li>\n\n\n\n<li>Viel Stauraum und Schr\u00e4nke<\/li>\n\n\n\n<li class=\"has-contrast-color has-text-color has-link-color wp-elements-021496d9589772e89e359c9c042c18a5\">K\u00fchl- und Heizsystem<\/li>\n<\/ul>\n<\/div>\n\n\n\n<div class=\"wp-block-column is-style-default is-layout-flow wp-block-column-is-layout-flow\">\n<div class=\"wp-block-group is-vertical is-layout-flex wp-container-core-group-is-layout-fe9cc265 wp-block-group-is-layout-flex\">\n<div class=\"wp-block-group has-global-padding is-layout-constrained wp-block-group-is-layout-constrained\">\n<hr class=\"wp-block-separator has-alpha-channel-opacity\" style=\"margin-top:0;margin-bottom:0\"\/>\n\n\n\n<h2 class=\"wp-block-heading has-contrast-color has-text-color has-link-color wp-elements-f19eba1b0ee97111101bf983b330bd61\"><strong>Fahrverhalten und Au\u00dfenausstattung:<\/strong><\/h2>\n\n\n\n<hr class=\"wp-block-separator has-text-color has-contrast-color has-alpha-channel-opacity has-contrast-background-color has-background\"\/>\n\n\n\n<ul class=\"wp-block-list\">\n<li class=\"has-contrast-color has-text-color has-link-color wp-elements-293058c1deb09b7b84466809aa332bc1\">Tempomat<\/li>\n\n\n\n<li>R\u00fcckfahrkamera<\/li>\n\n\n\n<li>GPS-Ger\u00e4te<\/li>\n\n\n\n<li class=\"has-contrast-color has-text-color has-link-color wp-elements-e0af1144de51bc4a668f8b6fed0836de\">Markise<\/li>\n<\/ul>\n<\/div>\n\n\n\n<div class=\"wp-block-group has-global-padding is-content-justification-left is-layout-constrained wp-container-core-group-is-layout-12dd3699 wp-block-group-is-layout-constrained\">\n<hr class=\"wp-block-separator has-alpha-channel-opacity\" style=\"margin-top:var(--wp--preset--spacing--40);margin-bottom:var(--wp--preset--spacing--40)\"\/>\n\n\n\n<h2 class=\"wp-block-heading has-contrast-color has-text-color has-link-color wp-elements-08e097c538167f697d29b4f595ae8c3d\"><strong>Kapazit\u00e4t:<\/strong><\/h2>\n\n\n\n<hr class=\"wp-block-separator has-text-color has-contrast-color has-alpha-channel-opacity has-contrast-background-color has-background is-style-wide is-style-wide--1\"\/>\n\n\n\n<ul class=\"wp-block-list\">\n<li class=\"has-contrast-color has-text-color has-link-color wp-elements-36e030417419214ef390a4c6aaabcac5\">Unsere Wohnmobile bieten je nach Modell Platz f\u00fcr 1 bis 7 Personen.<\/li>\n<\/ul>\n<\/div>\n<\/div>\n<\/div>\n<\/div>\n\n\n\n<div class=\"wp-block-columns is-layout-flex wp-container-core-columns-is-layout-28f84493 wp-block-columns-is-layout-flex\">\n<div class=\"wp-block-column is-layout-flow wp-block-column-is-layout-flow\" style=\"flex-basis:100%\">\n<div class=\"wp-block-group has-global-padding is-content-justification-left is-layout-constrained wp-container-core-group-is-layout-12dd3699 wp-block-group-is-layout-constrained\">\n<hr class=\"wp-block-separator has-alpha-channel-opacity\" style=\"margin-top:var(--wp--preset--spacing--30);margin-bottom:var(--wp--preset--spacing--30)\"\/>\n\n\n\n<h2 class=\"wp-block-heading has-contrast-color has-text-color has-link-color wp-elements-3ca3674955780799deb57d48cb584166\"><strong><strong>Verf\u00fcgbare Wohnmobiltypen:<\/strong><\/strong><\/h2>\n\n\n\n<hr class=\"wp-block-separator has-text-color has-contrast-color has-alpha-channel-opacity has-contrast-background-color has-background is-style-wide is-style-wide--2\"\/>\n\n\n\n<ul class=\"wp-block-list\">\n<li class=\"has-contrast-color has-text-color has-link-color wp-elements-6b92b80cd3d44b83b6a1ca331e9ddaaa\">Van<\/li>\n\n\n\n<li>Halbintegriert (schlankes, flaches Design)<\/li>\n\n\n\n<li>Integriert (Luxusmodell in voller Gr\u00f6\u00dfe)<\/li>\n\n\n\n<li class=\"has-contrast-color has-text-color has-link-color wp-elements-b6c5427ff48ed5831049b1263e9d2b88\">Alcoven (mit Schlafbereich\/Loft \u00fcber der Fahrerkabine)<\/li>\n<\/ul>\n<\/div>\n<\/div>\n<\/div>\n\n\n\n<div class=\"wp-block-columns is-layout-flex wp-container-core-columns-is-layout-28f84493 wp-block-columns-is-layout-flex\">\n<div class=\"wp-block-column is-layout-flow wp-block-column-is-layout-flow\">\n<hr class=\"wp-block-separator has-alpha-channel-opacity\" style=\"margin-top:0;margin-bottom:0\"\/>\n\n\n\n<h2 class=\"wp-block-heading has-contrast-color has-text-color has-link-color wp-elements-ff18c92eba2c0c7706334eaa14289f9a\"><strong>Zus\u00e4tzliche Annehmlichkeiten<\/strong><\/h2>\n\n\n\n<hr class=\"wp-block-separator has-text-color has-contrast-color has-alpha-channel-opacity has-contrast-background-color has-background is-style-wide is-style-wide--3\"\/>\n\n\n\n<ul class=\"wp-block-list has-contrast-color has-text-color has-link-color wp-elements-391b3d246dfa5454987a1465d5020556\">\n<li>Campingst\u00fchle und -tische<\/li>\n\n\n\n<li>Gem\u00fctliche Bettw\u00e4sche<\/li>\n\n\n\n<li>Frische Handt\u00fccher<\/li>\n\n\n\n<li>Reisef\u00fchrer<\/li>\n\n\n\n<li>Generator<\/li>\n\n\n\n<li>Kindersitze<\/li>\n\n\n\n<li>Transfer vom\/zum Flughafen oder Hotel zur Wohnmobilbasis<\/li>\n<\/ul>\n\n\n\n<hr class=\"wp-block-separator has-alpha-channel-opacity\" style=\"margin-top:var(--wp--preset--spacing--30);margin-bottom:var(--wp--preset--spacing--30)\"\/>\n<\/div>\n<\/div>\n<\/main>\n<\/details>\n<\/div>\n\n\n\n<main class=\"wp-block-group has-global-padding is-layout-constrained wp-container-core-group-is-layout-3dcc211d wp-block-group-is-layout-constrained\" style=\"margin-top:var(--wp--preset--spacing--60)\">\n<div class=\"wp-block-columns is-layout-flex wp-container-core-columns-is-layout-28f84493 wp-block-columns-is-layout-flex\">\n<div class=\"wp-block-column is-layout-flow wp-block-column-is-layout-flow\">\n<hr class=\"wp-block-separator has-alpha-channel-opacity\" style=\"margin-top:var(--wp--preset--spacing--30);margin-bottom:var(--wp--preset--spacing--30)\"\/>\n\n\n\n<h2 class=\"wp-block-heading has-contrast-color has-text-color has-link-color wp-elements-d746cb0663c2676cc648b7279a84e5f1\">Entdecken Sie Griechenland mit Ihrem Wohnmobil \u2013 mit Unterst\u00fctzung von Adventture-Greece<\/h2>\n\n\n\n<hr class=\"wp-block-separator has-text-color has-contrast-color has-alpha-channel-opacity has-contrast-background-color has-background\"\/>\n\n\n\n<p class=\"has-contrast-color has-text-color has-link-color wp-elements-5cc03ce581343b622cab1a3c6ad72432\">Reisen Sie mit Ihrem eigenen Wohnmobil frei durch Griechenland \u2013 wir k\u00fcmmern uns um den Rest. Mit fundierten Ortskenntnissen erstellen wir Ihren pers\u00f6nlichen Reiseplan: wohin Sie fahren sollten, was Sie sehen sollten, wo Sie Halt machen sollten und was wirklich Ihre Zeit wert ist. Wir bieten Ihnen eine zuverl\u00e4ssige Routenplanung, Vorschl\u00e4ge f\u00fcr Campingpl\u00e4tze und Unterk\u00fcnfte, lokale Highlights und Insider-Erlebnisse abseits der \u00fcblichen Touristenpfade. W\u00e4hrend Ihrer gesamten Reise steht Ihnen unser Team rund um die Uhr zur Verf\u00fcgung \u2013 von einfachen Reiseinformationen bis hin zur Hilfe bei Problemen unterwegs. Sie genie\u00dfen die Freiheit des Reisens. Wir sorgen mit unserem Wissen, unserer Organisation und unserer Zuverl\u00e4ssigkeit daf\u00fcr, dass alles reibungslos verl\u00e4uft.<\/p>\n<\/div>\n\n\n\n<div class=\"wp-block-column is-layout-flow wp-block-column-is-layout-flow\" style=\"flex-basis:33%\">\n<figure class=\"wp-block-image size-full is-style-rounded\" style=\"margin-top:0;margin-bottom:0\"><img loading=\"lazy\" decoding=\"async\" width=\"567\" height=\"520\" src=\"https:\/\/adventture-greece.com\/wp-content\/uploads\/2025\/09\/rvcar2-1.png\" alt=\"\" class=\"wp-image-991\" srcset=\"https:\/\/adventture-greece.com\/wp-content\/uploads\/2025\/09\/rvcar2-1.png 567w, https:\/\/adventture-greece.com\/wp-content\/uploads\/2025\/09\/rvcar2-1-300x275.png 300w\" sizes=\"auto, (max-width: 567px) 100vw, 567px\" \/><\/figure>\n<\/div>\n<\/div>\n<\/main>\n\n\n<div class=\"wp-block-group has-global-padding is-content-justification-center is-layout-constrained wp-block-group-is-layout-constrained\">\n<div class=\"wp-block-group has-background is-content-justification-center is-layout-flex wp-container-core-group-is-layout-acf4123b wp-block-group-is-layout-flex\" style=\"border-radius:15px;background-color:#0b112405;padding-top:var(--wp--preset--spacing--20);padding-right:var(--wp--preset--spacing--20);padding-bottom:0;padding-left:var(--wp--preset--spacing--20);font-style:normal;font-weight:500\">\n<p class=\"has-contrast-color has-text-color has-link-color wp-elements-046b05debf9dcc0c973afdf8ea975b94\" style=\"margin-top:0;margin-right:0;margin-bottom:0;margin-left:0;padding-top:0;padding-right:0;padding-bottom:0;padding-left:0;font-style:normal;font-weight:600\">Werfen Sie einen Blick auf unsere zus\u00e4tzlichen Dienstleistungen<\/p>\n\n\n\n<div class=\"wp-block-buttons is-content-justification-center is-layout-flex wp-container-core-buttons-is-layout-5ecdc608 wp-block-buttons-is-layout-flex\" style=\"margin-top:var(--wp--preset--spacing--30);margin-bottom:var(--wp--preset--spacing--30);padding-top:0;padding-right:0;padding-bottom:0;padding-left:0\">\n<div class=\"wp-block-button\"><a class=\"wp-block-button__link has-background wp-element-button\" href=\"https:\/\/adventture-greece.com\/de\/extra\/\" style=\"border-radius:100px;background-color:#0b1124;padding-top:var(--wp--preset--spacing--20);padding-right:var(--wp--preset--spacing--60);padding-bottom:var(--wp--preset--spacing--20);padding-left:var(--wp--preset--spacing--60)\">Extras<\/a><\/div>\n<\/div>\n<\/div>\n<\/div>\n\n<div class=\"wp-block-group has-global-padding is-layout-constrained wp-container-core-group-is-layout-4f9f0532 wp-block-group-is-layout-constrained\">\n<div class=\"wp-block-group has-background is-vertical is-content-justification-center is-layout-flex wp-container-core-group-is-layout-0fd9515a wp-block-group-is-layout-flex\" style=\"border-radius:15px;background-color:#0b112405;margin-top:0;margin-bottom:0;padding-top:var(--wp--preset--spacing--30);padding-right:var(--wp--preset--spacing--20);padding-bottom:var(--wp--preset--spacing--30);padding-left:var(--wp--preset--spacing--20)\">\n<p class=\"has-contrast-color has-text-color has-link-color wp-elements-bc2a06c49b2cfe09062120765521a3cb\" style=\"padding-top:0;padding-right:0;padding-bottom:0;padding-left:0;font-style:normal;font-weight:600\">Haben Sie Fragen oder m\u00f6chten Sie mehr erfahren? F\u00fcllen Sie das Anfrageformular aus, wir setzen uns mit Ihnen in Verbindung und stellen Ihnen alle Informationen zur Verf\u00fcgung, die Sie ben\u00f6tigen!<\/p>\n\n\n\n<div class=\"wp-block-buttons is-content-justification-center is-layout-flex wp-container-core-buttons-is-layout-80259c74 wp-block-buttons-is-layout-flex\" style=\"margin-top:var(--wp--preset--spacing--20);margin-bottom:var(--wp--preset--spacing--20);padding-top:0;padding-right:0;padding-bottom:0;padding-left:0\">\n<div class=\"wp-block-button\"><a class=\"wp-block-button__link has-background wp-element-button\" href=\"https:\/\/adventture-greece.com\/de\/reservation\/\" style=\"background-color:#0b1124;padding-top:var(--wp--preset--spacing--20);padding-right:45px;padding-bottom:var(--wp--preset--spacing--20);padding-left:45px\">Antragsformular<\/a><\/div>\n<\/div>\n<\/div>\n<\/div>","protected":false},"excerpt":{"rendered":"<p>M\u00f6chten Sie ein Wohnmobil mieten? Griechenland ist der perfekte Ort, um ein Wohnmobil auszuprobieren. Dank praktischer Abholorte in der N\u00e4he der wichtigsten Flugh\u00e4fen k\u00f6nnen Sie Ihr Abenteuer direkt nach der Landung beginnen. Teilen Sie uns Ihre W\u00fcnsche mit und wir stellen Ihnen die perfekte Tour zusammen. Unsere voll ausgestatteten Wohnmobile bieten alles, was Sie brauchen, [&hellip;]<\/p>\n","protected":false},"author":2,"featured_media":0,"parent":0,"menu_order":0,"comment_status":"closed","ping_status":"closed","template":"","meta":{"_glsr_average":0,"_glsr_ranking":0,"_glsr_reviews":0,"footnotes":""},"class_list":["post-305","page","type-page","status-publish","hentry"],"_links":{"self":[{"href":"https:\/\/adventture-greece.com\/de\/wp-json\/wp\/v2\/pages\/305","targetHints":{"allow":["GET"]}}],"collection":[{"href":"https:\/\/adventture-greece.com\/de\/wp-json\/wp\/v2\/pages"}],"about":[{"href":"https:\/\/adventture-greece.com\/de\/wp-json\/wp\/v2\/types\/page"}],"author":[{"embeddable":true,"href":"https:\/\/adventture-greece.com\/de\/wp-json\/wp\/v2\/users\/2"}],"replies":[{"embeddable":true,"href":"https:\/\/adventture-greece.com\/de\/wp-json\/wp\/v2\/comments?post=305"}],"version-history":[{"count":7,"href":"https:\/\/adventture-greece.com\/de\/wp-json\/wp\/v2\/pages\/305\/revisions"}],"predecessor-version":[{"id":3745,"href":"https:\/\/adventture-greece.com\/de\/wp-json\/wp\/v2\/pages\/305\/revisions\/3745"}],"wp:attachment":[{"href":"https:\/\/adventture-greece.com\/de\/wp-json\/wp\/v2\/media?parent=305"}],"curies":[{"name":"wp","href":"https:\/\/api.w.org\/{rel}","templated":true}]}}