{"id":2947,"date":"2025-10-10T12:05:29","date_gmt":"2025-10-10T12:05:29","guid":{"rendered":"https:\/\/adventture-greece.com\/?page_id=2947"},"modified":"2025-12-01T19:44:58","modified_gmt":"2025-12-01T19:44:58","slug":"aerial-services","status":"publish","type":"page","link":"https:\/\/adventture-greece.com\/de\/aerial-services\/","title":{"rendered":"aerial services"},"content":{"rendered":"\n<hr class=\"wp-block-separator has-alpha-channel-opacity\" style=\"margin-top:var(--wp--preset--spacing--30);margin-bottom:var(--wp--preset--spacing--30)\"\/>\n\n\n\n<div class=\"wp-block-group has-global-padding is-layout-constrained wp-container-core-group-is-layout-4f9f0532 wp-block-group-is-layout-constrained\">\n<div class=\"wp-block-columns is-layout-flex wp-container-core-columns-is-layout-28f84493 wp-block-columns-is-layout-flex\">\n<div class=\"wp-block-column is-layout-flow wp-block-column-is-layout-flow\" style=\"flex-basis:30%\">\n<figure class=\"wp-block-image size-large is-style-rounded\" style=\"margin-top:var(--wp--preset--spacing--40);margin-bottom:var(--wp--preset--spacing--40)\"><img loading=\"lazy\" decoding=\"async\" width=\"1024\" height=\"683\" src=\"https:\/\/adventture-greece.com\/wp-content\/uploads\/2025\/10\/BELL-505-BELLAVIA-SX-HLY-1024x683.jpg\" alt=\"\" class=\"wp-image-2337\" srcset=\"https:\/\/adventture-greece.com\/wp-content\/uploads\/2025\/10\/BELL-505-BELLAVIA-SX-HLY-1024x683.jpg 1024w, https:\/\/adventture-greece.com\/wp-content\/uploads\/2025\/10\/BELL-505-BELLAVIA-SX-HLY-300x200.jpg 300w, https:\/\/adventture-greece.com\/wp-content\/uploads\/2025\/10\/BELL-505-BELLAVIA-SX-HLY-768x512.jpg 768w, https:\/\/adventture-greece.com\/wp-content\/uploads\/2025\/10\/BELL-505-BELLAVIA-SX-HLY-1536x1024.jpg 1536w, https:\/\/adventture-greece.com\/wp-content\/uploads\/2025\/10\/BELL-505-BELLAVIA-SX-HLY-2048x1365.jpg 2048w\" sizes=\"auto, (max-width: 1024px) 100vw, 1024px\" \/><\/figure>\n<\/div>\n\n\n\n<div class=\"wp-block-column is-layout-flow wp-block-column-is-layout-flow\">\n<hr class=\"wp-block-separator has-alpha-channel-opacity\" style=\"margin-top:var(--wp--preset--spacing--30);margin-bottom:var(--wp--preset--spacing--30)\"\/>\n\n\n\n<h2 class=\"wp-block-heading has-contrast-color has-text-color has-link-color wp-elements-686dcbe0f91c93cbe8d8549443f3c58b\">Bereit zum Abflug?<\/h2>\n\n\n\n<p><\/p>\n\n\n\n<hr class=\"wp-block-separator has-text-color has-contrast-color has-alpha-channel-opacity has-contrast-background-color has-background\" style=\"margin-top:0;margin-bottom:0\"\/>\n\n\n\n<p class=\"has-contrast-color has-text-color has-link-color wp-elements-a1513d03287782fbc8fe216536879ef4\">Erleben Sie die atemberaubenden Landschaften Griechenlands aus einer ganz neuen Perspektive. Unsere Rundfl\u00fcge bieten Ihnen die einmalige Gelegenheit, \u00fcber antike Ruinen, beeindruckende K\u00fcsten und die wundersch\u00f6nen Inseln der \u00c4g\u00e4is zu fliegen. Mit erfahrenen Piloten am Steuer k\u00f6nnen Sie sich entspannen und atemberaubende Fotos machen, w\u00e4hrend Sie durch den Himmel gleiten und Ausblicke genie\u00dfen, die vom Boden aus einfach nicht m\u00f6glich sind.<\/p>\n<\/div>\n<\/div>\n<\/div>\n\n\n\n<div class=\"wp-block-group has-global-padding is-layout-constrained wp-container-core-group-is-layout-4f9f0532 wp-block-group-is-layout-constrained\">\n<div class=\"wp-block-columns is-layout-flex wp-container-core-columns-is-layout-28f84493 wp-block-columns-is-layout-flex\">\n<div class=\"wp-block-column is-layout-flow wp-block-column-is-layout-flow\">\n<hr class=\"wp-block-separator has-alpha-channel-opacity\" style=\"margin-top:var(--wp--preset--spacing--30);margin-bottom:var(--wp--preset--spacing--30)\"\/>\n\n\n\n<h2 class=\"wp-block-heading has-contrast-color has-text-color has-link-color wp-elements-666ed194da5d8cad706b9fd3f4848cd4\">Luftbr\u00fccken und Inselhopping<\/h2>\n\n\n\n<p><\/p>\n\n\n\n<hr class=\"wp-block-separator has-text-color has-contrast-color has-alpha-channel-opacity has-contrast-background-color has-background\" style=\"margin-top:0;margin-bottom:0\"\/>\n\n\n\n<p class=\"has-contrast-color has-text-color has-link-color wp-elements-cbc7f450678a6c45d0d9610f5513125c\">Um abgelegene Orte in Griechenland zu besuchen, muss man oft auf Luftbr\u00fccken zur\u00fcckgreifen \u2013 kleine Regionalfl\u00fcge, die schwer erreichbare Inseln und Berggebiete mit dem Festland verbinden. Diese kurzen Fl\u00fcge erm\u00f6glichen es, Ziele zu erreichen, die sonst mit der F\u00e4hre oder auf der Stra\u00dfe Stunden dauern w\u00fcrden. So spart man Zeit und hat gleichzeitig einen atemberaubenden Blick auf die \u00c4g\u00e4is und das Ionische Meer.<\/p>\n<\/div>\n\n\n\n<div class=\"wp-block-column is-layout-flow wp-block-column-is-layout-flow\" style=\"flex-basis:30%\">\n<figure class=\"wp-block-image size-large is-style-rounded\" style=\"margin-top:var(--wp--preset--spacing--40);margin-bottom:var(--wp--preset--spacing--40)\"><img loading=\"lazy\" decoding=\"async\" width=\"1024\" height=\"682\" src=\"https:\/\/adventture-greece.com\/wp-content\/uploads\/2025\/09\/BELL-407-BELLAVIA-SX-HLB-1024x682.jpg\" alt=\"\" class=\"wp-image-2515\" srcset=\"https:\/\/adventture-greece.com\/wp-content\/uploads\/2025\/09\/BELL-407-BELLAVIA-SX-HLB-1024x682.jpg 1024w, https:\/\/adventture-greece.com\/wp-content\/uploads\/2025\/09\/BELL-407-BELLAVIA-SX-HLB-300x200.jpg 300w, https:\/\/adventture-greece.com\/wp-content\/uploads\/2025\/09\/BELL-407-BELLAVIA-SX-HLB-768x512.jpg 768w, https:\/\/adventture-greece.com\/wp-content\/uploads\/2025\/09\/BELL-407-BELLAVIA-SX-HLB-1536x1024.jpg 1536w, https:\/\/adventture-greece.com\/wp-content\/uploads\/2025\/09\/BELL-407-BELLAVIA-SX-HLB.jpg 2000w\" sizes=\"auto, (max-width: 1024px) 100vw, 1024px\" \/><\/figure>\n<\/div>\n<\/div>\n<\/div>\n\n\n\n<div class=\"wp-block-group has-global-padding is-layout-constrained wp-container-core-group-is-layout-5abc263a wp-block-group-is-layout-constrained\" style=\"margin-bottom:var(--wp--preset--spacing--50)\">\n<div class=\"wp-block-columns is-layout-flex wp-container-core-columns-is-layout-28f84493 wp-block-columns-is-layout-flex\">\n<div class=\"wp-block-column is-layout-flow wp-block-column-is-layout-flow\">\n<hr class=\"wp-block-separator has-alpha-channel-opacity\" style=\"margin-top:var(--wp--preset--spacing--30);margin-bottom:var(--wp--preset--spacing--30)\"\/>\n\n\n\n<h2 class=\"wp-block-heading has-contrast-color has-text-color has-link-color wp-elements-eecc568a1f727437eecd16c81e7b2fd4\">Professionelle Ausr\u00fcstung &#038; Planung<\/h2>\n\n\n\n<p><\/p>\n\n\n\n<hr class=\"wp-block-separator has-text-color has-contrast-color has-alpha-channel-opacity has-contrast-background-color has-background\" style=\"margin-top:0;margin-bottom:0\"\/>\n\n\n\n<p class=\"has-contrast-color has-text-color has-link-color wp-elements-79e1bf6d24c5a86173ee661bfb97a3ea\">Alle unsere Luftabenteuer werden mit erstklassiger Sicherheitsausr\u00fcstung durchgef\u00fchrt. Wir bieten auch umfassende logistische Unterst\u00fctzung, vom Transport bis zu den Startpunkten. Unser Team k\u00fcmmert sich um jedes Detail, sodass Sie nur noch erscheinen und sich auf eine unvergessliche Reise durch die Wolken vorbereiten m\u00fcssen.<\/p>\n<\/div>\n<\/div>\n<\/div>\n\n\n\n<div class=\"wp-block-group has-global-padding is-layout-constrained wp-block-group-is-layout-constrained\" style=\"margin-bottom:var(--wp--preset--spacing--40)\">\n<div class=\"wp-block-group is-content-justification-center is-nowrap is-layout-flex wp-container-core-group-is-layout-23441af8 wp-block-group-is-layout-flex\">\n<p class=\"has-contrast-color has-text-color has-link-color has-x-large-font-size wp-elements-f4a83e064964acc716acf745ba523bbc\" style=\"font-style:normal;font-weight:600\">Unsere Flotte<\/p>\n<\/div>\n\n\n\n<hr class=\"wp-block-separator has-text-color has-contrast-color has-alpha-channel-opacity has-contrast-background-color has-background\" style=\"margin-top:0;margin-bottom:0\"\/>\n<\/div>\n\n\n<style>\n.custom-carousel {<br \/>\n  position: relative;<br \/>\n  overflow: hidden;<br \/>\n  width: 100%;<br \/>\n  max-width: 900px;<br \/>\n  margin: auto;<br \/>\nmargin-bottom:10px;<br \/>\n}<br \/>\n.carousel-track {<br \/>\n  display: flex;<br \/>\n  transition: transform 0.5s ease-in-out;<br \/>\n}<br \/>\n.carousel-slide {<br \/>\n  position: relative;<br \/>\n  min-width: 100%;<br \/>\n}<br \/>\n.carousel-slide img {<br \/>\n  width: 100%;<br \/>\n  display: block;<br \/>\n}<br \/>\n.clean-caption {<br \/>\n  position: absolute;<br \/>\n  bottom: 20px;<br \/>\n  left: 20px;<br \/>\n  right: 20px;<br \/>\n  background: none !important;<br \/>\n  text-shadow: none !important;<br \/>\n  color: white;<br \/>\n  text-align: left;<br \/>\n  padding: 0;<br \/>\n}<br \/>\n.clean-caption h2,<br \/>\n.clean-caption p {<br \/>\n  margin: 0;<br \/>\n  color: #fff;<br \/>\n  text-shadow: 0 1px 3px rgba(0,0,0,0.4);<br \/>\n}<br \/>\n.carousel-btn {<br \/>\n  position: absolute;<br \/>\n  top: 50%;<br \/>\n  transform: translateY(-50%);<br \/>\n  background-color: rgba(0, 0, 0, 0.4);<br \/>\n  border: none;<br \/>\n  color: white;<br \/>\n  font-size: 24px;<br \/>\n  padding: 10px;<br \/>\n  cursor: pointer;<br \/>\n  border-radius: 50%;<br \/>\n  z-index: 10;<br \/>\n}<br \/>\n.carousel-btn.prev { left: 10px; }<br \/>\n.carousel-btn.next { right: 10px; }<br \/>\n.carousel-btn:hover {<br \/>\n  background-color: rgba(0, 0, 0, 0.7);<br \/>\n}<br \/>\n<\/style>\n<div class=\"custom-carousel\">\n<div class=\"carousel-track\">\n<div class=\"carousel-slide\">\n      <img decoding=\"async\" src=\"https:\/\/adventture-greece.com\/wp-content\/uploads\/2025\/10\/BELL-407-BELLAVIA-SX-HLB.jpg\" alt=\"Slide 1\"><\/p>\n<div class=\"carousel-caption clean-caption\">\n<h2>BELL 407<\/h2>\n<p>Einmotoriger Hubschrauber. Maximal 6 Passagiere. Haustierfreundlich.<\/p>\n<\/p><\/div>\n<\/p><\/div>\n<div class=\"carousel-slide\">\n      <img decoding=\"async\" src=\"https:\/\/adventture-greece.com\/wp-content\/uploads\/2025\/10\/Bell-407-SX-HAB-Interior.jpg\" alt=\"Slide 2\"><\/p>\n<div class=\"carousel-caption clean-caption\">\n<h2>BELL 407 Interior<\/h2>\n<\/p><\/div>\n<\/p><\/div>\n<\/p><\/div>\n<p>  <button class=\"carousel-btn prev\">\u276e<\/button><br \/>\n  <button class=\"carousel-btn next\">\u276f<\/button>\n<\/div>\n<div class=\"custom-carousel\">\n<div class=\"carousel-track\">\n<div class=\"carousel-slide\">\n      <img decoding=\"async\" src=\"https:\/\/adventture-greece.com\/wp-content\/uploads\/2025\/10\/Bell-429.jpeg\" alt=\"Slide 2\"><\/p>\n<div class=\"carousel-caption clean-caption\">\n<h2>Bell 429<\/h2>\n<p>Zweimotoriger Hubschrauber. Maximal 6 Passagiere. Haustiere willkommen.<\/p>\n<\/p><\/div>\n<\/p><\/div>\n<div class=\"carousel-slide\">\n      <img decoding=\"async\" src=\"https:\/\/adventture-greece.com\/wp-content\/uploads\/2025\/10\/Bell-429-Interior-min.jpeg\" alt=\"Slide 3\"><\/p>\n<div class=\"carousel-caption clean-caption\">\n<h2>Bell 429 Interior<\/h2>\n<\/p><\/div>\n<\/p><\/div>\n<\/p><\/div>\n<p>  <button class=\"carousel-btn prev\">\u276e<\/button><br \/>\n  <button class=\"carousel-btn next\">\u276f<\/button>\n<\/div>\n<div class=\"custom-carousel\">\n<div class=\"carousel-track\">\n<div class=\"carousel-slide\">\n      <img decoding=\"async\" src=\"https:\/\/adventture-greece.com\/wp-content\/uploads\/2025\/10\/BELL-505-BELLAVIA-SX-HLY-1-scaled.jpg\" alt=\"Slide 3\"><\/p>\n<div class=\"carousel-caption clean-caption\">\n<h2>BELL 505<\/h2>\n<p>Einmotor. Maximal 4 Passagiere. Haustiere willkommen.<\/p>\n<\/p><\/div>\n<\/p><\/div>\n<div class=\"carousel-slide\">\n      <img decoding=\"async\" src=\"https:\/\/adventture-greece.com\/wp-content\/uploads\/2025\/10\/Bell505_9-interior-min-wpcf_600x366.jpg\" alt=\"Slide 3\"><\/p>\n<div class=\"carousel-caption clean-caption\">\n<h2>BELL 505 Interior<\/h2>\n<\/p><\/div>\n<\/p><\/div>\n<\/p><\/div>\n<p>  <button class=\"carousel-btn prev\">\u276e<\/button><br \/>\n  <button class=\"carousel-btn next\">\u276f<\/button>\n<\/div>\n<div class=\"custom-carousel\">\n<div class=\"carousel-track\">\n<div class=\"carousel-slide\">\n      <img decoding=\"async\" src=\"https:\/\/adventture-greece.com\/wp-content\/uploads\/2025\/10\/Bell-206-Bellavia.jpg\" alt=\"Slide 3\"><\/p>\n<div class=\"carousel-caption clean-caption\">\n<h2>Bell 206 B3<\/h2>\n<p>Einmotoriger Hubschrauber. Maximal 4 Passagiere. Haustiere willkommen.<\/p>\n<\/p><\/div>\n<\/p><\/div>\n<div class=\"carousel-slide\">\n      <img decoding=\"async\" src=\"https:\/\/adventture-greece.com\/wp-content\/uploads\/2025\/10\/Bellavia-Bell-206-Interior.jpg\" alt=\"Slide 3\"><\/p>\n<div class=\"carousel-caption clean-caption\">\n<h2>Bell 206 B3 Interior<\/h2>\n<\/p><\/div>\n<\/p><\/div>\n<\/p><\/div>\n<p>  <button class=\"carousel-btn prev\">\u276e<\/button><br \/>\n  <button class=\"carousel-btn next\">\u276f<\/button>\n<\/div>\n<div class=\"custom-carousel\">\n<div class=\"carousel-track\">\n<div class=\"carousel-slide\">\n      <img decoding=\"async\" src=\"https:\/\/adventture-greece.com\/wp-content\/uploads\/2025\/10\/bo105.jpg\" alt=\"Slide 1\"><\/p>\n<div class=\"carousel-caption clean-caption\">\n<h2>BO 105<\/h2>\n<p>Zweimotoriger Hubschrauber. Maximal 4 Passagiere. Haustierfreundlich.<\/p>\n<\/p><\/div>\n<\/p><\/div>\n<div class=\"carousel-slide\">\n      <img decoding=\"async\" src=\"https:\/\/adventture-greece.com\/wp-content\/uploads\/2025\/10\/bo105inner.jpg\" alt=\"Slide 2\"><\/p>\n<div class=\"carousel-caption clean-caption\">\n<h2>BO 105 Interior<\/h2>\n<\/p><\/div>\n<\/p><\/div>\n<\/p><\/div>\n<p>  <button class=\"carousel-btn prev\">\u276e<\/button><br \/>\n  <button class=\"carousel-btn next\">\u276f<\/button>\n<\/div>\n<div class=\"custom-carousel\">\n<div class=\"carousel-track\">\n<div class=\"carousel-slide\">\n      <img decoding=\"async\" src=\"https:\/\/adventture-greece.com\/wp-content\/uploads\/2025\/10\/Bellavia-EC-120-Exterior-e1759772846131.jpg\" alt=\"Slide 1\"><\/p>\n<div class=\"carousel-caption clean-caption\">\n<h2>EC 120B Colibri<\/h2>\n<p>Einmotoriger Hubschrauber. Maximal 4 Passagiere. Haustierfreundlich.<\/p>\n<\/p><\/div>\n<\/p><\/div>\n<div class=\"carousel-slide\">\n      <img decoding=\"async\" src=\"https:\/\/adventture-greece.com\/wp-content\/uploads\/2025\/10\/Bellavia-EC120-Interior-e1759773055718.jpg\" alt=\"Slide 2\"><\/p>\n<div class=\"carousel-caption clean-caption\">\n<h2>EC 120B Colibri Interior<\/h2>\n<\/p><\/div>\n<\/p><\/div>\n<\/p><\/div>\n<p>  <button class=\"carousel-btn prev\">\u276e<\/button><br \/>\n  <button class=\"carousel-btn next\">\u276f<\/button>\n<\/div>\n\n<div class=\"wp-block-group has-global-padding is-content-justification-center is-layout-constrained wp-block-group-is-layout-constrained\">\n<div class=\"wp-block-group has-background is-content-justification-center is-layout-flex wp-container-core-group-is-layout-acf4123b wp-block-group-is-layout-flex\" style=\"border-radius:15px;background-color:#0b112405;padding-top:var(--wp--preset--spacing--20);padding-right:var(--wp--preset--spacing--20);padding-bottom:0;padding-left:var(--wp--preset--spacing--20);font-style:normal;font-weight:500\">\n<p class=\"has-contrast-color has-text-color has-link-color wp-elements-046b05debf9dcc0c973afdf8ea975b94\" style=\"margin-top:0;margin-right:0;margin-bottom:0;margin-left:0;padding-top:0;padding-right:0;padding-bottom:0;padding-left:0;font-style:normal;font-weight:600\">Werfen Sie einen Blick auf unsere zus\u00e4tzlichen Dienstleistungen<\/p>\n\n\n\n<div class=\"wp-block-buttons is-content-justification-center is-layout-flex wp-container-core-buttons-is-layout-5ecdc608 wp-block-buttons-is-layout-flex\" style=\"margin-top:var(--wp--preset--spacing--30);margin-bottom:var(--wp--preset--spacing--30);padding-top:0;padding-right:0;padding-bottom:0;padding-left:0\">\n<div class=\"wp-block-button\"><a class=\"wp-block-button__link has-background wp-element-button\" href=\"https:\/\/adventture-greece.com\/de\/extra\/\" style=\"border-radius:100px;background-color:#0b1124;padding-top:var(--wp--preset--spacing--20);padding-right:var(--wp--preset--spacing--60);padding-bottom:var(--wp--preset--spacing--20);padding-left:var(--wp--preset--spacing--60)\">Extras<\/a><\/div>\n<\/div>\n<\/div>\n<\/div>\n\n<div class=\"wp-block-group has-global-padding is-layout-constrained wp-container-core-group-is-layout-4f9f0532 wp-block-group-is-layout-constrained\">\n<div class=\"wp-block-group has-background is-vertical is-content-justification-center is-layout-flex wp-container-core-group-is-layout-0fd9515a wp-block-group-is-layout-flex\" style=\"border-radius:15px;background-color:#0b112405;margin-top:0;margin-bottom:0;padding-top:var(--wp--preset--spacing--30);padding-right:var(--wp--preset--spacing--20);padding-bottom:var(--wp--preset--spacing--30);padding-left:var(--wp--preset--spacing--20)\">\n<p class=\"has-contrast-color has-text-color has-link-color wp-elements-bc2a06c49b2cfe09062120765521a3cb\" style=\"padding-top:0;padding-right:0;padding-bottom:0;padding-left:0;font-style:normal;font-weight:600\">Haben Sie Fragen oder m\u00f6chten Sie mehr erfahren? F\u00fcllen Sie das Anfrageformular aus, wir setzen uns mit Ihnen in Verbindung und stellen Ihnen alle Informationen zur Verf\u00fcgung, die Sie ben\u00f6tigen!<\/p>\n\n\n\n<div class=\"wp-block-buttons is-content-justification-center is-layout-flex wp-container-core-buttons-is-layout-80259c74 wp-block-buttons-is-layout-flex\" style=\"margin-top:var(--wp--preset--spacing--20);margin-bottom:var(--wp--preset--spacing--20);padding-top:0;padding-right:0;padding-bottom:0;padding-left:0\">\n<div class=\"wp-block-button\"><a class=\"wp-block-button__link has-background wp-element-button\" href=\"https:\/\/adventture-greece.com\/de\/reservation\/\" style=\"background-color:#0b1124;padding-top:var(--wp--preset--spacing--20);padding-right:45px;padding-bottom:var(--wp--preset--spacing--20);padding-left:45px\">Antragsformular<\/a><\/div>\n<\/div>\n<\/div>\n<\/div>","protected":false},"excerpt":{"rendered":"<p>Bereit zum Abflug? Erleben Sie die atemberaubenden Landschaften Griechenlands aus einer ganz neuen Perspektive. Unsere Rundfl\u00fcge bieten Ihnen die einmalige Gelegenheit, \u00fcber antike Ruinen, beeindruckende K\u00fcsten und die wundersch\u00f6nen Inseln der \u00c4g\u00e4is zu fliegen. Mit erfahrenen Piloten am Steuer k\u00f6nnen Sie sich entspannen und atemberaubende Fotos machen, w\u00e4hrend Sie durch den Himmel gleiten und Ausblicke [&hellip;]<\/p>\n","protected":false},"author":2,"featured_media":0,"parent":0,"menu_order":0,"comment_status":"closed","ping_status":"closed","template":"","meta":{"_glsr_average":0,"_glsr_ranking":0,"_glsr_reviews":0,"footnotes":""},"class_list":["post-2947","page","type-page","status-publish","hentry"],"_links":{"self":[{"href":"https:\/\/adventture-greece.com\/de\/wp-json\/wp\/v2\/pages\/2947","targetHints":{"allow":["GET"]}}],"collection":[{"href":"https:\/\/adventture-greece.com\/de\/wp-json\/wp\/v2\/pages"}],"about":[{"href":"https:\/\/adventture-greece.com\/de\/wp-json\/wp\/v2\/types\/page"}],"author":[{"embeddable":true,"href":"https:\/\/adventture-greece.com\/de\/wp-json\/wp\/v2\/users\/2"}],"replies":[{"embeddable":true,"href":"https:\/\/adventture-greece.com\/de\/wp-json\/wp\/v2\/comments?post=2947"}],"version-history":[{"count":9,"href":"https:\/\/adventture-greece.com\/de\/wp-json\/wp\/v2\/pages\/2947\/revisions"}],"predecessor-version":[{"id":3796,"href":"https:\/\/adventture-greece.com\/de\/wp-json\/wp\/v2\/pages\/2947\/revisions\/3796"}],"wp:attachment":[{"href":"https:\/\/adventture-greece.com\/de\/wp-json\/wp\/v2\/media?parent=2947"}],"curies":[{"name":"wp","href":"https:\/\/api.w.org\/{rel}","templated":true}]}}