{"id":2518,"date":"2025-10-04T17:59:39","date_gmt":"2025-10-04T17:59:39","guid":{"rendered":"https:\/\/adventture-greece.com\/?page_id=2518"},"modified":"2025-11-17T17:18:53","modified_gmt":"2025-11-17T17:18:53","slug":"transportations-and-tours","status":"publish","type":"page","link":"https:\/\/adventture-greece.com\/de\/transportations-and-tours\/","title":{"rendered":"Transportation and Tours"},"content":{"rendered":"\n<div class=\"wp-block-group has-global-padding is-content-justification-center is-layout-constrained wp-container-core-group-is-layout-b15c80d6 wp-block-group-is-layout-constrained\">\n<div class=\"wp-block-columns is-layout-flex wp-container-core-columns-is-layout-28f84493 wp-block-columns-is-layout-flex\">\n<div class=\"wp-block-column is-layout-flow wp-block-column-is-layout-flow\">\n<hr class=\"wp-block-separator has-alpha-channel-opacity\"\/>\n\n\n\n<h2 class=\"wp-block-heading has-contrast-color has-text-color has-link-color wp-elements-57857a53d176ac20843beb169394e6e0\">Entspannen Sie sich und entdecken Sie<\/h2>\n\n\n\n<hr class=\"wp-block-separator has-text-color has-contrast-color has-alpha-channel-opacity has-contrast-background-color has-background\"\/>\n\n\n\n<p class=\"has-contrast-color has-text-color has-link-color wp-elements-f8497bf8c9547091b52c2297f13ac7a6\" style=\"font-style:normal;font-weight:500\">Erleben Sie die Sch\u00f6nheit Griechenlands ohne den Stress der Planung oder Navigation. Unsere erstklassigen Transport- und gef\u00fchrten Touren bieten Ihnen eine nahtlose M\u00f6glichkeit, die ber\u00fchmtesten Sehensw\u00fcrdigkeiten und versteckten Sch\u00e4tze des Landes zu entdecken.<\/p>\n<\/div>\n\n\n\n<div class=\"wp-block-column is-layout-flow wp-block-column-is-layout-flow\" style=\"flex-basis:30%\">\n<figure class=\"wp-block-image size-large has-custom-border\"><img loading=\"lazy\" decoding=\"async\" width=\"1024\" height=\"576\" src=\"https:\/\/adventture-greece.com\/wp-content\/uploads\/2025\/10\/vaninside-1024x576.jpg\" alt=\"\" class=\"wp-image-2552\" style=\"border-radius:92px;object-fit:cover\" srcset=\"https:\/\/adventture-greece.com\/wp-content\/uploads\/2025\/10\/vaninside-1024x576.jpg 1024w, https:\/\/adventture-greece.com\/wp-content\/uploads\/2025\/10\/vaninside-300x169.jpg 300w, https:\/\/adventture-greece.com\/wp-content\/uploads\/2025\/10\/vaninside-768x432.jpg 768w, https:\/\/adventture-greece.com\/wp-content\/uploads\/2025\/10\/vaninside-1536x864.jpg 1536w, https:\/\/adventture-greece.com\/wp-content\/uploads\/2025\/10\/vaninside.jpg 1600w\" sizes=\"auto, (max-width: 1024px) 100vw, 1024px\" \/><\/figure>\n<\/div>\n<\/div>\n\n\n\n<div class=\"wp-block-group has-global-padding is-layout-constrained wp-block-group-is-layout-constrained\">\n<div class=\"wp-block-group is-content-justification-center is-nowrap is-layout-flex wp-container-core-group-is-layout-76ed7e24 wp-block-group-is-layout-flex\" style=\"padding-bottom:0\">\n<p class=\"has-contrast-color has-text-color has-link-color has-x-large-font-size wp-elements-f4a83e064964acc716acf745ba523bbc\" style=\"font-style:normal;font-weight:600\">Unsere Flotte<\/p>\n<\/div>\n\n\n\n<hr class=\"wp-block-separator has-text-color has-contrast-color has-alpha-channel-opacity has-contrast-background-color has-background\" style=\"margin-bottom:var(--wp--preset--spacing--40)\"\/>\n\n\n\n<style>\n.custom-carousel {\n  position: relative;\n  overflow: hidden;\n  width: 100%;\n  max-width: 900px;\n  margin: auto;\n}\n\n.carousel-track {\n  display: flex;\n  transition: transform 0.5s ease-in-out;\n}\n\n.carousel-slide {\n  position: relative;\n  min-width: 100%;\n}\n\n.carousel-slide img {\n  width: 100%;\n  display: block;\n}\n\n.clean-caption {\n  position: absolute;\n  bottom: 20px;\n  left: 20px;\n  right: 20px;\n  background: none !important;\n  text-shadow: none !important;\n  color: white;\n  text-align: left;\n  padding: 0;\n}\n\n.clean-caption h2,\n.clean-caption p {\n  margin: 0;\n  color: #fff;\n  text-shadow: 0 1px 3px rgba(0,0,0,0.4); \n}\n\n.carousel-btn {\n  position: absolute;\n  top: 50%;\n  transform: translateY(-50%);\n  background-color: rgba(0, 0, 0, 0.4);\n  border: none;\n  color: white;\n  font-size: 24px;\n  padding: 10px;\n  cursor: pointer;\n  border-radius: 50%;\n  z-index: 10;\n}\n\n.carousel-btn.prev { left: 10px; }\n.carousel-btn.next { right: 10px; }\n\n.carousel-btn:hover {\n  background-color: rgba(0, 0, 0, 0.7);\n}\n\n\n  @media(max-width:900px){\n     .carousel-caption p,h2{\n        display: none;\n      }  \n      .carousel-caption h2 {\n       font-weight:bold;\n}\n      .carousel-caption{\n        background:rgba(0,0,0,0);\n      }\n\n    }\n\n    @media(min-width:900px){\n      .carousel-caption p,h2 {\n        display: block;\n      }\n    }  \n<\/style>\n\n<div class=\"custom-carousel\" style=\"margin-bottom:20px;\">\n  <div class=\"carousel-track\">\n    <div class=\"carousel-slide\">\n      <img decoding=\"async\" src=\"https:\/\/adventture-greece.com\/wp-content\/uploads\/2025\/10\/smallsprinter.jpg\" alt=\"Slide 1\">\n      <div class=\"carousel-caption clean-caption\">\n        <h2>Kleiner Mercedes-Benz Sprinter<\/h2>\n        <p>Maximale Passagierzahl: 10<\/p>\n      <\/div>\n    <\/div>\n\n    <div class=\"carousel-slide\">\n      <img decoding=\"async\" src=\"https:\/\/adventture-greece.com\/wp-content\/uploads\/2025\/10\/smallsprinter-interior-1.jpg\" alt=\"Slide 2\">\n      <div class=\"carousel-caption clean-caption\">\n        <h2>Mercedes Benz Vito Interior<\/h2>\n        <p><\/p>\n      <\/div>\n    <\/div>\n  <\/div>\n\n  <button class=\"carousel-btn prev\">\u276e<\/button>\n  <button class=\"carousel-btn next\">\u276f<\/button>\n<\/div>\n\n<div class=\"custom-carousel\" style=\"margin-bottom:20px;\">\n  <div class=\"carousel-track\">\n    <div class=\"carousel-slide\">\n      <img decoding=\"async\" src=\"https:\/\/adventture-greece.com\/wp-content\/uploads\/2025\/10\/sprinter-2.jpg\" alt=\"Slide 1\">\n      <div class=\"carousel-caption clean-caption\">\n        <h2>Gro\u00dfer Mercedes-Benz Sprinter<\/h2>\n        <p>Maximale Passagierzahl: 18<\/p>\n      <\/div>\n    <\/div>\n\n    <div class=\"carousel-slide\">\n      <img decoding=\"async\" src=\"https:\/\/adventture-greece.com\/wp-content\/uploads\/2025\/10\/vaninside-1.jpg\" alt=\"Slide 2\">\n      <div class=\"carousel-caption clean-caption\">\n        <h2>Mercedes Benz Vito<\/h2>\n        <p><\/p>\n      <\/div>\n    <\/div>\n  <\/div>\n\n  <button class=\"carousel-btn prev\">\u276e<\/button>\n  <button class=\"carousel-btn next\">\u276f<\/button>\n<\/div>\n\n<div class=\"custom-carousel\" style=\"margin-bottom:20px;\">\n  <div class=\"carousel-track\">\n    <div class=\"carousel-slide\">\n      <img decoding=\"async\" src=\"https:\/\/adventture-greece.com\/wp-content\/uploads\/2025\/10\/vito2.jpg\" alt=\"Slide 1\">\n      <div class=\"carousel-caption clean-caption\">\n        <h2>Mercedes-Benz Vito<\/h2>\n        <p>Maximale Passagierzahl: 7<\/p>\n      <\/div>\n    <\/div>\n  <\/div>\n<\/div>\n\n<div class=\"custom-carousel\" style=\"margin-bottom:20px;\">\n  <div class=\"carousel-track\">\n    <div class=\"carousel-slide\">\n      <img decoding=\"async\" src=\"https:\/\/adventture-greece.com\/wp-content\/uploads\/2025\/10\/octavia.jpg\" alt=\"Slide 1\">\n      <div class=\"carousel-caption clean-caption\">\n        <h2>Skoda Octavia<\/h2>\n        <p>Maximale Passagierzahl: 4<\/p>\n      <\/div>\n    <\/div>\n  <\/div>\n<\/div>\n<\/div>\n<\/div>\n\n\n<div class=\"wp-block-group has-global-padding is-content-justification-center is-layout-constrained wp-block-group-is-layout-constrained\">\n<div class=\"wp-block-group has-background is-content-justification-center is-layout-flex wp-container-core-group-is-layout-acf4123b wp-block-group-is-layout-flex\" style=\"border-radius:15px;background-color:#0b112405;padding-top:var(--wp--preset--spacing--20);padding-right:var(--wp--preset--spacing--20);padding-bottom:0;padding-left:var(--wp--preset--spacing--20);font-style:normal;font-weight:500\">\n<p class=\"has-contrast-color has-text-color has-link-color wp-elements-046b05debf9dcc0c973afdf8ea975b94\" style=\"margin-top:0;margin-right:0;margin-bottom:0;margin-left:0;padding-top:0;padding-right:0;padding-bottom:0;padding-left:0;font-style:normal;font-weight:600\">Werfen Sie einen Blick auf unsere zus\u00e4tzlichen Dienstleistungen<\/p>\n\n\n\n<div class=\"wp-block-buttons is-content-justification-center is-layout-flex wp-container-core-buttons-is-layout-5ecdc608 wp-block-buttons-is-layout-flex\" style=\"margin-top:var(--wp--preset--spacing--30);margin-bottom:var(--wp--preset--spacing--30);padding-top:0;padding-right:0;padding-bottom:0;padding-left:0\">\n<div class=\"wp-block-button\"><a class=\"wp-block-button__link has-background wp-element-button\" href=\"https:\/\/adventture-greece.com\/de\/extra\/\" style=\"border-radius:100px;background-color:#0b1124;padding-top:var(--wp--preset--spacing--20);padding-right:var(--wp--preset--spacing--60);padding-bottom:var(--wp--preset--spacing--20);padding-left:var(--wp--preset--spacing--60)\">Extras<\/a><\/div>\n<\/div>\n<\/div>\n<\/div>\n\n<div class=\"wp-block-group has-global-padding is-layout-constrained wp-container-core-group-is-layout-4f9f0532 wp-block-group-is-layout-constrained\">\n<div class=\"wp-block-group has-background is-vertical is-content-justification-center is-layout-flex wp-container-core-group-is-layout-0fd9515a wp-block-group-is-layout-flex\" style=\"border-radius:15px;background-color:#0b112405;margin-top:0;margin-bottom:0;padding-top:var(--wp--preset--spacing--30);padding-right:var(--wp--preset--spacing--20);padding-bottom:var(--wp--preset--spacing--30);padding-left:var(--wp--preset--spacing--20)\">\n<p class=\"has-contrast-color has-text-color has-link-color wp-elements-bc2a06c49b2cfe09062120765521a3cb\" style=\"padding-top:0;padding-right:0;padding-bottom:0;padding-left:0;font-style:normal;font-weight:600\">Haben Sie Fragen oder m\u00f6chten Sie mehr erfahren? F\u00fcllen Sie das Anfrageformular aus, wir setzen uns mit Ihnen in Verbindung und stellen Ihnen alle Informationen zur Verf\u00fcgung, die Sie ben\u00f6tigen!<\/p>\n\n\n\n<div class=\"wp-block-buttons is-content-justification-center is-layout-flex wp-container-core-buttons-is-layout-80259c74 wp-block-buttons-is-layout-flex\" style=\"margin-top:var(--wp--preset--spacing--20);margin-bottom:var(--wp--preset--spacing--20);padding-top:0;padding-right:0;padding-bottom:0;padding-left:0\">\n<div class=\"wp-block-button\"><a class=\"wp-block-button__link has-background wp-element-button\" href=\"https:\/\/adventture-greece.com\/de\/reservation\/\" style=\"background-color:#0b1124;padding-top:var(--wp--preset--spacing--20);padding-right:45px;padding-bottom:var(--wp--preset--spacing--20);padding-left:45px\">Antragsformular<\/a><\/div>\n<\/div>\n<\/div>\n<\/div>","protected":false},"excerpt":{"rendered":"<p>Entspannen Sie sich und entdecken Sie Erleben Sie die Sch\u00f6nheit Griechenlands ohne den Stress der Planung oder Navigation. Unsere erstklassigen Transport- und gef\u00fchrten Touren bieten Ihnen eine nahtlose M\u00f6glichkeit, die ber\u00fchmtesten Sehensw\u00fcrdigkeiten und versteckten Sch\u00e4tze des Landes zu entdecken. Unsere Flotte Kleiner Mercedes-Benz Sprinter Maximale Passagierzahl: 10 Mercedes Benz Vito Interior \u276e \u276f Gro\u00dfer Mercedes-Benz [&hellip;]<\/p>\n","protected":false},"author":2,"featured_media":0,"parent":0,"menu_order":0,"comment_status":"closed","ping_status":"closed","template":"","meta":{"_glsr_average":0,"_glsr_ranking":0,"_glsr_reviews":0,"footnotes":""},"class_list":["post-2518","page","type-page","status-publish","hentry"],"_links":{"self":[{"href":"https:\/\/adventture-greece.com\/de\/wp-json\/wp\/v2\/pages\/2518","targetHints":{"allow":["GET"]}}],"collection":[{"href":"https:\/\/adventture-greece.com\/de\/wp-json\/wp\/v2\/pages"}],"about":[{"href":"https:\/\/adventture-greece.com\/de\/wp-json\/wp\/v2\/types\/page"}],"author":[{"embeddable":true,"href":"https:\/\/adventture-greece.com\/de\/wp-json\/wp\/v2\/users\/2"}],"replies":[{"embeddable":true,"href":"https:\/\/adventture-greece.com\/de\/wp-json\/wp\/v2\/comments?post=2518"}],"version-history":[{"count":8,"href":"https:\/\/adventture-greece.com\/de\/wp-json\/wp\/v2\/pages\/2518\/revisions"}],"predecessor-version":[{"id":3725,"href":"https:\/\/adventture-greece.com\/de\/wp-json\/wp\/v2\/pages\/2518\/revisions\/3725"}],"wp:attachment":[{"href":"https:\/\/adventture-greece.com\/de\/wp-json\/wp\/v2\/media?parent=2518"}],"curies":[{"name":"wp","href":"https:\/\/api.w.org\/{rel}","templated":true}]}}