{"id":1525,"date":"2025-09-23T17:24:11","date_gmt":"2025-09-23T17:24:11","guid":{"rendered":"https:\/\/adventture-greece.com\/?page_id=1525"},"modified":"2025-11-17T17:38:30","modified_gmt":"2025-11-17T17:38:30","slug":"winter-adventure","status":"publish","type":"page","link":"https:\/\/adventture-greece.com\/de\/winter-adventure\/","title":{"rendered":"WINTER ADVENTURE"},"content":{"rendered":"\n<hr class=\"wp-block-separator has-alpha-channel-opacity\" style=\"margin-top:var(--wp--preset--spacing--30);margin-bottom:var(--wp--preset--spacing--30)\"\/>\n\n\n\n<div class=\"wp-block-group has-global-padding is-layout-constrained wp-container-core-group-is-layout-4f9f0532 wp-block-group-is-layout-constrained\">\n<div class=\"wp-block-columns is-layout-flex wp-container-core-columns-is-layout-28f84493 wp-block-columns-is-layout-flex\">\n<div class=\"wp-block-column is-layout-flow wp-block-column-is-layout-flow\" style=\"flex-basis:30%\">\n<figure class=\"wp-block-image size-large is-style-rounded\" style=\"margin-top:var(--wp--preset--spacing--30);margin-bottom:var(--wp--preset--spacing--30)\"><img loading=\"lazy\" decoding=\"async\" width=\"1024\" height=\"583\" src=\"https:\/\/adventture-greece.com\/wp-content\/uploads\/2025\/09\/image-1024x583.jpg\" alt=\"\" class=\"wp-image-1869\" style=\"aspect-ratio:4\/3;object-fit:cover\" srcset=\"https:\/\/adventture-greece.com\/wp-content\/uploads\/2025\/09\/image-1024x583.jpg 1024w, https:\/\/adventture-greece.com\/wp-content\/uploads\/2025\/09\/image-300x171.jpg 300w, https:\/\/adventture-greece.com\/wp-content\/uploads\/2025\/09\/image-768x437.jpg 768w, https:\/\/adventture-greece.com\/wp-content\/uploads\/2025\/09\/image-1536x874.jpg 1536w, https:\/\/adventture-greece.com\/wp-content\/uploads\/2025\/09\/image-2048x1165.jpg 2048w\" sizes=\"auto, (max-width: 1024px) 100vw, 1024px\" \/><\/figure>\n<\/div>\n\n\n\n<div class=\"wp-block-column is-layout-flow wp-block-column-is-layout-flow\">\n<hr class=\"wp-block-separator has-alpha-channel-opacity\" style=\"margin-top:var(--wp--preset--spacing--30);margin-bottom:var(--wp--preset--spacing--30)\"\/>\n\n\n\n<h2 class=\"wp-block-heading has-contrast-color has-text-color has-link-color wp-elements-1ccd0aabd0d7bbc766dac580a1570b2a\">Auf die Piste?<\/h2>\n\n\n\n<hr class=\"wp-block-separator has-text-color has-contrast-color has-alpha-channel-opacity has-contrast-background-color has-background\"\/>\n\n\n\n<p class=\"has-contrast-color has-text-color has-link-color wp-elements-587fd3f3e2e63cb2982b903d562cf098\">Griechenland ist zwar f\u00fcr seine Inseln bekannt, aber seine Berge auf dem Festland verwandeln sich im Winter in ein Paradies mit Skigebieten von Weltklasse. Entdecken Sie den Nervenkitzel des Skifahrens und Snowboardens auf Pisten wie denen am Parnassos, in Kalavryta und anderen Bergen, die eine Vielzahl von Abfahrten f\u00fcr alle Schwierigkeitsgrade bieten. Hier finden Sie gut gepflegte Anlagen, hochwertigen Schnee und die einzigartige M\u00f6glichkeit, mit atemberaubendem Blick auf das Meer in der Ferne Ski zu fahren. Wir planen f\u00fcr Sie ein komplettes Alpinerlebnis, vom Verleih der Ausr\u00fcstung bis zu den Liftp\u00e4ssen, und das alles mit der herzlichen Gastfreundschaft, f\u00fcr die Griechenland bekannt ist.<\/p>\n<\/div>\n<\/div>\n<\/div>\n\n\n\n<div class=\"wp-block-group has-global-padding is-layout-constrained wp-container-core-group-is-layout-4f9f0532 wp-block-group-is-layout-constrained\">\n<div class=\"wp-block-columns is-layout-flex wp-container-core-columns-is-layout-28f84493 wp-block-columns-is-layout-flex\">\n<div class=\"wp-block-column is-layout-flow wp-block-column-is-layout-flow\">\n<hr class=\"wp-block-separator has-alpha-channel-opacity\" style=\"margin-top:var(--wp--preset--spacing--30);margin-bottom:var(--wp--preset--spacing--30)\"\/>\n\n\n\n<h2 class=\"wp-block-heading has-contrast-color has-text-color has-link-color wp-elements-de186caffe5cc10a1aad23536cf61ab5\">Gem\u00fctliche Auszeiten?<\/h2>\n\n\n\n<hr class=\"wp-block-separator has-text-color has-contrast-color has-alpha-channel-opacity has-contrast-background-color has-background\"\/>\n\n\n\n<p class=\"has-contrast-color has-text-color has-link-color wp-elements-fec45f616b2836aa3dbe05c6b7d67aab\">Abgesehen von den Aktivit\u00e4ten auf den Pisten bietet der griechische Winter eine ruhige Auszeit in einer Welt aus gem\u00fctlichen Bergd\u00f6rfern und verschneiten Landschaften. Mach es dir in einem traditionellen G\u00e4stehaus aus Stein mit knisterndem Kamin gem\u00fctlich, wo du dich nach einem erlebnisreichen Tag entspannen und erholen kannst. Genie\u00dfen Sie in charmanten Tavernen die reichhaltige lokale K\u00fcche, gepaart mit regionalen Weinen und Spirituosen. Die Ruhe Griechenlands im Winter, ohne die Menschenmassen des Sommers, bietet den perfekten Rahmen f\u00fcr einen friedlichen und zutiefst erholsamen Urlaub.<\/p>\n<\/div>\n\n\n\n<div class=\"wp-block-column is-layout-flow wp-block-column-is-layout-flow\" style=\"flex-basis:30%\">\n<figure class=\"wp-block-image size-full is-style-rounded\" style=\"margin-top:var(--wp--preset--spacing--30);margin-bottom:var(--wp--preset--spacing--30)\"><img loading=\"lazy\" decoding=\"async\" width=\"553\" height=\"750\" src=\"https:\/\/adventture-greece.com\/wp-content\/uploads\/2025\/09\/exoteriko-tzaki2.jpg\" alt=\"\" class=\"wp-image-3114\" style=\"aspect-ratio:4\/3;object-fit:cover\" srcset=\"https:\/\/adventture-greece.com\/wp-content\/uploads\/2025\/09\/exoteriko-tzaki2.jpg 553w, https:\/\/adventture-greece.com\/wp-content\/uploads\/2025\/09\/exoteriko-tzaki2-221x300.jpg 221w\" sizes=\"auto, (max-width: 553px) 100vw, 553px\" \/><\/figure>\n<\/div>\n<\/div>\n<\/div>\n\n\n\n<div class=\"wp-block-group has-global-padding is-layout-constrained wp-container-core-group-is-layout-4f9f0532 wp-block-group-is-layout-constrained\">\n<div class=\"wp-block-columns is-layout-flex wp-container-core-columns-is-layout-28f84493 wp-block-columns-is-layout-flex\">\n<div class=\"wp-block-column is-layout-flow wp-block-column-is-layout-flow\" style=\"flex-basis:30%\">\n<figure class=\"wp-block-image size-large is-style-rounded\" style=\"margin-top:var(--wp--preset--spacing--30);margin-bottom:var(--wp--preset--spacing--30)\"><img loading=\"lazy\" decoding=\"async\" width=\"768\" height=\"1024\" src=\"https:\/\/adventture-greece.com\/wp-content\/uploads\/2025\/09\/winter3-768x1024.jpg\" alt=\"\" class=\"wp-image-1572\" style=\"aspect-ratio:4\/3;object-fit:cover\" srcset=\"https:\/\/adventture-greece.com\/wp-content\/uploads\/2025\/09\/winter3-768x1024.jpg 768w, https:\/\/adventture-greece.com\/wp-content\/uploads\/2025\/09\/winter3-225x300.jpg 225w, https:\/\/adventture-greece.com\/wp-content\/uploads\/2025\/09\/winter3-1152x1536.jpg 1152w, https:\/\/adventture-greece.com\/wp-content\/uploads\/2025\/09\/winter3-1536x2048.jpg 1536w, https:\/\/adventture-greece.com\/wp-content\/uploads\/2025\/09\/winter3-scaled.jpg 1920w\" sizes=\"auto, (max-width: 768px) 100vw, 768px\" \/><\/figure>\n<\/div>\n\n\n\n<div class=\"wp-block-column is-layout-flow wp-block-column-is-layout-flow\">\n<hr class=\"wp-block-separator has-alpha-channel-opacity\" style=\"margin-top:var(--wp--preset--spacing--30);margin-bottom:var(--wp--preset--spacing--30)\"\/>\n\n\n\n<h2 class=\"wp-block-heading has-contrast-color has-text-color has-link-color wp-elements-c5e356c8d6d62fb274b78a32142bff6d\">Natur &#038; Abenteuer?<\/h2>\n\n\n\n<hr class=\"wp-block-separator has-text-color has-contrast-color has-alpha-channel-opacity has-contrast-background-color has-background\"\/>\n\n\n\n<p class=\"has-contrast-color has-text-color has-link-color wp-elements-92b11c7e35b5e7979fd0e85286cf7960\">Die Winterlandschaft Griechenlands l\u00e4dt zu einer ganz besonderen Art der Erkundung ein. Schnallen Sie sich Schneeschuhe an und unternehmen Sie eine friedliche Wanderung durch verschneite W\u00e4lder oder entdecken Sie ruhige, schneebedeckte Naturlandschaften. Die Nationalparks und Schluchten des Landes erhalten in den kalten Monaten eine magische, fast mystische Atmosph\u00e4re und bieten eine einzigartige Gelegenheit zum Wandern und Beobachten von Wildtieren. Dies ist Ihre Chance, eine Seite Griechenlands zu sehen, die sowohl majest\u00e4tisch als auch v\u00f6llig unerwartet ist, und die sonnenverw\u00f6hnten Str\u00e4nde gegen atemberaubende Alpenlandschaften und frische Bergluft einzutauschen.<\/p>\n<\/div>\n<\/div>\n<\/div>\n\n\n\n<div class=\"wp-block-group has-global-padding is-layout-constrained wp-container-core-group-is-layout-4f9f0532 wp-block-group-is-layout-constrained\">\n<div class=\"wp-block-columns is-layout-flex wp-container-core-columns-is-layout-28f84493 wp-block-columns-is-layout-flex\">\n<div class=\"wp-block-column is-layout-flow wp-block-column-is-layout-flow\">\n<hr class=\"wp-block-separator has-alpha-channel-opacity\" style=\"margin-top:var(--wp--preset--spacing--30);margin-bottom:var(--wp--preset--spacing--30)\"\/>\n\n\n\n<h2 class=\"wp-block-heading has-contrast-color has-text-color has-link-color wp-elements-0a7aedf695eb7b7b223b84741be9fbc9\">Kompetente Planung und Unterst\u00fctzung<\/h2>\n\n\n\n<hr class=\"wp-block-separator has-text-color has-contrast-color has-alpha-channel-opacity has-contrast-background-color has-background\"\/>\n\n\n\n<p class=\"has-contrast-color has-text-color has-link-color wp-elements-ac1e18c4e5b2076add4a5ec58d91e43c\">Um sicherzustellen, dass Ihre Winterreise reibungslos verl\u00e4uft, bietet Ihnen unser Team umfassende Unterst\u00fctzung von Anfang bis Ende. Wir k\u00fcmmern uns um die gesamte Logistik, einschlie\u00dflich der Organisation des Transports, der Bereitstellung spezieller Ausr\u00fcstung f\u00fcr die von Ihnen gew\u00e4hlten Aktivit\u00e4ten und der Vermittlung zertifizierter Bergf\u00fchrer. Ganz gleich, ob Sie ein erfahrener Skifahrer oder ein Snowboard-Neuling sind, unsere Experten sorgen daf\u00fcr, dass Ihr Erlebnis sicher und angenehm ist und perfekt auf Ihre Bed\u00fcrfnisse im Winter zugeschnitten ist.<\/p>\n<\/div>\n\n\n\n<div class=\"wp-block-column is-layout-flow wp-block-column-is-layout-flow\" style=\"flex-basis:30%\">\n<figure class=\"wp-block-image size-full is-style-rounded\" style=\"margin-top:var(--wp--preset--spacing--30);margin-bottom:var(--wp--preset--spacing--30)\"><img loading=\"lazy\" decoding=\"async\" width=\"1000\" height=\"664\" src=\"https:\/\/adventture-greece.com\/wp-content\/uploads\/2025\/09\/livadisuite2.jpg\" alt=\"\" class=\"wp-image-3116\" style=\"aspect-ratio:4\/3;object-fit:cover\" srcset=\"https:\/\/adventture-greece.com\/wp-content\/uploads\/2025\/09\/livadisuite2.jpg 1000w, https:\/\/adventture-greece.com\/wp-content\/uploads\/2025\/09\/livadisuite2-300x199.jpg 300w, https:\/\/adventture-greece.com\/wp-content\/uploads\/2025\/09\/livadisuite2-768x510.jpg 768w\" sizes=\"auto, (max-width: 1000px) 100vw, 1000px\" \/><\/figure>\n<\/div>\n<\/div>\n<\/div>\n\n\n<div class=\"wp-block-group has-global-padding is-content-justification-center is-layout-constrained wp-block-group-is-layout-constrained\">\n<div class=\"wp-block-group has-background is-content-justification-center is-layout-flex wp-container-core-group-is-layout-acf4123b wp-block-group-is-layout-flex\" style=\"border-radius:15px;background-color:#0b112405;padding-top:var(--wp--preset--spacing--20);padding-right:var(--wp--preset--spacing--20);padding-bottom:0;padding-left:var(--wp--preset--spacing--20);font-style:normal;font-weight:500\">\n<p class=\"has-contrast-color has-text-color has-link-color wp-elements-046b05debf9dcc0c973afdf8ea975b94\" style=\"margin-top:0;margin-right:0;margin-bottom:0;margin-left:0;padding-top:0;padding-right:0;padding-bottom:0;padding-left:0;font-style:normal;font-weight:600\">Werfen Sie einen Blick auf unsere zus\u00e4tzlichen Dienstleistungen<\/p>\n\n\n\n<div class=\"wp-block-buttons is-content-justification-center is-layout-flex wp-container-core-buttons-is-layout-5ecdc608 wp-block-buttons-is-layout-flex\" style=\"margin-top:var(--wp--preset--spacing--30);margin-bottom:var(--wp--preset--spacing--30);padding-top:0;padding-right:0;padding-bottom:0;padding-left:0\">\n<div class=\"wp-block-button\"><a class=\"wp-block-button__link has-background wp-element-button\" href=\"https:\/\/adventture-greece.com\/de\/extra\/\" style=\"border-radius:100px;background-color:#0b1124;padding-top:var(--wp--preset--spacing--20);padding-right:var(--wp--preset--spacing--60);padding-bottom:var(--wp--preset--spacing--20);padding-left:var(--wp--preset--spacing--60)\">Extras<\/a><\/div>\n<\/div>\n<\/div>\n<\/div>\n\n<div class=\"wp-block-group has-global-padding is-layout-constrained wp-container-core-group-is-layout-4f9f0532 wp-block-group-is-layout-constrained\">\n<div class=\"wp-block-group has-background is-vertical is-content-justification-center is-layout-flex wp-container-core-group-is-layout-0fd9515a wp-block-group-is-layout-flex\" style=\"border-radius:15px;background-color:#0b112405;margin-top:0;margin-bottom:0;padding-top:var(--wp--preset--spacing--30);padding-right:var(--wp--preset--spacing--20);padding-bottom:var(--wp--preset--spacing--30);padding-left:var(--wp--preset--spacing--20)\">\n<p class=\"has-contrast-color has-text-color has-link-color wp-elements-bc2a06c49b2cfe09062120765521a3cb\" style=\"padding-top:0;padding-right:0;padding-bottom:0;padding-left:0;font-style:normal;font-weight:600\">Haben Sie Fragen oder m\u00f6chten Sie mehr erfahren? F\u00fcllen Sie das Anfrageformular aus, wir setzen uns mit Ihnen in Verbindung und stellen Ihnen alle Informationen zur Verf\u00fcgung, die Sie ben\u00f6tigen!<\/p>\n\n\n\n<div class=\"wp-block-buttons is-content-justification-center is-layout-flex wp-container-core-buttons-is-layout-80259c74 wp-block-buttons-is-layout-flex\" style=\"margin-top:var(--wp--preset--spacing--20);margin-bottom:var(--wp--preset--spacing--20);padding-top:0;padding-right:0;padding-bottom:0;padding-left:0\">\n<div class=\"wp-block-button\"><a class=\"wp-block-button__link has-background wp-element-button\" href=\"https:\/\/adventture-greece.com\/de\/reservation\/\" style=\"background-color:#0b1124;padding-top:var(--wp--preset--spacing--20);padding-right:45px;padding-bottom:var(--wp--preset--spacing--20);padding-left:45px\">Antragsformular<\/a><\/div>\n<\/div>\n<\/div>\n<\/div>","protected":false},"excerpt":{"rendered":"<p>Auf die Piste? Griechenland ist zwar f\u00fcr seine Inseln bekannt, aber seine Berge auf dem Festland verwandeln sich im Winter in ein Paradies mit Skigebieten von Weltklasse. Entdecken Sie den Nervenkitzel des Skifahrens und Snowboardens auf Pisten wie denen am Parnassos, in Kalavryta und anderen Bergen, die eine Vielzahl von Abfahrten f\u00fcr alle Schwierigkeitsgrade bieten. [&hellip;]<\/p>\n","protected":false},"author":4,"featured_media":0,"parent":0,"menu_order":0,"comment_status":"closed","ping_status":"closed","template":"","meta":{"_glsr_average":0,"_glsr_ranking":0,"_glsr_reviews":0,"footnotes":""},"class_list":["post-1525","page","type-page","status-publish","hentry"],"_links":{"self":[{"href":"https:\/\/adventture-greece.com\/de\/wp-json\/wp\/v2\/pages\/1525","targetHints":{"allow":["GET"]}}],"collection":[{"href":"https:\/\/adventture-greece.com\/de\/wp-json\/wp\/v2\/pages"}],"about":[{"href":"https:\/\/adventture-greece.com\/de\/wp-json\/wp\/v2\/types\/page"}],"author":[{"embeddable":true,"href":"https:\/\/adventture-greece.com\/de\/wp-json\/wp\/v2\/users\/4"}],"replies":[{"embeddable":true,"href":"https:\/\/adventture-greece.com\/de\/wp-json\/wp\/v2\/comments?post=1525"}],"version-history":[{"count":7,"href":"https:\/\/adventture-greece.com\/de\/wp-json\/wp\/v2\/pages\/1525\/revisions"}],"predecessor-version":[{"id":3733,"href":"https:\/\/adventture-greece.com\/de\/wp-json\/wp\/v2\/pages\/1525\/revisions\/3733"}],"wp:attachment":[{"href":"https:\/\/adventture-greece.com\/de\/wp-json\/wp\/v2\/media?parent=1525"}],"curies":[{"name":"wp","href":"https:\/\/api.w.org\/{rel}","templated":true}]}}